{"id":3791,"date":"2016-07-18T05:01:56","date_gmt":"2016-07-18T05:01:56","guid":{"rendered":"https:\/\/www.enaikoon.com\/?page_id=3791"},"modified":"2023-11-18T14:32:28","modified_gmt":"2023-11-18T14:32:28","slug":"locate-20","status":"publish","type":"page","link":"https:\/\/www.enaikoon.com\/de\/geraete\/locate-serie\/locate-20\/","title":{"rendered":"locate-20"},"content":{"rendered":"<div class=\"gl_slide_scroll_box\">\n<div class=\"gl_scroll_box\">\n<ul>\n \t<li><a class=\"gl_scroll_link_title\" title=\"locate-02\" href=\"https:\/\/www.enaikoon.com\/de\/geraete\/locate-serie\/locate-02\/\">locate-02<\/a>\n<a title=\"locate-02\" href=\"https:\/\/www.enaikoon.com\/de\/geraete\/locate-serie\/locate-02\/\"><img decoding=\"async\" class=\"gl_scroll_link_img\" title=\"locate-02\" src=\"https:\/\/www.enaikoon.com\/wp-content\/uploads\/2023\/11\/Locate_L02_nov23.png\" alt=\"\" border=\"0\" \/><\/a><\/li>\n \t<li><a class=\"gl_scroll_link_title\" title=\"locate-04\" href=\"https:\/\/www.enaikoon.com\/de\/geraete\/locate-serie\/locate-04\/\">locate-04<\/a>\n<a title=\"locate-04\" href=\"https:\/\/www.enaikoon.com\/de\/geraete\/locate-serie\/locate-04\/\"><img decoding=\"async\" class=\"gl_scroll_link_img\" src=\"https:\/\/www.enaikoon.com\/wp-content\/uploads\/2016\/07\/locate4.png\" alt=\"\" border=\"0\" \/><\/a><\/li>\n \t<li><a class=\"gl_scroll_link_title\" title=\"locate-06\" href=\"https:\/\/www.enaikoon.com\/de\/geraete\/locate-serie\/locate-06\/\">locate-06<\/a>\n<a title=\"locate-06\" href=\"https:\/\/www.enaikoon.com\/de\/geraete\/locate-serie\/locate-06\/\"><img decoding=\"async\" class=\"gl_scroll_link_img\" src=\"https:\/\/www.enaikoon.com\/wp-content\/uploads\/2016\/07\/locate6.png\" alt=\"\" border=\"0\" \/><\/a><\/li>\n \t<li><a class=\"gl_scroll_link_title\" title=\"locate-15\" href=\"https:\/\/www.enaikoon.com\/de\/geraete\/locate-serie\/locate-15\/\">locate-15<\/a>\n<a title=\"locate-15\" href=\"https:\/\/www.enaikoon.com\/de\/geraete\/locate-serie\/locate-15\/\"><img decoding=\"async\" class=\"gl_scroll_link_img\" src=\"https:\/\/www.enaikoon.com\/wp-content\/uploads\/2016\/07\/locate15.png\" alt=\"\" border=\"0\" \/><\/a><\/li>\n \t<li><a class=\"gl_scroll_link_title\" title=\"locate-17\" href=\"https:\/\/www.enaikoon.com\/de\/geraete\/locate-serie\/locate-17\/\">locate-17<\/a>\n<a title=\"locate-17\" href=\"https:\/\/www.enaikoon.com\/de\/geraete\/locate-serie\/locate-17\/\"><img decoding=\"async\" class=\"gl_scroll_link_img\" src=\"https:\/\/www.enaikoon.com\/wp-content\/uploads\/2016\/07\/locate17.png\" alt=\"\" border=\"0\" \/><\/a><\/li>\n \t<li><a class=\"gl_scroll_link_title\" title=\"locate-19\" href=\"https:\/\/www.enaikoon.com\/de\/geraete\/locate-serie\/locate-19\/\">locate-19<\/a>\n<a title=\"locate-19\" href=\"https:\/\/www.enaikoon.com\/de\/geraete\/locate-serie\/locate-19\/\"><img decoding=\"async\" class=\"gl_scroll_link_img\" src=\"https:\/\/www.enaikoon.com\/wp-content\/uploads\/2016\/07\/locate19.png\" alt=\"\" border=\"0\" \/><\/a><\/li>\n \t<li><a class=\"gl_scroll_link_title\" title=\"locate-20\" href=\"https:\/\/www.enaikoon.com\/de\/geraete\/locate-serie\/locate-20\/\">locate-20<\/a>\n<a title=\"locate-20\" href=\"https:\/\/www.enaikoon.com\/de\/geraete\/locate-serie\/locate-20\/\"><img decoding=\"async\" class=\"gl_scroll_link_img_active\" src=\"https:\/\/www.enaikoon.com\/wp-content\/uploads\/2021\/06\/l-20.jpg\" alt=\"\" border=\"0\" \/><\/a><\/li>\n<\/ul>\n<\/div>\n<\/div>\n<div class=\"row\">\n<div class=\"gl_border-page\">\n\n<div class=\"col-md-4\">\n<h2>ENAiKOON\nlocate-20<\/h2>\n<div class=\"clearfix\"><a title=\"Die ENAiKOON locate-20 ist eine voll funktionsf\u00e4hige Telematikeinheit f\u00fcr Fahrzeuge und Baumaschinen. Sie verwendet zur Daten\u00fcbertragung neben GPRS auch BLE, iBeacon und LoRa Technologie.\" rel=\"nofollow\" href=\"https:\/\/www.enaikoon.com\/wp-content\/uploads\/2021\/06\/l-20-full.jpg\"><img decoding=\"async\" loading=\"lazy\" class=\"gl_space_bottom10\" src=\"https:\/\/www.enaikoon.com\/wp-content\/uploads\/2021\/06\/l-20.jpg\" alt=\"\" width=\"184\" height=\"150\" align=\"left\" border=\"0\" \/><\/a><\/div>\n<div class=\"gl_h5-italic\">Die ENAiKOON locate-20 ist eine voll funktionsf\u00e4hige Telematikeinheit f\u00fcr Fahrzeuge und Baumaschinen. Dieses Gateway kann mit jedem ENAiKOON Tag Daten an die ENAiKOON Cloud \u00fcber verschiedenste Kommunikationskan\u00e4le wie Lora, BLE, iBeacon, GSM sowie anderer Funktechnik senden.<\/div>\n<div>&nbsp;<\/div>\n<div class=\"gl_h4big\">Einsatzgebiete<\/div>\n<div>Dinge, die an die Stromversorgung nicht angeschlossen sind, k\u00f6nnen mit dem Internet verbunden werden. Zum Beispiel wichtige Schl\u00fcssel, Bohrer, Werkzeugk\u00e4sten, Sensoren, T\u00fcr &#8211; und Fensterkontakte, Container, Tiere und Anh\u00e4nger, Bew\u00e4sserungssysteme und vieles mehr.<\/div>\n<div>&nbsp;<\/div>\n<div>Dies er\u00f6ffnet Unternehmen aller Branchen endlose neue Optionen f\u00fcr Produkte, Dienstleistungen, Prozessoptimierungen, Kosteneinsparungen u.v.m., nur limitiert durch die eigene Phantasie!<\/div>\n<div>&nbsp;<\/div>\n<div class=\"gl_h4big\">Anwendungsgebiete<\/div>\n<div class=\"gl_ul_style3\">\n<ul>\n \t<li>Automatisierte Erkennung von An- und Abwesenheit der Verm\u00f6genswerte auf Baustellen, in Bergwerken usw.<\/li>\n \t<li>L\u00fcckenlose Absicherung von T\u00fcrschl\u00fcsseln und anderen wertvollen Gegenst\u00e4nden gegen Verlust durch Kontrolle der N\u00e4he zum Verantwortlichen<\/li>\n \t<li>Drahtloses Messen beliebiger physikalischer Gr\u00f6\u00dfen (z.B. Reifendruck, Temperatur in LKW-Kammern), Zust\u00e4nde von Containert\u00fcren, Betriebsstunden der Maschinen, den Energieverbrauch von Heizungsanlagen usw)<\/li>\n \t<li>St\u00e4ndige Registrierung der An- und Abwesenheit von Fahrzeugen, Maschinen, Menschen, Tieren, Containern etc. z.B. auf einem Firmengel\u00e4nde, einem Parkplatz, einem Containerabstellplatz usw.<\/li>\n \t<li>Automatisches Ermitteln, welcher Anh\u00e4nger an welche Zugmaschine gekoppelt ist<\/li>\n \t<li>Funk-Fernbedienung (z.B. Immobilisierung von Baumaschinen, Abschalten \u00fcber das Wochenende, Aktivierung \/Deaktivierung der Sprinkler-Bew\u00e4sserung f\u00fcr Felder etc.<\/li>\n \t<li>L\u00fcckenlose \u00dcberwachung von T\u00fcren, Fenstern, Tank-\u00d6ffnungen auf Lastwagen oder Schachtdeckeln auf der Stra\u00dfe usw.<\/li>\n<\/ul>\n<\/div>\n<\/div>\n\n<div class=\"col-md-4\">\n<div class=\"gl_h4big\">Hauptfunktionen<\/div>\n<div>Voll ausgestattete Telematikeinheit f\u00fcr Fahrzeuge und Baumaschinen. Dieses Gateway kann mit jedem ENAiKOON Tag kombiniert werden. Es sendet die ENAiKOON Tag-Daten an die ENAiKOON Cloud mit Hilfe verschiedener Kommunikationskan\u00e4le wie LoRa, iBeacon, BLE, GSM und anderer Funktechnik<\/div>\n<div>&nbsp;<\/div>\n<div class=\"gl_h4big\">Daten\u00fcbertragung<\/div>\n<div class=\"gl_ul_style3\">\n<ul>\n \t<li>LoRa<\/li>\n \t<li>iBeacon<\/li>\n \t<li>Bluetooth low energy (BLE)\nkompatibel mit Android Ger\u00e4ten ab Android Version 4.0\nmit Verst\u00e4rker 10 mW bis 100 mW<\/li>\n \t<li>RF 2.400 &#8211; 2.500 MHz\nnatives Protokoll\ndie Reichweite des Funksignals l\u00e4sst sich passend zur Aufgabenstellung einstellen\nmit dem RF Signal lassen sich Reichweiten bis 2 km im Freifeld realisieren\nRF kann nicht von Smartphones empfangen werden<\/li>\n \t<li>GPRS<\/li>\n \t<li>Integrierte Antennen<\/li>\n<\/ul>\n<\/div>\n<div>&nbsp;<\/div>\n<div class=\"gl_h4big\">Technische Details<\/div>\n<div class=\"gl_ul_style3\">\n<ul>\n \t<li>GPS f\u00fcr Atomuhr-genaue Zeitsynchronisation<\/li>\n \t<li>2 LEDs<\/li>\n \t<li>220 V Steckernetzteil<\/li>\n \t<li>Anschluss f\u00fcr\n1 digitalen Eingang\n1 analogen Eingang\n1 digitalen Ausgang\next. Stromversorgung 6 &#8211; 31 V<\/li>\n \t<li>Wasserdichtes Geh\u00e4use IP 67<\/li>\n \t<li>Gr\u00f6\u00dfe: 120 x 53 x 23 mm<\/li>\n \t<li>5 V Ausgang 0,5 &#8211; 2,0 A<\/li>\n<\/ul>\n<\/div>\n<\/div>\n\n<div class=\"col-md-4\">\n<div class=\"gl_h4big\">Kombinationsm\u00f6glichkeiten<\/div>\n<div>ENAiKOON locate-20 + <a href=\"https:\/\/www.enaikoon.com\/de\/software-de\/inviu-web\/\">inViu web<\/a> = exakte GPS-Ortung, Diebstahl-Pr\u00e4vention und Sicherheit.<\/div>\n<div>&nbsp;<\/div>\n<div>ENAiKOON locate-20 + ENAiKOON tags + <a href=\"https:\/\/www.enaikoon.com\/de\/software-de\/inviu-pro\/\">inViu pro<\/a> = \u00dcberwachung, Steuerung sowie Ortung aller Verm\u00f6gensgegenst\u00e4nde in Geb\u00e4uden und drau\u00dfen<\/div>\n<div class=\"gl_ul_style3\">\n<ul>\n \t<li>kompatibel mit allen ENAiKOON Tags<\/li>\n \t<li>kompatibel mit inViu pro<\/li>\n \t<li>kompatibel mit inViu web<\/li>\n<\/ul>\n<\/div>\n<div>&nbsp;<\/div>\n<div class=\"gl_h4big\">Handy-Software<\/div>\n<ul class=\"gl_space_ul2\" type=\"square\">\n \t<li class=\"gl_space_li\"><a href=\"https:\/\/www.enaikoon.com\/de\/apps\/plugins\/routes\/\">inViu routes<\/a>\nAnzeige der Positionen aller Trackables auf einem Android-Handy, \u00dcbertragung der aktuellen Position des Handys zu <a href=\"https:\/\/www.enaikoon.com\/de\/software-de\/inviu-web\/\">inViu web<\/a> oder <a href=\"https:\/\/www.enaikoon.com\/de\/software-de\/inviu-pro\/\">inViu pro<\/a><\/li>\n<\/ul>\n<div><a class=\"gl_button_blue\" href=\"https:\/\/www.enaikoon.com\/de\/kontakt\/kontakt\/\">Sprechen Sie uns an<\/a><\/div>\n<div><a class=\"gl_button_grey\" href=\"https:\/\/www.enaikoon.com\/fileadmin\/enaikoon\/Dateien\/pdf\/Datenblatt\/ginstr_beacon_network\/deutsch\/ginstr_beacon_network_Uebersicht_V2.0.pdf\" target=\"_blank\" rel=\"nofollow\" noreferrer\">IoT beacon network<\/a><\/div>\n<\/div>\n<div class=\"gl_row_space\"><\/div>\n<\/div>\n<\/div>","protected":false},"excerpt":{"rendered":"<p> [&hellip;]<\/p>\n","protected":false},"author":7,"featured_media":0,"parent":3768,"menu_order":0,"comment_status":"closed","ping_status":"closed","template":"","meta":{"footnotes":""},"acf":[],"_links":{"self":[{"href":"https:\/\/www.enaikoon.com\/de\/wp-json\/wp\/v2\/pages\/3791"}],"collection":[{"href":"https:\/\/www.enaikoon.com\/de\/wp-json\/wp\/v2\/pages"}],"about":[{"href":"https:\/\/www.enaikoon.com\/de\/wp-json\/wp\/v2\/types\/page"}],"author":[{"embeddable":true,"href":"https:\/\/www.enaikoon.com\/de\/wp-json\/wp\/v2\/users\/7"}],"replies":[{"embeddable":true,"href":"https:\/\/www.enaikoon.com\/de\/wp-json\/wp\/v2\/comments?post=3791"}],"version-history":[{"count":32,"href":"https:\/\/www.enaikoon.com\/de\/wp-json\/wp\/v2\/pages\/3791\/revisions"}],"predecessor-version":[{"id":18950,"href":"https:\/\/www.enaikoon.com\/de\/wp-json\/wp\/v2\/pages\/3791\/revisions\/18950"}],"up":[{"embeddable":true,"href":"https:\/\/www.enaikoon.com\/de\/wp-json\/wp\/v2\/pages\/3768"}],"wp:attachment":[{"href":"https:\/\/www.enaikoon.com\/de\/wp-json\/wp\/v2\/media?parent=3791"}],"curies":[{"name":"wp","href":"https:\/\/api.w.org\/{rel}","templated":true}]}}