{"id":3788,"date":"2016-07-18T05:01:06","date_gmt":"2016-07-18T05:01:06","guid":{"rendered":"https:\/\/www.enaikoon.com\/?page_id=3788"},"modified":"2016-08-09T07:00:37","modified_gmt":"2016-08-09T07:00:37","slug":"locate-19-anwendungen","status":"publish","type":"page","link":"https:\/\/www.enaikoon.com\/de\/geraete\/locate-serie\/locate-19\/locate-19-anwendungen\/","title":{"rendered":"locate-19 Anwendungen"},"content":{"rendered":"<div class=\"row\">\r\n\r\n<div class=\"gl_space_page\">\r\n\r\n\t<div class=\"col-md-8\">\r\n\t\r\n\t<div class=\"gl_space_pageleft\">\r\n\t\r\n\t\t<div class=\"gl_h2big\">Und so k\u00f6nnen Sie<br>die ENAiKOON locate-19 nutzen<\/div> \r\n\t\t<div class=\"gl_h4big\">Der Geofence \u2013 der virtuelle Zaun<\/div>\r\n\t\t<div>&nbsp;<\/div>\r\n\t\t<div>Hinter diesem Begriff verbirgt sich eine einfache, aber effektive M\u00f6glichkeit, Gebiete auf einer Landkarte zu definieren. Sie k\u00f6nnen z.B. einen virtuellen Zaun um die bekannten Wege im Ort legen, die ihr Kind t\u00e4glich zur\u00fccklegt. Legen Sie einfach einen oder mehrere Geofences um Sportverein, Kindergarten, Schule, Bushaltestelle, Tagesmutter und Freunde. <\/div>\r\n\t\t<div>&nbsp;<\/div>\r\n\t\t<div>Wenn Ihr Kind diese definierten Bereiche verl\u00e4sst oder erreicht hat, informiert Sie eine E-Mail oder SMS. Diese kurze Nachricht gibt Ihnen die Sicherheit, dass ihr Kind dort angekommen ist, wo es hin sollte. Und f\u00fcr Motorrad, Wohnwagen, Boot und Auto k\u00f6nnen Sie nat\u00fcrlich auch so viele Geofences mit Alarmmeldungen einrichten, wie Sie m\u00f6chten.<\/div>\r\n\t\t<div>&nbsp;<\/div>\r\n\t\t<div>Nutzen Sie die <a href=\"https:\/\/www.enaikoon.com\/de\/software-de\/\">inViu<\/a> Geofences, um bei au\u00dfergew\u00f6hnlichen Situationen schnell informiert zu werden. So sparen Sie sich die Zeit, selbst immer wieder nachzuschauen, wer sich gerade wo befindet.<\/div>\r\n\t\t\r\n\t<\/div>\r\n\t\r\n\t<\/div>\r\n\t\r\n\t<div class=\"col-md-4\">\r\n\t\r\n\t<div class=\"gl_space_pageright\">\r\n\t\r\n\t<div class=\"clearfix\"><img decoding=\"async\" src=\"https:\/\/www.enaikoon.com\/wp-content\/uploads\/2016\/07\/l19-hand_11.png\" border=\"0\" align=\"left\" alt=\"\"\/><\/div>\r\n\t<div><a class=\"gl_button_yellow\" href=\"https:\/\/www.enaikoon.com\/de\/geraete\/locate-serie\/locate-19\/\">Zur\u00fcck zur locate-19<\/a><\/div>\r\n\t\r\n\t<\/div>\r\n\t\r\n\t<\/div>\r\n\r\n\t<div class=\"gl_row_space\"><\/div>\r\n\t<div class=\"gl_line\"><\/div>\r\n\t\r\n\t<div class=\"col-md-12\">\r\n\t\r\n\t<h2>Sicherheit<\/h2>\r\n\t\r\n\t<\/div>\r\n\t\r\n\t<div class=\"gl_row_space\"><\/div>\r\n\t\r\n\t<div class=\"col-md-4\">\r\n\t\r\n\t<div class=\"gl_h4big\">Ortung von Jugendlichen<\/div>\r\n\t<div class=\"clearfix\">\r\n\t\t<div><img decoding=\"async\" src=\"https:\/\/www.enaikoon.com\/wp-content\/uploads\/2016\/07\/Party-_Grey-Border__04.png\" border=\"0\" align=\"left\" class=\"gl_space_bottom10\" alt=\"\"\/><\/div>\r\n\t<\/div>\r\n\t<div>Als Eltern haben Sie eine gro\u00dfe Verantwortung gegen\u00fcber ihren Kindern. Aber Sie m\u00fcssen auch Verantwortung lehren und mit steigendem Alter Ihren Kindern mehr Freiheiten geben. Behalten Sie die \u00dcbersicht ohne st\u00e4ndiges kontrollieren. Ein kurzer Blick bei <a href=\"https:\/\/www.enaikoon.com\/de\/software-de\/\">inViu<\/a> gen\u00fcgt als Information, wo ihr Familienmitglied sich gerade aufh\u00e4lt. Sicherheit auf Knopfdruck ohne l\u00e4stige Kontrollanrufe oder peinliche Auftritte vor Freunden und Schulkameraden.<\/div>\r\n\t\r\n\t<\/div>\r\n\t\r\n\t<div class=\"col-md-4\">\r\n\t<div class=\"gl_h4big\">Senioren-Ortung<\/div>\r\n\t<div class=\"clearfix\">\r\n\t\t<div><img decoding=\"async\" src=\"https:\/\/www.enaikoon.com\/wp-content\/uploads\/2016\/07\/Old_MAn_Walking-_Grey-Border__03.png\" border=\"0\" align=\"left\" class=\"gl_space_bottom10\" alt=\"\"\/><\/div>\r\n\t<\/div>\r\n\t<div>Im hohen Alter leiden Menschen oft unter Demenzerkrankungen oder Alzheimer. Orte, die vorher bekannt waren, werden auf einmal zum undurchschaubaren Labyrinth. Unterst\u00fctzen Sie Familienangeh\u00f6rigen, indem Sie Ihnen einen ENAiKOON Tracker mitgeben. So sehen Sie, ob alles in Ordnung ist. Mit der Einrichtung eines Geofence, der einen bestimmten Bereich virtuell eingrenzt, bekommen Sie schnell mit, wenn Ihre \u00e4lteren Angeh\u00f6rigen die gewohnten Wege verlassen, und Sie k\u00f6nnen sie problemlos abholen und nach Hause bringen. Der ENAiKOON Tracker ist mit einem Notrufknopf ausgestattet. Das Klicken des Notrufknopfs l\u00f6st einen Telefonanruf oder eine SMS an vorab definierte Telefonnummern aus. Geben Sie den \u00e4lteren Menschen l\u00e4nger ihre Unabh\u00e4ngigkeit &#8211; mit der Sicherheit, im Notfall schnell reagieren zu k\u00f6nnen. Der Tracker ENAiKOON locate-19 ist klein, leicht und kann unsichtbar an der Kleidung befestigt werden.<\/div>\r\n\t\r\n\t<\/div>\r\n\t\r\n\t<div class=\"col-md-4\">\r\n\t\r\n\t<div class=\"gl_h4big\">Ortung von Kindern<\/div>\r\n\t<div class=\"clearfix\">\r\n\t\t<div><img decoding=\"async\" src=\"https:\/\/www.enaikoon.com\/wp-content\/uploads\/2016\/07\/Boy_Traffic-_Grey-Border__04.png\" border=\"0\" align=\"left\" class=\"gl_space_bottom10\" alt=\"\"\/><\/div>\r\n\t<\/div>\r\n\t<div>Geben Sie Ihrem Kind einfach einen kleinen ENAiKOON Tracker mit auf den Weg. So k\u00f6nnen Sie problemlos \u00fcberpr\u00fcfen, ob alles in Ordnung ist &#8211; auch wenn Ihr Kind mal ein wenig l\u00e4nger braucht f\u00fcr den Schulweg. Mit dem Tracker ENAiKOON locate-19 gewinnen Sie die Sicherheit, dass es Ihren Kindern gut geht.<\/div>\r\n\t\r\n\t<\/div>\r\n\t\r\n\t<div class=\"gl_row_space\"><\/div>\r\n\t<div class=\"gl_line\"><\/div>\r\n\t\r\n\t<div class=\"col-md-4\">\r\n\t\r\n\t<h2>Mobilit\u00e4t<\/h2>\r\n\t<div class=\"gl_h4big\">Dokumentation von Routen und Strecken<\/div>\r\n\t<div class=\"clearfix\">\r\n\t\t<div><img decoding=\"async\" src=\"https:\/\/www.enaikoon.com\/wp-content\/uploads\/2016\/07\/img_Mobility.jpg\" border=\"0\" align=\"left\" class=\"gl_space_bottom10\" alt=\"\"\/><\/div>\r\n\t<\/div>\r\n\t<div>&nbsp;<\/div>\r\n\t<div>Nehmen Sie in Ihren n\u00e4chsten Urlaub einfach einen kleinen ENAiKOON Tracker mit, und zeichnen Sie so einfach die GPS-Koordinaten Ihrer Fahrtrouten auf. Dokumentieren Sie, wann und wo Sie mit dem Fahrzeug unterwegs waren. Verfolgen Sie zu Hause in aller Ruhe Ihre gefahrenen Touren oder Ihre Wanderungen. Zeigen Sie zum Beispiel ihren Freunden auf der inViu Landkarte, wo sich eine besonders sch\u00f6ne Motorradstrecke oder die interessantesten Sehensw\u00fcrdigkeiten befinden.<\/div>\r\n\t<div>&nbsp;<\/div>\r\n\t<div>Au\u00dferdem kann Ihre Tour auch live von den Daheimgebliebenen auf der <a href=\"https:\/\/www.enaikoon.com\/de\/software-de\/\" title=\"inViu\">inViu<\/a> Landkarte verfolgt werden. Oder Sie posten via Facebook und Twitter, wo Sie sich gerade befinden.<\/div>\r\n\t\r\n\t<\/div>\r\n\t\r\n\t<div class=\"col-md-4\">\r\n\t\r\n\t<h2>Diebstahlschutz<\/h2>\r\n\t<div class=\"gl_h4big\">Standortanzeige Ihrer LKW, Fahrzeuge und Maschinen<\/div>\r\n\t<div class=\"clearfix\">\r\n\t\t<div><img decoding=\"async\" src=\"https:\/\/www.enaikoon.com\/wp-content\/uploads\/2016\/07\/img_Theftprotection.jpg\" border=\"0\" align=\"left\" class=\"gl_space_bottom10\" alt=\"\"\/><\/div>\r\n\t<\/div>\r\n\t<div>&nbsp;<\/div>\r\n\t<div>Sch\u00fctzen Sie Ihren Besitz, indem Sie ihn mit einem ENAiKOON Tracker ausstatten. So k\u00f6nnen Sie sehen, wo sich ihr Auto, Motorrad, Boot oder Wohnwagen befinden, und Sie werden gewarnt, wenn es ohne Ihr Zutun bewegt wird.<\/div>\r\n\t<div>&nbsp;<\/div>\r\n\t<div>Informieren Sie bei einem Diebstahl schnell die Polizei \u00fcber den genauen GPS-Standort Ihres Fahrzeugs oder Ihrer Maschine, und es besteht eine hohe Wahrscheinlichkeit, dass Sie ihren Besitz wieder zur\u00fcckerhalten.<\/div>\r\n\t\r\n\t<\/div>\r\n\t\r\n\t<div class=\"col-md-4\">\r\n\t\r\n\t<div>Informieren Sie sich \u00fcber die Rechtslage und unsere Datenschutzrichtlinien.<\/div>\r\n\t\r\n\t<\/div>\r\n\t\r\n\t<div class=\"gl_row_space\"><\/div>\r\n\t\r\n<\/div>\t\r\n<div class=\"gl_space_pagebottom\">&nbsp;<\/div>\r\n\r\n<\/div>","protected":false},"excerpt":{"rendered":"","protected":false},"author":7,"featured_media":0,"parent":3786,"menu_order":0,"comment_status":"closed","ping_status":"closed","template":"","meta":{"footnotes":""},"acf":[],"_links":{"self":[{"href":"https:\/\/www.enaikoon.com\/de\/wp-json\/wp\/v2\/pages\/3788"}],"collection":[{"href":"https:\/\/www.enaikoon.com\/de\/wp-json\/wp\/v2\/pages"}],"about":[{"href":"https:\/\/www.enaikoon.com\/de\/wp-json\/wp\/v2\/types\/page"}],"author":[{"embeddable":true,"href":"https:\/\/www.enaikoon.com\/de\/wp-json\/wp\/v2\/users\/7"}],"replies":[{"embeddable":true,"href":"https:\/\/www.enaikoon.com\/de\/wp-json\/wp\/v2\/comments?post=3788"}],"version-history":[{"count":4,"href":"https:\/\/www.enaikoon.com\/de\/wp-json\/wp\/v2\/pages\/3788\/revisions"}],"predecessor-version":[{"id":7551,"href":"https:\/\/www.enaikoon.com\/de\/wp-json\/wp\/v2\/pages\/3788\/revisions\/7551"}],"up":[{"embeddable":true,"href":"https:\/\/www.enaikoon.com\/de\/wp-json\/wp\/v2\/pages\/3786"}],"wp:attachment":[{"href":"https:\/\/www.enaikoon.com\/de\/wp-json\/wp\/v2\/media?parent=3788"}],"curies":[{"name":"wp","href":"https:\/\/api.w.org\/{rel}","templated":true}]}}