{"id":3786,"date":"2016-07-18T05:00:34","date_gmt":"2016-07-18T05:00:34","guid":{"rendered":"https:\/\/www.enaikoon.com\/?page_id=3786"},"modified":"2023-11-18T14:30:57","modified_gmt":"2023-11-18T14:30:57","slug":"locate-19","status":"publish","type":"page","link":"https:\/\/www.enaikoon.com\/de\/geraete\/locate-serie\/locate-19\/","title":{"rendered":"locate-19"},"content":{"rendered":"<div class=\"gl_slide_scroll_box\">\n<div class=\"gl_scroll_box\">\n<ul>\n \t<li><a class=\"gl_scroll_link_title\" title=\"locate-02\" href=\"https:\/\/www.enaikoon.com\/de\/geraete\/locate-serie\/locate-02\/\">locate-02<\/a>\n<a title=\"locate-02\" href=\"https:\/\/www.enaikoon.com\/de\/geraete\/locate-serie\/locate-02\/\"><img decoding=\"async\" class=\"gl_scroll_link_img\" title=\"locate-02\" src=\"https:\/\/www.enaikoon.com\/wp-content\/uploads\/2023\/11\/Locate_L02_nov23.png\" alt=\"\" border=\"0\" \/><\/a><\/li>\n \t<li><a class=\"gl_scroll_link_title\" title=\"locate-04\" href=\"https:\/\/www.enaikoon.com\/de\/geraete\/locate-serie\/locate-04\/\">locate-04<\/a>\n<a title=\"locate-04\" href=\"https:\/\/www.enaikoon.com\/de\/geraete\/locate-serie\/locate-04\/\"><img decoding=\"async\" class=\"gl_scroll_link_img\" src=\"https:\/\/www.enaikoon.com\/wp-content\/uploads\/2016\/07\/locate4.png\" alt=\"\" border=\"0\" \/><\/a><\/li>\n \t<li><a class=\"gl_scroll_link_title\" title=\"locate-06\" href=\"https:\/\/www.enaikoon.com\/de\/geraete\/locate-serie\/locate-06\/\">locate-06<\/a>\n<a title=\"locate-06\" href=\"https:\/\/www.enaikoon.com\/de\/geraete\/locate-serie\/locate-06\/\"><img decoding=\"async\" class=\"gl_scroll_link_img\" src=\"https:\/\/www.enaikoon.com\/wp-content\/uploads\/2016\/07\/locate6.png\" alt=\"\" border=\"0\" \/><\/a><\/li>\n \t<li><a class=\"gl_scroll_link_title\" title=\"locate-15\" href=\"https:\/\/www.enaikoon.com\/de\/geraete\/locate-serie\/locate-15\/\">locate-15<\/a>\n<a title=\"locate-15\" href=\"https:\/\/www.enaikoon.com\/de\/geraete\/locate-serie\/locate-15\/\"><img decoding=\"async\" class=\"gl_scroll_link_img\" src=\"https:\/\/www.enaikoon.com\/wp-content\/uploads\/2016\/07\/locate15.png\" alt=\"\" border=\"0\" \/><\/a><\/li>\n \t<li><a class=\"gl_scroll_link_title\" title=\"locate-17\" href=\"https:\/\/www.enaikoon.com\/de\/geraete\/locate-serie\/locate-17\/\">locate-17<\/a>\n<a title=\"locate-17\" href=\"https:\/\/www.enaikoon.com\/de\/geraete\/locate-serie\/locate-17\/\"><img decoding=\"async\" class=\"gl_scroll_link_img\" src=\"https:\/\/www.enaikoon.com\/wp-content\/uploads\/2016\/07\/locate17.png\" alt=\"\" border=\"0\" \/><\/a><\/li>\n \t<li><a class=\"gl_scroll_link_title\" title=\"locate-19\" href=\"https:\/\/www.enaikoon.com\/de\/geraete\/locate-serie\/locate-19\/\">locate-19<\/a>\n<a title=\"locate-19\" href=\"https:\/\/www.enaikoon.com\/de\/geraete\/locate-serie\/locate-19\/\"><img decoding=\"async\" class=\"gl_scroll_link_img_active\" src=\"https:\/\/www.enaikoon.com\/wp-content\/uploads\/2016\/07\/locate19.png\" alt=\"\" border=\"0\" \/><\/a><\/li>\n \t<li><a class=\"gl_scroll_link_title\" title=\"locate-20\" href=\"https:\/\/www.enaikoon.com\/de\/geraete\/locate-serie\/locate-20\/\">locate-20<\/a>\n<a title=\"locate-20\" href=\"https:\/\/www.enaikoon.com\/de\/geraete\/locate-serie\/locate-20\/\"><img decoding=\"async\" class=\"gl_scroll_link_img\" src=\"https:\/\/www.enaikoon.com\/wp-content\/uploads\/2021\/06\/l-20.jpg\" alt=\"\" border=\"0\" \/><\/a><\/li>\n<\/ul>\n<\/div>\n<\/div>\n<div class=\"row\">\n<div class=\"gl_border-page\">\n\n<div class=\"col-md-4\">\n<h2>ENAiKOON\nlocate-19<\/h2>\n<div class=\"clearfix\"><a rel=\"nofollow\" href=\"https:\/\/www.enaikoon.com\/wp-content\/uploads\/2016\/07\/ENAiKOON_locate-19_368x300_A.png\"><img decoding=\"async\" class=\"gl_space_bottom10\" title=\"ENAiKOON locate-19\" src=\"https:\/\/www.enaikoon.com\/wp-content\/uploads\/2016\/07\/d1fa69aacd.png\" alt=\"ENAiKOON locate-19\" align=\"left\" border=\"0\" \/><\/a><\/div>\n<div class=\"gl_h5-italic\">Wahrscheinlich das weltweit kleinste GPS \/ GPRS-Trackingmodul! <strong>ENAiKOON locate-19<\/strong> sendet die GPS-Positionen von Trackables, z.B. Fahrzeugen, Maschinen, Personen und anderen mobilen Objekten. Die kleine Gr\u00f6\u00dfe und das geringe Gewicht erlauben Ihnen flexible Einsatzm\u00f6glichkeiten.<\/div>\n<div>&nbsp;<\/div>\n<div class=\"gl_h4big\">Anwendungen<\/div>\n<div>Verdeckter Einbau in Autos, kleine Baumaschinen, Motorr\u00e4der, Boote, Au\u00dfenbordmotoren und andere diebstahlsgef\u00e4hrdete Objekte;\nPaket\u00fcberwachung beim Versand wertvoller G\u00fcter;\nMitnahme durch schutzbed\u00fcrftige Personen wie z.B. Kinder, Altersdemente, Behinderte;\nOrtung von Tieren<\/div>\n<div>&nbsp;<\/div>\n<div class=\"gl_h4big\">Produktvariante<\/div>\n<div class=\"clearfix\">\n<div><a rel=\"nofollow\" href=\"https:\/\/www.enaikoon.com\/wp-content\/uploads\/2016\/07\/Locate_L17_inactive_368x300_05.png\"><img decoding=\"async\" class=\"gl_space_right10top5\" title=\"ENAiKOON locate-16\" src=\"https:\/\/www.enaikoon.com\/wp-content\/uploads\/2016\/07\/b4b7f663f0.png\" alt=\"ENAiKOON locate-16\" align=\"left\" border=\"0\" \/><\/a><\/div>\n<div><strong>ENAiKOON locate-19<\/strong>\nmit wasserfestem, besonders kleinem Geh\u00e4use (IP 67) und wasserdichtem Stromanschluss: nur 77 x 49 x 35 mm<\/div>\n<\/div>\n<div><a class=\"gl_button_grey\" href=\"https:\/\/www.enaikoon.com\/fileadmin\/enaikoon\/Dateien\/pdf\/Datenblatt\/locate-16\/deutsch\/ENAiKOON_locate-16_Datenblatt.pdf\" target=\"_blank\" rel=\"nofollow\" noreferrer\">PDF Herunterladen<\/a><\/div>\n<\/div>\n\n<div class=\"col-md-4\">\n<div class=\"gl_h4big\">Hauptfunktionen<\/div>\n<ul class=\"gl_space_ul2\" type=\"square\">\n \t<li class=\"gl_space_li\">Pr\u00e4zise GPS-Ortung aller mobilen Objekte<\/li>\n \t<li class=\"gl_space_li\">Notrufknopf<\/li>\n \t<li class=\"gl_space_li\">Diebstahlpr\u00e4vention und Sicherheit<\/li>\n \t<li class=\"gl_space_li\">Autarker Einsatz mittels Akku und innenliegenden Antennen<\/li>\n \t<li class=\"gl_space_li\">Sofort einsetzbar &#8211; keine manuelle Installation n\u00f6tig<\/li>\n \t<li class=\"gl_space_li\">Speicherung der Positionsdaten, wenn kein Mobilfunk verf\u00fcgbar ist<\/li>\n<\/ul>\n<div>&nbsp;<\/div>\n<div class=\"gl_h4big\">Technische Details<\/div>\n<div class=\"gl_ul_style3\">\n<ul>\n \t<li>Gr\u00f6\u00dfe: 53 x 38 x 16 mm<\/li>\n \t<li>Gewicht: 40 g<\/li>\n \t<li>Integrierte Antennen f\u00fcr GSM und GPS<\/li>\n \t<li>Hochempfindlicher 65-Kanal GPS-Empf\u00e4nger<\/li>\n \t<li>Beschleunigungssensor f\u00fcr stromsparenden Betrieb<\/li>\n \t<li>Akku 550 mA\/h 3,6 V<\/li>\n \t<li>Speicher f\u00fcr 4.000 Positionsmeldungen<\/li>\n \t<li>Speicher f\u00fcr 4.000 Geofences<\/li>\n \t<li>Konfigurierbare Taste, z.B. SOS-Button<\/li>\n \t<li>Made in Germany<\/li>\n<\/ul>\n<\/div>\n<\/div>\n\n<div class=\"col-md-4\">\n<div class=\"gl_h4big\">Kombinationsm\u00f6glichkeiten<\/div>\n<div>ENAiKOON locate-19 + <a href=\"https:\/\/www.enaikoon.com\/de\/software-de\/inviu-web\/\">inViu web<\/a> = exakte GPS-Ortung, Meldung bei Erreichen oder Verlassen von Geofences, Batteriealarm und Anzeige der letzten hundert Positionen auf der Online-Landkarte.<\/div>\n<div>&nbsp;<\/div>\n<div>ENAiKOON locate-19 + <a href=\"https:\/\/www.enaikoon.com\/de\/software-de\/inviu-pro\/\">inViu pro<\/a> = exakte GPS-Ortung, Geofence-\u00dcberwachung der Trackables, Spuraufzeichnung, Batteriealarm. Automatische Berichte (z.B. Betriebsstunden, Aufenthaltsdauer an einem Ort) sowie die M\u00f6glichkeit der Zuordnung von Kostenstellen sparen Zeit und Geld und bringen den perfekten \u00dcberblick.<\/div>\n<div>&nbsp;<\/div>\n<div class=\"gl_h4big\">Zubeh\u00f6r<\/div>\n<ul class=\"gl_space_ul2\" type=\"square\">\n \t<li class=\"gl_space_li\">ENAiKOON case<\/li>\n<\/ul>\n<div>&nbsp;<\/div>\n<div class=\"gl_h4big\">Handy-Software<\/div>\n<ul class=\"gl_space_ul2\" type=\"square\">\n \t<li class=\"gl_space_li\"><a href=\"https:\/\/www.enaikoon.com\/de\/apps\/plugins\/routes\/\">inViu routes<\/a>\nAnzeige der Positionen aller Trackables auf einem Android-Handy, \u00dcbertragung der aktuellen Position des Handys zu <a href=\"https:\/\/www.enaikoon.com\/de\/software-de\/inviu-web\/\">inViu web<\/a> oder <a href=\"https:\/\/www.enaikoon.com\/de\/software-de\/inviu-pro\/\">inViu pro<\/a><\/li>\n<\/ul>\n<div><a class=\"gl_button_yellow\" href=\"https:\/\/www.enaikoon.com\/de\/geraete\/locate-serie\/locate-19\/locate-19-anwendungen\/\">locate-19 Anwendungen<\/a><\/div>\n<div><a class=\"gl_button_grey\" href=\"https:\/\/www.enaikoon.com\/fileadmin\/enaikoon\/Dateien\/pdf\/Datenblatt\/locate-19\/deutsch\/ENAiKOON_locate-19_Datenblatt.pdf\" target=\"_blank\" rel=\"nofollow\" noreferrer\">Datenblatt herunterladen<\/a><\/div>\n<div><a class=\"gl_button_grey\" href=\"https:\/\/www.enaikoon.com\/fileadmin\/enaikoon\/Dateien\/pdf\/Benutzerhandbuch\/locate-19\/deutsch\/ENAiKOON_locate-19_Benutzerhandbuch.pdf\" target=\"_blank\" rel=\"nofollow\" noreferrer\">locate-19 Handbuch<\/a><\/div>\n<div><a class=\"gl_button_blue\" href=\"https:\/\/www.enaikoon.com\/de\/kontakt\/kontakt\/\">Sprechen Sie uns an<\/a><\/div>\n<\/div>\n<div class=\"gl_row_space\"><\/div>\n<\/div>\n<\/div>","protected":false},"excerpt":{"rendered":"<p> [&hellip;]<\/p>\n","protected":false},"author":7,"featured_media":0,"parent":3768,"menu_order":0,"comment_status":"closed","ping_status":"closed","template":"","meta":{"footnotes":""},"acf":[],"_links":{"self":[{"href":"https:\/\/www.enaikoon.com\/de\/wp-json\/wp\/v2\/pages\/3786"}],"collection":[{"href":"https:\/\/www.enaikoon.com\/de\/wp-json\/wp\/v2\/pages"}],"about":[{"href":"https:\/\/www.enaikoon.com\/de\/wp-json\/wp\/v2\/types\/page"}],"author":[{"embeddable":true,"href":"https:\/\/www.enaikoon.com\/de\/wp-json\/wp\/v2\/users\/7"}],"replies":[{"embeddable":true,"href":"https:\/\/www.enaikoon.com\/de\/wp-json\/wp\/v2\/comments?post=3786"}],"version-history":[{"count":20,"href":"https:\/\/www.enaikoon.com\/de\/wp-json\/wp\/v2\/pages\/3786\/revisions"}],"predecessor-version":[{"id":18947,"href":"https:\/\/www.enaikoon.com\/de\/wp-json\/wp\/v2\/pages\/3786\/revisions\/18947"}],"up":[{"embeddable":true,"href":"https:\/\/www.enaikoon.com\/de\/wp-json\/wp\/v2\/pages\/3768"}],"wp:attachment":[{"href":"https:\/\/www.enaikoon.com\/de\/wp-json\/wp\/v2\/media?parent=3786"}],"curies":[{"name":"wp","href":"https:\/\/api.w.org\/{rel}","templated":true}]}}