{"id":3779,"date":"2016-07-18T04:45:42","date_gmt":"2016-07-18T04:45:42","guid":{"rendered":"https:\/\/www.enaikoon.com\/?page_id=3779"},"modified":"2023-11-18T14:27:09","modified_gmt":"2023-11-18T14:27:09","slug":"locate-15","status":"publish","type":"page","link":"https:\/\/www.enaikoon.com\/de\/geraete\/locate-serie\/locate-15\/","title":{"rendered":"locate-15"},"content":{"rendered":"\n<div class=\"gl_slide_scroll_box\">\n<div class=\"gl_scroll_box\">\n<ul>\n<li><a class=\"gl_scroll_link_title\" title=\"locate-02\" href=\"https:\/\/www.enaikoon.com\/de\/geraete\/locate-serie\/locate-02\/\">locate-02<\/a><br \/><a title=\"locate-02\" href=\"https:\/\/www.enaikoon.com\/de\/geraete\/locate-serie\/locate-02\/\"><img decoding=\"async\" class=\"gl_scroll_link_img\" title=\"locate-02\" src=\"https:\/\/www.enaikoon.com\/wp-content\/uploads\/2023\/11\/Locate_L02_nov23.png\" alt=\"\" border=\"0\" \/><\/a><\/li>\n<li><a class=\"gl_scroll_link_title\" title=\"locate-04\" href=\"https:\/\/www.enaikoon.com\/de\/geraete\/locate-serie\/locate-04\/\">locate-04<\/a><br><a title=\"locate-04\" href=\"https:\/\/www.enaikoon.com\/de\/geraete\/locate-serie\/locate-04\/\"><img decoding=\"async\" class=\"gl_scroll_link_img\" src=\"https:\/\/www.enaikoon.com\/wp-content\/uploads\/2016\/07\/locate4.png\" alt=\"\" border=\"0\"><\/a><\/li>\n<li><a class=\"gl_scroll_link_title\" title=\"locate-06\" href=\"https:\/\/www.enaikoon.com\/de\/geraete\/locate-serie\/locate-06\/\">locate-06<\/a><br><a title=\"locate-06\" href=\"https:\/\/www.enaikoon.com\/de\/geraete\/locate-serie\/locate-06\/\"><img decoding=\"async\" class=\"gl_scroll_link_img\" src=\"https:\/\/www.enaikoon.com\/wp-content\/uploads\/2016\/07\/locate6.png\" alt=\"\" border=\"0\"><\/a><\/li>\n<li><a class=\"gl_scroll_link_title\" title=\"locate-15\" href=\"https:\/\/www.enaikoon.com\/de\/geraete\/locate-serie\/locate-15\/\">locate-15<\/a><br><a title=\"locate-15\" href=\"https:\/\/www.enaikoon.com\/de\/geraete\/locate-serie\/locate-15\/\"><img decoding=\"async\" class=\"gl_scroll_link_img_active\" src=\"https:\/\/www.enaikoon.com\/wp-content\/uploads\/2016\/07\/locate15.png\" alt=\"\" border=\"0\"><\/a><\/li>\n<li><a class=\"gl_scroll_link_title\" title=\"locate-17\" href=\"https:\/\/www.enaikoon.com\/de\/geraete\/locate-serie\/locate-17\/\">locate-17<\/a><br><a title=\"locate-17\" href=\"https:\/\/www.enaikoon.com\/de\/geraete\/locate-serie\/locate-17\/\"><img decoding=\"async\" class=\"gl_scroll_link_img\" src=\"https:\/\/www.enaikoon.com\/wp-content\/uploads\/2016\/07\/locate17.png\" alt=\"\" border=\"0\"><\/a><\/li>\n<!-- <li><a class=\"gl_scroll_link_title\" title=\"locate-18\" href=\"https:\/\/www.enaikoon.com\/de\/geraete\/locate-serie\/locate-18\/\">locate-18<\/a><br><a title=\"locate-18\" href=\"https:\/\/www.enaikoon.com\/de\/geraete\/locate-serie\/locate-18\/\"><img decoding=\"async\" class=\"gl_scroll_link_img\" src=\"https:\/\/www.enaikoon.com\/wp-content\/uploads\/2016\/07\/locate18.png\" alt=\"\" border=\"0\"><\/a><\/li> -->\n<li><a class=\"gl_scroll_link_title\" title=\"locate-19\" href=\"https:\/\/www.enaikoon.com\/de\/geraete\/locate-serie\/locate-19\/\">locate-19<\/a><br><a title=\"locate-19\" href=\"https:\/\/www.enaikoon.com\/de\/geraete\/locate-serie\/locate-19\/\"><img decoding=\"async\" class=\"gl_scroll_link_img\" src=\"https:\/\/www.enaikoon.com\/wp-content\/uploads\/2016\/07\/locate19.png\" alt=\"\" border=\"0\"><\/a><\/li>\n<li><a class=\"gl_scroll_link_title\" title=\"locate-20\" href=\"https:\/\/www.enaikoon.com\/de\/geraete\/locate-serie\/locate-20\/\">locate-20<\/a><br><a title=\"locate-20\" href=\"https:\/\/www.enaikoon.com\/de\/geraete\/locate-serie\/locate-20\/\"><img decoding=\"async\" class=\"gl_scroll_link_img\" src=\"https:\/\/www.enaikoon.com\/wp-content\/uploads\/2021\/06\/l-20.jpg\" alt=\"\" border=\"0\"><\/a><\/li>\n<\/ul>\n<\/div>\n<\/div>\n<div class=\"row\"><\/p>\n<div class=\"gl_border-page\">\n<p><div class=\"col-md-4\"><\/p>\n<h2>ENAiKOON<br>locate-15<\/h2>\n<div class=\"clearfix\"><a rel=\"nofollow\" href=\"https:\/\/www.enaikoon.com\/wp-content\/uploads\/2016\/07\/ENAiKOON_locate-15-368x300.png\"><img decoding=\"async\" class=\"gl_space_bottom10\" title=\"ENAiKOON locate-15\" src=\"https:\/\/www.enaikoon.com\/wp-content\/uploads\/2016\/07\/ae87d16e84.png\" alt=\"ENAiKOON locate-15\" align=\"left\" border=\"0\"><\/a><\/div>\n<div class=\"gl_h5-italic\">Mit Batterien, die bis zu 10 Jahren halten, ist dieses Modul eines unserer robustesten und langlebigsten GPS-Ortungsmodule.<\/div>\n<div>&nbsp;<\/div>\n<div class=\"gl_h4big\">Anwendungen<\/div>\n<div>Logistikbranche: Auflieger, Wechselbr\u00fccken, Trailer, Container&#8230;<\/br>Recycling Unternehmen, Entsorgungsbranche: Container, Abfallpressen&#8230;<\/br>Bauindustrie: Anbauger\u00e4te, Maschinen ohne eigenen Stromanschluss&#8230;<\/div>\n<div>&nbsp;<\/div>\n<div class=\"gl_h4big\">Bachelorarbeit<\/div>\n<div class=\"gl_h7\"><a href=\"https:\/\/www.enaikoon.com\/fileadmin\/enaikoon_2011\/DEVICES\/Locate_series\/locate-18\/Diebstahlsicherung_von_Rohholz_mittels_GPS_gestuetzter_Verfahren.pdf\" target=\"_blank\" rel=\"nofollow\" noreferrer\">Diebstahlsicherung von Rohholz mittels GPS-gest\u00fctzter Verfahren<\/a><\/div>\n<div class=\"gl_h8\">im Studiengang &#8222;Forstwirtschaft&#8220; an der Hochschule f\u00fcr angewandte<br>Wissenschaft und Kunst, G\u00f6ttingen<br>erstellt von Tim Eickmann, 02.05.2012<\/div>\n<div class=\"gl_h9\">Die Bachelorarbeit darf nur in der vom Verfasser abgegebenen Fassung ver\u00f6ffentlicht werden. Jegliche K\u00fcrzungen, \u00c4nderungen und \u00c4hnliches sind nicht zul\u00e4ssig. Weitere Verwendungszwecke sind mit dem Verfasser abzustimmen.<\/div>\n<p><\/div><\/p>\n<p><div class=\"col-md-4\"><\/p>\n<div class=\"gl_h4big\">Hauptfunktionen<\/div>\n<ul class=\"gl_space_ul2\" type=\"square\">\n<li class=\"gl_space_li\">GPS-Ortung mit einer oder mehreren Positionen pro Tag<\/li>\n<li class=\"gl_space_li\">Live Positionsanzeige auf der Landkarte<\/li>\n<li class=\"gl_space_li\">Extrem lange Laufzeit mit einem Batteriesatz (nachr\u00fcstbar)<\/li>\n<li class=\"gl_space_li\">Leichte Montage mit Schrauben oder Magneten<\/li>\n<li class=\"gl_space_li\">Einsatz bei Maschinen und Ger\u00e4ten ohne eigenen Stromanschluss<\/li>\n<li class=\"gl_space_li\">Vergossene Version bei hoher mechanischer Belastung<\/li>\n<\/ul>\n<div>&nbsp;<\/div>\n<div class=\"gl_h4big\">Technische Details<\/div>\n<div class=\"gl_ul_style3\">\n<ul>\n<li>Gr\u00f6\u00dfe: 150 x 41 x 80 mm<\/li>\n<li>Gewicht: 480 g<\/li>\n<li>Integrierte GPS und GSM Antennen<\/li>\n<li>Batterielaufzeit bis zu 10 Jahre bei einer Positionsmeldung pro Tag<\/li>\n<li>Robustes, wasserdichtes Geh\u00e4use (IP66K)<\/li>\n<li>Beschleunigungssensor f\u00fcr stromsparenden Betrieb<\/li>\n<li>Optional: vergossene Elektronik<\/li>\n<li>Made in Germany<\/li>\n<\/ul>\n<\/div>\n<p><\/div><\/p>\n<p><div class=\"col-md-4\"><\/p>\n<div class=\"gl_h4big\">Kombinationsm\u00f6glichkeiten<\/div>\n<div>ENAiKOON locate-15 + <a href=\"https:\/\/www.enaikoon.com\/de\/software-de\/inviu-web\/\">inViu web<\/a> = exakte GPS-Ortung, Meldung bei Erreichen oder Verlassen von Geofences, Batteriealarm und Anzeige der letzten hundert Positionen auf der Online-Landkarte.<\/div>\n<div>&nbsp;<\/div>\n<div>ENAiKOON locate-15 + <a href=\"https:\/\/www.enaikoon.com\/de\/software-de\/inviu-pro\/\">inViu pro<\/a> = exakte GPS-Ortung, Geofence-\u00dcberwachung der Trackables, Batteriealarm, automatische Berichte, wie Betriebsstunden, Aufenthaltsdauer an einem Ort, Kostenstellenzuordnung, sparen Zeit und Kosten und bringen den perfekten \u00dcberblick.<\/div>\n<div>&nbsp;<\/div>\n<div class=\"gl_h4big\">Handy-Software<\/div>\n<ul class=\"gl_space_ul2\" type=\"square\">\n<li class=\"gl_space_li\"><a href=\"https:\/\/www.enaikoon.com\/de\/apps\/plugins\/routes\/\">inViu routes<\/a><br>Anzeige der Positionen aller Trackables auf einem Android-Handy, \u00dcbertragung der aktuellen Position des Handys zu <a href=\"https:\/\/www.enaikoon.com\/de\/software-de\/inviu-web\/\">inViu web<\/a> oder <a href=\"https:\/\/www.enaikoon.com\/de\/software-de\/inviu-pro\/\">inViu pro<\/a><\/li>\n<\/ul>\n<div><a class=\"gl_button_grey\" href=\"https:\/\/www.enaikoon.com\/fileadmin\/enaikoon\/Dateien\/pdf\/Datenblatt\/locate-15\/deutsch\/ENAiKOON_locate-15_Datenblatt.pdf\" target=\"_blank\" rel=\"nofollow\" noreferrer\">Datenblatt herunterladen<\/a><\/div>\n<div><a class=\"gl_button_blue\" href=\"https:\/\/www.enaikoon.com\/de\/kontakt\/kontakt\/\">Sprechen Sie uns an<\/a><\/div>\n<p><\/div><\/p>\n<div class=\"gl_row_space\">&nbsp;<\/div>\n<\/div>\n<p><\/div>\n","protected":false},"excerpt":{"rendered":"<p> [&hellip;]<\/p>\n","protected":false},"author":7,"featured_media":0,"parent":3768,"menu_order":0,"comment_status":"closed","ping_status":"closed","template":"","meta":{"footnotes":""},"acf":[],"_links":{"self":[{"href":"https:\/\/www.enaikoon.com\/de\/wp-json\/wp\/v2\/pages\/3779"}],"collection":[{"href":"https:\/\/www.enaikoon.com\/de\/wp-json\/wp\/v2\/pages"}],"about":[{"href":"https:\/\/www.enaikoon.com\/de\/wp-json\/wp\/v2\/types\/page"}],"author":[{"embeddable":true,"href":"https:\/\/www.enaikoon.com\/de\/wp-json\/wp\/v2\/users\/7"}],"replies":[{"embeddable":true,"href":"https:\/\/www.enaikoon.com\/de\/wp-json\/wp\/v2\/comments?post=3779"}],"version-history":[{"count":22,"href":"https:\/\/www.enaikoon.com\/de\/wp-json\/wp\/v2\/pages\/3779\/revisions"}],"predecessor-version":[{"id":18943,"href":"https:\/\/www.enaikoon.com\/de\/wp-json\/wp\/v2\/pages\/3779\/revisions\/18943"}],"up":[{"embeddable":true,"href":"https:\/\/www.enaikoon.com\/de\/wp-json\/wp\/v2\/pages\/3768"}],"wp:attachment":[{"href":"https:\/\/www.enaikoon.com\/de\/wp-json\/wp\/v2\/media?parent=3779"}],"curies":[{"name":"wp","href":"https:\/\/api.w.org\/{rel}","templated":true}]}}