{"id":3776,"date":"2016-07-18T04:31:38","date_gmt":"2016-07-18T04:31:38","guid":{"rendered":"https:\/\/www.enaikoon.com\/?page_id=3776"},"modified":"2019-10-02T20:29:11","modified_gmt":"2019-10-02T20:29:11","slug":"inviu-pro","status":"publish","type":"page","link":"https:\/\/www.enaikoon.com\/de\/software-de\/inviu-pro\/","title":{"rendered":"inViu pro"},"content":{"rendered":"\n\t\t\t<!-- START inviupro_de REVOLUTION SLIDER 6.6.16 --><p class=\"rs-p-wp-fix\"><\/p>\n\t\t\t<rs-module-wrap id=\"rev_slider_31_1_wrapper\" data-source=\"gallery\" style=\"visibility:hidden;background:transparent;padding:0;margin:0px auto;margin-top:0;margin-bottom:0;\">\n\t\t\t\t<rs-module id=\"rev_slider_31_1\" style=\"\" data-version=\"6.6.16\">\n\t\t\t\t\t<rs-slides style=\"overflow: hidden; position: absolute;\">\n\t\t\t\t\t\t<rs-slide style=\"position: absolute;\" data-key=\"rs-48\" data-title=\"banner\" data-anim=\"adpr:false;\">\n\t\t\t\t\t\t\t<img src=\"\/\/www.enaikoon.com\/wp-content\/plugins\/revslider\/public\/assets\/assets\/dummy.png\" alt=\"\" title=\"inViu pro\" class=\"rev-slidebg tp-rs-img rs-lazyload\" data-lazyload=\"\/\/www.enaikoon.com\/wp-content\/uploads\/2016\/07\/banner-inViu_pro-monitor_04.png\" data-no-retina>\n<!--\n\t\t\t\t\t\t\t--><rs-layer\n\t\t\t\t\t\t\t\tid=\"slider-31-slide-48-layer-1\" \n\t\t\t\t\t\t\t\tdata-type=\"image\"\n\t\t\t\t\t\t\t\tdata-rsp_ch=\"on\"\n\t\t\t\t\t\t\t\tdata-text=\"l:22;\"\n\t\t\t\t\t\t\t\tdata-dim=\"w:998px;h:300px;\"\n\t\t\t\t\t\t\t\tdata-frame_0=\"tp:600;\"\n\t\t\t\t\t\t\t\tdata-frame_1=\"tp:600;e:power2.inOut;st:500;\"\n\t\t\t\t\t\t\t\tdata-frame_999=\"o:0;tp:600;e:nothing;st:9000;\"\n\t\t\t\t\t\t\t\tstyle=\"z-index:5;\"\n\t\t\t\t\t\t\t><img src=\"\/\/www.enaikoon.com\/wp-content\/plugins\/revslider\/public\/assets\/assets\/dummy.png\" alt=\"\" class=\"tp-rs-img rs-lazyload\" data-lazyload=\"\/wp-content\/uploads\/2016\/07\/banner-inViu_pro-monitor_04.png\" data-no-retina> \n\t\t\t\t\t\t\t<\/rs-layer><!--\n\n\t\t\t\t\t\t\t--><rs-layer\n\t\t\t\t\t\t\t\tid=\"slider-31-slide-48-layer-2\" \n\t\t\t\t\t\t\t\tclass=\"medium-blue-text\"\n\t\t\t\t\t\t\t\tdata-type=\"text\"\n\t\t\t\t\t\t\t\tdata-color=\"rgba(70,180,231,1)\"\n\t\t\t\t\t\t\t\tdata-rsp_ch=\"on\"\n\t\t\t\t\t\t\t\tdata-xy=\"x:540px;y:65px;\"\n\t\t\t\t\t\t\t\tdata-text=\"s:32;l:34;fw:700;\"\n\t\t\t\t\t\t\t\tdata-frame_0=\"y:50px;tp:600;\"\n\t\t\t\t\t\t\t\tdata-frame_1=\"tp:600;e:power2.inOut;st:800;sp:500;\"\n\t\t\t\t\t\t\t\tdata-frame_999=\"o:1;tp:600;e:nothing;st:9000;\"\n\t\t\t\t\t\t\t\tstyle=\"z-index:6;font-family:'Myriad Pro';color:#12B9FF !important;letter-spacing:0px !important;\"\n\t\t\t\t\t\t\t>inViu pro -<br>\ndas Telematikportal \n\t\t\t\t\t\t\t<\/rs-layer><!--\n\n\t\t\t\t\t\t\t--><rs-layer\n\t\t\t\t\t\t\t\tid=\"slider-31-slide-48-layer-3\" \n\t\t\t\t\t\t\t\tclass=\"small-brown-text\"\n\t\t\t\t\t\t\t\tdata-type=\"text\"\n\t\t\t\t\t\t\t\tdata-color=\"rgba(143,143,143,1)\"\n\t\t\t\t\t\t\t\tdata-rsp_ch=\"on\"\n\t\t\t\t\t\t\t\tdata-xy=\"x:540px;y:150px;\"\n\t\t\t\t\t\t\t\tdata-text=\"s:16;l:20;\"\n\t\t\t\t\t\t\t\tdata-frame_0=\"y:50px;tp:600;\"\n\t\t\t\t\t\t\t\tdata-frame_1=\"tp:600;e:power2.inOut;st:800;sp:500;\"\n\t\t\t\t\t\t\t\tdata-frame_999=\"o:1;tp:600;e:nothing;st:9000;\"\n\t\t\t\t\t\t\t\tstyle=\"z-index:7;font-family:'Myriad Pro';letter-spacing:1 !important;font-size:14.4px;line-height:17px;\"\n\t\t\t\t\t\t\t>Das Baukasten-System mit individueller Beratung und <br>ma\u00dfgeschneiderter L\u00f6sung f\u00fcr Ihre Anwendung<br>\n- immer die richtige Entscheidung treffen! \n\t\t\t\t\t\t\t<\/rs-layer><!--\n\n\t\t\t\t\t\t\t--><rs-layer\n\t\t\t\t\t\t\t\tid=\"slider-31-slide-48-layer-4\" \n\t\t\t\t\t\t\t\tdata-type=\"text\"\n\t\t\t\t\t\t\t\tdata-color=\"rgba(255,255,255,1)\"\n\t\t\t\t\t\t\t\tdata-rsp_ch=\"on\"\n\t\t\t\t\t\t\t\tdata-xy=\"x:538px;y:217px;\"\n\t\t\t\t\t\t\t\tdata-text=\"l:22;\"\n\t\t\t\t\t\t\t\tdata-frame_0=\"y:50px;tp:600;\"\n\t\t\t\t\t\t\t\tdata-frame_1=\"tp:600;e:power2.inOut;st:800;sp:500;\"\n\t\t\t\t\t\t\t\tdata-frame_999=\"o:1;tp:600;e:nothing;st:9000;\"\n\t\t\t\t\t\t\t\tstyle=\"z-index:8;font-family:'';\"\n\t\t\t\t\t\t\t><a class=\"gl_button_blue\" href=\"https:\/\/sso.enaikoon.de\/SSOServer\/?locale=de&demo=1\"  target=\"_blank\"  rel=\"nofollow\">Entdecken Sie inViu pro<\/a> \n\t\t\t\t\t\t\t<\/rs-layer><!--\n-->\t\t\t\t\t\t<\/rs-slide>\n\t\t\t\t\t<\/rs-slides>\n\t\t\t\t<\/rs-module>\n\t\t\t\t<script>\n\t\t\t\t\tsetREVStartSize({c: 'rev_slider_31_1',rl:[1240,1024,778,480],el:[],gw:[998],gh:[300],type:'standard',justify:'',layout:'fullwidth',mh:\"0\"});if (window.RS_MODULES!==undefined && window.RS_MODULES.modules!==undefined && window.RS_MODULES.modules[\"revslider311\"]!==undefined) {window.RS_MODULES.modules[\"revslider311\"].once = false;window.revapi31 = undefined;if (window.RS_MODULES.checkMinimal!==undefined) window.RS_MODULES.checkMinimal()}\n\t\t\t\t<\/script>\n\t\t\t<\/rs-module-wrap>\n\t\t\t<!-- END REVOLUTION SLIDER -->\n\n\n<div class=\"row\">\n<div class=\"gl_space_page\">\n\n\t<div class=\"col-md-8\">\n<div class=\"gl_space_pageleft\">\n<div class=\"gl_h2big\">inViu pro Leistungsumfang<\/div>\n<div>Mit inViu, unseren <a href=\"https:\/\/www.enaikoon.com\/de\/geraete\/\" title=\"Ortungsmodulen\">Ortungsmodulen<\/a>, dem passenden <a href=\"https:\/\/www.enaikoon.com\/de\/geraete\/zubehoer\/sim-card\/\" title=\"Zubeh\u00f6r\">Zubeh\u00f6r<\/a> und der <a href=\"https:\/\/www.enaikoon.com\/de\/apps\/inviu-apps\/\" title=\"inViu touch\">Handy-Software<\/a> erhalten Sie die bestm\u00f6gliche L\u00f6sung f\u00fcr Ihre speziellen <a href=\"https:\/\/www.enaikoon.com\/de\/loesungen\/\" title=\"Anwendungen\">Anwendungen<\/a>.<\/div>\n<div>&nbsp;<\/div>\n<div>Mit der richtigen Auswahl der f\u00fcr Ihre Bed\u00fcrfnisse <a href=\"https:\/\/www.enaikoon.com\/de\/software-de\/plugins\/staff-tracker\/\">zugeschnittenen Funktionen<\/a> optimieren Sie Ihre betrieblichen Prozesse und Ihre Kundenbeziehungen erheblich. Mit inViu sparen Sie Geld und Zeit.<\/div>\n<div>&nbsp;<\/div>\n<div>Laden Sie das inViu Datenblatt als PDF herunter. Dort finden Sie alle Funktionen anschaulich erl\u00e4utert.<\/div>\n<\/div>\n<\/div>\n\n<div class=\"col-md-4\">\n<div class=\"gl_space_pageright\">\n<h5 class=\"gl_space_right30\" style=\"font-family:Times New Roman\">&#8222;Nach eingehenden Tests der Produkte am Markt haben wir uns Anfang des Jahres f\u00fcr eine Ausr\u00fcstung unserer \u00fcber hundert Fahrzeuge mit ENAiKOON locate-06 und die Web-Anwendung inViu pro entschieden.&#8220;<\/h5>\n<h6 style=\"font-family:Times New Roman\">Piotr Frank, Technischer Leiter, G\u00fctertransport Brusendorf GmbH<\/h6>\n<div class=\"clearfix\"><a href=\"https:\/\/www.enaikoon.com\/de\/loesungen\/testimonials\/disposition-und-koordination\/\"><img decoding=\"async\" src=\"https:\/\/www.enaikoon.com\/wp-content\/uploads\/2016\/07\/icon1.png\" class=\"gl_software_personicon\" title=\"Lesen Sie unsere Fallbeispiele\" alt=\"Lesen Sie unsere Fallbeispiele\" border=\"0\" align=\"right\"><\/a><\/div>\n<div><a class=\"gl_button_blue\" href=\"https:\/\/www.enaikoon.com\/de\/kontakt\/kontakt\/\">Sprechen Sie uns an<\/a><\/div>\n<div><a class=\"gl_button_grey\" href=\"https:\/\/www.enaikoon.com\/fileadmin\/enaikoon\/Dateien\/pdf\/Datenblatt\/inViu_pro\/deutsch\/inViu_pro_Datenblatt.pdf\" target=\"_blank\" rel=\"nofollow\" noreferrer\">DATENBLATT HERUNTERLADEN<\/a><\/div>\n<\/div>\n<\/div>\n<div class=\"gl_row_space\"><\/div>\n<div class=\"gl_line\"><\/div>\n<div class=\"col-md-4\">\n<div><img decoding=\"async\" src=\"https:\/\/www.enaikoon.com\/wp-content\/uploads\/2016\/07\/Localise-icon-small_05.png\" alt=\"\" border=\"0\" align=\"left\"><\/div>\n<h2>&nbsp; Orten<\/h2>\n<div>Finden Sie die exakte Position Ihrer Trackables in inViu &#8211; jederzeit, \u00fcberall und direkt auf der integrierten Landkarte.<\/div>\n<div>&nbsp;<\/div>\n<div>inViu verwendet OpenStreetMap, die freie OpenSource Landkarte, die Sie selbst editieren k\u00f6nnen. Sie m\u00f6chten mehr \u00fcber <a href=\"http:\/\/www.openstreetmap.org\/\" target=\"_blank\" title=\"OpenStreetMap\" rel=\"nofollow\" noreferrer\">OpenStreetMap<\/a> erfahren?<\/div>\n<\/div>\n\n<div class=\"col-md-4\">\n<div><img decoding=\"async\" src=\"https:\/\/www.enaikoon.com\/wp-content\/uploads\/2016\/07\/Monitor-icon-small_04.png\" alt=\"\" border=\"0\" align=\"left\"><\/div>\n<h2>&nbsp; \u00dcberwachung<\/h2>\n<div>inViu bietet Ihnen pr\u00e4zise und flexible Ortung und Management f\u00fcr alle Ihre Trackables zu den gew\u00fcnschten Zeiten. Die Online-Landkarte erm\u00f6glicht von der Gesamt\u00fcbersicht bis hin zu Detailansicht viele Optionen. Die gesammelten Daten werden in aussagekr\u00e4ftigen Berichten dargestellt und lassen sich exportieren als XLS und CSV f\u00fcr die weitere Nutzung.<\/div>\n<\/div>\n\n<div class=\"col-md-4\">\n<div><img decoding=\"async\" src=\"https:\/\/www.enaikoon.com\/wp-content\/uploads\/2016\/07\/a30793c91e.png\" alt=\"\" border=\"0\" align=\"left\"><\/div>\n<h2>&nbsp; Sicherheit<\/h2>\n<div>inViu bietet Ihnen die Sicherheit, immer genau den \u00dcberblick zu haben, sofort informiert zu werden, wenn etwas Unvorhergesenes passiert, so dass Sie schnellstm\u00f6glich reagieren k\u00f6nnen um Schaden abzuwenden.<\/div>\n<\/div>\n<div class=\"gl_row_space\"><\/div>\n<div class=\"col-md-4\">\n<div class=\"gl_space_top20\">&nbsp;<\/div>\n<div><img decoding=\"async\" src=\"https:\/\/www.enaikoon.com\/wp-content\/uploads\/2016\/07\/Truck.png\" alt=\"\" border=\"0\" align=\"left\"><\/div>\n<h2>&nbsp; Flotten-\n&nbsp; Management<\/h2>\n<div>Managen Sie Ihre LKW- und Trailerflotte mit inViu. Die Online-Landkarte gibt den \u00dcberblick \u00fcber alle Fahrzeuge, Detailinformationen erhalten Sie mit einem Klick. Die Auswertung von <a href=\"https:\/\/www.enaikoon.com\/de\/software-de\/plugins\/can-66\/\" title=\"ENAiKOON can-66\">CAN-Bus<\/a>-, <a href=\"https:\/\/www.enaikoon.com\/de\/geraete\/zubehoer\/temp-sensor\/\" title=\"ENAiKOON temp-sensor\">Temperaturdaten<\/a> oder Fahrverhalten sowie <a href=\"https:\/\/www.enaikoon.com\/de\/software-de\/plugins\/messenger\/\" title=\"ENAiKOON messenger\">schriftliche Kommunikation<\/a> mit dem Fahrzeug unterst\u00fctzen Ihre t\u00e4gliche Disposition und <a href=\"https:\/\/www.enaikoon.com\/de\/software-de\/plugins\/tour-checker\/\" title=\"ENAiKOON tour-checker\">Tourenplanung<\/a> erheblich.<\/div>\n<\/div>\n\n<div class=\"col-md-4\">\n<div class=\"gl_space_top20\">&nbsp;<\/div>\n<div><img decoding=\"async\" src=\"https:\/\/www.enaikoon.com\/wp-content\/uploads\/2016\/07\/Bulldozer.png\" alt=\"\" border=\"0\" align=\"left\"><\/div>\n<h2>&nbsp; Baumaschinen-\n&nbsp; Management<\/h2>\n<div><a href=\"https:\/\/www.enaikoon.com\/de\/loesungen\/testimonials\/flottentelematik-mit-kuehlkette\/\">Disponieren<\/a> Sie Ihre Baumaschinen und <a href=\"https:\/\/www.enaikoon.com\/de\/geraete\/locate-serie\/locate-15\/\">Anbauger\u00e4te<\/a> f\u00fcr die jeweilige Baustelle und kontrollieren Sie den tats\u00e4chlichen Einsatz. Verschiedene Berichte zeigen Ihnen die Betriebsstunden der Maschinen sowie der Nebenantriebe.<\/div>\n<\/div>\n\n<div class=\"col-md-4\">\n<div class=\"gl_space_top20\">&nbsp;<\/div>\n<div><img decoding=\"async\" src=\"https:\/\/www.enaikoon.com\/wp-content\/uploads\/2016\/07\/e82f0b9eb6.png\" alt=\"\" border=\"0\" align=\"left\"><\/div>\n<h2>&nbsp; Mitarbeiter\n&nbsp; Management<\/h2>\n<div>Optimieren Sie die <a href=\"https:\/\/www.enaikoon.com\/de\/software-de\/plugins\/staff-tracker\/\">Disposition Ihrer Mitarbeiter<\/a> durch die \u00dcberpr\u00fcfung der Fahrt-, Arbeits- und Pausenzeiten, des Fahrverhaltens und Treibstoffverbrauchs sowie der Ankunftszeiten am Ziel. <a href=\"https:\/\/www.enaikoon.com\/de\/software-de\/plugins\/messenger\/\">Realtime-Koordinations- und Kommunikations-L\u00f6sungen<\/a>, die sich nahtlos in Ihre bestehende Hardware einf\u00fcgen, machen inViu zu einem idealen Teamplayer.<\/div>\n<\/div>\n<div class=\"gl_row_space\"><\/div>\n<div class=\"col-md-4\">\n<div class=\"gl_space_top20\">&nbsp;<\/div>\n<div><img decoding=\"async\" src=\"https:\/\/www.enaikoon.com\/wp-content\/uploads\/2016\/07\/7c5cbe8ad4.png\" alt=\"\" border=\"0\" align=\"left\"><\/div>\n<h2>&nbsp; Dokumentation<\/h2>\n<div>Dokumentieren Sie Standorte, Einsatzzeiten und T\u00e4tigkeiten gegen\u00fcber Ihrem Auftraggeber. Eine einfache \u00dcbersicht erhalten Sie durch automatische Berichte. Und das elektronische, revisionssichere Fahrtenbuch bewahrt Sie vor zu hoher Besteuerung durch das Finanzamt.<\/div>\n<\/div>\n\n<div class=\"col-md-4\">\n<div class=\"gl_space_top20\">&nbsp;<\/div>\n<div><img decoding=\"async\" src=\"https:\/\/www.enaikoon.com\/wp-content\/uploads\/2016\/07\/Fence.png\" alt=\"\" border=\"0\" align=\"left\"><\/div>\n<h2>&nbsp; Geofence<\/h2>\n<div>Ein Geofence &#8211; ein virtueller Zaun um ein bestimmtes Gebiet &#8211; bietet Ihnen gro\u00dfe Sicherheit im Diebstahlsfall. Lassen Sie sich per E-Mail informieren, wenn ein Geofence verlassen oder erreicht wird.\nAlle Positionsmeldungen, die innerhalb eines Geofence liegen, k\u00f6nnen nach Kostenstellen ausgewertet und weiterverarbeitet werden.<\/div>\n<\/div>\n\n<div class=\"col-md-4\">\n<div class=\"gl_space_top20\">&nbsp;<\/div>\n<div><img decoding=\"async\" src=\"https:\/\/www.enaikoon.com\/wp-content\/uploads\/2016\/07\/Customise-icon-small_08.png\" alt=\"\" border=\"0\" align=\"left\"><\/div>\n<h2>&nbsp; Personalisieren<\/h2>\n<div>Programmieren und empfangen Sie Sofortalarme per E-Mail oder SMS f\u00fcr den Fall, dass etwas Unvorhergesehenes passiert. Richten Sie sich die Anzeige der Berichte und der Landkarte nach Ihren Vorstellungen ein. Zwei Farbvarianten und verschiedene Bildschirmaufteilungen runden das Gesamtbild ab.<\/div>\n<\/div>\n<div class=\"gl_row_space\"><\/div>\n<div class=\"gl_line\"><\/div>\n<div class=\"col-md-12\">\n<h2>inViu pro Plugins<\/h2>\n<div>Leistungsstarke Tools, die auf Ihre\nBed\u00fcrfnisse zugeschnitten sind und Ihre\nL\u00f6sungen erweitern<\/div>\n<\/div>\n\n<div class=\"col-md-4\">\n<div class=\"gl_space_top20\"><\/div>\n<div><a href=\"https:\/\/www.enaikoon.com\/de\/software-de\/plugins\/staff-tracker\/\" title=\"ENAiKOON staff-tracker\"><img decoding=\"async\" src=\"https:\/\/www.enaikoon.com\/wp-content\/uploads\/2016\/07\/1a3ade9ec9.png\" alt=\"\" border=\"0\" align=\"left\"><\/a><\/div>\n<div class=\"gl_space_left-pad50\">\n<div class=\"gl_h4big\"><a href=\"https:\/\/www.enaikoon.com\/de\/software-de\/plugins\/staff-tracker\/\">ENAiKOON staff-tracker<\/a><\/div>\n<div class=\"gl_space_right20\">Optimales Mitarbeiter-Management durch eindeutige Identifikation, Arbeitzeiterfassung und Zutrittskontrolle<\/div>\n<\/div>\n<div class=\"gl_space_top20\"><\/div>\n<div><a href=\"https:\/\/www.enaikoon.com\/de\/software-de\/plugins\/fuel-tracker\/\" title=\"ENAiKOON fuel-tracker\"><img decoding=\"async\" src=\"https:\/\/www.enaikoon.com\/wp-content\/uploads\/2016\/07\/dd0eb3c958.jpg\" alt=\"\" border=\"0\" align=\"left\"><\/a><\/div>\n<div class=\"gl_space_left-pad50\">\n<div class=\"gl_h4big\"><a href=\"https:\/\/www.enaikoon.com\/de\/software-de\/plugins\/fuel-tracker\/\">ENAiKOON fuel-tracker<\/a><\/div>\n<div>Senkt die Kosten durch die Verhinderung von Kraftstoffdiebstahl<\/div>\n<\/div>\n<div class=\"gl_space_top20\"><\/div>\n<div><a href=\"https:\/\/www.enaikoon.com\/de\/software-de\/plugins\/can-66\/\" title=\"ENAiKOON can-66\"><img decoding=\"async\" src=\"https:\/\/www.enaikoon.com\/wp-content\/uploads\/2016\/07\/67fa57eeaf.jpg\" alt=\"\" border=\"0\" align=\"left\"><\/a><\/div>\n<div class=\"gl_space_left-pad50\">\n<div class=\"gl_h4big\"><a href=\"https:\/\/www.enaikoon.com\/de\/software-de\/plugins\/can-66\/\">ENAiKOON can-66<\/a><\/div>\n<div class=\"gl_space_right5\">Wertet Fahrer- und Fahrzeugdaten aus zur effektiven Kostensenkung bei Treibstoff und Verschlei\u00df<\/div>\n<\/div>\n<\/div>\n\n<div class=\"col-md-4\">\n<div class=\"gl_space_top20\"><\/div>\n<div><a href=\"https:\/\/www.enaikoon.com\/de\/software-de\/plugins\/limit-checker\/\" title=\"ENAiKOON limit-checker\"><img decoding=\"async\" src=\"https:\/\/www.enaikoon.com\/wp-content\/uploads\/2016\/07\/b506cb6b43.jpg\" alt=\"\" border=\"0\" align=\"left\"><\/a><\/div>\n<div class=\"gl_space_left-pad50\">\n<div class=\"gl_h4big\"><a href=\"https:\/\/www.enaikoon.com\/de\/software-de\/plugins\/limit-checker\/\">ENAiKOON limit-checker<\/a><\/div>\n<div>Optimieren Sie Ihr Prozess-Management durch automatische Alarmierung von Terminen und Fristen<\/div>\n<\/div>\n<div class=\"gl_space_top20\"><\/div>\n<div><a href=\"https:\/\/www.enaikoon.com\/de\/software-de\/plugins\/messenger\/\" title=\"ENAiKOON messenger\"><img decoding=\"async\" src=\"https:\/\/www.enaikoon.com\/wp-content\/uploads\/2016\/07\/7195d18a3c.jpg\" alt=\"\" border=\"0\" align=\"left\"><\/a><\/div>\n<div class=\"gl_space_left-pad50\">\n<div class=\"gl_h4big\"><a href=\"https:\/\/www.enaikoon.com\/de\/software-de\/plugins\/messenger\/\">ENAiKOON messenger<\/a><\/div>\n<div>Verbessert die Kommunikation zwischen Zentrale und externen Mitarbeitern und verringert die Kosten durch schriftliche nachvollziehbare Nachrichten\u00fcbertragung<\/div>\n<\/div>\n<\/div>\n\n<div class=\"col-md-4\">\n<div class=\"gl_space_top20\"><\/div>\n<div><a href=\"https:\/\/www.enaikoon.com\/de\/software-de\/plugins\/temp-checker\/\" title=\"ENAiKOON temp-checker\"><img decoding=\"async\" src=\"https:\/\/www.enaikoon.com\/wp-content\/uploads\/2016\/07\/7b5f6ed7b9.png\" alt=\"\" border=\"0\" align=\"left\"><\/a><\/div>\n<div class=\"gl_space_left-pad50\">\n<div class=\"gl_h4big\"><a href=\"https:\/\/www.enaikoon.com\/de\/software-de\/plugins\/temp-checker\/\">ENAiKOON temp-checker<\/a><\/div>\n<div class=\"gl_space_right20\">Auswertung der gemessenen Temperatur-Daten mit Alarmierung bei \u00dcber- oder Unterschreitung von Schwellwerten<\/div>\n<\/div>\n<div class=\"gl_space_top20\"><\/div>\n<div><a href=\"https:\/\/www.enaikoon.com\/de\/software-de\/plugins\/tour-checker\/\" title=\"ENAiKOON tour-checker\"><img decoding=\"async\" src=\"https:\/\/www.enaikoon.com\/wp-content\/uploads\/2016\/07\/da01c3816c.jpg\" alt=\"\" border=\"0\" align=\"left\"><\/a><\/div>\n<div class=\"gl_space_left-pad50\">\n<div class=\"gl_h4big\"><a href=\"https:\/\/www.enaikoon.com\/de\/software-de\/plugins\/tour-checker\/\">ENAiKOON tour-checker<\/a><\/div>\n<div>Steigern Sie Ihre Produktivit\u00e4t durch die Erstellung und Aktualisierung Ihrer Routen- und Tourenplanung<\/div>\n<\/div>\n<div class=\"gl_space_top20\"><\/div>\n<div><a class=\"gl_button_blue\" href=\"https:\/\/www.enaikoon.com\/de\/software-de\/plugins\/staff-tracker\/\">Erweitern Sie inViu pro<\/a><\/div>\n<\/div>\n\n<\/div>\n<div class=\"gl_space_pagebottom\">&nbsp;<\/div>\n<\/div>","protected":false},"excerpt":{"rendered":"","protected":false},"author":7,"featured_media":0,"parent":3758,"menu_order":0,"comment_status":"closed","ping_status":"closed","template":"","meta":{"footnotes":""},"acf":[],"_links":{"self":[{"href":"https:\/\/www.enaikoon.com\/de\/wp-json\/wp\/v2\/pages\/3776"}],"collection":[{"href":"https:\/\/www.enaikoon.com\/de\/wp-json\/wp\/v2\/pages"}],"about":[{"href":"https:\/\/www.enaikoon.com\/de\/wp-json\/wp\/v2\/types\/page"}],"author":[{"embeddable":true,"href":"https:\/\/www.enaikoon.com\/de\/wp-json\/wp\/v2\/users\/7"}],"replies":[{"embeddable":true,"href":"https:\/\/www.enaikoon.com\/de\/wp-json\/wp\/v2\/comments?post=3776"}],"version-history":[{"count":21,"href":"https:\/\/www.enaikoon.com\/de\/wp-json\/wp\/v2\/pages\/3776\/revisions"}],"predecessor-version":[{"id":17465,"href":"https:\/\/www.enaikoon.com\/de\/wp-json\/wp\/v2\/pages\/3776\/revisions\/17465"}],"up":[{"embeddable":true,"href":"https:\/\/www.enaikoon.com\/de\/wp-json\/wp\/v2\/pages\/3758"}],"wp:attachment":[{"href":"https:\/\/www.enaikoon.com\/de\/wp-json\/wp\/v2\/media?parent=3776"}],"curies":[{"name":"wp","href":"https:\/\/api.w.org\/{rel}","templated":true}]}}