{"id":3772,"date":"2016-07-18T04:26:49","date_gmt":"2016-07-18T04:26:49","guid":{"rendered":"https:\/\/www.enaikoon.com\/?page_id=3772"},"modified":"2023-11-18T14:24:15","modified_gmt":"2023-11-18T14:24:15","slug":"locate-04","status":"publish","type":"page","link":"https:\/\/www.enaikoon.com\/de\/geraete\/locate-serie\/locate-04\/","title":{"rendered":"locate-04"},"content":{"rendered":"<div class=\"gl_slide_scroll_box\">\n<div class=\"gl_scroll_box\">\n<ul>\n \t<li><a class=\"gl_scroll_link_title\" title=\"locate-02\" href=\"https:\/\/www.enaikoon.com\/de\/geraete\/locate-serie\/locate-02\/\">locate-02<\/a>\n<a title=\"locate-02\" href=\"https:\/\/www.enaikoon.com\/de\/geraete\/locate-serie\/locate-02\/\"><img decoding=\"async\" class=\"gl_scroll_link_img\" title=\"locate-02\" src=\"https:\/\/www.enaikoon.com\/wp-content\/uploads\/2023\/11\/Locate_L02_nov23.png\" alt=\"\" border=\"0\" \/><\/a><\/li>\n \t<li><a class=\"gl_scroll_link_title\" title=\"locate-04\" href=\"https:\/\/www.enaikoon.com\/de\/geraete\/locate-serie\/locate-04\/\">locate-04<\/a>\n<a title=\"locate-04\" href=\"https:\/\/www.enaikoon.com\/de\/geraete\/locate-serie\/locate-04\/\"><img decoding=\"async\" class=\"gl_scroll_link_img_active\" src=\"https:\/\/www.enaikoon.com\/wp-content\/uploads\/2016\/07\/locate4.png\" alt=\"\" border=\"0\" \/><\/a><\/li>\n \t<li><a class=\"gl_scroll_link_title\" title=\"locate-06\" href=\"https:\/\/www.enaikoon.com\/de\/geraete\/locate-serie\/locate-06\/\">locate-06<\/a>\n<a title=\"locate-06\" href=\"https:\/\/www.enaikoon.com\/de\/geraete\/locate-serie\/locate-06\/\"><img decoding=\"async\" class=\"gl_scroll_link_img\" src=\"https:\/\/www.enaikoon.com\/wp-content\/uploads\/2016\/07\/locate6.png\" alt=\"\" border=\"0\" \/><\/a><\/li>\n \t<li><a class=\"gl_scroll_link_title\" title=\"locate-15\" href=\"https:\/\/www.enaikoon.com\/de\/geraete\/locate-serie\/locate-15\/\">locate-15<\/a>\n<a title=\"locate-15\" href=\"https:\/\/www.enaikoon.com\/de\/geraete\/locate-serie\/locate-15\/\"><img decoding=\"async\" class=\"gl_scroll_link_img\" src=\"https:\/\/www.enaikoon.com\/wp-content\/uploads\/2016\/07\/locate15.png\" alt=\"\" border=\"0\" \/><\/a><\/li>\n \t<li><a class=\"gl_scroll_link_title\" title=\"locate-17\" href=\"https:\/\/www.enaikoon.com\/de\/geraete\/locate-serie\/locate-17\/\">locate-17<\/a>\n<a title=\"locate-17\" href=\"https:\/\/www.enaikoon.com\/de\/geraete\/locate-serie\/locate-17\/\"><img decoding=\"async\" class=\"gl_scroll_link_img\" src=\"https:\/\/www.enaikoon.com\/wp-content\/uploads\/2016\/07\/locate17.png\" alt=\"\" border=\"0\" \/><\/a><\/li>\n \t<li><a class=\"gl_scroll_link_title\" title=\"locate-19\" href=\"https:\/\/www.enaikoon.com\/de\/geraete\/locate-serie\/locate-19\/\">locate-19<\/a>\n<a title=\"locate-19\" href=\"https:\/\/www.enaikoon.com\/de\/geraete\/locate-serie\/locate-19\/\"><img decoding=\"async\" class=\"gl_scroll_link_img\" src=\"https:\/\/www.enaikoon.com\/wp-content\/uploads\/2016\/07\/locate19.png\" alt=\"\" border=\"0\" \/><\/a><\/li>\n \t<li><a class=\"gl_scroll_link_title\" title=\"locate-20\" href=\"https:\/\/www.enaikoon.com\/de\/geraete\/locate-serie\/locate-20\/\">locate-20<\/a>\n<a title=\"locate-20\" href=\"https:\/\/www.enaikoon.com\/de\/geraete\/locate-serie\/locate-20\/\"><img decoding=\"async\" class=\"gl_scroll_link_img\" src=\"https:\/\/www.enaikoon.com\/wp-content\/uploads\/2021\/06\/l-20.jpg\" alt=\"\" border=\"0\" \/><\/a><\/li>\n<\/ul>\n<\/div>\n<\/div>\n<div class=\"row\">\n<div class=\"gl_border-page\">\n\n<div class=\"col-md-4\">\n<h2>ENAiKOON\nlocate-04<\/h2>\n<div class=\"clearfix\"><a rel=\"nofollow\" href=\"https:\/\/www.enaikoon.com\/wp-content\/uploads\/2016\/07\/ENAiKOON_locate-04_368x300_inactive_01.png\"><img decoding=\"async\" class=\"gl_space_bottom10\" title=\"ENAiKOON locate-04\" src=\"https:\/\/www.enaikoon.com\/wp-content\/uploads\/2016\/07\/f9f4007ca4.png\" alt=\"\" align=\"left\" border=\"0\" \/><\/a><\/div>\n<div class=\"gl_h5-italic\">Pr\u00e4zise Spuraufzeichnung, Fernabschaltung, \u00dcberwachung. <strong>ENAiKOON locate-04<\/strong> ist das Lieblingsprodukt unserer Kunden, wenn es um GPS-Ortung geht. Sie wurde mit dem Ziel entwickelt, kosteneffektiv die Basisdaten von Trackables zu erfassen und zu \u00fcbertragen. Von jedem Fahrzeug k\u00f6nnen Informationen gesammelt werden wie Fahrerverhalten, Geschwindigkeit und Routenabweichungen.<\/div>\n<div>&nbsp;<\/div>\n<div class=\"gl_h4big\">Anwendungen<\/div>\n<div>Transport und Logistik, Vertrieb \/ Au\u00dfendienst, Serviceflotten, Baumaschinen, Landmaschinen, Einsatzfahrzeuge wie Krankenwagen, Feuerwehr<\/div>\n<div>&nbsp;<\/div>\n<div class=\"gl_h4big\">Produkterweiterungen<\/div>\n<div><a rel=\"nofollow\" href=\"https:\/\/www.enaikoon.com\/wp-content\/uploads\/2016\/07\/Locate_L04waterproof_368x300_inactive.png\"><img decoding=\"async\" class=\"gl_space_right10top5\" title=\"ENAiKOON locate-04 mit wasserfestem Geh\u00e4use\" src=\"https:\/\/www.enaikoon.com\/wp-content\/uploads\/2016\/07\/068eb14f8b.png\" alt=\"\" align=\"left\" border=\"0\" \/><\/a><\/div>\n<div><strong>ENAiKOON locate-04<\/strong>\nmit wasserfestem Geh\u00e4use<\/div>\n<\/div>\n\n<div class=\"col-md-4\">\n<div class=\"gl_h4big\">Hauptfunktionen<\/div>\n<ul class=\"gl_space_ul2\" type=\"square\">\n \t<li class=\"gl_space_li\">\u00dcbertragung von GPS-Positionen, Fahrtrichtung und Geschwindigkeit<\/li>\n \t<li class=\"gl_space_li\">Personenbezogene Erfassung von Arbeitszeiten sowie deren automatische Zuordnung zu Kunden \/ Baustellen<\/li>\n \t<li class=\"gl_space_li\">Optimales Flotten-Management:\ndie Funktionsvielfalt und umfangreiche Kontrollm\u00f6glichkeit der Trackables bietet hohes Potential zur Kosteneinsparung<\/li>\n<\/ul>\n<div>&nbsp;<\/div>\n<div class=\"gl_h4big\">Technische Details<\/div>\n<div class=\"gl_ul_style3\">\n<ul>\n \t<li>Gr\u00f6\u00dfe: 80 x 67 x 20 mm<\/li>\n \t<li>Gewicht: 145 g<\/li>\n \t<li>2 digitale Eing\u00e4nge (z.B. f\u00fcr Z\u00fcndung, Betriebsstunden etc.)<\/li>\n \t<li>1 digitaler Ausgang\n(mit 200 mA\/h)<\/li>\n \t<li>Beschleunigungssensor f\u00fcr stromsparenden Betrieb<\/li>\n \t<li>1-Wire Anschluss f\u00fcr driver-id<\/li>\n \t<li>Serielle Schnittstelle<\/li>\n \t<li>65 Kanal GPS Empf\u00e4nger<\/li>\n \t<li>Quadband GSM-Modul<\/li>\n \t<li>Notfallakku 560 mA\/h<\/li>\n \t<li>E-4 Zulassung<\/li>\n \t<li>Spannungsversorgung 8 V bis 32 V<\/li>\n \t<li>Made in Germany<\/li>\n<\/ul>\n<\/div>\n<\/div>\n\n<div class=\"col-md-4\">\n<div class=\"gl_h4big\">Kombinationsm\u00f6glichkeiten<\/div>\n<div>ENAiKOON locate-04 + <a href=\"https:\/\/www.enaikoon.com\/de\/software-de\/inviu-web\/\">inViu web<\/a> = exakte GPS-Ortung, Diebstahlpr\u00e4vention und Sicherheit.<\/div>\n<div>&nbsp;<\/div>\n<div>ENAiKOON locate-04 + <a href=\"https:\/\/www.enaikoon.com\/de\/geraete\/zubehoer\/driver-id\/\">ENAiKOON driver-id<\/a> + <a href=\"https:\/\/www.enaikoon.com\/de\/software-de\/plugins\/staff-tracker\/\">ENAiKOON staff-tracker<\/a> + <a href=\"https:\/\/www.enaikoon.com\/de\/software-de\/inviu-pro\/\">inViu pro<\/a> = exakte GPS Positionen und Spuren: Berichte wie Arbeits- und Pausenzeiten sowie Landkartenanzeige der Aktivit\u00e4ten von Fahrzeugen und Mitarbeitern sparen Zeit und Kosten.<\/div>\n<div>&nbsp;<\/div>\n<div>ENAiKOON locate-04 + <a title=\"ENAiKOON ultrasonic fuel level sensor\" href=\"https:\/\/www.enaikoon.com\/de\/geraete\/zubehoer\/fuel-level-sensor\/\">ENAiKOON ultrasonic fuel level sensor<\/a> \/ <a title=\"ENAiKOON capacitive sensor\" href=\"https:\/\/www.enaikoon.com\/de\/geraete\/zubehoer\/capacitive-sensor\/\">ENAiKOON capacitive sensor<\/a> + <a href=\"https:\/\/www.enaikoon.com\/de\/software\/plugins\/fuel-tracker\/\">ENAiKOON fuel-tracker<\/a> + <a href=\"https:\/\/www.enaikoon.com\/de\/software-de\/inviu-pro\/\">inViu pro<\/a> = Live-\u00dcberwachung des Tankinhalts von Fahrzeugen und Maschinen und Schutz vor Treibstoffdiebstahl.<\/div>\n<div>&nbsp;<\/div>\n<div>+ <a href=\"https:\/\/www.enaikoon.com\/de\/geraete\/inmarsat-serie-de\/inmarsat-600\/\">ENAiKOON inmarsat-600<\/a> = Ortung, Fernsteuerung und Fern\u00fcberwachung auch au\u00dferhalb der von Mobilfunk versorgten Gebiete, z.B. Ozeane, Regenwald, W\u00fcste, Arktis&#8230;<\/div>\n<div>&nbsp;<\/div>\n<div class=\"gl_h4big\">Zubeh\u00f6r<\/div>\n<ul class=\"gl_space_ul2\" type=\"square\">\n \t<li class=\"gl_space_li\">ENAiKOON driver-id<\/li>\n \t<li class=\"gl_space_li\">ENAiKOON antenna<\/li>\n<\/ul>\n<div>&nbsp;<\/div>\n<div class=\"gl_h4big\">Handy-Software<\/div>\n<ul class=\"gl_space_ul2\" type=\"square\">\n \t<li class=\"gl_space_li\"><a href=\"https:\/\/www.enaikoon.com\/de\/apps\/plugins\/routes\/\">inViu routes<\/a>\nAnzeige der Positionen aller Trackables auf einem Android-Handy, \u00dcbertragung der aktuellen Position des Handys zu <a href=\"https:\/\/www.enaikoon.com\/de\/software-de\/inviu-web\/\">inViu web<\/a> oder <a href=\"https:\/\/www.enaikoon.com\/de\/software-de\/inviu-pro\/\">inViu pro<\/a><\/li>\n \t<li class=\"gl_space_li\"><a href=\"https:\/\/www.enaikoon.com\/de\/apps\/plugins\/nfc-tracker\/\">inViu NFC-tracker<\/a>\nArbeitszeiterfassung mittels Android-Handy und ENAiKOON staff-tracker<\/li>\n<\/ul>\n<div><a class=\"gl_button_grey\" href=\"https:\/\/www.enaikoon.com\/fileadmin\/enaikoon\/Dateien\/pdf\/Datenblatt\/locate-04\/deutsch\/ENAiKOON_locate-04_Datenblatt.pdf\" target=\"_blank\" rel=\"nofollow\" noreferrer\">Datenblatt herunterladen<\/a><\/div>\n<div><a class=\"gl_button_blue\" href=\"https:\/\/www.enaikoon.com\/de\/kontakt\/kontakt\/\">Sprechen Sie uns an<\/a><\/div>\n<div><a class=\"gl_button_grey\" href=\"https:\/\/www.enaikoon.com\/fileadmin\/enaikoon\/Dateien\/pdf\/Einbauanleitung\/locate-04\/deutsch\/Einbauanleitung_ENAiKOON_locate-04_Dauerstrom.pdf\" target=\"_blank\" rel=\"nofollow\" noreferrer\">locate-04 an Dauerstrom<\/a><\/div>\n<\/div>\n<div class=\"gl_row_space\"><\/div>\n<\/div>\n<\/div>","protected":false},"excerpt":{"rendered":"<p> [&hellip;]<\/p>\n","protected":false},"author":7,"featured_media":0,"parent":3768,"menu_order":0,"comment_status":"closed","ping_status":"closed","template":"","meta":{"footnotes":""},"acf":[],"_links":{"self":[{"href":"https:\/\/www.enaikoon.com\/de\/wp-json\/wp\/v2\/pages\/3772"}],"collection":[{"href":"https:\/\/www.enaikoon.com\/de\/wp-json\/wp\/v2\/pages"}],"about":[{"href":"https:\/\/www.enaikoon.com\/de\/wp-json\/wp\/v2\/types\/page"}],"author":[{"embeddable":true,"href":"https:\/\/www.enaikoon.com\/de\/wp-json\/wp\/v2\/users\/7"}],"replies":[{"embeddable":true,"href":"https:\/\/www.enaikoon.com\/de\/wp-json\/wp\/v2\/comments?post=3772"}],"version-history":[{"count":24,"href":"https:\/\/www.enaikoon.com\/de\/wp-json\/wp\/v2\/pages\/3772\/revisions"}],"predecessor-version":[{"id":18940,"href":"https:\/\/www.enaikoon.com\/de\/wp-json\/wp\/v2\/pages\/3772\/revisions\/18940"}],"up":[{"embeddable":true,"href":"https:\/\/www.enaikoon.com\/de\/wp-json\/wp\/v2\/pages\/3768"}],"wp:attachment":[{"href":"https:\/\/www.enaikoon.com\/de\/wp-json\/wp\/v2\/media?parent=3772"}],"curies":[{"name":"wp","href":"https:\/\/api.w.org\/{rel}","templated":true}]}}