{"id":3770,"date":"2016-07-18T04:26:13","date_gmt":"2016-07-18T04:26:13","guid":{"rendered":"https:\/\/www.enaikoon.com\/?page_id=3770"},"modified":"2024-07-10T15:07:59","modified_gmt":"2024-07-10T15:07:59","slug":"locate-02","status":"publish","type":"page","link":"https:\/\/www.enaikoon.com\/de\/geraete\/locate-serie\/locate-02\/","title":{"rendered":"locate-02"},"content":{"rendered":"<div class=\"gl_slide_scroll_box\">\n<div class=\"gl_scroll_box\">\n<ul>\n \t<li><a class=\"gl_scroll_link_title\" title=\"locate-02\" href=\"https:\/\/www.enaikoon.com\/de\/geraete\/locate-serie\/locate-02\/\">locate-02<\/a>\n<a title=\"locate-02\" href=\"https:\/\/www.enaikoon.com\/de\/geraete\/locate-serie\/locate-02\/\"> <img decoding=\"async\" class=\"gl_scroll_link_img_active\" title=\"locate-03\" src=\"https:\/\/www.enaikoon.com\/wp-content\/uploads\/2023\/11\/Locate_L02_nov23.png\" alt=\"\" border=\"0\" \/> <\/a><\/li>\n \t<li><a class=\"gl_scroll_link_title\" title=\"locate-04\" href=\"https:\/\/www.enaikoon.com\/de\/geraete\/locate-serie\/locate-04\/\">locate-04<\/a>\n<a title=\"locate-04\" href=\"https:\/\/www.enaikoon.com\/de\/geraete\/locate-serie\/locate-04\/\"> <img decoding=\"async\" class=\"gl_scroll_link_img\" src=\"https:\/\/www.enaikoon.com\/wp-content\/uploads\/2016\/07\/locate4.png\" alt=\"\" border=\"0\" \/> <\/a><\/li>\n \t<li><a class=\"gl_scroll_link_title\" title=\"locate-06\" href=\"https:\/\/www.enaikoon.com\/de\/geraete\/locate-serie\/locate-06\/\">locate-06<\/a>\n<a title=\"locate-06\" href=\"https:\/\/www.enaikoon.com\/de\/geraete\/locate-serie\/locate-06\/\"> <img decoding=\"async\" class=\"gl_scroll_link_img\" src=\"https:\/\/www.enaikoon.com\/wp-content\/uploads\/2016\/07\/locate6.png\" alt=\"\" border=\"0\" \/> <\/a><\/li>\n \t<li><a class=\"gl_scroll_link_title\" title=\"locate-15\" href=\"https:\/\/www.enaikoon.com\/de\/geraete\/locate-serie\/locate-15\/\">locate-15<\/a>\n<a title=\"locate-15\" href=\"https:\/\/www.enaikoon.com\/de\/geraete\/locate-serie\/locate-15\/\"> <img decoding=\"async\" class=\"gl_scroll_link_img\" src=\"https:\/\/www.enaikoon.com\/wp-content\/uploads\/2016\/07\/locate15.png\" alt=\"\" border=\"0\" \/> <\/a><\/li>\n \t<li><a class=\"gl_scroll_link_title\" title=\"locate-17\" href=\"https:\/\/www.enaikoon.com\/de\/geraete\/locate-serie\/locate-17\/\">locate-17<\/a>\n<a title=\"locate-17\" href=\"https:\/\/www.enaikoon.com\/de\/geraete\/locate-serie\/locate-17\/\"> <img decoding=\"async\" class=\"gl_scroll_link_img\" src=\"https:\/\/www.enaikoon.com\/wp-content\/uploads\/2016\/07\/locate17.png\" alt=\"\" border=\"0\" \/> <\/a><\/li>\n \t<li><a class=\"gl_scroll_link_title\" title=\"locate-19\" href=\"https:\/\/www.enaikoon.com\/de\/geraete\/locate-serie\/locate-19\/\">locate-19<\/a>\n<a title=\"locate-19\" href=\"https:\/\/www.enaikoon.com\/de\/geraete\/locate-serie\/locate-19\/\"> <img decoding=\"async\" class=\"gl_scroll_link_img\" src=\"https:\/\/www.enaikoon.com\/wp-content\/uploads\/2016\/07\/locate19.png\" alt=\"\" border=\"0\" \/> <\/a><\/li>\n \t<li><a class=\"gl_scroll_link_title\" title=\"locate-20\" href=\"https:\/\/www.enaikoon.com\/de\/geraete\/locate-serie\/locate-20\/\">locate-20<\/a>\n<a title=\"locate-20\" href=\"https:\/\/www.enaikoon.com\/de\/geraete\/locate-serie\/locate-20\/\"> <img decoding=\"async\" class=\"gl_scroll_link_img\" src=\"https:\/\/www.enaikoon.com\/wp-content\/uploads\/2021\/06\/l-20.jpg\" alt=\"\" border=\"0\" \/> <\/a><\/li>\n<\/ul>\n<\/div>\n<\/div>\n<div class=\"row\">\n<div class=\"gl_border-page\">\n\n<div class=\"col-md-4\">\n<h2>ENAiKOON\nlocate-02<\/h2>\n<div class=\"clearfix\"><a rel=\"nofollow\" href=\"https:\/\/www.enaikoon.com\/wp-content\/uploads\/2023\/11\/L02_184x150_A.png\"> <img decoding=\"async\" class=\"gl_space_bottom10\" title=\"ENAiKOON locate-02\" src=\"https:\/\/www.enaikoon.com\/wp-content\/uploads\/2023\/11\/L02_184x150_A.png\" alt=\"\" align=\"left\" border=\"0\" \/> <\/a><\/div>\n<div class=\"gl_h5-italic\">Die <strong>ENAiKOON locate-02<\/strong> wurde mit dem Ziel entwickelt, zum niedrigst m\u00f6glichen Preis die Basisdaten von Baumaschinen, Trailern u.a. mobilen Objekten zu erfassen und zu \u00fcbertragen. Die integrierten Antennen sorgen f\u00fcr einen minimalen Einbau-Aufwand. Das Ger\u00e4t sendet \u00fcber die LTE Mobilfunkfrequenzen und nutzt alle verf\u00fcgbaren GNSS (GPS, GLONASS, GALILEO, BEIDOU, DGPS, AGPS) Satellitensysteme..<\/div>\n<div><\/div>\n<div class=\"gl_h4big\">Anwendungen<\/div>\n<div>Baumaschinen, Trailer, Branchen mit h\u00e4ufig wechselnden Maschinen wie z.B. Maschinenvermieter<\/div>\n<\/div>\n\n<div class=\"col-md-4\">\n<div class=\"gl_h4big\">Hauptfunktionen<\/div>\n<ul class=\"gl_space_ul2\" type=\"square\">\n \t<li class=\"gl_space_li\">Erfassung der aktuellen GPS-Position von Fahrzeugen, Baumaschinen und anderen mobilen Objekten<\/li>\n \t<li class=\"gl_space_li\">\u00dcbertragung von Routen mit Z\u00fcndungsignalen<\/li>\n \t<li class=\"gl_space_li\">\u00dcbertragung von Betriebsstunden<\/li>\n \t<li class=\"gl_space_li\">Automatische Zuordnung von Betriebsdauer, Aufenthaltszeiten zu Kunden, Baustellen usw.<\/li>\n<\/ul>\n<div><\/div>\n<div class=\"gl_h4big\">Technische Details<\/div>\n<div class=\"gl_ul_style3\">\n<ul>\n \t<li>GNSS (GPS, GLONASS, GALILEO, BEIDOU, DGPS, AGPS) mit besonders empfindlicher Antenne<\/li>\n \t<li>LTE \/ GSM<\/li>\n \t<li>Gr\u00f6\u00dfe: 79 x 43 x 12 mm<\/li>\n \t<li>Gewicht: 54 g<\/li>\n \t<li>Integrierte hochempfindliche GNNS und GSM-Antenne<\/li>\n \t<li>Interner Akku: 170 mA\/h<\/li>\n \t<li>Betriebstemperatur:\n-40 \u00baC bis +85 \u00baC<\/li>\n \t<li>1 digitaler Eingang zur Z\u00fcndungserkennung, 1 digitaler Ausgang, 1 analoger Eingang<\/li>\n \t<li>Stromversorgung 12\/24V unter Verwendung einer KFZ-Sicherung 3 A, 125 V<\/li>\n<\/ul>\n<\/div>\n<\/div>\n\n<div class=\"col-md-4\">\n<div class=\"gl_h4big\">Kombinationsm\u00f6glichkeiten<\/div>\n<div>ENAiKOON locate-02 + <a href=\"https:\/\/www.enaikoon.com\/de\/software-de\/\">ENAiKOON inViu<\/a> + <a href=\"https:\/\/www.enaikoon.com\/de\/software-de\/plugins\/limit-checker\/\">ENAiKOON limit-checker<\/a> = umfangreiche Kontrollm\u00f6glichkeiten von Fahrzeugen und Maschinen mit hohem Potential zur Einsparung von Kosten und zur Verbesserung der betrieblichen Abl\u00e4ufe.<\/div>\n<div><\/div>\n<div><a class=\"gl_button_blue\" href=\"https:\/\/www.enaikoon.com\/de\/kontakt\/\">Sprechen Sie uns an<\/a><\/div>\n<div><a class=\"gl_button_grey\" href=\"https:\/\/www.enaikoon.com\/fileadmin\/enaikoon\/Dateien\/pdf\/Datenblatt\/locate-02\/deutsch\/ENAiKOON_locate-02_Datenblatt.pdf\" target=\"_blank\" rel=\"nofollow\" noreferrer\">Datenblatt herunterladen<\/a><\/div>\n<div><a class=\"gl_button_grey\" href=\"https:\/\/www.enaikoon.com\/fileadmin\/enaikoon\/Dateien\/pdf\/Einbauanleitung\/locate-02\/deutsch\/Einbauanleitung_ENAiKOON_locate-02.pdf\" target=\"_blank\" rel=\"nofollow\" noreferrer\">locate-02 an Dauerstrom<\/a><\/div>\n<\/div>\n<div class=\"gl_row_space\"><\/div>\n<\/div>\n<\/div>","protected":false},"excerpt":{"rendered":"<p> [&hellip;]<\/p>\n","protected":false},"author":7,"featured_media":0,"parent":3768,"menu_order":0,"comment_status":"closed","ping_status":"closed","template":"","meta":{"footnotes":""},"acf":[],"_links":{"self":[{"href":"https:\/\/www.enaikoon.com\/de\/wp-json\/wp\/v2\/pages\/3770"}],"collection":[{"href":"https:\/\/www.enaikoon.com\/de\/wp-json\/wp\/v2\/pages"}],"about":[{"href":"https:\/\/www.enaikoon.com\/de\/wp-json\/wp\/v2\/types\/page"}],"author":[{"embeddable":true,"href":"https:\/\/www.enaikoon.com\/de\/wp-json\/wp\/v2\/users\/7"}],"replies":[{"embeddable":true,"href":"https:\/\/www.enaikoon.com\/de\/wp-json\/wp\/v2\/comments?post=3770"}],"version-history":[{"count":32,"href":"https:\/\/www.enaikoon.com\/de\/wp-json\/wp\/v2\/pages\/3770\/revisions"}],"predecessor-version":[{"id":19166,"href":"https:\/\/www.enaikoon.com\/de\/wp-json\/wp\/v2\/pages\/3770\/revisions\/19166"}],"up":[{"embeddable":true,"href":"https:\/\/www.enaikoon.com\/de\/wp-json\/wp\/v2\/pages\/3768"}],"wp:attachment":[{"href":"https:\/\/www.enaikoon.com\/de\/wp-json\/wp\/v2\/media?parent=3770"}],"curies":[{"name":"wp","href":"https:\/\/api.w.org\/{rel}","templated":true}]}}