{"id":3766,"date":"2016-07-18T04:23:53","date_gmt":"2016-07-18T04:23:53","guid":{"rendered":"https:\/\/www.enaikoon.com\/?page_id=3766"},"modified":"2023-11-26T08:20:52","modified_gmt":"2023-11-26T08:20:52","slug":"geraete","status":"publish","type":"page","link":"https:\/\/www.enaikoon.com\/de\/geraete\/","title":{"rendered":"Ger\u00e4te"},"content":{"rendered":"\n\t\t\t<!-- START devices_de REVOLUTION SLIDER 6.6.16 --><p class=\"rs-p-wp-fix\"><\/p>\n\t\t\t<rs-module-wrap id=\"rev_slider_32_1_wrapper\" data-source=\"gallery\" style=\"visibility:hidden;background:transparent;padding:0;margin:0px auto;margin-top:0;margin-bottom:0;\">\n\t\t\t\t<rs-module id=\"rev_slider_32_1\" style=\"\" data-version=\"6.6.16\">\n\t\t\t\t\t<rs-slides style=\"overflow: hidden; position: absolute;\">\n\t\t\t\t\t\t<rs-slide style=\"position: absolute;\" data-key=\"rs-49\" data-title=\"device1\" data-thumb=\"\/\/www.enaikoon.com\/wp-content\/uploads\/2016\/07\/2fec6fb0ea.jpg\" data-link=\"\/de\/geraete\/locate-serie\/locate-03\/\" data-tag=\"l\" data-target=\"_self\" data-seoz=\"front\" data-anim=\"adpr:false;\">\n\t\t\t\t\t\t\t<img src=\"\/\/www.enaikoon.com\/wp-content\/plugins\/revslider\/public\/assets\/assets\/dummy.png\" alt=\"\" title=\"Ger\u00e4te\" class=\"rev-slidebg tp-rs-img rs-lazyload\" data-lazyload=\"\/\/www.enaikoon.com\/wp-content\/uploads\/2016\/07\/2fec6fb0ea.jpg\" data-no-retina>\n<!--\n\t\t\t\t\t\t\t--><rs-layer\n\t\t\t\t\t\t\t\tid=\"slider-32-slide-49-layer-1\" \n\t\t\t\t\t\t\t\tdata-type=\"image\"\n\t\t\t\t\t\t\t\tdata-rsp_ch=\"on\"\n\t\t\t\t\t\t\t\tdata-text=\"l:22;\"\n\t\t\t\t\t\t\t\tdata-dim=\"w:998;h:300;\"\n\t\t\t\t\t\t\t\tdata-frame_0=\"tp:600;\"\n\t\t\t\t\t\t\t\tdata-frame_1=\"tp:600;e:power2.inOut;st:500;\"\n\t\t\t\t\t\t\t\tdata-frame_999=\"o:0;tp:600;e:nothing;st:w;\"\n\t\t\t\t\t\t\t\tstyle=\"z-index:5;\"\n\t\t\t\t\t\t\t><img src=\"\/\/www.enaikoon.com\/wp-content\/plugins\/revslider\/public\/assets\/assets\/dummy.png\" alt=\"\" class=\"tp-rs-img rs-lazyload\" data-lazyload=\"\/wp-content\/uploads\/2016\/07\/2fec6fb0ea.jpg\" data-no-retina> \n\t\t\t\t\t\t\t<\/rs-layer><!--\n\n\t\t\t\t\t\t\t--><rs-layer\n\t\t\t\t\t\t\t\tid=\"slider-32-slide-49-layer-2\" \n\t\t\t\t\t\t\t\tclass=\"big-white-text\"\n\t\t\t\t\t\t\t\tdata-type=\"text\"\n\t\t\t\t\t\t\t\tdata-color=\"rgba(255,255,255,1)\"\n\t\t\t\t\t\t\t\tdata-rsp_ch=\"on\"\n\t\t\t\t\t\t\t\tdata-xy=\"x:585px;y:110px;\"\n\t\t\t\t\t\t\t\tdata-text=\"s:32;l:36;fw:700;\"\n\t\t\t\t\t\t\t\tdata-frame_0=\"y:50px;tp:600;\"\n\t\t\t\t\t\t\t\tdata-frame_1=\"tp:600;e:power2.inOut;st:800;sp:500;\"\n\t\t\t\t\t\t\t\tdata-frame_999=\"o:1;tp:600;e:nothing;st:w;\"\n\t\t\t\t\t\t\t\tstyle=\"z-index:6;font-family:'Myriad Pro';\"\n\t\t\t\t\t\t\t>Ein GPS-Ortungsmodul <br>f\u00fcr jede Situation \n\t\t\t\t\t\t\t<\/rs-layer><!--\n\n\t\t\t\t\t\t\t--><rs-layer\n\t\t\t\t\t\t\t\tid=\"slider-32-slide-49-layer-3\" \n\t\t\t\t\t\t\t\tclass=\"small-brown-text2\"\n\t\t\t\t\t\t\t\tdata-type=\"text\"\n\t\t\t\t\t\t\t\tdata-color=\"rgba(102,102,102,1)\"\n\t\t\t\t\t\t\t\tdata-rsp_ch=\"on\"\n\t\t\t\t\t\t\t\tdata-xy=\"x:586px;y:194px;\"\n\t\t\t\t\t\t\t\tdata-text=\"s:16;l:20;\"\n\t\t\t\t\t\t\t\tdata-frame_0=\"y:50px;tp:600;\"\n\t\t\t\t\t\t\t\tdata-frame_1=\"tp:600;e:power2.inOut;st:800;sp:500;\"\n\t\t\t\t\t\t\t\tdata-frame_999=\"o:1;tp:600;e:nothing;st:w;\"\n\t\t\t\t\t\t\t\tstyle=\"z-index:7;font-family:'Myriad Pro';letter-spacing:0 !important;\"\n\t\t\t\t\t\t\t>Die locate-Serie umfasst Ger\u00e4te f\u00fcr alle Arten von <br>Trackables und bietet flexible L\u00f6sungen f\u00fcr Ihre <br>Bed\u00fcrfnisse. \n\t\t\t\t\t\t\t<\/rs-layer><!--\n-->\t\t\t\t\t\t<\/rs-slide>\n\t\t\t\t\t\t<rs-slide style=\"position: absolute;\" data-key=\"rs-50\" data-title=\"device2\" data-thumb=\"\/\/www.enaikoon.com\/wp-content\/uploads\/2016\/07\/0d9320313c.jpg\" data-link=\"\/de\/geraete\/rfid-serie-de\/rfid-tag-de\/\" data-tag=\"l\" data-target=\"_self\" data-seoz=\"front\" data-anim=\"adpr:false;\">\n\t\t\t\t\t\t\t<img src=\"\/\/www.enaikoon.com\/wp-content\/plugins\/revslider\/public\/assets\/assets\/dummy.png\" alt=\"\" title=\"Ger\u00e4te\" class=\"rev-slidebg tp-rs-img rs-lazyload\" data-lazyload=\"\/\/www.enaikoon.com\/wp-content\/uploads\/2016\/07\/0d9320313c.jpg\" data-no-retina>\n<!--\n\t\t\t\t\t\t\t--><rs-layer\n\t\t\t\t\t\t\t\tid=\"slider-32-slide-50-layer-1\" \n\t\t\t\t\t\t\t\tdata-type=\"image\"\n\t\t\t\t\t\t\t\tdata-rsp_ch=\"on\"\n\t\t\t\t\t\t\t\tdata-text=\"l:22;\"\n\t\t\t\t\t\t\t\tdata-dim=\"w:998px;h:300px;\"\n\t\t\t\t\t\t\t\tdata-frame_0=\"tp:600;\"\n\t\t\t\t\t\t\t\tdata-frame_1=\"tp:600;e:power2.inOut;st:500;\"\n\t\t\t\t\t\t\t\tdata-frame_999=\"o:0;tp:600;e:nothing;st:w;\"\n\t\t\t\t\t\t\t\tstyle=\"z-index:5;\"\n\t\t\t\t\t\t\t><img src=\"\/\/www.enaikoon.com\/wp-content\/plugins\/revslider\/public\/assets\/assets\/dummy.png\" alt=\"\" class=\"tp-rs-img rs-lazyload\" data-lazyload=\"\/wp-content\/uploads\/2016\/07\/0d9320313c.jpg\" data-no-retina> \n\t\t\t\t\t\t\t<\/rs-layer><!--\n\n\t\t\t\t\t\t\t--><rs-layer\n\t\t\t\t\t\t\t\tid=\"slider-32-slide-50-layer-2\" \n\t\t\t\t\t\t\t\tclass=\"big-white-text\"\n\t\t\t\t\t\t\t\tdata-type=\"text\"\n\t\t\t\t\t\t\t\tdata-color=\"rgba(255,255,255,1)\"\n\t\t\t\t\t\t\t\tdata-rsp_ch=\"on\"\n\t\t\t\t\t\t\t\tdata-xy=\"x:586px;y:113px;\"\n\t\t\t\t\t\t\t\tdata-text=\"s:32;l:36;fw:700;\"\n\t\t\t\t\t\t\t\tdata-frame_0=\"y:50px;tp:600;\"\n\t\t\t\t\t\t\t\tdata-frame_1=\"tp:600;e:power2.inOut;st:800;sp:500;\"\n\t\t\t\t\t\t\t\tdata-frame_999=\"o:1;tp:600;e:nothing;st:w;\"\n\t\t\t\t\t\t\t\tstyle=\"z-index:6;font-family:'Myriad Pro';\"\n\t\t\t\t\t\t\t>Identifizieren, orten <br>und \u00fcbertragen \n\t\t\t\t\t\t\t<\/rs-layer><!--\n\n\t\t\t\t\t\t\t--><rs-layer\n\t\t\t\t\t\t\t\tid=\"slider-32-slide-50-layer-3\" \n\t\t\t\t\t\t\t\tclass=\"small-brown-text2\"\n\t\t\t\t\t\t\t\tdata-type=\"text\"\n\t\t\t\t\t\t\t\tdata-color=\"rgba(102,102,102,1)\"\n\t\t\t\t\t\t\t\tdata-rsp_ch=\"on\"\n\t\t\t\t\t\t\t\tdata-xy=\"x:586px;y:194px;\"\n\t\t\t\t\t\t\t\tdata-text=\"s:16;l:20;\"\n\t\t\t\t\t\t\t\tdata-frame_0=\"y:50px;tp:600;\"\n\t\t\t\t\t\t\t\tdata-frame_1=\"tp:600;e:power2.inOut;st:800;sp:500;\"\n\t\t\t\t\t\t\t\tdata-frame_999=\"o:1;tp:600;e:nothing;st:w;\"\n\t\t\t\t\t\t\t\tstyle=\"z-index:7;font-family:'Myriad Pro';letter-spacing:0 !important;\"\n\t\t\t\t\t\t\t>Statten Sie Ihre Trackables mit RFID \n(Radio Frequency <br>Identification) aus, um die Produktivit\u00e4t zu <br>\u00fcberwachen\n und den Zutritt zu kontrollieren \n\t\t\t\t\t\t\t<\/rs-layer><!--\n-->\t\t\t\t\t\t<\/rs-slide>\n\t\t\t\t\t\t<rs-slide style=\"position: absolute;\" data-key=\"rs-51\" data-title=\"device3\" data-thumb=\"\/\/www.enaikoon.com\/wp-content\/uploads\/2016\/07\/8f918eaa67.jpg\" data-link=\"\/de\/geraete\/inmarsat-serie-de\/inmarsat-600\/\" data-tag=\"l\" data-target=\"_self\" data-seoz=\"front\" data-anim=\"adpr:false;\">\n\t\t\t\t\t\t\t<img src=\"\/\/www.enaikoon.com\/wp-content\/plugins\/revslider\/public\/assets\/assets\/dummy.png\" alt=\"\" title=\"Ger\u00e4te\" class=\"rev-slidebg tp-rs-img rs-lazyload\" data-lazyload=\"\/\/www.enaikoon.com\/wp-content\/uploads\/2016\/07\/8f918eaa67.jpg\" data-no-retina>\n<!--\n\t\t\t\t\t\t\t--><rs-layer\n\t\t\t\t\t\t\t\tid=\"slider-32-slide-51-layer-1\" \n\t\t\t\t\t\t\t\tdata-type=\"image\"\n\t\t\t\t\t\t\t\tdata-rsp_ch=\"on\"\n\t\t\t\t\t\t\t\tdata-text=\"l:22;\"\n\t\t\t\t\t\t\t\tdata-dim=\"w:998px;h:300px;\"\n\t\t\t\t\t\t\t\tdata-frame_0=\"tp:600;\"\n\t\t\t\t\t\t\t\tdata-frame_1=\"tp:600;e:power2.inOut;st:500;\"\n\t\t\t\t\t\t\t\tdata-frame_999=\"o:0;tp:600;e:nothing;st:w;\"\n\t\t\t\t\t\t\t\tstyle=\"z-index:5;\"\n\t\t\t\t\t\t\t><img src=\"\/\/www.enaikoon.com\/wp-content\/plugins\/revslider\/public\/assets\/assets\/dummy.png\" alt=\"\" class=\"tp-rs-img rs-lazyload\" data-lazyload=\"\/wp-content\/uploads\/2016\/07\/8f918eaa67.jpg\" data-no-retina> \n\t\t\t\t\t\t\t<\/rs-layer><!--\n\n\t\t\t\t\t\t\t--><rs-layer\n\t\t\t\t\t\t\t\tid=\"slider-32-slide-51-layer-2\" \n\t\t\t\t\t\t\t\tclass=\"big-white-text\"\n\t\t\t\t\t\t\t\tdata-type=\"text\"\n\t\t\t\t\t\t\t\tdata-color=\"rgba(255,255,255,1)\"\n\t\t\t\t\t\t\t\tdata-rsp_ch=\"on\"\n\t\t\t\t\t\t\t\tdata-xy=\"x:585px;y:110px;\"\n\t\t\t\t\t\t\t\tdata-text=\"s:32;l:36;fw:700;\"\n\t\t\t\t\t\t\t\tdata-frame_0=\"y:50px;tp:600;\"\n\t\t\t\t\t\t\t\tdata-frame_1=\"tp:600;e:power2.inOut;st:800;sp:500;\"\n\t\t\t\t\t\t\t\tdata-frame_999=\"o:1;tp:600;e:nothing;st:w;\"\n\t\t\t\t\t\t\t\tstyle=\"z-index:6;font-family:'Myriad Pro';\"\n\t\t\t\t\t\t\t>Ortung \u00fcberall <br>auf der Welt \n\t\t\t\t\t\t\t<\/rs-layer><!--\n\n\t\t\t\t\t\t\t--><rs-layer\n\t\t\t\t\t\t\t\tid=\"slider-32-slide-51-layer-3\" \n\t\t\t\t\t\t\t\tclass=\"small-brown-text2\"\n\t\t\t\t\t\t\t\tdata-type=\"text\"\n\t\t\t\t\t\t\t\tdata-color=\"rgba(102,102,102,1)\"\n\t\t\t\t\t\t\t\tdata-rsp_ch=\"on\"\n\t\t\t\t\t\t\t\tdata-xy=\"x:586px;y:194px;\"\n\t\t\t\t\t\t\t\tdata-text=\"s:16;l:20;\"\n\t\t\t\t\t\t\t\tdata-frame_0=\"y:50px;tp:600;\"\n\t\t\t\t\t\t\t\tdata-frame_1=\"tp:600;e:power2.inOut;st:800;sp:500;\"\n\t\t\t\t\t\t\t\tdata-frame_999=\"o:1;tp:600;e:nothing;st:w;\"\n\t\t\t\t\t\t\t\tstyle=\"z-index:7;font-family:'Myriad Pro';letter-spacing:0 !important;\"\n\t\t\t\t\t\t\t>Wenn Sie sich nicht auf terrestrische \nNetze verlassen <br>k\u00f6nnen, vertrauen Sie Inmarsat-Ger\u00e4ten, die \u00fcber 11 <br>\neigene Satelliten kommunizieren \n\t\t\t\t\t\t\t<\/rs-layer><!--\n-->\t\t\t\t\t\t<\/rs-slide>\n\t\t\t\t\t<\/rs-slides>\n\t\t\t\t<\/rs-module>\n\t\t\t\t<script>\n\t\t\t\t\tsetREVStartSize({c: 'rev_slider_32_1',rl:[1240,1024,778,480],el:[],gw:[998],gh:[300],type:'standard',justify:'',layout:'fullwidth',mh:\"0\"});if (window.RS_MODULES!==undefined && window.RS_MODULES.modules!==undefined && window.RS_MODULES.modules[\"revslider321\"]!==undefined) {window.RS_MODULES.modules[\"revslider321\"].once = false;window.revapi32 = undefined;if (window.RS_MODULES.checkMinimal!==undefined) window.RS_MODULES.checkMinimal()}\n\t\t\t\t<\/script>\n\t\t\t<\/rs-module-wrap>\n\t\t\t<!-- END REVOLUTION SLIDER -->\n\n\n<div class=\"row\">\n<div class=\"gl_space_page\">\n\n<div class=\"col-md-4\">\n<div class=\"gl_h4big\"><a href=\"https:\/\/www.enaikoon.com\/de\/geraete\/locate-serie\/locate-02\/\">Unsere locate-Serie<\/a><\/div>\n<div class=\"clearfix\">\n<div>\n<div><a title=\"Gehen Sie zur locate-Serie\" href=\"https:\/\/www.enaikoon.com\/de\/geraete\/locate-serie\/locate-02\/\"><img decoding=\"async\" src=\"https:\/\/www.enaikoon.com\/wp-content\/uploads\/2016\/07\/3547849ec3.png\" alt=\"Gehen Sie zur locate-Serie\" align=\"left\" border=\"0\" \/><\/a><\/div>\n<\/div>\n<\/div>\n<div>ENAiKOON Ortungsger\u00e4te werden in Deutschland hergestellt und nutzen Satellitenortung mittels GPS und mobiler Datenkommunikation, um \u00fcber unsere sicheren Server den Status und die genaue Position Ihrer Fahrzeuge und mobilen Anlagen an inViu zu senden. <a title=\"Gehen Sie zur locate-Serie\" href=\"https:\/\/www.enaikoon.com\/de\/geraete\/locate-serie\/locate-02\/\">Praktische Ortung und Analyse mit den beliebten und leistungsstarken Ortungsger\u00e4ten<\/a>.<\/div>\n<\/div>\n\n<div class=\"col-md-4\">\n<div class=\"gl_h4big\"><a href=\"https:\/\/www.enaikoon.com\/de\/geraete\/rfid-serie-de\/rfid-tag-de\/\">Unsere RFID-Serie<\/a><\/div>\n<div class=\"clearfix\">\n<div><a title=\"Gehen Sie zur RFID-Serie\" href=\"https:\/\/www.enaikoon.com\/de\/geraete\/rfid-serie-de\/rfid-tag-de\/\"><img decoding=\"async\" src=\"https:\/\/www.enaikoon.com\/wp-content\/uploads\/2016\/07\/ba51fb33a2.png\" alt=\"Gehen Sie zur RFID-Serie\" align=\"left\" border=\"0\" \/><\/a><\/div>\n<\/div>\n<div>Mittels RFID-(Radiofrequenz-Identifikation) Technologie tauschen ENAiKOON RFID-Module \u00fcber Radiowellen Daten von einem elektronischen TAG, der an mobilen Ger\u00e4ten befestigt wird, mit inViu aus. Identifizieren und orten Sie einfach und automatisch Mitarbeiter, Anlagen, Ger\u00e4te und Haustiere. <a title=\"Gehen Sie zur RFID-Serie\" href=\"https:\/\/www.enaikoon.com\/de\/geraete\/rfid-serie-de\/rfid-tag-de\/\">Kennzeichnen Sie Ihre Trackables und kommunizieren Sie mit inViu via ENAiKOON RFID-Module<\/a>.<\/div>\n<\/div>\n\n<div class=\"col-md-4\">\n<div class=\"gl_h4big\"><a href=\"https:\/\/www.enaikoon.com\/de\/geraete\/inmarsat-serie-de\/inmarsat-600\/\">Unsere Inmarsat-Serie<\/a><\/div>\n<div class=\"clearfix\">\n<div><a title=\"Gehen Sie zur Inmarsat-Serie\" href=\"https:\/\/www.enaikoon.com\/de\/geraete\/inmarsat-serie-de\/inmarsat-600\/\"><img decoding=\"async\" src=\"https:\/\/www.enaikoon.com\/wp-content\/uploads\/2016\/07\/dbc687bdd4.png\" alt=\"Gehen Sie zur Inmarsat-Serie\" align=\"left\" border=\"0\" \/><\/a><\/div>\n<\/div>\n<div>Unsere ENAiKOON Inmarsat-Produktreihe besteht aus leistungsstarken Ger\u00e4ten, die Daten sogar ohne GSM-Netzwerk weltweit sammeln k\u00f6nnen! <a title=\"Gehen Sie zur Inmarsat-Serie\" href=\"https:\/\/www.enaikoon.com\/de\/geraete\/inmarsat-serie-de\/inmarsat-600\/\">Zur Inmarsat-Serie<\/a>.<\/div>\n<\/div>\n<div class=\"gl_row_space\"><\/div>\n<div class=\"gl_line\"><\/div>\n<div class=\"col-md-12\">\n<div class=\"gl_device_text\"><a href=\"https:\/\/www.enaikoon.com\/de\/geraete\/zubehoer\/sim-card\/\">ENAiKOON Zubeh\u00f6r und Sensoren<\/a><\/div>\n<div class=\"gl_space_top10\"><a title=\"ENAiKOON Zubeh\u00f6r und Sensoren\" href=\"https:\/\/www.enaikoon.com\/de\/geraete\/zubehoer\/sim-card\/\"><img decoding=\"async\" class=\"gl_space_bottom10\" src=\"https:\/\/www.enaikoon.com\/wp-content\/uploads\/2016\/07\/Accessories-banner-v2.jpg\" alt=\"Unser breites Angebot an Zubeh\u00f6r und Sensoren verst\u00e4rkt die Leistungskraft Ihres ENAiKOON Ortungsmoduls\" align=\"left\" border=\"0\" \/><\/a><\/div>\n<div>Unser breites Angebot an Zubeh\u00f6r und Sensoren verst\u00e4rkt die Leistungskraft Ihres ENAiKOON Ortungsmoduls. Integrieren Sie Displays f\u00fcr Instant Messaging bzw. ein driver-id Identifikationssystem f\u00fcr die Arbeitszeiterfassung oder nutzen Sie einen Temperatur- bzw. Bewegungssensor, um die Leistung Ihrer Maschinen und Anlagen zu \u00fcberwachen. Zur \u00dcberwachung von Tankinhalten und Alarmierung von F\u00fcllstands\u00e4nderungen k\u00f6nnen Sie w\u00e4hlen zwischen Ultraschall- und kapazitiven Sensoren. Informieren Sie sich \u00fcber <a title=\"Zubeh\u00f6r\" href=\"https:\/\/www.enaikoon.com\/de\/geraete\/zubehoer\/sim-card\/\">unser vollst\u00e4ndiges Zubeh\u00f6rprogramm<\/a> zur Optimierung Ihrer ENAiKOON-L\u00f6sung.<\/div>\n<\/div>\n\n<\/div>\n<div class=\"gl_space_pagebot\"><\/div>\n<\/div>","protected":false},"excerpt":{"rendered":"","protected":false},"author":7,"featured_media":0,"parent":0,"menu_order":0,"comment_status":"closed","ping_status":"closed","template":"","meta":{"footnotes":""},"acf":[],"_links":{"self":[{"href":"https:\/\/www.enaikoon.com\/de\/wp-json\/wp\/v2\/pages\/3766"}],"collection":[{"href":"https:\/\/www.enaikoon.com\/de\/wp-json\/wp\/v2\/pages"}],"about":[{"href":"https:\/\/www.enaikoon.com\/de\/wp-json\/wp\/v2\/types\/page"}],"author":[{"embeddable":true,"href":"https:\/\/www.enaikoon.com\/de\/wp-json\/wp\/v2\/users\/7"}],"replies":[{"embeddable":true,"href":"https:\/\/www.enaikoon.com\/de\/wp-json\/wp\/v2\/comments?post=3766"}],"version-history":[{"count":9,"href":"https:\/\/www.enaikoon.com\/de\/wp-json\/wp\/v2\/pages\/3766\/revisions"}],"predecessor-version":[{"id":18979,"href":"https:\/\/www.enaikoon.com\/de\/wp-json\/wp\/v2\/pages\/3766\/revisions\/18979"}],"wp:attachment":[{"href":"https:\/\/www.enaikoon.com\/de\/wp-json\/wp\/v2\/media?parent=3766"}],"curies":[{"name":"wp","href":"https:\/\/api.w.org\/{rel}","templated":true}]}}