{"id":3760,"date":"2016-07-18T04:11:22","date_gmt":"2016-07-18T04:11:22","guid":{"rendered":"https:\/\/www.enaikoon.com\/?page_id=3760"},"modified":"2017-11-19T14:30:54","modified_gmt":"2017-11-19T14:30:54","slug":"inviu-web","status":"publish","type":"page","link":"https:\/\/www.enaikoon.com\/de\/software-de\/inviu-web\/","title":{"rendered":"inViu web"},"content":{"rendered":"\n\t\t\t<!-- START inviuweb_de REVOLUTION SLIDER 6.6.16 --><p class=\"rs-p-wp-fix\"><\/p>\n\t\t\t<rs-module-wrap id=\"rev_slider_30_1_wrapper\" data-source=\"gallery\" style=\"visibility:hidden;background:transparent;padding:0;margin:0px auto;margin-top:0;margin-bottom:0;\">\n\t\t\t\t<rs-module id=\"rev_slider_30_1\" style=\"\" data-version=\"6.6.16\">\n\t\t\t\t\t<rs-slides style=\"overflow: hidden; position: absolute;\">\n\t\t\t\t\t\t<rs-slide style=\"position: absolute;\" data-key=\"rs-47\" data-title=\"banner\" data-anim=\"adpr:false;\">\n\t\t\t\t\t\t\t<img src=\"\/\/www.enaikoon.com\/wp-content\/plugins\/revslider\/public\/assets\/assets\/dummy.png\" alt=\"\" title=\"inViu web\" class=\"rev-slidebg tp-rs-img rs-lazyload\" data-lazyload=\"\/\/www.enaikoon.com\/wp-content\/uploads\/2016\/07\/inViu_iPad_Banner_FeaturesPage_04.png\" data-no-retina>\n<!--\n\t\t\t\t\t\t\t--><rs-layer\n\t\t\t\t\t\t\t\tid=\"slider-30-slide-47-layer-1\" \n\t\t\t\t\t\t\t\tdata-type=\"image\"\n\t\t\t\t\t\t\t\tdata-rsp_ch=\"on\"\n\t\t\t\t\t\t\t\tdata-text=\"l:22;\"\n\t\t\t\t\t\t\t\tdata-dim=\"w:998px;h:300px;\"\n\t\t\t\t\t\t\t\tdata-frame_0=\"tp:600;\"\n\t\t\t\t\t\t\t\tdata-frame_1=\"tp:600;e:power2.inOut;st:500;\"\n\t\t\t\t\t\t\t\tdata-frame_999=\"o:0;tp:600;e:nothing;st:9000;\"\n\t\t\t\t\t\t\t\tstyle=\"z-index:5;\"\n\t\t\t\t\t\t\t><img src=\"\/\/www.enaikoon.com\/wp-content\/plugins\/revslider\/public\/assets\/assets\/dummy.png\" alt=\"\" class=\"tp-rs-img rs-lazyload\" data-lazyload=\"\/wp-content\/uploads\/2016\/07\/inViu_iPad_Banner_FeaturesPage_04.png\" data-no-retina> \n\t\t\t\t\t\t\t<\/rs-layer><!--\n\n\t\t\t\t\t\t\t--><rs-layer\n\t\t\t\t\t\t\t\tid=\"slider-30-slide-47-layer-2\" \n\t\t\t\t\t\t\t\tclass=\"medium-blue-text\"\n\t\t\t\t\t\t\t\tdata-type=\"text\"\n\t\t\t\t\t\t\t\tdata-color=\"rgba(70,180,231,1)\"\n\t\t\t\t\t\t\t\tdata-rsp_ch=\"on\"\n\t\t\t\t\t\t\t\tdata-xy=\"x:538px;y:57px;\"\n\t\t\t\t\t\t\t\tdata-text=\"s:32;l:34;fw:700;\"\n\t\t\t\t\t\t\t\tdata-frame_0=\"y:50px;tp:600;\"\n\t\t\t\t\t\t\t\tdata-frame_1=\"tp:600;e:power2.inOut;st:800;sp:500;\"\n\t\t\t\t\t\t\t\tdata-frame_999=\"o:1;tp:600;e:nothing;st:9000;\"\n\t\t\t\t\t\t\t\tstyle=\"z-index:6;font-family:'Myriad Pro';color:#12B9FF !important;letter-spacing:0px !important;\"\n\t\t\t\t\t\t\t>inViu web - intuitive &<br>\neinfache Handhabung \n\t\t\t\t\t\t\t<\/rs-layer><!--\n\n\t\t\t\t\t\t\t--><rs-layer\n\t\t\t\t\t\t\t\tid=\"slider-30-slide-47-layer-3\" \n\t\t\t\t\t\t\t\tclass=\"small-brown-text\"\n\t\t\t\t\t\t\t\tdata-type=\"text\"\n\t\t\t\t\t\t\t\tdata-color=\"rgba(143,143,143,1)\"\n\t\t\t\t\t\t\t\tdata-rsp_ch=\"on\"\n\t\t\t\t\t\t\t\tdata-xy=\"x:540px;y:138px;\"\n\t\t\t\t\t\t\t\tdata-text=\"s:16;l:20;\"\n\t\t\t\t\t\t\t\tdata-frame_0=\"y:50px;tp:600;\"\n\t\t\t\t\t\t\t\tdata-frame_1=\"tp:600;e:power2.inOut;st:800;sp:500;\"\n\t\t\t\t\t\t\t\tdata-frame_999=\"o:1;tp:600;e:nothing;st:9000;\"\n\t\t\t\t\t\t\t\tstyle=\"z-index:7;font-family:'Myriad Pro';letter-spacing:1 !important;font-size:14.4px;line-height:17px;\"\n\t\t\t\t\t\t\t>Erreichen Sie mehr mit zuverl\u00e4ssigen Echtzeitinformationen, <br>dann wenn Sie sie brauchen.<br>\ninViu web liefert Ihnen Daten mit hohem Mehrwert und Nutzen! \n\t\t\t\t\t\t\t<\/rs-layer><!--\n\n\t\t\t\t\t\t\t--><rs-layer\n\t\t\t\t\t\t\t\tid=\"slider-30-slide-47-layer-4\" \n\t\t\t\t\t\t\t\tdata-type=\"text\"\n\t\t\t\t\t\t\t\tdata-color=\"rgba(255,255,255,1)\"\n\t\t\t\t\t\t\t\tdata-rsp_ch=\"on\"\n\t\t\t\t\t\t\t\tdata-xy=\"x:540px;y:209px;\"\n\t\t\t\t\t\t\t\tdata-text=\"l:22;\"\n\t\t\t\t\t\t\t\tdata-frame_0=\"y:50px;tp:600;\"\n\t\t\t\t\t\t\t\tdata-frame_1=\"tp:600;e:power2.inOut;st:800;sp:500;\"\n\t\t\t\t\t\t\t\tdata-frame_999=\"o:1;tp:600;e:nothing;st:9000;\"\n\t\t\t\t\t\t\t\tstyle=\"z-index:8;font-family:'';\"\n\t\t\t\t\t\t\t><a class=\"gl_button_blue\" href=\"https:\/\/sso.enaikoon.de\/SSOServer\/?locale=de&demo=1\"  target=\"_blank\"  rel=\"nofollow\">Entdecken Sie inViu web<\/a> \n\t\t\t\t\t\t\t<\/rs-layer><!--\n-->\t\t\t\t\t\t<\/rs-slide>\n\t\t\t\t\t<\/rs-slides>\n\t\t\t\t<\/rs-module>\n\t\t\t\t<script>\n\t\t\t\t\tsetREVStartSize({c: 'rev_slider_30_1',rl:[1240,1024,778,480],el:[],gw:[998],gh:[300],type:'standard',justify:'',layout:'fullwidth',mh:\"0\"});if (window.RS_MODULES!==undefined && window.RS_MODULES.modules!==undefined && window.RS_MODULES.modules[\"revslider301\"]!==undefined) {window.RS_MODULES.modules[\"revslider301\"].once = false;window.revapi30 = undefined;if (window.RS_MODULES.checkMinimal!==undefined) window.RS_MODULES.checkMinimal()}\n\t\t\t\t<\/script>\n\t\t\t<\/rs-module-wrap>\n\t\t\t<!-- END REVOLUTION SLIDER -->\n\r\n\r\n<div class=\"row\">\r\n\r\n<div class=\"gl_space_page\">\r\n\r\n\t<div class=\"col-md-8\">\r\n\t\r\n\t<div class=\"gl_space_pageleft\">\r\n\t\r\n\t\t<div class=\"gl_h2big\">inViu web Leistungsumfang<\/div> \r\n\t\t<div class=\"gl_h5big\">inViu web &#8211; das schnelle und einfache Webportal<\/div>\r\n\t\t<div>&nbsp;<\/div>\r\n\t\t<div>Nach dem <a rel=\"nofollow\" href=\"https:\/\/sso.enaikoon.de\" target=\"_blank\">Einloggen<\/a> gen\u00fcgt ein Klick und Sie haben alle Ihre Trackables sofort im Blick auf der optimierten Landkarte.<\/div>\r\n\t\t<div>&nbsp;<\/div>\r\n\t\t<div>Oder Sie schauen sich auf mehreren Landkartenausschnitten nebeneinander die Positionen verschiedener Trackables an.<\/div>\r\n\t\t<div>&nbsp;<\/div>\r\n\t\t<div>Sie k\u00f6nnen <a href=\"https:\/\/www.enaikoon.com\/de\/geraete\/locate-serie\/locate-19\/locate-19-anwendungen\/\">Geofences<\/a> einrichten, wo es Ihnen gef\u00e4llt. Zeichen Sie mit der Maus einen Geofence an der Baustelle oder Grenze entlang oder direkt um das Firmengel\u00e4nde. <\/div>\r\n\t\t<div>&nbsp;<\/div>\r\n\t\t<div class=\"gl_h5big\">Schnell = mit einem Klick alles im Blick<br>Einfach = intuitive Handhabung mit starker Leistung<\/div>\r\n\t\t\r\n\t<\/div>\r\n\t\r\n\t<\/div>\r\n\t\r\n\t<div class=\"col-md-4\">\r\n\t\r\n\t<div class=\"gl_space_pageright\">\r\n\t\r\n\t<h5 class=\"gl_space_right30\" style=\"font-family:Times New Roman\">&#34;Als unser Van gestohlen wurde, waren wir zuerst schockiert. Dann warfen wir einen Blick in inViu web und sahen sofort den neuen Standort des Fahrzeugs und konnten die Polizei dar\u00fcber informieren.<br>Wir haben das Fahrzeug sofort wiederbekommen. Anschlie\u00dfend wurde noch einer der Diebe verhaftet. Dank dem Telematikmodul von ENAiKOON waren wir in der Lage, unser Fahrzeug ohne gro\u00dfen Aufwand zur\u00fcck zu bekommen.<br>Wir wussten sofort, wo wir suchen mussten und konnten die Polizei auf die richtige F\u00e4hrte bringen.&#34;<\/h5>\r\n    <h6 style=\"font-family:Times New Roman\">Hans Verhaar, Expertisedienst Manager, Generali Verzekeringsgroep, Amsterdam<\/h6>\r\n\t<div class=\"clearfix\"><img decoding=\"async\" src=\"https:\/\/www.enaikoon.com\/wp-content\/uploads\/2016\/07\/icon1.png\" border=\"0\" align=\"right\" class=\"gl_software_personicon\" alt=\"\"\/><\/div>\r\n\t<div><a class=\"gl_button_blue\"  href=\"https:\/\/www.enaikoon.com\/de\/kontakt\/kontakt\/\">Sprechen Sie uns an<\/a><\/div>\r\n\t\r\n\t<\/div>\r\n\t\r\n\t<\/div>\r\n\r\n\t<div class=\"gl_row_space\"><\/div>\r\n\t<div class=\"gl_line\"><\/div>\r\n\t\r\n\t<div class=\"col-md-4\">\r\n\t\r\n\t<div><img decoding=\"async\" src=\"https:\/\/www.enaikoon.com\/wp-content\/uploads\/2016\/07\/Localise-icon-small_09.png\" border=\"0\" align=\"left\" alt=\"\"\/><\/div>\r\n\t<h2>&nbsp; Orten<\/h2>\r\n\t<div>Finden Sie die exakte Position Ihrer Trackables in inViu web &#8211; jederzeit, \u00fcberall und direkt auf der integrierten Landkarte. Neben Geschwindigkeit, Bewegungsrichtung, aktuellem Zeitstempel und GPS-Koordinate wird der Ladezustand des Akku (sofern vorhanden) angezeigt. Die letzten hundert Positionsmeldungen werden auf der Landkarte als Track dargestellt. Bei Verfolgung der Bewegung Ihrer Trackables verschiebt sich die Landkarte mit. Versenden Sie die Position eines Trackable als Tweet oder per E-Mail.<\/div>\r\n\t\r\n\t<\/div>\r\n\t\r\n\t<div class=\"col-md-4\">\r\n\t\r\n\t<div><img decoding=\"async\" src=\"https:\/\/www.enaikoon.com\/wp-content\/uploads\/2016\/07\/Fence_04.png\" border=\"0\" align=\"left\" alt=\"\"\/><\/div>\r\n\t<h2>&nbsp; Geofence<\/h2>\r\n\t<div>Ein <a href=\"https:\/\/www.enaikoon.com\/de\/geraete\/locate-serie\/locate-19\/locate-19-anwendungen\/\">Geofence<\/a> &#8211; ein virtueller Zaun um ein bestimmtes Gebiet &#8211; bietet Ihnen gro\u00dfe Sicherheit im Diebstahlsfall und beim t\u00e4glichen Management Ihrer Fahrzeuge, Baumaschinen oder der mobilen Mitarbeiter. Lassen Sie sich per E-Mail informieren, wenn ein Geofence verlassen oder erreicht wird. Bei schneller Reaktion erh\u00f6ht sich die Chance, gestohlene Trackables zur\u00fcckzubekommen oder ausartende Arbeitsprozesse zu steuern.<br>\r\nBestimmen Sie selbst die Form der Geofences: um das Firmengel\u00e4nde oder die Fahrtziele, entlang einer Stra\u00dfe oder der Landesgrenze, jede beliebige geometrische Form ist machbar.<\/div>\r\n\t\r\n\t<\/div>\r\n\t\r\n\t<div class=\"col-md-4\">\r\n\t\r\n\t<div><img decoding=\"async\" src=\"https:\/\/www.enaikoon.com\/wp-content\/uploads\/2016\/07\/db344295f1.png\" border=\"0\" align=\"left\" alt=\"\"\/><\/div>\r\n\t<h2>&nbsp; Personalisieren<\/h2>\r\n\t<div>Durch die Gestaltung mehrerer Arbeitsbereiche mit unterschiedlichen Portlets und deren Inhalt ist der Individualisierung keine Grenzen gesetzt. Farbige Pushpins und unterschiedliche Icons bieten ein schnelles Erkennen der genauen Position auf der Landkarte. Die Erstellung von Unteraccounts erm\u00f6glicht es, mehreren Personen Zugriff auf dieselben Daten zu geben. Die Unteraccounts k\u00f6nnen sowohl den Voll- als auch schreibgesch\u00fctzten Zugriff erhalten.<\/div>\r\n\t\r\n\t<\/div>\r\n\t\r\n\t<div class=\"gl_row_space\"><\/div>\r\n\t<div class=\"gl_line\"><\/div>\r\n\t\r\n\t<div class=\"col-md-4\">\r\n\t\r\n\t<h2>\u00dcberblick<\/h2>\r\n\t<div class=\"clearfix\">\r\n\t\t<div><a rel=\"nofollow\" href=\"https:\/\/www.enaikoon.com\/wp-content\/uploads\/2016\/07\/6d4c1cc466.png\" target=\"_blank\" title=\"inViu web - allgemeiner \u00dcberblick mit Landkarte und Liste der Trackables\"><img decoding=\"async\" src=\"https:\/\/www.enaikoon.com\/wp-content\/uploads\/2016\/07\/15f8a49df8.png\" border=\"0\" align=\"left\" alt=\"\"\/><\/a><\/div>\r\n\t<\/div>\r\n\t<div class=\"gl_space_top20\"><strong>Auf einen Blick:<\/strong><\/div>\r\n\t<div>die Landkarte mit den farbigen Pushpins, Icons und Details in einem Pop-up-Fenster, die Liste aller Trackables, die Liste aller Geofences.\r\nMit sechs verschiedenen Farben und zehn Icons gruppieren Sie die Trackables und k\u00f6nnen nach den &#34;Farben&#34; filtern. Die intelligente Suche umfasst den kompletten Inhalt der Tabellen inklusive der selbst gew\u00e4hlten Namen und Schlagw\u00f6rter.<\/div>\r\n\t\r\n\t<\/div>\r\n\t\r\n\t<div class=\"col-md-4\">\r\n\t\r\n\t<h2>Arbeitsbereiche<\/h2>\r\n\t<div class=\"clearfix\">\r\n\t\t<div><a rel=\"nofollow\" href=\"https:\/\/www.enaikoon.com\/wp-content\/uploads\/2016\/07\/1916578952.png\" title=\"inViu web - Arbeitsbereiche f\u00fcr unterschiedliche Anwendungen ausw\u00e4hlen\"><img decoding=\"async\" src=\"https:\/\/www.enaikoon.com\/wp-content\/uploads\/2016\/07\/1c6f365598.png\" border=\"0\" align=\"left\" alt=\"\"\/><\/a><\/div>\r\n\t<\/div>\r\n\t<div class=\"gl_space_top20\"><strong>Mehr Arbeitsbereiche:<\/strong><\/div>\r\n\t<div>Sie k\u00f6nnen bis zu 20 verschiedene Arbeitsbereiche definieren und benennen &#8211; mit unterschiedlicher Anzahl an Portlets und deren Anordnung. W\u00e4hlen Sie zu jeder T\u00e4tigkeit den passenden Arbeitsbereich, z.B. eine gro\u00dfe Landkarte f\u00fcr alle Trackables oder mehrere kleinere Landkarten f\u00fcr die Details.<\/div>\r\n\t\r\n\t<\/div>\r\n\t\r\n\t<div class=\"col-md-4\">\r\n\t\r\n\t<h2>Ausgew\u00e4hlte Portlets<\/h2>\r\n\t<div class=\"clearfix\">\r\n\t\t<div><a rel=\"nofollow\" href=\"https:\/\/www.enaikoon.com\/wp-content\/uploads\/2016\/07\/77f32abac4.png\" title=\"inViu web - ausgew\u00e4hlte Portlets mit unterschiedlichem Inhalt\"><img decoding=\"async\" src=\"https:\/\/www.enaikoon.com\/wp-content\/uploads\/2016\/07\/de8a0d5609.png\" border=\"0\" align=\"left\" alt=\"\"\/><\/a><\/div>\r\n\t<\/div>\r\n\t<div class=\"clearfix\">\r\n\t\t<div class=\"gl_space_top20\"><strong>Inhalt der Portlets:<\/strong><\/div>\r\n\t\t<div>Landkarte, Liste der Trackables, Liste der Geofences, ENAiKOON-News<br>\r\n\u00c4ndern Sie den Inhalt mit zwei Klicks oder tauschen Sie Portlets per Drag-and-Drop. Eine Gr\u00f6\u00dfenver\u00e4nderung erfolgt einfach durch Verschieben der Seitenkanten. Das &#34;Entfernen&#34; eines Portlets beeinflusst nicht die Registrierung der Trackables.<\/div>\r\n\t<\/div>\r\n\t\r\n\t<\/div>\r\n\t\r\n<\/div>\t\r\n<div class=\"gl_space_pagebottom\">&nbsp;<\/div>\r\n\r\n<\/div>","protected":false},"excerpt":{"rendered":"","protected":false},"author":7,"featured_media":0,"parent":3758,"menu_order":0,"comment_status":"closed","ping_status":"closed","template":"","meta":{"footnotes":""},"acf":[],"_links":{"self":[{"href":"https:\/\/www.enaikoon.com\/de\/wp-json\/wp\/v2\/pages\/3760"}],"collection":[{"href":"https:\/\/www.enaikoon.com\/de\/wp-json\/wp\/v2\/pages"}],"about":[{"href":"https:\/\/www.enaikoon.com\/de\/wp-json\/wp\/v2\/types\/page"}],"author":[{"embeddable":true,"href":"https:\/\/www.enaikoon.com\/de\/wp-json\/wp\/v2\/users\/7"}],"replies":[{"embeddable":true,"href":"https:\/\/www.enaikoon.com\/de\/wp-json\/wp\/v2\/comments?post=3760"}],"version-history":[{"count":9,"href":"https:\/\/www.enaikoon.com\/de\/wp-json\/wp\/v2\/pages\/3760\/revisions"}],"predecessor-version":[{"id":11617,"href":"https:\/\/www.enaikoon.com\/de\/wp-json\/wp\/v2\/pages\/3760\/revisions\/11617"}],"up":[{"embeddable":true,"href":"https:\/\/www.enaikoon.com\/de\/wp-json\/wp\/v2\/pages\/3758"}],"wp:attachment":[{"href":"https:\/\/www.enaikoon.com\/de\/wp-json\/wp\/v2\/media?parent=3760"}],"curies":[{"name":"wp","href":"https:\/\/api.w.org\/{rel}","templated":true}]}}