{"id":3758,"date":"2016-07-18T04:10:08","date_gmt":"2016-07-18T04:10:08","guid":{"rendered":"https:\/\/www.enaikoon.com\/?page_id=3758"},"modified":"2019-08-02T11:37:52","modified_gmt":"2019-08-02T11:37:52","slug":"software-de","status":"publish","type":"page","link":"https:\/\/www.enaikoon.com\/de\/software-de\/","title":{"rendered":"Software"},"content":{"rendered":"\n\t\t\t<!-- START software_de REVOLUTION SLIDER 6.6.16 --><p class=\"rs-p-wp-fix\"><\/p>\n\t\t\t<rs-module-wrap id=\"rev_slider_29_1_wrapper\" data-source=\"gallery\" style=\"visibility:hidden;background:transparent;padding:0;margin:0px auto;margin-top:0;margin-bottom:0;\">\n\t\t\t\t<rs-module id=\"rev_slider_29_1\" style=\"\" data-version=\"6.6.16\">\n\t\t\t\t\t<rs-slides style=\"overflow: hidden; position: absolute;\">\n\t\t\t\t\t\t<rs-slide style=\"position: absolute;\" data-key=\"rs-46\" data-title=\"banner\" data-anim=\"adpr:false;\">\n\t\t\t\t\t\t\t<img src=\"\/\/www.enaikoon.com\/wp-content\/plugins\/revslider\/public\/assets\/assets\/dummy.png\" alt=\"\" title=\"Software\" class=\"rev-slidebg tp-rs-img rs-lazyload\" data-lazyload=\"\/\/www.enaikoon.com\/wp-content\/uploads\/2016\/07\/Basic_inViu-software-banner4.png\" data-no-retina>\n<!--\n\t\t\t\t\t\t\t--><rs-layer\n\t\t\t\t\t\t\t\tid=\"slider-29-slide-46-layer-1\" \n\t\t\t\t\t\t\t\tdata-type=\"image\"\n\t\t\t\t\t\t\t\tdata-rsp_ch=\"on\"\n\t\t\t\t\t\t\t\tdata-text=\"l:22;\"\n\t\t\t\t\t\t\t\tdata-dim=\"w:998px;h:300px;\"\n\t\t\t\t\t\t\t\tdata-frame_0=\"tp:600;\"\n\t\t\t\t\t\t\t\tdata-frame_1=\"tp:600;e:power2.inOut;st:500;\"\n\t\t\t\t\t\t\t\tdata-frame_999=\"o:0;tp:600;e:nothing;st:9000;\"\n\t\t\t\t\t\t\t\tstyle=\"z-index:5;\"\n\t\t\t\t\t\t\t><img src=\"\/\/www.enaikoon.com\/wp-content\/plugins\/revslider\/public\/assets\/assets\/dummy.png\" alt=\"\" class=\"tp-rs-img rs-lazyload\" data-lazyload=\"\/wp-content\/uploads\/2016\/07\/Basic_inViu-software-banner4.png\" data-no-retina> \n\t\t\t\t\t\t\t<\/rs-layer><!--\n\n\t\t\t\t\t\t\t--><rs-layer\n\t\t\t\t\t\t\t\tid=\"slider-29-slide-46-layer-2\" \n\t\t\t\t\t\t\t\tclass=\"medium-blue-text\"\n\t\t\t\t\t\t\t\tdata-type=\"text\"\n\t\t\t\t\t\t\t\tdata-color=\"rgba(70,180,231,1)\"\n\t\t\t\t\t\t\t\tdata-rsp_ch=\"on\"\n\t\t\t\t\t\t\t\tdata-xy=\"x:540px;y:65px;\"\n\t\t\t\t\t\t\t\tdata-text=\"s:32;l:34;fw:700;\"\n\t\t\t\t\t\t\t\tdata-frame_0=\"y:50px;tp:600;\"\n\t\t\t\t\t\t\t\tdata-frame_1=\"tp:600;e:power2.inOut;st:800;sp:500;\"\n\t\t\t\t\t\t\t\tdata-frame_999=\"o:1;tp:600;e:nothing;st:9000;\"\n\t\t\t\t\t\t\t\tstyle=\"z-index:6;font-family:'Myriad Pro';color:#12B9FF !important;letter-spacing:0px !important;\"\n\t\t\t\t\t\t\t>Das richtige Webportal f\u00fcr<br>\nalle Ihre Anwendungen \n\t\t\t\t\t\t\t<\/rs-layer><!--\n\n\t\t\t\t\t\t\t--><rs-layer\n\t\t\t\t\t\t\t\tid=\"slider-29-slide-46-layer-3\" \n\t\t\t\t\t\t\t\tclass=\"small-brown-text\"\n\t\t\t\t\t\t\t\tdata-type=\"text\"\n\t\t\t\t\t\t\t\tdata-color=\"rgba(143,143,143,1)\"\n\t\t\t\t\t\t\t\tdata-rsp_ch=\"on\"\n\t\t\t\t\t\t\t\tdata-xy=\"x:540px;y:150px;\"\n\t\t\t\t\t\t\t\tdata-text=\"s:16;l:20;\"\n\t\t\t\t\t\t\t\tdata-frame_0=\"y:50px;tp:600;\"\n\t\t\t\t\t\t\t\tdata-frame_1=\"tp:600;e:power2.inOut;st:800;sp:500;\"\n\t\t\t\t\t\t\t\tdata-frame_999=\"o:1;tp:600;e:nothing;st:9000;\"\n\t\t\t\t\t\t\t\tstyle=\"z-index:7;font-family:'Myriad Pro';letter-spacing:1 !important;font-size:14.4px;line-height:17px;\"\n\t\t\t\t\t\t\t>Ortung und \u00dcberwachung aller Ihrer Trackables<br>\nin Echtzeit mit inViu \n\t\t\t\t\t\t\t<\/rs-layer><!--\n\n\t\t\t\t\t\t\t--><rs-layer\n\t\t\t\t\t\t\t\tid=\"slider-29-slide-46-layer-4\" \n\t\t\t\t\t\t\t\tdata-type=\"text\"\n\t\t\t\t\t\t\t\tdata-color=\"rgba(255,255,255,1)\"\n\t\t\t\t\t\t\t\tdata-rsp_ch=\"on\"\n\t\t\t\t\t\t\t\tdata-xy=\"x:540px;y:198px;\"\n\t\t\t\t\t\t\t\tdata-text=\"l:22;\"\n\t\t\t\t\t\t\t\tdata-frame_0=\"y:50px;tp:600;\"\n\t\t\t\t\t\t\t\tdata-frame_1=\"tp:600;e:power2.inOut;st:800;sp:500;\"\n\t\t\t\t\t\t\t\tdata-frame_999=\"o:1;tp:600;e:nothing;st:9000;\"\n\t\t\t\t\t\t\t\tstyle=\"z-index:8;font-family:'';\"\n\t\t\t\t\t\t\t><a class=\"gl_button_blue\" target=\"_blank\" href=\"https:\/\/sso.enaikoon.de\/?locale=de\"  rel=\"nofollow\">Anmelden bei inViu<\/a> \n\t\t\t\t\t\t\t<\/rs-layer><!--\n-->\t\t\t\t\t\t<\/rs-slide>\n\t\t\t\t\t<\/rs-slides>\n\t\t\t\t<\/rs-module>\n\t\t\t\t<script>\n\t\t\t\t\tsetREVStartSize({c: 'rev_slider_29_1',rl:[1240,1024,778,480],el:[],gw:[998],gh:[300],type:'standard',justify:'',layout:'fullwidth',mh:\"0\"});if (window.RS_MODULES!==undefined && window.RS_MODULES.modules!==undefined && window.RS_MODULES.modules[\"revslider291\"]!==undefined) {window.RS_MODULES.modules[\"revslider291\"].once = false;window.revapi29 = undefined;if (window.RS_MODULES.checkMinimal!==undefined) window.RS_MODULES.checkMinimal()}\n\t\t\t\t<\/script>\n\t\t\t<\/rs-module-wrap>\n\t\t\t<!-- END REVOLUTION SLIDER -->\n\n\n<div class=\"row\">\n<div class=\"gl_space_page\">\n\n\t<div class=\"col-md-8\">\n<div class=\"gl_space_pageleft\">\n<div class=\"gl_h2big\">Das intelligente und benutzerfreundliche Herz von ENAiKOON<\/div>\ninViu ist eine hochsichere, internet-basierte Applikation, die Ihre Telematik-Daten mit absolut genauer Pr\u00e4zision erfasst und weiterverarbeitet. inViu wurde in Deutschland entwickelt und wird von Servern in Deutschland gehostet.\n<div>&nbsp;<\/div>\n<div class=\"gl_h3big\">Das ENAiKOON inViu System &#8211; immer die richtige L\u00f6sung!<\/div>\nENAiKOON bietet ein gro\u00dfes &#8222;Baukasten-System&#8220;, mit dem jede Anforderung erf\u00fcllt werden kann. Mit der richtigen Beratung und Auswahl wird Ihre L\u00f6sung wie aus einem Guss ma\u00dfgeschneidert.\n<div>&nbsp;<\/div>\n<div class=\"clearfix\">\n<div><a href=\"https:\/\/www.enaikoon.com\/de\/software-de\/inviu-web\/\" title=\"inViu web: das schnelle, einfache Webportal f\u00fcr jedermann\"><img decoding=\"async\" src=\"https:\/\/www.enaikoon.com\/wp-content\/uploads\/2016\/07\/inViu-web.png\" alt=\"inViu web: das schnelle, einfache Webportal f\u00fcr jedermann\" border=\"0\" align=\"left\"><\/a><\/div>\n<div class=\"gl_software_inViuweb\">\nSie legen Wert auf die aktuellste GPS-Position und m\u00f6chten immer einen schnellen \u00dcberblick \u00fcber Ihre Trackables haben?\n<a href=\"https:\/\/www.enaikoon.com\/de\/software-de\/inviu-web\/\" title=\"inViu web - das einfache, schnelle Webportal f\u00fcr Jedermann\">inViu web<\/a> ist das schnelle und einfache Webportal<\/div>\n<\/div>\n<div>&nbsp;<\/div>\n<div class=\"clearfix\">\n<div><a href=\"https:\/\/www.enaikoon.com\/de\/software-de\/inviu-pro\/\" title=\"inViu pro: das Webportal f\u00fcr den Profi-Anwender\"><img decoding=\"async\" src=\"https:\/\/www.enaikoon.com\/wp-content\/uploads\/2016\/07\/inViu-pro.png\" alt=\"inViu pro: das Webportal f\u00fcr den Profi-Anwender\" border=\"0\" align=\"left\"><\/a><\/div>\n<div class=\"gl_software_inViupro\">Sie ben\u00f6tigen das perfekte Management f\u00fcr Flotten oder Baumaschinen, Tank- oder Temperatur\u00fcberwachung, Auswertung von Betriebsstunden und vieles mehr?\n<a href=\"https:\/\/www.enaikoon.com\/de\/software-de\/inviu-pro\/\" title=\"inViu pro: das Webportal f\u00fcr den Profi-Anwender\">inViu pro<\/a> mit seinen Plugins bietet die richtige L\u00f6sung<\/div>\n<\/div>\n<div>&nbsp;<\/div>\n<div class=\"clearfix\">\n<div class=\"gl_space_top10-inv\"><a href=\"https:\/\/www.enaikoon.com\/de\/apps\/inviu-apps\/\" title=\"inViu routes - die Android App rund um GPS\"><img decoding=\"async\" src=\"https:\/\/www.enaikoon.com\/wp-content\/uploads\/2016\/07\/inViu-routes.png\" alt=\"inViu routes - die Android App rund um GPS\" border=\"0\" align=\"left\"><\/a><\/div>\n<div class=\"gl_software_inViuroutes\">Sie m\u00f6chten Ihre mobilen Mitarbeiter orten und die Positionsdaten und weitere Informationen in inViu web oder inViu pro anzeigen und auswerten?\n<a href=\"https:\/\/www.enaikoon.com\/de\/apps\/plugins\/routes\/\" title=\"inViu routes\">inViu routes<\/a> ist die perfekte Smartphone-App<\/div>\n<\/div>\n<div>&nbsp;<\/div>\n<div>Tausende von Gesch\u00e4ftskunden weltweit schenken ENAiKOON und <a href=\"https:\/\/www.enaikoon.com\/de\/software-de\/inviu-pro\/\" title=\"inViu\">inViu<\/a> ihr Vertrauen. Erfahren Sie mehr \u00fcber uns anhand von <a href=\"https:\/\/www.enaikoon.com\/de\/loesungen\/testimonials\/baumaschinen-vermietung\/\" title=\"Fallbeispiele\">Fallbeispielen<\/a>.<\/div>\n<\/div>\n<\/div>\n\n<div class=\"col-md-4\">\n<div class=\"gl_space_pageright\">\n<div><a rel=\"nofollow\" href=\"https:\/\/www.enaikoon.com\/wp-content\/uploads\/2016\/07\/App_Screen_04.jpg\" title=\"ENAiKOON inViu\"><img decoding=\"async\" src=\"https:\/\/www.enaikoon.com\/wp-content\/uploads\/2016\/07\/inViu.jpg\" alt=\"\" border=\"0\"><\/a><\/div>\n<h3>Von jetzt an sachkundige Entscheidungen treffen<\/h3>\n<ul class=\"gl_space_ul\" type=\"square\">\n \t<li class=\"gl_space_li\">Keine Software-Installation &#8211; keine Ausfallzeiten<\/li>\n \t<li class=\"gl_space_li\">Zeitnahe Mobilfunk\u00fcbertragung &#8211; keine Wartezeiten<\/li>\n \t<li class=\"gl_space_li\">Datenabruf \u00fcber jeden Webbrowser &#8211; ob PC oder Smartphone<\/li>\n \t<li class=\"gl_space_li\">Exportieren und integrieren Sie Ihre Daten in weitere Backend-Applikationen<\/li>\n<\/ul>\n<div><a class=\"gl_button_blue\" href=\"https:\/\/www.enaikoon.com\/de\/kontakt\/kontakt\/\">Sprechen Sie uns an<\/a><\/div>\n<div><a class=\"gl_button_yellow\" href=\"https:\/\/www.enaikoon.com\/de\/kontakt\/unsere-experten\/\">Buchen Sie eine Beratung<\/a><\/div>\n<div class=\"gl_space_top10\">Um das Webportal inViu pro zu erleben bitte auf nachstehende Schaltfl\u00e4che und dann auf &#8222;Demo&#8220; \u00fcber dem Anmeldefeld klicken.<\/div>\n<div><a class=\"gl_button_yellow\" rel=\"nofollow\" href=\"https:\/\/sso.enaikoon.de\/SSOServer\/?locale=de&amp;demo=1\" target=\"_blank\">inViu pro demo<\/a><\/div>\n<\/div>\n<\/div>\n<div class=\"gl_row_space\"><\/div>\n<div class=\"gl_line\"><\/div>\n<div class=\"col-md-4\">\n<div class=\"gl_h2big\"><a href=\"https:\/\/www.enaikoon.com\/de\/software-de\/inviu-web\/\">inViu web<\/a><\/div>\n<div>Das innovative Portal inViu web \u00fcberzeugt mit funktionalem Design, einer einfachen und intuitiven Bedienung und der Vernetzung mit allen <a href=\"https:\/\/www.enaikoon.com\/de\/geraete\/\" title=\"Ger\u00e4ten\">Ger\u00e4ten<\/a> und <a href=\"https:\/\/www.enaikoon.com\/de\/apps\/plugins\/routes\/\" title=\"inViu routes\">inViu routes<\/a>.<\/div>\n<div class=\"gl_space_top15\">Die aktuelle Position der Trackables wird mit einem konfigurierbaren Pushpin auf der Online-Landkarte angezeigt, auf Knopfdruck auch die letzten 100 Positionsmeldungen. Geofence-Verwaltung und -alarmierung komplettieren die Basisfunktionen.<\/div>\n<\/div>\n\n<div class=\"col-md-4\">\n<div class=\"gl_h2big\"><a href=\"https:\/\/www.enaikoon.com\/de\/software-de\/inviu-pro\/\">inViu pro<\/a><\/div>\n<div>inViu pro bietet neben den Standard-Features wie Ortung, Routen und Geofence-\u00dcberwachung eine F\u00fclle an M\u00f6glichkeiten. Mit inViu pro und seinen Plugins <a href=\"https:\/\/www.enaikoon.com\/de\/software-de\/plugins\/staff-tracker\/\" title=\"staff-tracker\">staff-tracker<\/a>, <a href=\"https:\/\/www.enaikoon.com\/de\/software-de\/plugins\/fuel-tracker\/\" title=\"fuel-tracker\">fuel-tracker<\/a>, <a href=\"https:\/\/www.enaikoon.com\/de\/software-de\/plugins\/reifenuberwachung\/\" title=\"tire-monitor-system\">tire-monitor-system<\/a>, <a href=\"https:\/\/www.enaikoon.com\/de\/software-de\/plugins\/can-66\/\" title=\"can-66\">can-66<\/a>, <a href=\"https:\/\/www.enaikoon.com\/de\/software-de\/plugins\/limit-checker\/\" title=\"limit-checker\">limit-checker<\/a>, <a href=\"https:\/\/www.enaikoon.com\/de\/software-de\/plugins\/messenger\/\" title=\"messenger\">messenger<\/a>, <a href=\"https:\/\/www.enaikoon.com\/de\/software-de\/plugins\/temp-checker\/\" title=\"temp-checker\">temp-checker<\/a> oder <a href=\"https:\/\/www.enaikoon.com\/de\/software-de\/plugins\/tour-checker\/\" title=\"tour-checker\">tour-checker<\/a> finden Sie immer die richtige L\u00f6sung.<\/div>\n<div>&nbsp;<\/div>\n<div>Vernetzen Sie inViu pro, unsere <a href=\"https:\/\/www.enaikoon.com\/de\/geraete\/\" title=\"Ger\u00e4te\">Ger\u00e4te<\/a> und die App <a href=\"https:\/\/www.enaikoon.com\/de\/apps\/plugins\/routes\/\" title=\"inViu routes\">inViu routes<\/a> zu einer perfekten Komplett-L\u00f6sung f\u00fcr Ihre Anwendung. Informieren Sie sich und lassen Sie sich von uns beraten.<\/div>\n<\/div>\n\n<div class=\"col-md-4\">\n<div class=\"gl_h2big\"><a href=\"https:\/\/www.enaikoon.com\/de\/apps\/inviu-apps\/\">inViu routes<\/a><\/div>\n<div>inViu routes kann mehr als mit einem Smartphone GPS-Positionen aufzeichnen. Die Positionsdaten werden zum inViu Server gesendet und im inViu web oder inViu pro angezeigt und ausgewertet &#8211; genauso wie bei einem Ortungsmodul.<\/div>\n<div>&nbsp;<\/div>\n<div>Nutzen Sie die App ebenso als mobile Variante von inViu web oder inViu pro und haben Sie die aktuellen Positionen Ihrer <a href=\"https:\/\/www.enaikoon.com\/de\/blog\/\" title=\"Was ist ein Trackable?\">Trackables<\/a> auf der integrierten Landkarte immer im Blick.<\/div>\n<div>&nbsp;<\/div>\n<\/div>\n<div class=\"gl_row_space\"><\/div>\n<div>&nbsp;<\/div>\n<div class=\"col-md-4\">\n<div><img decoding=\"async\" src=\"https:\/\/www.enaikoon.com\/wp-content\/uploads\/2016\/07\/2e8ec0a4a9.png\" alt=\"\" border=\"0\" align=\"left\"><img decoding=\"async\" src=\"https:\/\/www.enaikoon.com\/wp-content\/uploads\/2016\/07\/2ddf9a36b1.png\" class=\"gl_space_left10\" alt=\"\" border=\"0\" align=\"left\"><img decoding=\"async\" src=\"https:\/\/www.enaikoon.com\/wp-content\/uploads\/2016\/07\/d535dae36a.png\" class=\"gl_space_left10\" alt=\"\" border=\"0\" align=\"left\"><img decoding=\"async\" src=\"https:\/\/www.enaikoon.com\/wp-content\/uploads\/2016\/07\/8c4beb49a0.png\" class=\"gl_space_left10\" alt=\"\" border=\"0\" align=\"left\"><img decoding=\"async\" src=\"https:\/\/www.enaikoon.com\/wp-content\/uploads\/2016\/07\/b1a55eeef1.png\" class=\"gl_space_left10\" alt=\"\" border=\"0\" align=\"left\"><img decoding=\"async\" src=\"https:\/\/www.enaikoon.com\/wp-content\/uploads\/2016\/07\/17eda6e6a0.png\" class=\"gl_space_left10\" alt=\"\" border=\"0\" align=\"left\"><\/div>\n<\/div>\n\n<div class=\"col-md-4\">\n<div class=\"clearfix\">\n<div class=\"gl_space_left50\"><a href=\"https:\/\/www.enaikoon.com\/de\/software-de\/plugins\/staff-tracker\/\" title=\"staff-tracker\"><img decoding=\"async\" src=\"https:\/\/www.enaikoon.com\/wp-content\/uploads\/2016\/07\/fb304c3517.png\" alt=\"\" border=\"0\" align=\"left\"><\/a><a href=\"https:\/\/www.enaikoon.com\/de\/software-de\/plugins\/fuel-tracker\/\" title=\"fuel-tracker\"><img decoding=\"async\" src=\"https:\/\/www.enaikoon.com\/wp-content\/uploads\/2016\/07\/f3b9041571.png\" class=\"gl_space_left15\" alt=\"\" border=\"0\" align=\"left\"><\/a><a href=\"https:\/\/www.enaikoon.com\/de\/software-de\/plugins\/reifenuberwachung\/\" title=\"tire-monitor-system\"><img decoding=\"async\" src=\"https:\/\/www.enaikoon.com\/wp-content\/uploads\/2016\/07\/b2c11ca25d.png\" class=\"gl_space_left15\" alt=\"\" border=\"0\" align=\"left\"><\/a><a href=\"https:\/\/www.enaikoon.com\/de\/software-de\/plugins\/can-66\/\" title=\"can-66\"><img decoding=\"async\" src=\"https:\/\/www.enaikoon.com\/wp-content\/uploads\/2016\/07\/9abc6ef630.png\" class=\"gl_space_left15\" alt=\"\" border=\"0\" align=\"left\"><\/a><\/div>\n<\/div>\n<div class=\"gl_space_top10\"><\/div>\n<div class=\"clearfix\">\n<div class=\"gl_space_left50\"><a href=\"https:\/\/www.enaikoon.com\/de\/software-de\/plugins\/limit-checker\/\" title=\"limit-checker\"><img decoding=\"async\" src=\"https:\/\/www.enaikoon.com\/wp-content\/uploads\/2016\/07\/55dc342593.png\" border=\"0\" align=\"left\"><\/a><a href=\"https:\/\/www.enaikoon.com\/de\/software-de\/plugins\/messenger\/\" title=\"messenger\"><img decoding=\"async\" src=\"https:\/\/www.enaikoon.com\/wp-content\/uploads\/2016\/07\/30f654127e.png\" class=\"gl_space_left15\" alt=\"\" border=\"0\" align=\"left\"><\/a><a href=\"https:\/\/www.enaikoon.com\/de\/software-de\/plugins\/temp-checker\/\" title=\"temp-checker\"><img decoding=\"async\" src=\"https:\/\/www.enaikoon.com\/wp-content\/uploads\/2016\/07\/941c876d4b.png\" class=\"gl_space_left15\" alt=\"\" border=\"0\" align=\"left\"><\/a><a href=\"https:\/\/www.enaikoon.com\/de\/software-de\/plugins\/tour-checker\/\" title=\"tour-checker\"><img decoding=\"async\" src=\"https:\/\/www.enaikoon.com\/wp-content\/uploads\/2016\/07\/007b6fe07c.png\" class=\"gl_space_left15\" alt=\"\" border=\"0\" align=\"left\"><\/a><\/div>\n<\/div>\n<\/div>\n\n<div class=\"col-md-4\">\n<div class=\"gl_space_left10\">\n\n<a href=\"https:\/\/www.enaikoon.com\/de\/apps\/plugins\/routes\/\" title=\"routes\"><img decoding=\"async\" src=\"https:\/\/www.enaikoon.com\/wp-content\/uploads\/2016\/07\/fc883d2141.jpg\" alt=\"\" border=\"0\" align=\"left\"><\/a><\/div>\n<\/div>\n<div class=\"gl_row_space\"><\/div>\n<div class=\"gl_line\"><\/div>\n<div class=\"col-md-4\">\n<div class=\"clearfix\">\n<div class=\"image_center\"><a href=\"https:\/\/www.enaikoon.com\/de\/willkommen\/enaikoon-id\/\" title=\"Login mit der sicheren ENAiKOON iD\"><img decoding=\"async\" src=\"https:\/\/www.enaikoon.com\/wp-content\/uploads\/2016\/07\/LogIn_64.png\" alt=\"Login mit der sicheren ENAiKOON iD\" border=\"0\"><\/a><\/div>\n<\/div>\n<div class=\"gl_h4big\"><a href=\"https:\/\/www.enaikoon.com\/de\/willkommen\/enaikoon-id\/\">inViu Zugang<\/a><\/div>\n<div>Ohne Software-Installation k\u00f6nnen Sie direkt auf inViu zugreifen. Ob mit dem Webbrowser oder Handy. <a rel=\"nofollow\" href=\"https:\/\/testsso.enaikoon.de\/SSOServer\/\" target=\"_blank\" title=\"Registrieren Sie sich f\u00fcr Ihre ENAiKOON iD\">Holen Sie sich jetzt Ihre ENAiKOON iD<\/a>.<\/div>\n<\/div>\n\n<div class=\"col-md-4\">\n<div class=\"clearfix\">\n<div class=\"image_center\"><a href=\"https:\/\/www.enaikoon.com\/de\/kontakt\/testsystem-bestellen\/\" title=\"Fordern Sie Ihre kostenlose Testversion an!\"><img decoding=\"async\" src=\"https:\/\/www.enaikoon.com\/wp-content\/uploads\/2016\/07\/Try-n-Buy-icon_11.png\" alt=\"Fordern Sie Ihre kostenlose Testversion an!\" border=\"0\"><\/a><\/div>\n<\/div>\n<div class=\"gl_h4big\"><a href=\"https:\/\/www.enaikoon.com\/de\/kontakt\/testsystem-bestellen\/\">Jetzt Testen!<\/a><\/div>\n<div>Unsere inViu Demo ist Ihr erster Schritt zu einer kompletten ENAiKOON-L\u00f6sung. <a href=\"https:\/\/www.enaikoon.com\/de\/kontakt\/testsystem-bestellen\/\">Fordern Sie Ihre kostenlose Testversion an!<\/a><\/div>\n<\/div>\n\n<div class=\"col-md-4\">\n<div class=\"clearfix\">\n<div class=\"image_center\"><a href=\"https:\/\/www.enaikoon.com\/de\/kontakt\/unsere-experten\/\" title=\"Einen R\u00fcckruf buchen\"><img decoding=\"async\" src=\"https:\/\/www.enaikoon.com\/wp-content\/uploads\/2016\/07\/Callback-icon_23.png\" alt=\"Einen R\u00fcckruf buchen\" border=\"0\"><\/a><\/div>\n<\/div>\n<div class=\"clearfix\">\n<div class=\"gl_h4big\"><a href=\"https:\/\/www.enaikoon.com\/de\/kontakt\/unsere-experten\/\">Einen R\u00fcckruf buchen<\/a><\/div>\n<div>Voller Terminkalender? Unsere Experten rufen Sie gerne zur\u00fcck, <a href=\"https:\/\/www.enaikoon.com\/de\/kontakt\/unsere-experten\/\">wann immer es passt&#8230;<\/a><\/div>\n<\/div>\n<\/div>\n\n<\/div>\n<div class=\"gl_space_pagebot\">&nbsp;<\/div>\n<\/div>","protected":false},"excerpt":{"rendered":"","protected":false},"author":7,"featured_media":0,"parent":0,"menu_order":0,"comment_status":"closed","ping_status":"closed","template":"","meta":{"footnotes":""},"acf":[],"_links":{"self":[{"href":"https:\/\/www.enaikoon.com\/de\/wp-json\/wp\/v2\/pages\/3758"}],"collection":[{"href":"https:\/\/www.enaikoon.com\/de\/wp-json\/wp\/v2\/pages"}],"about":[{"href":"https:\/\/www.enaikoon.com\/de\/wp-json\/wp\/v2\/types\/page"}],"author":[{"embeddable":true,"href":"https:\/\/www.enaikoon.com\/de\/wp-json\/wp\/v2\/users\/7"}],"replies":[{"embeddable":true,"href":"https:\/\/www.enaikoon.com\/de\/wp-json\/wp\/v2\/comments?post=3758"}],"version-history":[{"count":21,"href":"https:\/\/www.enaikoon.com\/de\/wp-json\/wp\/v2\/pages\/3758\/revisions"}],"predecessor-version":[{"id":17431,"href":"https:\/\/www.enaikoon.com\/de\/wp-json\/wp\/v2\/pages\/3758\/revisions\/17431"}],"wp:attachment":[{"href":"https:\/\/www.enaikoon.com\/de\/wp-json\/wp\/v2\/media?parent=3758"}],"curies":[{"name":"wp","href":"https:\/\/api.w.org\/{rel}","templated":true}]}}