{"id":3753,"date":"2016-07-18T03:49:21","date_gmt":"2016-07-18T03:49:21","guid":{"rendered":"https:\/\/www.enaikoon.com\/?page_id=3753"},"modified":"2016-08-09T08:00:49","modified_gmt":"2016-08-09T08:00:49","slug":"sicherheit-und-diebstahlschutz","status":"publish","type":"page","link":"https:\/\/www.enaikoon.com\/de\/loesungen\/testimonials\/sicherheit-und-diebstahlschutz\/","title":{"rendered":"Sicherheit und Diebstahlschutz"},"content":{"rendered":"<div class=\"gl_slide_scroll_box\">\r\n\t<div class=\"gl_scroll_box\">\r\n <noindex><\/noindex>        <ul>\r\n            <li><a class=\"gl_scroll_link_title\" href=\"https:\/\/www.enaikoon.com\/de\/loesungen\/testimonials\/baumaschinen-vermietung\/\" target=\"_self\" title=\"Baumaschinen-Vermietung\" >Baumaschinen-<br>Vermietung<\/a><br\/>\r\n            <a href=\"https:\/\/www.enaikoon.com\/de\/loesungen\/testimonials\/baumaschinen-vermietung\/\" target=\"_self\" title=\"Baumaschinen-Vermietung\" ><img decoding=\"async\" class=\"gl_scroll_link_img\" src=\"https:\/\/www.enaikoon.com\/wp-content\/uploads\/2016\/07\/case_construction_equipment.png\" border=\"0\" alt=\"\"><\/a><\/li>\r\n            \r\n            <li><a class=\"gl_scroll_link_title\" href=\"https:\/\/www.enaikoon.com\/de\/loesungen\/testimonials\/kraftstoff-diebstahl\/\" target=\"_self\" title=\"Kraftstoff-Diebstahl\">Kraftstoff-<br>Diebstahl<\/a><br\/>\r\n            <a  href=\"https:\/\/www.enaikoon.com\/de\/loesungen\/testimonials\/kraftstoff-diebstahl\/\" target=\"_self\" title=\"Kraftstoff-Diebstahl\"><img decoding=\"async\" class=\"gl_scroll_link_img\" src=\"https:\/\/www.enaikoon.com\/wp-content\/uploads\/2016\/07\/case_fuel_theft.png\" border=\"0\" alt=\"\"><\/a><\/li>\r\n            \r\n            <li><a class=\"gl_scroll_link_title\" href=\"https:\/\/www.enaikoon.com\/de\/loesungen\/testimonials\/waechter-kontrollsystem\/\" target=\"_self\" title=\"W\u00e4chter-Kontrollsystem\">W\u00e4chter-<br>Kontrollsystem<\/a><br\/>\r\n            <a href=\"https:\/\/www.enaikoon.com\/de\/loesungen\/testimonials\/waechter-kontrollsystem\/\" target=\"_self\" title=\"W\u00e4chter-Kontrollsystem\"><img decoding=\"async\" class=\"gl_scroll_link_img\" src=\"https:\/\/www.enaikoon.com\/wp-content\/uploads\/2016\/07\/case_guard_tour.png\" border=\"0\" alt=\"\"><\/a><\/li>\r\n            \r\n            <li><a class=\"gl_scroll_link_title\"  href=\"https:\/\/www.enaikoon.com\/de\/loesungen\/testimonials\/ortung-und-routen-mittels-handy-app\/\" target=\"_self\" title=\"GPS Ortung per Handy\">Ortung und Routen <br>mittels Handy-App<\/a><br\/>\r\n            <a href=\"https:\/\/www.enaikoon.com\/de\/loesungen\/testimonials\/ortung-und-routen-mittels-handy-app\/\" target=\"_self\" title=\"GPS Ortung per Handy\"><img decoding=\"async\" class=\"gl_scroll_link_img\" src=\"https:\/\/www.enaikoon.com\/wp-content\/uploads\/2016\/07\/case_mobile.png\" border=\"0\" alt=\"\"><\/a><\/li>\r\n            \r\n            <li><a class=\"gl_scroll_link_title\" href=\"https:\/\/www.enaikoon.com\/de\/loesungen\/testimonials\/flottentelematik-mit-kuehlkette\/\" target=\"_self\" title=\"Flottentelematik mit K\u00fchlkette\">Flottentelematik mit<br>K\u00fchlkette<\/a><br\/>\r\n            <a href=\"https:\/\/www.enaikoon.com\/de\/loesungen\/testimonials\/flottentelematik-mit-kuehlkette\/\" target=\"_self\" title=\"Flottentelematik mit K\u00fchlkette\"><img decoding=\"async\" class=\"gl_scroll_link_img\" src=\"https:\/\/www.enaikoon.com\/wp-content\/uploads\/2016\/07\/case_cold_chain.png\" border=\"0\" alt=\"\"><\/a><\/li>\r\n             \r\n              <li><a class=\"gl_scroll_link_title\" href=\"https:\/\/www.enaikoon.com\/de\/loesungen\/testimonials\/treibstoff-sparen-mit-can-bus-auswertung\/\" target=\"_self\" title=\"Treibstoff sparen mit CAN-Bus Auswertung\">Treibstoff sparen mit<br>CAN-Bus Auswertung<\/a><br\/>\r\n             <a  href=\"https:\/\/www.enaikoon.com\/de\/loesungen\/testimonials\/treibstoff-sparen-mit-can-bus-auswertung\/\" target=\"_self\" title=\"Treibstoff sparen mit CAN-Bus Auswertung\"><img decoding=\"async\" class=\"gl_scroll_link_img\" src=\"https:\/\/www.enaikoon.com\/wp-content\/uploads\/2016\/07\/case_CAN_bus.png\" border=\"0\" alt=\"\"><\/a><\/li>\r\n             \r\n             <li><a class=\"gl_scroll_link_title\"  href=\"https:\/\/www.enaikoon.com\/de\/loesungen\/testimonials\/baumaschinen-management\/\" target=\"_self\" title=\"Baumaschinen-Management\">Baumaschinen-<br>Management<\/a><br\/>\r\n\t\t\t<a href=\"https:\/\/www.enaikoon.com\/de\/loesungen\/testimonials\/baumaschinen-management\/\" target=\"_self\" title=\"Baumaschinen-Management\"><img decoding=\"async\" class=\"gl_scroll_link_img\" src=\"https:\/\/www.enaikoon.com\/wp-content\/uploads\/2016\/07\/case_construction_asset.png\" border=\"0\" alt=\"\"><\/a><\/li>\r\n             \r\n             <li><a class=\"gl_scroll_link_title\" href=\"https:\/\/www.enaikoon.com\/de\/loesungen\/testimonials\/disposition-und-koordination\/\" target=\"_self\" title=\"Disposition und Koordination\">Disposition und <br\/>Koordination<\/a><br\/>\r\n             <a href=\"https:\/\/www.enaikoon.com\/de\/loesungen\/testimonials\/disposition-und-koordination\/\" target=\"_self\" title=\"Disposition und Koordination\"><img decoding=\"async\" class=\"gl_scroll_link_img\" src=\"https:\/\/www.enaikoon.com\/wp-content\/uploads\/2016\/07\/case_fleet_dispatching.png\" border=\"0\" alt=\"\"><\/a><\/li>\r\n             \r\n             <li><a class=\"gl_scroll_link_title\" href=\"https:\/\/www.enaikoon.com\/de\/loesungen\/testimonials\/container-management\/\" target=\"_self\" title=\"Container-Management\">Container-<br>Management<\/a><br\/>\r\n\t\t\t<a  href=\"https:\/\/www.enaikoon.com\/de\/loesungen\/testimonials\/container-management\/\" target=\"_self\" title=\"Container-Management\"><img decoding=\"async\" class=\"gl_scroll_link_img\" src=\"https:\/\/www.enaikoon.com\/wp-content\/uploads\/2016\/07\/case_GPS.png\" border=\"0\"  title=\"GPS container tracking\" alt=\"\"><\/a><\/li>\r\n             \r\n             <li><a class=\"gl_scroll_link_title\" href=\"https:\/\/www.enaikoon.com\/de\/loesungen\/testimonials\/aufklaerung-von-holzdiebstahl\/\" target=\"_self\" title=\"Aufkl\u00e4rung von Holzdiebstahl\">Aufkl\u00e4rung von <br\/>Holzdiebstahl<\/a><br\/>\r\n             <a href=\"https:\/\/www.enaikoon.com\/de\/loesungen\/testimonials\/aufklaerung-von-holzdiebstahl\/\" target=\"_self\" title=\"Aufkl\u00e4rung von Holzdiebstahl\"><img decoding=\"async\" class=\"gl_scroll_link_img\" src=\"https:\/\/www.enaikoon.com\/wp-content\/uploads\/2016\/07\/case_timber_theft.png\" border=\"0\" alt=\"\"><\/a><\/li>\r\n             \r\n             <li><a class=\"gl_scroll_link_title\" href=\"https:\/\/www.enaikoon.com\/de\/loesungen\/testimonials\/service-management\/\" target=\"_self\" title=\"Service-Management\">Service-<br>Management<\/a><br\/>\r\n             <a href=\"https:\/\/www.enaikoon.com\/de\/loesungen\/testimonials\/service-management\/\" target=\"_self\" title=\"Service-Management\"><img decoding=\"async\" class=\"gl_scroll_link_img\" src=\"https:\/\/www.enaikoon.com\/wp-content\/uploads\/2016\/07\/case_fleet_maintenance.png\" border=\"0\" alt=\"\"><\/a><\/li>\r\n             \r\n             <li><a class=\"gl_scroll_link_title\" href=\"https:\/\/www.enaikoon.com\/de\/loesungen\/testimonials\/sicherheit-und-diebstahlschutz\/\" target=\"_self\" title=\"Sicherheit und Diebstahlschutz\">Sicherheit und<br>Diebstahlschutz<\/a><br\/>\r\n             <a href=\"https:\/\/www.enaikoon.com\/de\/loesungen\/testimonials\/sicherheit-und-diebstahlschutz\/\" target=\"_self\" title=\"Sicherheit und Diebstahlschutz\"><img decoding=\"async\" class=\"gl_scroll_link_img_active\" src=\"https:\/\/www.enaikoon.com\/wp-content\/uploads\/2016\/07\/case_security.png\" border=\"0\" alt=\"\"><\/a><\/li>\r\n             \r\n             <li><a class=\"gl_scroll_link_title\" href=\"https:\/\/www.enaikoon.com\/de\/loesungen\/testimonials\/logistik-planung\/\" target=\"_self\" title=\"Logistikplanung\">Logistik-<br>planung<\/a><br\/><a  href=\"https:\/\/www.enaikoon.com\/de\/loesungen\/testimonials\/logistik-planung\/\" target=\"_self\" title=\"Logistikplanung\"><img decoding=\"async\" class=\"gl_scroll_link_img\" src=\"https:\/\/www.enaikoon.com\/wp-content\/uploads\/2016\/07\/case_logistics.png\" border=\"0\" alt=\"\"><\/a><\/li>\r\n          <\/ul>\r\n\r\n    <\/div>\r\n<\/div>\r\n\r\n\r\n<div class=\"row\">\r\n\r\n<div class=\"gl_border-page\">\r\n\t\t\r\n\t\t\r\n\t\t<div class=\"col-md-4\">\r\n\t\r\n     <div class=\"gl_h2big\">Sicherheit und Diebstahlschutz<\/div>\r\n    <img decoding=\"async\" class=\"gl_space_top5\" src=\"https:\/\/www.enaikoon.com\/wp-content\/uploads\/2016\/07\/security-inactive_11.png\" alt=\"ENAiKOON hat die richtige L\u00f6sung f\u00fcr mehr Sicherheit\" title=\"ENAiKOON hat die richtige L\u00f6sung f\u00fcr mehr Sicherheit\" >\r\n    <div class=\"gl_h4big\"><br\/>Unternehmen<\/div>\r\n    <p>Helene-Spielhallen GmbH <br>\r\n(Vulkan Stern), Berlin<br>\r\n<em>Pawel Resser, Project Manager<\/em><\/p>\r\n    <div class=\"gl_space_top15\"><\/div>\r\n    <div class=\"gl_h4big\">Hintergrund<\/div>\r\n    <p >Das Unternehmen Helene Spielhallen betreibt in Berlin und Umgebung sehr erfolgreich Automatencasinos unter dem eingetragenen Namen Vulkan Stern.<\/p>\r\n\t\t\t\r\n\t\t<\/div>\r\n\t\t\r\n\t\t<div class=\"col-md-4\">\r\n\t\t <div class=\"gl_space_right5\">\r\n\t\t <div class=\"gl_h4big\">Problem<\/div>\r\n    <p>Im letzten dreiviertel Jahr sind vier gr\u00f6\u00dfere Autos geklaut worden. Der Diebstahl bedeutet f\u00fcr das Unternehmen einen gro\u00dfen finanziellen Verlust.\r\n<\/p>\r\n<div class=\"gl_space_top15\"><\/div>\r\n    <div class=\"gl_h4big\">L\u00f6sung<\/div>\r\n    <p>In drei\u00dfig Autos wurde nach den Diebst\u00e4hlen das Telematikmodul ENAiKOON locate-04 fest eingebaut. Wichtig war nat\u00fcrlich die Live-\u00dcberwachung und Lokalisierung des Standorts \u00fcber das Internet. Als ein weiteres Fahrzeug gestohlen wurde, reichte ein Blick ins ENAiKOON Webportal. Der Rest war Sache der Polizei. &#34;Ohne die Telematikl\u00f6sung von ENAiKOON h\u00e4tten wir den Wagen nicht wieder erhalten und w\u00e4ren auf dem Schaden sitzen geblieben.&#34;\r\n<\/p>\r\n   \r\n\t\t<\/div>\r\n\t\t<\/div>\r\n\t\t\r\n\t\t<div class=\"col-md-4\">\r\n\r\n\t\t<div class=\"gl_h4big\">Fazit<\/div>\r\n    <p class=\"gl_space_right10\">Tja, der Dieb bleibt leider unerkannt, aber das Auto ist wieder wohlbehalten auf dem Firmenhof. Diese Investition hat sich f\u00fcr die Firma schon lange bezahlt gemacht. In der Zwischenzeit wurden noch weitere Fahrzeuge ausgestattet um auf der sicheren Seite zu sein. \r\n<\/p>\r\n<div class=\"gl_space_top15\"><\/div>\r\n    <div><a class=\"gl_button_grey\"  href=\"https:\/\/www.enaikoon.com\/de\/ressourcen\/branchen-themenblaetter\/\">Weitere Branchenbl\u00e4tter<\/a> <\/div>\r\n    <div><a class=\"gl_button_blue\" href=\"https:\/\/www.enaikoon.com\/de\/kontakt\/kontakt\/\">Sprechen Sie uns an<\/a> <\/div>\r\n<div class=\"gl_space_top15\"><\/div>\r\n    <p>Die folgenden Ger\u00e4te, Zubeh\u00f6rteile, Applikationen und Plugins werden f\u00fcr diese L\u00f6sung ben\u00f6tigt:<\/p>\r\n    \r\n \t <div><a class=\"gl_button_yellow\"  href=\"https:\/\/www.enaikoon.com\/de\/software-de\/inviu-web\/\">inViu web<\/a> <\/div>\r\n     <div><a class=\"gl_button_yellow\"  href=\"https:\/\/www.enaikoon.com\/de\/geraete\/locate-serie\/locate-04\/\">locate-04<\/a> <\/div>\r\n     <div><a class=\"gl_button_yellow\"  href=\"https:\/\/www.enaikoon.com\/de\/geraete\/zubehoer\/antenna\/\">antenna<\/a> <\/div>\r\n     <div><a class=\"gl_button_yellow\"  href=\"https:\/\/www.enaikoon.com\/de\/geraete\/zubehoer\/sim-card\/\">sim-card<\/a> <\/div>\r\n  <\/div>\t\r\n\t\t\r\n\t\t<div class=\"gl_row_space\"><\/div>\r\n\t<\/div>\r\n<\/div>","protected":false},"excerpt":{"rendered":"<p> [&hellip;]<\/p>\n","protected":false},"author":7,"featured_media":0,"parent":3715,"menu_order":0,"comment_status":"closed","ping_status":"closed","template":"","meta":{"footnotes":""},"acf":[],"_links":{"self":[{"href":"https:\/\/www.enaikoon.com\/de\/wp-json\/wp\/v2\/pages\/3753"}],"collection":[{"href":"https:\/\/www.enaikoon.com\/de\/wp-json\/wp\/v2\/pages"}],"about":[{"href":"https:\/\/www.enaikoon.com\/de\/wp-json\/wp\/v2\/types\/page"}],"author":[{"embeddable":true,"href":"https:\/\/www.enaikoon.com\/de\/wp-json\/wp\/v2\/users\/7"}],"replies":[{"embeddable":true,"href":"https:\/\/www.enaikoon.com\/de\/wp-json\/wp\/v2\/comments?post=3753"}],"version-history":[{"count":9,"href":"https:\/\/www.enaikoon.com\/de\/wp-json\/wp\/v2\/pages\/3753\/revisions"}],"predecessor-version":[{"id":7602,"href":"https:\/\/www.enaikoon.com\/de\/wp-json\/wp\/v2\/pages\/3753\/revisions\/7602"}],"up":[{"embeddable":true,"href":"https:\/\/www.enaikoon.com\/de\/wp-json\/wp\/v2\/pages\/3715"}],"wp:attachment":[{"href":"https:\/\/www.enaikoon.com\/de\/wp-json\/wp\/v2\/media?parent=3753"}],"curies":[{"name":"wp","href":"https:\/\/api.w.org\/{rel}","templated":true}]}}