{"id":3745,"date":"2016-07-18T03:40:50","date_gmt":"2016-07-18T03:40:50","guid":{"rendered":"https:\/\/www.enaikoon.com\/?page_id=3745"},"modified":"2016-08-09T07:56:23","modified_gmt":"2016-08-09T07:56:23","slug":"disposition-und-koordination","status":"publish","type":"page","link":"https:\/\/www.enaikoon.com\/de\/loesungen\/testimonials\/disposition-und-koordination\/","title":{"rendered":"Disposition und Koordination"},"content":{"rendered":"<div class=\"gl_slide_scroll_box\">\r\n\t<div class=\"gl_scroll_box\">\r\n <noindex><\/noindex>        <ul>\r\n            <li><a class=\"gl_scroll_link_title\" href=\"https:\/\/www.enaikoon.com\/de\/loesungen\/testimonials\/baumaschinen-vermietung\/\" target=\"_self\" title=\"Baumaschinen-Vermietung\" >Baumaschinen-<br>Vermietung<\/a><br\/>\r\n            <a href=\"https:\/\/www.enaikoon.com\/de\/loesungen\/testimonials\/baumaschinen-vermietung\/\" target=\"_self\" title=\"Baumaschinen-Vermietung\" ><img decoding=\"async\" class=\"gl_scroll_link_img\" src=\"https:\/\/www.enaikoon.com\/wp-content\/uploads\/2016\/07\/case_construction_equipment.png\" border=\"0\" alt=\"\"><\/a><\/li>\r\n            \r\n            <li><a class=\"gl_scroll_link_title\" href=\"https:\/\/www.enaikoon.com\/de\/loesungen\/testimonials\/kraftstoff-diebstahl\/\" target=\"_self\" title=\"Kraftstoff-Diebstahl\">Kraftstoff-<br>Diebstahl<\/a><br\/>\r\n            <a  href=\"https:\/\/www.enaikoon.com\/de\/loesungen\/testimonials\/kraftstoff-diebstahl\/\" target=\"_self\" title=\"Kraftstoff-Diebstahl\"><img decoding=\"async\" class=\"gl_scroll_link_img\" src=\"https:\/\/www.enaikoon.com\/wp-content\/uploads\/2016\/07\/case_fuel_theft.png\" border=\"0\" alt=\"\"><\/a><\/li>\r\n            \r\n            <li><a class=\"gl_scroll_link_title\" href=\"https:\/\/www.enaikoon.com\/de\/loesungen\/testimonials\/waechter-kontrollsystem\/\" target=\"_self\" title=\"W\u00e4chter-Kontrollsystem\">W\u00e4chter-<br>Kontrollsystem<\/a><br\/>\r\n            <a href=\"https:\/\/www.enaikoon.com\/de\/loesungen\/testimonials\/waechter-kontrollsystem\/\" target=\"_self\" title=\"W\u00e4chter-Kontrollsystem\"><img decoding=\"async\" class=\"gl_scroll_link_img\" src=\"https:\/\/www.enaikoon.com\/wp-content\/uploads\/2016\/07\/case_guard_tour.png\" border=\"0\" alt=\"\"><\/a><\/li>\r\n            \r\n            <li><a class=\"gl_scroll_link_title\"  href=\"https:\/\/www.enaikoon.com\/de\/loesungen\/testimonials\/ortung-und-routen-mittels-handy-app\/\" target=\"_self\" title=\"GPS Ortung per Handy\">Ortung und Routen <br>mittels Handy-App<\/a><br\/>\r\n            <a href=\"https:\/\/www.enaikoon.com\/de\/loesungen\/testimonials\/ortung-und-routen-mittels-handy-app\/\" target=\"_self\" title=\"GPS Ortung per Handy\"><img decoding=\"async\" class=\"gl_scroll_link_img\" src=\"https:\/\/www.enaikoon.com\/wp-content\/uploads\/2016\/07\/case_mobile.png\" border=\"0\" alt=\"\"><\/a><\/li>\r\n            \r\n            <li><a class=\"gl_scroll_link_title\" href=\"https:\/\/www.enaikoon.com\/de\/loesungen\/testimonials\/flottentelematik-mit-kuehlkette\/\" target=\"_self\" title=\"Flottentelematik mit K\u00fchlkette\">Flottentelematik mit<br>K\u00fchlkette<\/a><br\/>\r\n            <a href=\"https:\/\/www.enaikoon.com\/de\/loesungen\/testimonials\/flottentelematik-mit-kuehlkette\/\" target=\"_self\" title=\"Flottentelematik mit K\u00fchlkette\"><img decoding=\"async\" class=\"gl_scroll_link_img\" src=\"https:\/\/www.enaikoon.com\/wp-content\/uploads\/2016\/07\/case_cold_chain.png\" border=\"0\" alt=\"\"><\/a><\/li>\r\n             \r\n              <li><a class=\"gl_scroll_link_title\" href=\"https:\/\/www.enaikoon.com\/de\/loesungen\/testimonials\/treibstoff-sparen-mit-can-bus-auswertung\/\" target=\"_self\" title=\"Treibstoff sparen mit CAN-Bus Auswertung\">Treibstoff sparen mit<br>CAN-Bus Auswertung<\/a><br\/>\r\n             <a  href=\"https:\/\/www.enaikoon.com\/de\/loesungen\/testimonials\/treibstoff-sparen-mit-can-bus-auswertung\/\" target=\"_self\" title=\"Treibstoff sparen mit CAN-Bus Auswertung\"><img decoding=\"async\" class=\"gl_scroll_link_img\" src=\"https:\/\/www.enaikoon.com\/wp-content\/uploads\/2016\/07\/case_CAN_bus.png\" border=\"0\" alt=\"\"><\/a><\/li>\r\n             \r\n             <li><a class=\"gl_scroll_link_title\"  href=\"https:\/\/www.enaikoon.com\/de\/loesungen\/testimonials\/baumaschinen-management\/\" target=\"_self\" title=\"Baumaschinen-Management\">Baumaschinen-<br>Management<\/a><br\/>\r\n\t\t\t<a href=\"https:\/\/www.enaikoon.com\/de\/loesungen\/testimonials\/baumaschinen-management\/\" target=\"_self\" title=\"Baumaschinen-Management\"><img decoding=\"async\" class=\"gl_scroll_link_img\" src=\"https:\/\/www.enaikoon.com\/wp-content\/uploads\/2016\/07\/case_construction_asset.png\" border=\"0\" alt=\"\"><\/a><\/li>\r\n             \r\n             <li><a class=\"gl_scroll_link_title\" href=\"https:\/\/www.enaikoon.com\/de\/loesungen\/testimonials\/disposition-und-koordination\/\" target=\"_self\" title=\"Disposition und Koordination\">Disposition und <br\/>Koordination<\/a><br\/>\r\n             <a href=\"https:\/\/www.enaikoon.com\/de\/loesungen\/testimonials\/disposition-und-koordination\/\" target=\"_self\" title=\"Disposition und Koordination\"><img decoding=\"async\" class=\"gl_scroll_link_img_active\" src=\"https:\/\/www.enaikoon.com\/wp-content\/uploads\/2016\/07\/case_fleet_dispatching.png\" border=\"0\" alt=\"\"><\/a><\/li>\r\n             \r\n             <li><a class=\"gl_scroll_link_title\" href=\"https:\/\/www.enaikoon.com\/de\/loesungen\/testimonials\/container-management\/\" target=\"_self\" title=\"Container-Management\">Container-<br>Management<\/a><br\/>\r\n\t\t\t<a  href=\"https:\/\/www.enaikoon.com\/de\/loesungen\/testimonials\/container-management\/\" target=\"_self\" title=\"Container-Management\"><img decoding=\"async\" class=\"gl_scroll_link_img\" src=\"https:\/\/www.enaikoon.com\/wp-content\/uploads\/2016\/07\/case_GPS.png\" border=\"0\"  title=\"GPS container tracking\" alt=\"\"><\/a><\/li>\r\n             \r\n             <li><a class=\"gl_scroll_link_title\" href=\"https:\/\/www.enaikoon.com\/de\/loesungen\/testimonials\/aufklaerung-von-holzdiebstahl\/\" target=\"_self\" title=\"Aufkl\u00e4rung von Holzdiebstahl\">Aufkl\u00e4rung von <br\/>Holzdiebstahl<\/a><br\/>\r\n             <a href=\"https:\/\/www.enaikoon.com\/de\/loesungen\/testimonials\/aufklaerung-von-holzdiebstahl\/\" target=\"_self\" title=\"Aufkl\u00e4rung von Holzdiebstahl\"><img decoding=\"async\" class=\"gl_scroll_link_img\" src=\"https:\/\/www.enaikoon.com\/wp-content\/uploads\/2016\/07\/case_timber_theft.png\" border=\"0\" alt=\"\"><\/a><\/li>\r\n             \r\n             <li><a class=\"gl_scroll_link_title\" href=\"https:\/\/www.enaikoon.com\/de\/loesungen\/testimonials\/service-management\/\" target=\"_self\" title=\"Service-Management\">Service-<br>Management<\/a><br\/>\r\n             <a href=\"https:\/\/www.enaikoon.com\/de\/loesungen\/testimonials\/service-management\/\" target=\"_self\" title=\"Service-Management\"><img decoding=\"async\" class=\"gl_scroll_link_img\" src=\"https:\/\/www.enaikoon.com\/wp-content\/uploads\/2016\/07\/case_fleet_maintenance.png\" border=\"0\" alt=\"\"><\/a><\/li>\r\n             \r\n             <li><a class=\"gl_scroll_link_title\" href=\"https:\/\/www.enaikoon.com\/de\/loesungen\/testimonials\/sicherheit-und-diebstahlschutz\/\" target=\"_self\" title=\"Sicherheit und Diebstahlschutz\">Sicherheit und<br>Diebstahlschutz<\/a><br\/>\r\n             <a href=\"https:\/\/www.enaikoon.com\/de\/loesungen\/testimonials\/sicherheit-und-diebstahlschutz\/\" target=\"_self\" title=\"Sicherheit und Diebstahlschutz\"><img decoding=\"async\" class=\"gl_scroll_link_img\" src=\"https:\/\/www.enaikoon.com\/wp-content\/uploads\/2016\/07\/case_security.png\" border=\"0\" alt=\"\"><\/a><\/li>\r\n             \r\n             <li><a class=\"gl_scroll_link_title\" href=\"https:\/\/www.enaikoon.com\/de\/loesungen\/testimonials\/logistik-planung\/\" target=\"_self\" title=\"Logistikplanung\">Logistik-<br>planung<\/a><br\/><a  href=\"https:\/\/www.enaikoon.com\/de\/loesungen\/testimonials\/logistik-planung\/\" target=\"_self\" title=\"Logistikplanung\"><img decoding=\"async\" class=\"gl_scroll_link_img\" src=\"https:\/\/www.enaikoon.com\/wp-content\/uploads\/2016\/07\/case_logistics.png\" border=\"0\" alt=\"\"><\/a><\/li>\r\n          <\/ul>\r\n\r\n    <\/div>\r\n<\/div>\r\n\r\n\r\n<div class=\"row\">\r\n\r\n<div class=\"gl_border-page\">\r\n\t\t\r\n\t\t<div class=\"col-md-4\">\r\n\t<div class=\"gl_h2big\">Disposition und Koordination<\/div>\r\n    <img decoding=\"async\" class=\"gl_space_top5\" src=\"https:\/\/www.enaikoon.com\/wp-content\/uploads\/2016\/07\/Organisation_efficiency_inactive.png\" alt=\"ENAiKOON hat die L\u00f6sung um Ihre Organisation effizienter zu gestalten.\" title=\"ENAiKOON hat die L\u00f6sung um Ihre Organisation effizienter zu gestalten.\">\r\n    <div class=\"gl_h4big\"><br\/>Unternehmen<\/div>\r\n    <p>Firma LEGEND, <br>\r\nDresden<br>\r\n<em>Karsten Hiehle, Inhaber<\/em><\/p>\r\n    <div class=\"gl_space_top15\"><\/div>\r\n    <div class=\"gl_h4big\">Branche<\/div>\r\n    <p>Pannenhilfe &#038; Abschleppdienst<\/p>\r\n    <div class=\"gl_space_top15\"><\/div>\r\n    <div class=\"gl_h4big\">Hintergrund<\/div>\r\n    <p class=\"gl_space_right15\">Die Firma LEGEND ist in Dresden ans\u00e4ssig und eines der gr\u00f6\u00dften Abschleppunternehmen Sachsens. Helfen, Bergen und Transportieren ist ihr Slogan und so verf\u00fcgt LEGEND \u00fcber einen gro\u00dfen Fuhrpark mit verschiedenen Fahrzeugen.<\/p>\r\n     \r\n\t\t\t\r\n\t\t<\/div>\r\n\t\t\r\n\t\t<div class=\"col-md-4\">\r\n\t\t<div class=\"gl_space_right15\">\r\n    <div class=\"gl_h4big\">Problem<\/div> \r\n    <p>Die Unterschiedlichkeit der Auftr\u00e4ge und Wagen bedarf eines gro\u00dfen Zeitaufwands und einer guten Koordination. Den gesamten Zeitraum \u00fcber sind Wagen an unterschiedlichen Stellen im Einsatz. Wenn ein Notruf f\u00fcr ein Unfallfahrzeug eingeht, muss schnell ermittelt werden, welches Einsatzfahrzeug sich in der N\u00e4he befindet und somit am schnellsten am Ort des Geschehens sein kann.<\/p>\r\n   \t\t <div class=\"gl_space_top15\"><\/div>\r\n\t\t <div class=\"gl_h4big\">L\u00f6sung<\/div>\r\n    <p>&#34;Mit der Telematikl\u00f6sung von ENAiKOON konnten wir die Auslastung unserer Fahrzeuge um 40% verbessern, und nebenbei Kunden gl\u00fccklich machen, weil sich die Wartezeit verringert durch k\u00fcrzere Anfahrzeiten. Durch die optimierte Disposition sowie Schulung der Mitarbeiter und anschlie\u00dfende \u00dcberpr\u00fcfung des Fahrverhaltens konnte der Dieselverbrauch um 30% gesenkt werden. Dazu kommt, dass \u00fcber 20 Bu\u00dfgeldverfahren wegen angeblicher Fahrverst\u00f6\u00dfe abgewendet werden konnten, denn mit den ENAiKOON Ortungsmodulen konnte die Unschuld zweifelsfrei nachgewiesen werden.&#34;\r\n<\/p>\r\n   \r\n\t\t<\/div>\r\n\t\t<\/div>\r\n\t\t\r\n\t\t<div class=\"col-md-4\">\r\n\t\t<div>\r\n\t\t <div class=\"gl_h4big\">Fazit<\/div>\r\n    <p  class=\"gl_space_right10\">&#34;Unsere Investition in die Telematik hat sich f\u00fcr Legend mehr als bezahlt gemacht.&#34;<br\/>\r\nDie ENAiKOON Telematikl\u00f6sung spart Kosten und optimiert nachweislich die Koordination von Fahrzeugen.<\/p>\r\n<div class=\"gl_space_top15\"><\/div>\r\n    <div><a class=\"gl_button_grey\"  href=\"https:\/\/www.enaikoon.com\/de\/ressourcen\/branchen-themenblaetter\/\">Weitere Branchenbl\u00e4tter<\/a> <\/div>\r\n    <div><a class=\"gl_button_blue\" href=\"https:\/\/www.enaikoon.com\/de\/kontakt\/kontakt\/\">Sprechen Sie uns an<\/a> <\/div>\r\n<div class=\"gl_space_top15\"><\/div>\r\n    <p>Die folgenden Ger\u00e4te, Zubeh\u00f6rteile, Applikationen und Plugins werden f\u00fcr diese L\u00f6sung ben\u00f6tigt:<\/p>\r\n    \r\n \t <div><a class=\"gl_button_yellow\"  href=\"https:\/\/www.enaikoon.com\/de\/software-de\/inviu-pro\/\">inViu pro<\/a> <\/div>\r\n     <div><a class=\"gl_button_yellow\"  href=\"https:\/\/www.enaikoon.com\/de\/geraete\/locate-serie\/locate-04\/\">locate-04<\/a> <\/div>\r\n          <div><a class=\"gl_button_yellow\"  href=\"https:\/\/www.enaikoon.com\/de\/geraete\/zubehoer\/antenna\/\">antenna<\/a> <\/div>\r\n     <div><a class=\"gl_button_yellow\"  href=\"https:\/\/www.enaikoon.com\/de\/geraete\/zubehoer\/sim-card\/\">sim-card<\/a> <\/div><\/div>\r\n  \r\n\t\t<\/div>\t\r\n\t\t\r\n\t\t<div class=\"gl_row_space\"><\/div>\r\n\t<\/div>\r\n<\/div>","protected":false},"excerpt":{"rendered":"<p> [&hellip;]<\/p>\n","protected":false},"author":7,"featured_media":0,"parent":3715,"menu_order":0,"comment_status":"closed","ping_status":"closed","template":"","meta":{"footnotes":""},"acf":[],"_links":{"self":[{"href":"https:\/\/www.enaikoon.com\/de\/wp-json\/wp\/v2\/pages\/3745"}],"collection":[{"href":"https:\/\/www.enaikoon.com\/de\/wp-json\/wp\/v2\/pages"}],"about":[{"href":"https:\/\/www.enaikoon.com\/de\/wp-json\/wp\/v2\/types\/page"}],"author":[{"embeddable":true,"href":"https:\/\/www.enaikoon.com\/de\/wp-json\/wp\/v2\/users\/7"}],"replies":[{"embeddable":true,"href":"https:\/\/www.enaikoon.com\/de\/wp-json\/wp\/v2\/comments?post=3745"}],"version-history":[{"count":11,"href":"https:\/\/www.enaikoon.com\/de\/wp-json\/wp\/v2\/pages\/3745\/revisions"}],"predecessor-version":[{"id":7594,"href":"https:\/\/www.enaikoon.com\/de\/wp-json\/wp\/v2\/pages\/3745\/revisions\/7594"}],"up":[{"embeddable":true,"href":"https:\/\/www.enaikoon.com\/de\/wp-json\/wp\/v2\/pages\/3715"}],"wp:attachment":[{"href":"https:\/\/www.enaikoon.com\/de\/wp-json\/wp\/v2\/media?parent=3745"}],"curies":[{"name":"wp","href":"https:\/\/api.w.org\/{rel}","templated":true}]}}