{"id":3743,"date":"2016-07-18T03:39:15","date_gmt":"2016-07-18T03:39:15","guid":{"rendered":"https:\/\/www.enaikoon.com\/?page_id=3743"},"modified":"2016-08-12T04:47:52","modified_gmt":"2016-08-12T04:47:52","slug":"baumaschinen-management","status":"publish","type":"page","link":"https:\/\/www.enaikoon.com\/de\/loesungen\/testimonials\/baumaschinen-management\/","title":{"rendered":"Baumaschinen &#8211; Management"},"content":{"rendered":"<div class=\"gl_slide_scroll_box\">\r\n\t<div class=\"gl_scroll_box\">\r\n <noindex><\/noindex>        <ul>\r\n            <li><a class=\"gl_scroll_link_title\" href=\"https:\/\/www.enaikoon.com\/de\/loesungen\/testimonials\/baumaschinen-vermietung\/\" target=\"_self\" title=\"Baumaschinen-Vermietung\" >Baumaschinen-<br>Vermietung<\/a><br\/>\r\n            <a href=\"https:\/\/www.enaikoon.com\/de\/loesungen\/testimonials\/baumaschinen-vermietung\/\" target=\"_self\" title=\"Baumaschinen-Vermietung\" ><img decoding=\"async\" class=\"gl_scroll_link_img\" src=\"https:\/\/www.enaikoon.com\/wp-content\/uploads\/2016\/07\/case_construction_equipment.png\" border=\"0\" alt=\"\"><\/a><\/li>\r\n            \r\n            <li><a class=\"gl_scroll_link_title\" href=\"https:\/\/www.enaikoon.com\/de\/loesungen\/testimonials\/kraftstoff-diebstahl\/\" target=\"_self\" title=\"Kraftstoff-Diebstahl\">Kraftstoff-<br>Diebstahl<\/a><br\/>\r\n            <a  href=\"https:\/\/www.enaikoon.com\/de\/loesungen\/testimonials\/kraftstoff-diebstahl\/\" target=\"_self\" title=\"Kraftstoff-Diebstahl\"><img decoding=\"async\" class=\"gl_scroll_link_img\" src=\"https:\/\/www.enaikoon.com\/wp-content\/uploads\/2016\/07\/case_fuel_theft.png\" border=\"0\" alt=\"\"><\/a><\/li>\r\n            \r\n            <li><a class=\"gl_scroll_link_title\" href=\"https:\/\/www.enaikoon.com\/de\/loesungen\/testimonials\/waechter-kontrollsystem\/\" target=\"_self\" title=\"W\u00e4chter-Kontrollsystem\">W\u00e4chter-<br>Kontrollsystem<\/a><br\/>\r\n            <a href=\"https:\/\/www.enaikoon.com\/de\/loesungen\/testimonials\/waechter-kontrollsystem\/\" target=\"_self\" title=\"W\u00e4chter-Kontrollsystem\"><img decoding=\"async\" class=\"gl_scroll_link_img\" src=\"https:\/\/www.enaikoon.com\/wp-content\/uploads\/2016\/07\/case_guard_tour.png\" border=\"0\" alt=\"\"><\/a><\/li>\r\n            \r\n            <li><a class=\"gl_scroll_link_title\"  href=\"https:\/\/www.enaikoon.com\/de\/loesungen\/testimonials\/ortung-und-routen-mittels-handy-app\/\" target=\"_self\" title=\"GPS Ortung per Handy\">Ortung und Routen <br>mittels Handy-App<\/a><br\/>\r\n            <a href=\"https:\/\/www.enaikoon.com\/de\/loesungen\/testimonials\/ortung-und-routen-mittels-handy-app\/\" target=\"_self\" title=\"GPS Ortung per Handy\"><img decoding=\"async\" class=\"gl_scroll_link_img\" src=\"https:\/\/www.enaikoon.com\/wp-content\/uploads\/2016\/07\/case_mobile.png\" border=\"0\" alt=\"\"><\/a><\/li>\r\n            \r\n            <li><a class=\"gl_scroll_link_title\" href=\"https:\/\/www.enaikoon.com\/de\/loesungen\/testimonials\/flottentelematik-mit-kuehlkette\/\" target=\"_self\" title=\"Flottentelematik mit K\u00fchlkette\">Flottentelematik mit<br>K\u00fchlkette<\/a><br\/>\r\n            <a href=\"https:\/\/www.enaikoon.com\/de\/loesungen\/testimonials\/flottentelematik-mit-kuehlkette\/\" target=\"_self\" title=\"Flottentelematik mit K\u00fchlkette\"><img decoding=\"async\" class=\"gl_scroll_link_img\" src=\"https:\/\/www.enaikoon.com\/wp-content\/uploads\/2016\/07\/case_cold_chain.png\" border=\"0\" alt=\"\"><\/a><\/li>\r\n             \r\n              <li><a class=\"gl_scroll_link_title\" href=\"https:\/\/www.enaikoon.com\/de\/loesungen\/testimonials\/treibstoff-sparen-mit-can-bus-auswertung\/\" target=\"_self\" title=\"Treibstoff sparen mit CAN-Bus Auswertung\">Treibstoff sparen mit<br>CAN-Bus Auswertung<\/a><br\/>\r\n             <a  href=\"https:\/\/www.enaikoon.com\/de\/loesungen\/testimonials\/treibstoff-sparen-mit-can-bus-auswertung\/\" target=\"_self\" title=\"Treibstoff sparen mit CAN-Bus Auswertung\"><img decoding=\"async\" class=\"gl_scroll_link_img\" src=\"https:\/\/www.enaikoon.com\/wp-content\/uploads\/2016\/07\/case_CAN_bus.png\" border=\"0\" alt=\"\"><\/a><\/li>\r\n             \r\n             <li><a class=\"gl_scroll_link_title\"  href=\"https:\/\/www.enaikoon.com\/de\/loesungen\/testimonials\/baumaschinen-management\/\" target=\"_self\" title=\"Baumaschinen-Management\">Baumaschinen-<br>Management<\/a><br\/>\r\n\t\t\t<a href=\"https:\/\/www.enaikoon.com\/de\/loesungen\/testimonials\/baumaschinen-management\/\" target=\"_self\" title=\"Baumaschinen-Management\"><img decoding=\"async\" class=\"gl_scroll_link_img_active\" src=\"https:\/\/www.enaikoon.com\/wp-content\/uploads\/2016\/07\/case_construction_asset.png\" border=\"0\" alt=\"\"><\/a><\/li>\r\n             \r\n             <li><a class=\"gl_scroll_link_title\" href=\"https:\/\/www.enaikoon.com\/de\/loesungen\/testimonials\/disposition-und-koordination\/\" target=\"_self\" title=\"Disposition und Koordination\">Disposition und <br\/>Koordination<\/a><br\/>\r\n             <a href=\"https:\/\/www.enaikoon.com\/de\/loesungen\/testimonials\/disposition-und-koordination\/\" target=\"_self\" title=\"Disposition und Koordination\"><img decoding=\"async\" class=\"gl_scroll_link_img\" src=\"https:\/\/www.enaikoon.com\/wp-content\/uploads\/2016\/07\/case_fleet_dispatching.png\" border=\"0\" alt=\"\"><\/a><\/li>\r\n             \r\n             <li><a class=\"gl_scroll_link_title\" href=\"https:\/\/www.enaikoon.com\/de\/loesungen\/testimonials\/container-management\/\" target=\"_self\" title=\"Container-Management\">Container-<br>Management<\/a><br\/>\r\n\t\t\t<a  href=\"https:\/\/www.enaikoon.com\/de\/loesungen\/testimonials\/container-management\/\" target=\"_self\" title=\"Container-Management\"><img decoding=\"async\" class=\"gl_scroll_link_img\" src=\"https:\/\/www.enaikoon.com\/wp-content\/uploads\/2016\/07\/case_GPS.png\" border=\"0\"  title=\"GPS container tracking\" alt=\"\"><\/a><\/li>\r\n             \r\n             <li><a class=\"gl_scroll_link_title\" href=\"https:\/\/www.enaikoon.com\/de\/loesungen\/testimonials\/aufklaerung-von-holzdiebstahl\/\" target=\"_self\" title=\"Aufkl\u00e4rung von Holzdiebstahl\">Aufkl\u00e4rung von <br\/>Holzdiebstahl<\/a><br\/>\r\n             <a href=\"https:\/\/www.enaikoon.com\/de\/loesungen\/testimonials\/aufklaerung-von-holzdiebstahl\/\" target=\"_self\" title=\"Aufkl\u00e4rung von Holzdiebstahl\"><img decoding=\"async\" class=\"gl_scroll_link_img\" src=\"https:\/\/www.enaikoon.com\/wp-content\/uploads\/2016\/07\/case_timber_theft.png\" border=\"0\" alt=\"\"><\/a><\/li>\r\n             \r\n             <li><a class=\"gl_scroll_link_title\" href=\"https:\/\/www.enaikoon.com\/de\/loesungen\/testimonials\/service-management\/\" target=\"_self\" title=\"Service-Management\">Service-<br>Management<\/a><br\/>\r\n             <a href=\"https:\/\/www.enaikoon.com\/de\/loesungen\/testimonials\/service-management\/\" target=\"_self\" title=\"Service-Management\"><img decoding=\"async\" class=\"gl_scroll_link_img\" src=\"https:\/\/www.enaikoon.com\/wp-content\/uploads\/2016\/07\/case_fleet_maintenance.png\" border=\"0\" alt=\"\"><\/a><\/li>\r\n             \r\n             <li><a class=\"gl_scroll_link_title\" href=\"https:\/\/www.enaikoon.com\/de\/loesungen\/testimonials\/sicherheit-und-diebstahlschutz\/\" target=\"_self\" title=\"Sicherheit und Diebstahlschutz\">Sicherheit und<br>Diebstahlschutz<\/a><br\/>\r\n             <a href=\"https:\/\/www.enaikoon.com\/de\/loesungen\/testimonials\/sicherheit-und-diebstahlschutz\/\" target=\"_self\" title=\"Sicherheit und Diebstahlschutz\"><img decoding=\"async\" class=\"gl_scroll_link_img\" src=\"https:\/\/www.enaikoon.com\/wp-content\/uploads\/2016\/07\/case_security.png\" border=\"0\" alt=\"\"><\/a><\/li>\r\n             \r\n             <li><a class=\"gl_scroll_link_title\" href=\"https:\/\/www.enaikoon.com\/de\/loesungen\/testimonials\/logistik-planung\/\" target=\"_self\" title=\"Logistikplanung\">Logistik-<br>planung<\/a><br\/><a  href=\"https:\/\/www.enaikoon.com\/de\/loesungen\/testimonials\/logistik-planung\/\" target=\"_self\" title=\"Logistikplanung\"><img decoding=\"async\" class=\"gl_scroll_link_img\" src=\"https:\/\/www.enaikoon.com\/wp-content\/uploads\/2016\/07\/case_logistics.png\" border=\"0\" alt=\"\"><\/a><\/li>\r\n          <\/ul>\r\n\r\n    <\/div>\r\n<\/div>\r\n\r\n\r\n<div class=\"row\">\r\n\r\n<div class=\"gl_border-page\">\r\n\t\t\r\n\t\t<div class=\"col-md-4\">\r\n\t<div class=\"gl_h2big\">Baumaschinen-Management<\/div>\r\n    <img decoding=\"async\" class=\"gl_space_top5\" src=\"https:\/\/www.enaikoon.com\/wp-content\/uploads\/2016\/07\/equipment-management-inactive_19.png\"  alt=\"ENAiKOON hat die perfekte L\u00f6sung f\u00fcr Ihr Ger\u00e4te-Management\" title=\"ENAiKOON hat die perfekte L\u00f6sung f\u00fcr Ihr Ger\u00e4te-Management\">\r\n    <div class=\"gl_h4big\"><br\/>Unternehmen<\/div>\r\n    <p>R\u00fchlmann-Bau GmbH,<br>\r\nApenburg-Winterfeld<em><br>\r\nUwe R\u00fchlmann, Gesch\u00e4ftsf\u00fchrer<\/em><\/p>\r\n    <div class=\"gl_space_top15\"><\/div>\r\n    <div class=\"gl_h4big\">Branche<\/div>\r\n    <p>Baugewerbe<\/p>\r\n    <div class=\"gl_space_top15\"><\/div>\r\n    <div class=\"gl_h4big\">Hintergrund<\/div>\r\n    <p>Die R\u00fchlmann-Bau GmbH, Winterfeld wurde 1987 gegr\u00fcndet und ist ein mittelst\u00e4ndisches Bauunternehmen in Sachsen-Anhalt.<\/p>\r\n     \r\n\t\t\t\r\n\t\t<\/div>\r\n\t\t\r\n\t\t<div class=\"col-md-4\">\r\n\t\t<div class=\"gl_space_right10\">\r\n    <div class=\"gl_h4big\">Problem<\/div> \r\n    <p>Das Unternehmen besitzt einen gro\u00dfen, modernen Maschinenpark mit vielen Spezialger\u00e4ten, wie horizontalen und vertikalen Bohranlagen und einen Verlegepflug. Insgesamt sind etwa 120 Ger\u00e4te im st\u00e4ndigen Einsatz: Baumaschinen, Bagger, Transporter und LKW. Diese m\u00fcssen koordiniert und vor Diebstahl gesichert werden. Je mehr Personal &#34;on the road&#34; ist, desto wichtiger wird die reibungslose Kommunikation von den Baustellen zur Zentrale.<\/p>\r\n   \t\t <div class=\"gl_space_top15\"><\/div>\r\n\t\t <div class=\"gl_h4big\">L\u00f6sung<\/div>\r\n    <p>Im M\u00e4rz 2009 wurden die ersten Fahrzeuge testweise mit dem ENAiKOON Starterpaket ausger\u00fcstet. Im Mai erfolgte die Beauftragung f\u00fcr alle Ger\u00e4te. &#34;Mir ist wichtig, jede Baumaschine auszur\u00fcsten. Erstens weil ich dadurch besser koordinieren und kontrollieren kann, was wo im Einsatz ist. Zweitens weil ich alle Fahrzeugf\u00fchrer gleich behandeln will.&#34;\r\n<\/p>\r\n   \r\n\t\t<\/div>\r\n\t\t<\/div>\r\n\t\t\r\n\t\t<div class=\"col-md-4\">\r\n\t\t<div>\r\n\t\t <div class=\"gl_h4big\">Fazit<\/div>\r\n    <p>Die Bauleiter wissen jederzeit, wo welche Ger\u00e4te stehen und ob sie im Einsatz sind. Daf\u00fcr bietet ENAiKOON eine exakte Positionsanzeige der Fahrzeuge.<\/p>\r\n<div class=\"gl_space_top15\"><\/div>\r\n    <div><a class=\"gl_button_grey\"  href=\"https:\/\/www.enaikoon.com\/de\/ressourcen\/branchen-themenblaetter\/\">Weitere Branchenbl\u00e4tter<\/a> <\/div>\r\n    <div><a class=\"gl_button_blue\" href=\"https:\/\/www.enaikoon.com\/de\/kontakt\/kontakt\/\">Sprechen Sie uns an<\/a> <\/div>\r\n<div class=\"gl_space_top15\"><\/div>\r\n    <p>Die folgenden Ger\u00e4te, Zubeh\u00f6rteile, Applikationen und Plugins werden f\u00fcr diese L\u00f6sung ben\u00f6tigt:<\/p>\r\n    \r\n \t <div><a class=\"gl_button_yellow\"  href=\"https:\/\/www.enaikoon.com\/de\/software-de\/inviu-pro\/\">inViu pro<\/a> <\/div>\r\n     <div><a class=\"gl_button_yellow\"  href=\"https:\/\/www.enaikoon.com\/de\/geraete\/locate-serie\/locate-06\/\">locate-06<\/a> <\/div>\r\n          <div><a class=\"gl_button_yellow\"  href=\"https:\/\/www.enaikoon.com\/de\/geraete\/zubehoer\/temp-sensor\/\">temp-sensor<\/a> <\/div>\r\n     <div><a class=\"gl_button_yellow\"  href=\"https:\/\/www.enaikoon.com\/de\/geraete\/zubehoer\/sim-card\/\">sim-card<\/a> <\/div><\/div>\r\n  \r\n\t\t<\/div>\t\r\n\t\t\r\n\t\t<div class=\"gl_row_space\"><\/div>\r\n\t<\/div>\r\n<\/div>","protected":false},"excerpt":{"rendered":"<p> [&hellip;]<\/p>\n","protected":false},"author":7,"featured_media":0,"parent":3715,"menu_order":0,"comment_status":"closed","ping_status":"closed","template":"","meta":{"footnotes":""},"acf":[],"_links":{"self":[{"href":"https:\/\/www.enaikoon.com\/de\/wp-json\/wp\/v2\/pages\/3743"}],"collection":[{"href":"https:\/\/www.enaikoon.com\/de\/wp-json\/wp\/v2\/pages"}],"about":[{"href":"https:\/\/www.enaikoon.com\/de\/wp-json\/wp\/v2\/types\/page"}],"author":[{"embeddable":true,"href":"https:\/\/www.enaikoon.com\/de\/wp-json\/wp\/v2\/users\/7"}],"replies":[{"embeddable":true,"href":"https:\/\/www.enaikoon.com\/de\/wp-json\/wp\/v2\/comments?post=3743"}],"version-history":[{"count":11,"href":"https:\/\/www.enaikoon.com\/de\/wp-json\/wp\/v2\/pages\/3743\/revisions"}],"predecessor-version":[{"id":8082,"href":"https:\/\/www.enaikoon.com\/de\/wp-json\/wp\/v2\/pages\/3743\/revisions\/8082"}],"up":[{"embeddable":true,"href":"https:\/\/www.enaikoon.com\/de\/wp-json\/wp\/v2\/pages\/3715"}],"wp:attachment":[{"href":"https:\/\/www.enaikoon.com\/de\/wp-json\/wp\/v2\/media?parent=3743"}],"curies":[{"name":"wp","href":"https:\/\/api.w.org\/{rel}","templated":true}]}}