{"id":3741,"date":"2016-07-18T03:37:00","date_gmt":"2016-07-18T03:37:00","guid":{"rendered":"https:\/\/www.enaikoon.com\/?page_id=3741"},"modified":"2016-08-09T08:01:58","modified_gmt":"2016-08-09T08:01:58","slug":"treibstoff-sparen-mit-can-bus-auswertung","status":"publish","type":"page","link":"https:\/\/www.enaikoon.com\/de\/loesungen\/testimonials\/treibstoff-sparen-mit-can-bus-auswertung\/","title":{"rendered":"Treibstoff sparen mit CAN-Bus Auswertung"},"content":{"rendered":"<div class=\"gl_slide_scroll_box\">\r\n\t<div class=\"gl_scroll_box\">\r\n <noindex><\/noindex>        <ul>\r\n            <li><a class=\"gl_scroll_link_title\" href=\"https:\/\/www.enaikoon.com\/de\/loesungen\/testimonials\/baumaschinen-vermietung\/\" target=\"_self\" title=\"Baumaschinen-Vermietung\" >Baumaschinen-<br>Vermietung<\/a><br\/>\r\n            <a href=\"https:\/\/www.enaikoon.com\/de\/loesungen\/testimonials\/baumaschinen-vermietung\/\" target=\"_self\" title=\"Baumaschinen-Vermietung\" ><img decoding=\"async\" class=\"gl_scroll_link_img\" src=\"https:\/\/www.enaikoon.com\/wp-content\/uploads\/2016\/07\/case_construction_equipment.png\" border=\"0\" alt=\"\"><\/a><\/li>\r\n            \r\n            <li><a class=\"gl_scroll_link_title\" href=\"https:\/\/www.enaikoon.com\/de\/loesungen\/testimonials\/kraftstoff-diebstahl\/\" target=\"_self\" title=\"Kraftstoff-Diebstahl\">Kraftstoff-<br>Diebstahl<\/a><br\/>\r\n            <a  href=\"https:\/\/www.enaikoon.com\/de\/loesungen\/testimonials\/kraftstoff-diebstahl\/\" target=\"_self\" title=\"Kraftstoff-Diebstahl\"><img decoding=\"async\" class=\"gl_scroll_link_img\" src=\"https:\/\/www.enaikoon.com\/wp-content\/uploads\/2016\/07\/case_fuel_theft.png\" border=\"0\" alt=\"\"><\/a><\/li>\r\n            \r\n            <li><a class=\"gl_scroll_link_title\" href=\"https:\/\/www.enaikoon.com\/de\/loesungen\/testimonials\/waechter-kontrollsystem\/\" target=\"_self\" title=\"W\u00e4chter-Kontrollsystem\">W\u00e4chter-<br>Kontrollsystem<\/a><br\/>\r\n            <a href=\"https:\/\/www.enaikoon.com\/de\/loesungen\/testimonials\/waechter-kontrollsystem\/\" target=\"_self\" title=\"W\u00e4chter-Kontrollsystem\"><img decoding=\"async\" class=\"gl_scroll_link_img\" src=\"https:\/\/www.enaikoon.com\/wp-content\/uploads\/2016\/07\/case_guard_tour.png\" border=\"0\" alt=\"\"><\/a><\/li>\r\n            \r\n            <li><a class=\"gl_scroll_link_title\"  href=\"https:\/\/www.enaikoon.com\/de\/loesungen\/testimonials\/ortung-und-routen-mittels-handy-app\/\" target=\"_self\" title=\"GPS Ortung per Handy\">Ortung und Routen <br>mittels Handy-App<\/a><br\/>\r\n            <a href=\"https:\/\/www.enaikoon.com\/de\/loesungen\/testimonials\/ortung-und-routen-mittels-handy-app\/\" target=\"_self\" title=\"GPS Ortung per Handy\"><img decoding=\"async\" class=\"gl_scroll_link_img\" src=\"https:\/\/www.enaikoon.com\/wp-content\/uploads\/2016\/07\/case_mobile.png\" border=\"0\" alt=\"\"><\/a><\/li>\r\n            \r\n            <li><a class=\"gl_scroll_link_title\" href=\"https:\/\/www.enaikoon.com\/de\/loesungen\/testimonials\/flottentelematik-mit-kuehlkette\/\" target=\"_self\" title=\"Flottentelematik mit K\u00fchlkette\">Flottentelematik mit<br>K\u00fchlkette<\/a><br\/>\r\n            <a href=\"https:\/\/www.enaikoon.com\/de\/loesungen\/testimonials\/flottentelematik-mit-kuehlkette\/\" target=\"_self\" title=\"Flottentelematik mit K\u00fchlkette\"><img decoding=\"async\" class=\"gl_scroll_link_img\" src=\"https:\/\/www.enaikoon.com\/wp-content\/uploads\/2016\/07\/case_cold_chain.png\" border=\"0\" alt=\"\"><\/a><\/li>\r\n             \r\n              <li><a class=\"gl_scroll_link_title\" href=\"https:\/\/www.enaikoon.com\/de\/loesungen\/testimonials\/treibstoff-sparen-mit-can-bus-auswertung\/\" target=\"_self\" title=\"Treibstoff sparen mit CAN-Bus Auswertung\">Treibstoff sparen mit<br>CAN-Bus Auswertung<\/a><br\/>\r\n             <a  href=\"https:\/\/www.enaikoon.com\/de\/loesungen\/testimonials\/treibstoff-sparen-mit-can-bus-auswertung\/\" target=\"_self\" title=\"Treibstoff sparen mit CAN-Bus Auswertung\"><img decoding=\"async\" class=\"gl_scroll_link_img_active\" src=\"https:\/\/www.enaikoon.com\/wp-content\/uploads\/2016\/07\/case_CAN_bus.png\" border=\"0\" alt=\"\"><\/a><\/li>\r\n             \r\n             <li><a class=\"gl_scroll_link_title\"  href=\"https:\/\/www.enaikoon.com\/de\/loesungen\/testimonials\/baumaschinen-management\/\" target=\"_self\" title=\"Baumaschinen-Management\">Baumaschinen-<br>Management<\/a><br\/>\r\n\t\t\t<a href=\"https:\/\/www.enaikoon.com\/de\/loesungen\/testimonials\/baumaschinen-management\/\" target=\"_self\" title=\"Baumaschinen-Management\"><img decoding=\"async\" class=\"gl_scroll_link_img\" src=\"https:\/\/www.enaikoon.com\/wp-content\/uploads\/2016\/07\/case_construction_asset.png\" border=\"0\" alt=\"\"><\/a><\/li>\r\n             \r\n             <li><a class=\"gl_scroll_link_title\" href=\"https:\/\/www.enaikoon.com\/de\/loesungen\/testimonials\/disposition-und-koordination\/\" target=\"_self\" title=\"Disposition und Koordination\">Disposition und <br\/>Koordination<\/a><br\/>\r\n             <a href=\"https:\/\/www.enaikoon.com\/de\/loesungen\/testimonials\/disposition-und-koordination\/\" target=\"_self\" title=\"Disposition und Koordination\"><img decoding=\"async\" class=\"gl_scroll_link_img\" src=\"https:\/\/www.enaikoon.com\/wp-content\/uploads\/2016\/07\/case_fleet_dispatching.png\" border=\"0\" alt=\"\"><\/a><\/li>\r\n             \r\n             <li><a class=\"gl_scroll_link_title\" href=\"https:\/\/www.enaikoon.com\/de\/loesungen\/testimonials\/container-management\/\" target=\"_self\" title=\"Container-Management\">Container-<br>Management<\/a><br\/>\r\n\t\t\t<a  href=\"https:\/\/www.enaikoon.com\/de\/loesungen\/testimonials\/container-management\/\" target=\"_self\" title=\"Container-Management\"><img decoding=\"async\" class=\"gl_scroll_link_img\" src=\"https:\/\/www.enaikoon.com\/wp-content\/uploads\/2016\/07\/case_GPS.png\" border=\"0\"  title=\"GPS container tracking\" alt=\"\"><\/a><\/li>\r\n             \r\n             <li><a class=\"gl_scroll_link_title\" href=\"https:\/\/www.enaikoon.com\/de\/loesungen\/testimonials\/aufklaerung-von-holzdiebstahl\/\" target=\"_self\" title=\"Aufkl\u00e4rung von Holzdiebstahl\">Aufkl\u00e4rung von <br\/>Holzdiebstahl<\/a><br\/>\r\n             <a href=\"https:\/\/www.enaikoon.com\/de\/loesungen\/testimonials\/aufklaerung-von-holzdiebstahl\/\" target=\"_self\" title=\"Aufkl\u00e4rung von Holzdiebstahl\"><img decoding=\"async\" class=\"gl_scroll_link_img\" src=\"https:\/\/www.enaikoon.com\/wp-content\/uploads\/2016\/07\/case_timber_theft.png\" border=\"0\" alt=\"\"><\/a><\/li>\r\n             \r\n             <li><a class=\"gl_scroll_link_title\" href=\"https:\/\/www.enaikoon.com\/de\/loesungen\/testimonials\/service-management\/\" target=\"_self\" title=\"Service-Management\">Service-<br>Management<\/a><br\/>\r\n             <a href=\"https:\/\/www.enaikoon.com\/de\/loesungen\/testimonials\/service-management\/\" target=\"_self\" title=\"Service-Management\"><img decoding=\"async\" class=\"gl_scroll_link_img\" src=\"https:\/\/www.enaikoon.com\/wp-content\/uploads\/2016\/07\/case_fleet_maintenance.png\" border=\"0\" alt=\"\"><\/a><\/li>\r\n             \r\n             <li><a class=\"gl_scroll_link_title\" href=\"https:\/\/www.enaikoon.com\/de\/loesungen\/testimonials\/sicherheit-und-diebstahlschutz\/\" target=\"_self\" title=\"Sicherheit und Diebstahlschutz\">Sicherheit und<br>Diebstahlschutz<\/a><br\/>\r\n             <a href=\"https:\/\/www.enaikoon.com\/de\/loesungen\/testimonials\/sicherheit-und-diebstahlschutz\/\" target=\"_self\" title=\"Sicherheit und Diebstahlschutz\"><img decoding=\"async\" class=\"gl_scroll_link_img\" src=\"https:\/\/www.enaikoon.com\/wp-content\/uploads\/2016\/07\/case_security.png\" border=\"0\" alt=\"\"><\/a><\/li>\r\n             \r\n             <li><a class=\"gl_scroll_link_title\" href=\"https:\/\/www.enaikoon.com\/de\/loesungen\/testimonials\/logistik-planung\/\" target=\"_self\" title=\"Logistikplanung\">Logistik-<br>planung<\/a><br\/><a  href=\"https:\/\/www.enaikoon.com\/de\/loesungen\/testimonials\/logistik-planung\/\" target=\"_self\" title=\"Logistikplanung\"><img decoding=\"async\" class=\"gl_scroll_link_img\" src=\"https:\/\/www.enaikoon.com\/wp-content\/uploads\/2016\/07\/case_logistics.png\" border=\"0\" alt=\"\"><\/a><\/li>\r\n          <\/ul>\r\n\r\n    <\/div>\r\n<\/div>\r\n\r\n<div class=\"row\"> \r\n\r\n<div class=\"gl_border-page\"> \r\n\r\n\t\t<div class=\"col-md-4\">\r\n\t<div class=\"gl_h2big\">Treibstoff sparen mit CAN-Bus Auswertung<\/div>\r\n    <img decoding=\"async\" class=\"gl_space_top5\" src=\"https:\/\/www.enaikoon.com\/wp-content\/uploads\/2016\/07\/ENAiKOON_anti-fuel-theft_A_40.png\" alt=\"ENAiKOON hat die perfekte L\u00f6sung zum Treibstoff sparen mit CAN-Bus Auswertung\" title=\"ENAiKOON hat die perfekte L\u00f6sung zum Treibstoff sparen mit CAN-Bus Auswertung\">\r\n    <div class=\"gl_h4big\"><br\/>Unternehmen<\/div>\r\n    <p>Spedition Schroeder Logistische Dienstleistungsgesellschaft mbH<br>\r\nTeterow\/Mecklenburg-Vorpommern\/Deutschland<br>\r\nJan Schroeder, J\u00f6rg Schroeder (Gesch\u00e4ftsleitung)<\/p>\r\n    <div class=\"gl_space_top15\"><\/div>\r\n    <div class=\"gl_h4big\">Branche<\/div>\r\n    <p>Logistik, K\u00fchltransporte<\/p>\r\n    <div class=\"gl_space_top15\"><\/div>\r\n    <div class=\"gl_h4big\">Hintergrund<\/div>\r\n    <p class=\"gl_space_right10\">Die Spedition Schroeder ist ein familiengef\u00fchrtes Unternehmen, das einen sicheren und \u00f6konomischen Warentransport im Fern- und Nahverkehr gew\u00e4hrleistet. Schroeder bietet neben Nacht- und Terminzustellungen auch 24h-Service im Verteilgebiet und je nach Aufgabe einen 24h- oder 48h-Service im Bundesgebiet an. Das Unternehmen ist zertifiziert nach IFS Logistics Vers.2 f\u00fcr Transport, Lagerung und Verteilung von k\u00fchlpflichtigen verpackten Lebensmitteln auf gehobenem Niveau.<\/p>\r\n     \r\n\t\t\t\r\n\t\t<\/div>\r\n\t\t\r\n\t\t<div class=\"col-md-4\">\r\n\t\t<div class=\"gl_space_right5\">\r\n    <div class=\"gl_h4big\">Problem<\/div> \r\n    <p>Verderbliche Lebensmittel bed\u00fcrfen einer durchgehenden K\u00fchlung. Tiefk\u00fchlwaren wie Fleisch oder Fisch m\u00fcssen dauerhaft auf minus 18 Grad Celsius gek\u00fchlt werden. Frischfleisch darf maximal 4 Grad Celsius erreichen, Milch h\u00f6chstens 8 Grad. Die unterschiedlichen Temperaturen stellen eine Herausforderung an Technik und Steuerung dar. Es gilt Lieferzeit und Temperaturregelung auszubalancieren und beim Unter- oder \u00dcberschreiten der Grenzwerte schnellstens zu reagieren. Und das im t\u00e4glichen Lieferbetrieb, auf der Autobahn oder im Lagerhaus im wirtschaftlichen Spannungsfeld zwischen Zeitmanagement und hohen Treibstoffkosten. Kurz: Es geht um die Einhaltung der K\u00fchlkette, die Optimierung der Navigation und das Senken der Treibstoffkosten.<\/p>\r\n   \t\t <div class=\"gl_space_top15\"><\/div>\r\n\t\t <div class=\"gl_h4big\">L\u00f6sung<\/div>\r\n    <p>Schroeder stattet \u00fcber 50 LKW mit umfassender Telematik von ENAiKOON und CAN-Bus-Anschluss aus. Das Webportal inViu pro wurde von ENAiKOON so eingestellt, dass Schroeder eine Art Hitliste mit schnellen und einfach lesbaren Informationen bekommt: es k\u00f6nnen eigene Gruppen erstellt werden und inViu pro filtert zum Beispiel in den Gruppen Nah- und Fernverkehr nach Durchschnittsverbrauch, Geschwindigkeit, Drehzahl und so weiter aus und erstellt Berichte und Diagramme f\u00fcr alle Fahrzeuge. Die Spedition Schroeder will Rankings der besten Fahrer erstellen und \u00fcber ein Pr\u00e4miensystem die Fahrer motivieren, treibstoffsparend zu fahren. Die Berechnung erfolgt auf Grund der Verbrauchsdaten, die \u00fcber die locate-06 aus dem CAN-Bus der Zugmaschinen ausgelesen und an den Server \u00fcbermittelt werden. \r\n<\/p>\r\n   \r\n\t\t<\/div>\r\n\t\t<\/div>\r\n\t\t\r\n\t\t<div class=\"col-md-4\">\r\n\t\t<div>\r\n\t\t <div class=\"gl_h4big\">Fazit<\/div>\r\n    <p class=\"gl_space_right10\">Schroeder macht damit ein ehrgeiziges Projekt m\u00f6glich. F\u00fcr die Fahrer werden Ranglisten erstellt. Wer treibstoffarm f\u00e4hrt, landet weiter oben, wer mehr verbraucht weiter unten. \u00dcber ein Pr\u00e4miensystem basierend auf der Rangliste soll die Motivation der Fahrer, ihre Fahrweise treibstoffarm zu gestalten, gesteigert werden. Das Ziel, j\u00e4hrlich 10% der Spritkosten pro Fahrer durch angepasste Fahrweise einzusparen, r\u00fcckt in greifbare N\u00e4he. Bei 50 LKW im Fernverkehr sind das schnell einmal 250.000 \u20ac. Soviel kosten ungef\u00e4hr zwei neue Trucks.<\/p>\r\n<div class=\"gl_space_top15\"><\/div>\r\n    <div><a class=\"gl_button_grey\"  href=\"https:\/\/www.enaikoon.com\/de\/ressourcen\/branchen-themenblaetter\/\">Weitere Branchenbl\u00e4tter<\/a> <\/div>\r\n    <div><a class=\"gl_button_blue\" href=\"https:\/\/www.enaikoon.com\/de\/kontakt\/kontakt\/\">Sprechen Sie uns an<\/a> <\/div>\r\n<div class=\"gl_space_top15\"><\/div>\r\n    <p>Die folgenden Ger\u00e4te, Zubeh\u00f6rteile, Applikationen und Plugins werden f\u00fcr diese L\u00f6sung ben\u00f6tigt:<\/p>\r\n    \r\n \t <div><a class=\"gl_button_yellow\"  href=\"https:\/\/www.enaikoon.com\/de\/software-de\/inviu-pro\/\">inViu pro<\/a> <\/div>\r\n     <div><a class=\"gl_button_yellow\"  href=\"https:\/\/www.enaikoon.com\/de\/software-de\/plugins\/can-66\/\">can-66<\/a> <\/div>\r\n     <div><a class=\"gl_button_yellow\"  href=\"https:\/\/www.enaikoon.com\/de\/geraete\/locate-serie\/locate-06\/\">locate-06<\/a> <\/div>\r\n     <div><a class=\"gl_button_yellow\"  href=\"https:\/\/www.enaikoon.com\/de\/geraete\/zubehoer\/sim-card\/\">sim-card<\/a> <\/div>\r\n  <\/div>\r\n\t\t<\/div>\t\r\n\t\t\r\n\t\t<div class=\"gl_row_space\"><\/div>\r\n\t<\/div>\r\n<\/div>","protected":false},"excerpt":{"rendered":"<p> [&hellip;]<\/p>\n","protected":false},"author":7,"featured_media":0,"parent":3715,"menu_order":0,"comment_status":"closed","ping_status":"closed","template":"","meta":{"footnotes":""},"acf":[],"_links":{"self":[{"href":"https:\/\/www.enaikoon.com\/de\/wp-json\/wp\/v2\/pages\/3741"}],"collection":[{"href":"https:\/\/www.enaikoon.com\/de\/wp-json\/wp\/v2\/pages"}],"about":[{"href":"https:\/\/www.enaikoon.com\/de\/wp-json\/wp\/v2\/types\/page"}],"author":[{"embeddable":true,"href":"https:\/\/www.enaikoon.com\/de\/wp-json\/wp\/v2\/users\/7"}],"replies":[{"embeddable":true,"href":"https:\/\/www.enaikoon.com\/de\/wp-json\/wp\/v2\/comments?post=3741"}],"version-history":[{"count":15,"href":"https:\/\/www.enaikoon.com\/de\/wp-json\/wp\/v2\/pages\/3741\/revisions"}],"predecessor-version":[{"id":7604,"href":"https:\/\/www.enaikoon.com\/de\/wp-json\/wp\/v2\/pages\/3741\/revisions\/7604"}],"up":[{"embeddable":true,"href":"https:\/\/www.enaikoon.com\/de\/wp-json\/wp\/v2\/pages\/3715"}],"wp:attachment":[{"href":"https:\/\/www.enaikoon.com\/de\/wp-json\/wp\/v2\/media?parent=3741"}],"curies":[{"name":"wp","href":"https:\/\/api.w.org\/{rel}","templated":true}]}}