{"id":3729,"date":"2016-07-18T03:16:00","date_gmt":"2016-07-18T03:16:00","guid":{"rendered":"https:\/\/www.enaikoon.com\/?page_id=3729"},"modified":"2019-07-31T11:35:23","modified_gmt":"2019-07-31T11:35:23","slug":"tracking-tracing","status":"publish","type":"page","link":"https:\/\/www.enaikoon.com\/de\/loesungen\/branchen\/tracking-tracing\/","title":{"rendered":"tracking &#038; tracing"},"content":{"rendered":"<div class=\"row row-slider\">\n\t\t\t<!-- START trackingtracing_de REVOLUTION SLIDER 6.6.16 --><p class=\"rs-p-wp-fix\"><\/p>\n\t\t\t<rs-module-wrap id=\"rev_slider_41_1_wrapper\" data-source=\"gallery\" style=\"visibility:hidden;background:transparent;padding:0;margin:0px auto;margin-top:0;margin-bottom:0;\">\n\t\t\t\t<rs-module id=\"rev_slider_41_1\" style=\"\" data-version=\"6.6.16\">\n\t\t\t\t\t<rs-slides style=\"overflow: hidden; position: absolute;\">\n\t\t\t\t\t\t<rs-slide style=\"position: absolute;\" data-key=\"rs-60\" data-title=\"banner\" data-anim=\"adpr:false;\">\n\t\t\t\t\t\t\t<img src=\"\/\/www.enaikoon.com\/wp-content\/plugins\/revslider\/public\/assets\/assets\/dummy.png\" alt=\"\" title=\"tracking &#038; tracing\" class=\"rev-slidebg tp-rs-img rs-lazyload\" data-lazyload=\"\/\/www.enaikoon.com\/wp-content\/uploads\/2016\/08\/Banner_construction_security.png\" data-no-retina>\n<!--\n\t\t\t\t\t\t\t--><rs-layer\n\t\t\t\t\t\t\t\tid=\"slider-41-slide-60-layer-1\" \n\t\t\t\t\t\t\t\tdata-type=\"image\"\n\t\t\t\t\t\t\t\tdata-rsp_ch=\"on\"\n\t\t\t\t\t\t\t\ttitle=\"Routen-Navigation und Tracking leicht gemacht\"\n\t\t\t\t\t\t\t\tdata-text=\"l:22;\"\n\t\t\t\t\t\t\t\tdata-dim=\"w:998px;h:300px;\"\n\t\t\t\t\t\t\t\tdata-frame_0=\"tp:600;\"\n\t\t\t\t\t\t\t\tdata-frame_1=\"tp:600;e:power2.inOut;st:500;\"\n\t\t\t\t\t\t\t\tdata-frame_999=\"o:0;tp:600;e:nothing;st:w;\"\n\t\t\t\t\t\t\t\tstyle=\"z-index:5;\"\n\t\t\t\t\t\t\t><img src=\"\/\/www.enaikoon.com\/wp-content\/plugins\/revslider\/public\/assets\/assets\/dummy.png\" alt=\"Routen-Navigation und Tracking leicht gemacht\" class=\"tp-rs-img rs-lazyload\" width=\"998\" height=\"300\" data-lazyload=\"\/\/www.enaikoon.com\/wp-content\/uploads\/2016\/07\/Banner_construction_security.png\" data-no-retina> \n\t\t\t\t\t\t\t<\/rs-layer><!--\n\n\t\t\t\t\t\t\t--><rs-layer\n\t\t\t\t\t\t\t\tid=\"slider-41-slide-60-layer-2\" \n\t\t\t\t\t\t\t\tclass=\"medium-blue-text\"\n\t\t\t\t\t\t\t\tdata-type=\"text\"\n\t\t\t\t\t\t\t\tdata-color=\"rgba(70,180,231,1)\"\n\t\t\t\t\t\t\t\tdata-rsp_ch=\"on\"\n\t\t\t\t\t\t\t\tdata-xy=\"x:540px;y:60px;\"\n\t\t\t\t\t\t\t\tdata-text=\"s:32;l:34;fw:700;\"\n\t\t\t\t\t\t\t\tdata-frame_0=\"y:50px;tp:600;\"\n\t\t\t\t\t\t\t\tdata-frame_1=\"tp:600;e:power2.inOut;st:800;sp:500;\"\n\t\t\t\t\t\t\t\tdata-frame_999=\"o:1;tp:600;e:nothing;st:w;\"\n\t\t\t\t\t\t\t\tstyle=\"z-index:6;font-family:'Myriad Pro';color:#12B9FF !important;letter-spacing:0px !important;\"\n\t\t\t\t\t\t\t>Tracking & Tracing<br\/>\n- einfach, schnell, sicher \n\t\t\t\t\t\t\t<\/rs-layer><!--\n\n\t\t\t\t\t\t\t--><rs-layer\n\t\t\t\t\t\t\t\tid=\"slider-41-slide-60-layer-3\" \n\t\t\t\t\t\t\t\tclass=\"small-brown-text\"\n\t\t\t\t\t\t\t\tdata-type=\"text\"\n\t\t\t\t\t\t\t\tdata-color=\"rgba(143,143,143,1)\"\n\t\t\t\t\t\t\t\tdata-rsp_ch=\"on\"\n\t\t\t\t\t\t\t\tdata-xy=\"x:540px;y:142px;\"\n\t\t\t\t\t\t\t\tdata-text=\"s:16;l:20;\"\n\t\t\t\t\t\t\t\tdata-frame_0=\"y:50px;tp:600;\"\n\t\t\t\t\t\t\t\tdata-frame_1=\"tp:600;e:power2.inOut;st:800;sp:500;\"\n\t\t\t\t\t\t\t\tdata-frame_999=\"o:1;tp:600;e:nothing;st:w;\"\n\t\t\t\t\t\t\t\tstyle=\"z-index:7;font-family:'Myriad Pro';letter-spacing:1 !important;font-size:14.4px;line-height:17px;\"\n\t\t\t\t\t\t\t>leicht handhabbare, preiswerte und sichere L\u00f6sung zur <br\/>\u00dcberwachung von Flotten und Maschinen mit der <br\/>nutzerfreundlichen Software inViu web \n\t\t\t\t\t\t\t<\/rs-layer><!--\n\n\t\t\t\t\t\t\t--><rs-layer\n\t\t\t\t\t\t\t\tid=\"slider-41-slide-60-layer-4\" \n\t\t\t\t\t\t\t\tdata-type=\"text\"\n\t\t\t\t\t\t\t\tdata-color=\"rgba(255,255,255,1)\"\n\t\t\t\t\t\t\t\tdata-rsp_ch=\"on\"\n\t\t\t\t\t\t\t\tdata-xy=\"x:540px;y:205px;\"\n\t\t\t\t\t\t\t\tdata-text=\"l:22;\"\n\t\t\t\t\t\t\t\tdata-frame_0=\"y:50px;tp:600;\"\n\t\t\t\t\t\t\t\tdata-frame_1=\"tp:600;e:power2.inOut;st:800;sp:500;\"\n\t\t\t\t\t\t\t\tdata-frame_999=\"o:1;tp:600;e:nothing;st:w;\"\n\t\t\t\t\t\t\t\tstyle=\"z-index:8;font-family:'';\"\n\t\t\t\t\t\t\t><a class=\"gl_button_blue\" href=\"\/de\/loesungen\/unsere-dienstleistungen\/\">Unsere Dienstleistungen<\/a> \n\t\t\t\t\t\t\t<\/rs-layer><!--\n-->\t\t\t\t\t\t<\/rs-slide>\n\t\t\t\t\t<\/rs-slides>\n\t\t\t\t<\/rs-module>\n\t\t\t\t<script>\n\t\t\t\t\tsetREVStartSize({c: 'rev_slider_41_1',rl:[1240,1024,778,480],el:[],gw:[998],gh:[300],type:'standard',justify:'',layout:'fullwidth',mh:\"0\"});if (window.RS_MODULES!==undefined && window.RS_MODULES.modules!==undefined && window.RS_MODULES.modules[\"revslider411\"]!==undefined) {window.RS_MODULES.modules[\"revslider411\"].once = false;window.revapi41 = undefined;if (window.RS_MODULES.checkMinimal!==undefined) window.RS_MODULES.checkMinimal()}\n\t\t\t\t<\/script>\n\t\t\t<\/rs-module-wrap>\n\t\t\t<!-- END REVOLUTION SLIDER -->\n<\/div>\n<div class=\"row\">\n\n<div class=\"col-md-4\">\n<div class=\"gl_space_right10\">\n<div class=\"gl_h2big\">Das bieten unsere L\u00f6sungen<\/div>\n<div class=\"gl_space_top10\"><\/div>\n<div class=\"gl_h4big\">Management von Flotten und mobilen Mitarbeitern<\/div>\n<div class=\"gl_ul_style2\">\n<ul type=\"square\">li&gt;Echtzeit Routenverfolgung\n \t<li>Aufzeichnung der Richtung, H\u00f6he und des genauen GPS Standorts<\/li>\n \t<li>Geofence-Funktion mit Alarmierung bei Erreichen oder Verlassen eines Geofence durch Fahrzeuge oder Mitarbeiter<\/li>\n \t<li>Ausf\u00fchrliche T\u00e4tigkeitsberichte<\/li>\n \t<li>Einrichtung von Unterkonten f\u00fcr Dienstleister<\/li>\n<\/ul>\n<\/div>\n<div class=\"gl_space_top15\"><\/div>\n<div class=\"gl_h4big\">Einfache Handhabung<\/div>\n<div class=\"gl_ul_style2\">\n<ul type=\"square\">\n \t<li>Intuitive und attraktive Benutzeroberfl\u00e4che<\/li>\n \t<li>Individuell einstellbare Software<\/li>\n \t<li>Unbegrenzte Anzahl an Trackables und Geofences<\/li>\n \t<li>Zugriff durch Mobiltelefon und Webbrowser<\/li>\n \t<li>Drahtlose Konfiguration<\/li>\n<\/ul>\n<\/div>\n<div class=\"gl_space_top15\"><\/div>\n<div class=\"gl_h4big\">Diebstahlschutz<\/div>\n<div class=\"gl_ul_style2\">\n<ul type=\"square\">\n \t<li>Bew\u00e4hrte L\u00f6sung zur R\u00fcckf\u00fchrung gestohlener G\u00fcter<\/li>\n \t<li>Ortungsmodule verwenden integrierte Batterie, wenn die Stromversorgung unterbrochen wird<\/li>\n \t<li>Nie wieder unautorisierte Nutzung<\/li>\n<\/ul>\n<\/div>\n<div class=\"gl_space_top60\"><\/div>\n<div class=\"gl_h2big\">Mehr Information<\/div>\n<div class=\"gl_space_top15\"><\/div>\n<div class=\"clearfix\">\n<div class=\"branch_sheet_img\"><a rel=\"nofollow\" href=\"https:\/\/www.enaikoon.com\/uploads\/media\/ENAiKOON_Themenblatt_Transport_und_Logistik.pdf\" target=\"_blank\"><img decoding=\"async\" src=\"https:\/\/www.enaikoon.com\/wp-content\/uploads\/2016\/07\/Branch_sheets8.jpg\" alt=\"\" border=\"0\"> <\/a><\/div>\n<div class=\"branch_sheet_name\"><a rel=\"nofollow\" href=\"https:\/\/www.enaikoon.com\/uploads\/media\/ENAiKOON_Themenblatt_Transport_und_Logistik.pdf\" target=\"_blank\">Transport und\nLogistik<\/a>\n\n<\/div>\n<\/div>\n<\/div>\n<\/div>\n\n<div class=\"col-md-4\">\n<div class=\"gl_space_right10\">\n<div class=\"gl_h2big\">Einsatzgebiete<\/div>\n<div class=\"gl_space_top10\"><\/div>\n<div class=\"gl_h4big\">Branchen<\/div>\n<div class=\"gl_ul_style1\">\n<ul type=\"square\">\n \t<li>Kommerzielle Flotten<\/li>\n \t<li>Service Flotten<\/li>\n \t<li>Taxi und Limousinenservice<\/li>\n \t<li>Au\u00dfendienst<\/li>\n \t<li>Ambulanter Pflegedienst<\/li>\n \t<li>Testk\u00e4ufer und Rack Jobber<\/li>\n \t<li>Pannendienste<\/li>\n<\/ul>\n<\/div>\n<div class=\"gl_space_top15\"><\/div>\n<div class=\"gl_h2big\">Das sagen unsere Kunden&#8230;<\/div>\n<div class=\"gl_space_top10\"><\/div>\n<div class=\"gl_industry\">\n<div class=\"gl_industry_image\"><a href=\"https:\/\/www.enaikoon.com\/de\/loesungen\/testimonials\/disposition-und-koordination\/\" title=\"Disposition\"><img decoding=\"async\" src=\"https:\/\/www.enaikoon.com\/wp-content\/uploads\/2016\/07\/industry6.jpg\" alt=\"\"><\/a><\/div>\n<div class=\"gl_industry_text\">\n<p class=\"gl_h3big\"><a href=\"https:\/\/www.enaikoon.com\/de\/loesungen\/testimonials\/disposition-und-koordination\/\">Disposition<\/a><\/p>\n&#8222;Mit den ENAiKOON Telematik-L\u00f6sungen optimieren wir den Einsatz unserer Fahrzeuge um 40%.&#8220;\n\n<\/div>\n<\/div>\n<div class=\"gl_industry\">\n<div class=\"gl_industry_image\"><a href=\"https:\/\/www.enaikoon.com\/de\/loesungen\/testimonials\/sicherheit-und-diebstahlschutz\/\" title=\"security and theft protection\"><img decoding=\"async\" src=\"https:\/\/www.enaikoon.com\/wp-content\/uploads\/2016\/07\/industry13.jpg\" alt=\"security and theft protection\"><\/a><\/div>\n<div class=\"gl_industry_text\">\n<p class=\"gl_h3big\"><a href=\"https:\/\/www.enaikoon.com\/de\/loesungen\/testimonials\/sicherheit-und-diebstahlschutz\/\">Sicherheit und Diebstahlschutz<\/a><\/p>\n&#8222;Ohne die Telematikl\u00f6sung von ENAiKOON h\u00e4tten wir den Wagen nicht wieder erhalten und w\u00e4ren auf dem Schaden sitzen geblieben.&#8220;\n\n<\/div>\n<\/div>\n<div class=\"gl_row_space\"><\/div>\n<div style=\"margin-top:240px;\">&nbsp;<\/div>\n<div class=\"clearfix\">\n<div class=\"branch_sheet_img\"><a rel=\"nofollow\" href=\"https:\/\/www.enaikoon.com\/uploads\/media\/ENAiKOON_locate-04_Datenblatt.pdf\" target=\"_blank\"><img decoding=\"async\" src=\"https:\/\/www.enaikoon.com\/wp-content\/uploads\/2016\/07\/Branch_sheets9.jpg\" alt=\"\" border=\"0\"> <\/a><\/div>\n<div class=\"branch_sheet_name\"><a rel=\"nofollow\" href=\"https:\/\/www.enaikoon.com\/uploads\/media\/ENAiKOON_locate-04_Datenblatt.pdf\" target=\"_blank\">Datenblatt\nlocate-04<\/a>\n\n<\/div>\n<\/div>\n<\/div>\n<\/div>\n\n<div class=\"col-md-4\">\n<div class=\"gl_enaikoon_logo\"><img decoding=\"async\" src=\"https:\/\/www.enaikoon.com\/wp-content\/uploads\/2016\/07\/ENAiKOON-frosted-logo.png\" alt=\"\"><\/div>\n<div><a class=\"gl_button_blue\" href=\"https:\/\/www.enaikoon.com\/de\/kontakt\/kontakt\/\">Sprechen Sie uns an<\/a><\/div>\n<div class=\"gl_introduction_contact\"><img decoding=\"async\" src=\"https:\/\/www.enaikoon.com\/wp-content\/uploads\/2016\/07\/icon_email.png\" alt=\"\">\n<p class=\"gl_text_space\"><a rel=\"nofollow\" href=\"mailto:vertrieb@enaikoon.de\">vertrieb@enaikoon.de<\/a><\/p>\n\n<\/div>\n<div class=\"gl_introduction_contact\">\n<p class=\"gl_text_space\"><img decoding=\"async\" src=\"https:\/\/www.enaikoon.com\/wp-content\/uploads\/2016\/07\/icon_phone1.png\" alt=\"\">\n+49 30 397475-30\n\n<\/div>\n<div class=\"gl_introduction_contact\">\n<p class=\"gl_text_space\"><img decoding=\"async\" src=\"https:\/\/www.enaikoon.com\/wp-content\/uploads\/2016\/07\/icon_phone2.png\" alt=\"\">\n+49 30 397475-40\n\n<\/div>\n<div class=\"gl_space_top20\"><\/div>\n<div class=\"gl_space_top20\"><\/div>\n<div><a class=\"gl_button_blue\" href=\"https:\/\/www.enaikoon.com\/de\/loesungen\/branchen\/\">Zur\u00fcck zu Branchen<\/a><\/div>\n<div class=\"gl_space_top20\"><\/div>\nUm das Webportal inViu pro zu erleben bitte auf nachstehende Schaltfl\u00e4che und dann auf &#8222;Demo&#8220; \u00fcber dem Anmeldefeld klicken.\n<div><a class=\"gl_button_yellow\" rel=\"nofollow\" href=\"https:\/\/sso.enaikoon.de\/SSOServer\/?locale=de&amp;demo=1\" target=\"_blank\">inViu pro demo<\/a><\/div>\n<a href=\"https:\/\/www.enaikoon.com\/de\/kontakt\/testsystem-bestellen\/\" title=\"Try out the app for free!\"><img decoding=\"async\" class=\"gl_space_left30\" src=\"https:\/\/www.enaikoon.com\/wp-content\/uploads\/2016\/07\/Try-n-Buy-icon_11.png\" alt=\"free trial for field service app\" border=\"0\"><\/a>\n<div class=\"gl_space_top15\"><\/div>\n<div class=\"gl_h4big\"><a href=\"https:\/\/www.enaikoon.com\/de\/kontakt\/testsystem-bestellen\/\">Jetzt Testen!<\/a><\/div>\nUnsere inViu Demo ist Ihr erster Schritt zu einer kompletten ENAiKOON-L\u00f6sung. <a href=\"https:\/\/www.enaikoon.com\/de\/kontakt\/testsystem-bestellen\/\">Fordern Sie Ihre kostenlose Testversion an!<\/a>\n\n<\/div>\n<div class=\"gl_row_space\"><\/div>\n<div class=\"gl_line\"><\/div>\n<\/div>\n<h2>Wie es funktioniert<\/h2>\n<div class=\"row\">\n\n<div class=\"col-md-4\">\n<div class=\"gl_space_top10\"><\/div>\n<div class=\"gl_h4_fix\"><a href=\"https:\/\/www.enaikoon.com\/de\/geraete\/locate-serie\/locate-04\/\" target=\"_self\"><span style=\"color: #6f6f6f;\">Einbau der locate-04 in das Fahrzeug \/ die Maschine<\/span><\/a><\/div>\n<div class=\"gl_space_top15\"><\/div>\n<a title=\"inViu routes: locate any trackable and analyse its data\" href=\"https:\/\/www.enaikoon.com\/de\/geraete\/locate-serie\/locate-04\/\"><img decoding=\"async\" loading=\"lazy\" src=\"https:\/\/www.enaikoon.com\/wp-content\/uploads\/2016\/07\/branch16.png\" alt=\"start tracking routes with inViu routes\" width=\"310\" height=\"310\" border=\"0\"><\/a>\n<div class=\"gl_space_top10\">Die einmalige Installation ist schnell gemacht und erfordert praktisch keine Wartung. Das Ortungsmodul sendet die Fahrzeugdaten auf unsere sicheren Servern in Berlin, Deutschland. Die Fahrzeugdaten k\u00f6nnen dann \u00fcber das Webportal inViu pro angesehen und bearbeitet werden. Hierzu wird nur ein Internetzugriff ben\u00f6tigt.<\/div>\n<\/div>\n<div class=\"col-md-4\">\n<div class=\"gl_space_top10\"><\/div>\n<div class=\"gl_h4_fix\"><a href=\"https:\/\/www.enaikoon.com\/de\/software-de\/inviu-pro\/\" target=\"_self\"><span style=\"color: #6f6f6f;\">Alle wichtigen Informationen auf einen Blick im Internet<\/span><\/a><\/div>\n<div class=\"gl_space_top15\"><\/div>\n<a title=\"ENAiKOON inViu: die starke online Flottenmanagement- und \u00dcberwachungs-Software\" href=\"https:\/\/www.enaikoon.com\/de\/software-de\/inviu-pro\/\"><img decoding=\"async\" loading=\"lazy\" src=\"https:\/\/www.enaikoon.com\/wp-content\/uploads\/2016\/07\/branch17.png\" alt=\"inViu ist das Internet-Portal von ENAiKOON f\u00fcr \u00dcberwachung und Flottenmanagement\" width=\"310\" height=\"310\" border=\"0\"><\/a>\n<div class=\"gl_space_right10 gl_space_top10\">\u00dcberwachen und managen Sie Ihre Fahrzeuge und Mitarbeiter zu jeder Zeit und von \u00fcberall mit <a title=\"inViu web - ENAiKOONs schnelles Webportal\" href=\"https:\/\/www.enaikoon.com\/de\/software\/inviu-web\/\">inViu web<\/a> &#8211; dem schnellen und einfachen Webportal. Die integrierte <a title=\"Geofence-\u00dcberwachung\" href=\"https:\/\/www.enaikoon.com\/de\/loesungen\/unsere-dienstleistungen\/\">Geofence-\u00dcberwachung<\/a> und -Alarmierung sowie die Anzeige der letzten Positionen bieten eine perfekte L\u00f6sung f\u00fcr Ihr Fahrzeug- und Mitarbeiter-Management.<\/div>\n<\/div>\n<div class=\"col-md-4\">\n<div class=\"gl_space_top10\"><\/div>\n<div class=\"gl_h4_fix\"><a href=\"https:\/\/www.enaikoon.com\/de\/apps\/inviu-apps\/\" target=\"_self\"><span style=\"color: #6f6f6f;\">Tracking und die mobile Nutzung der Funktionen<\/span><\/a><\/div>\n<div class=\"gl_space_top15\"><\/div>\n<a title=\"ENAiKOON mobile: einfach Ihr Unternehmen sch\u00fctzen, indem sie ein Auge sowohl auf Ihr Team und Ihre Assets mit unserer mobilen Business-Anwendungen haben.\" href=\"https:\/\/www.enaikoon.com\/de\/apps\/\"><img decoding=\"async\" loading=\"lazy\" src=\"https:\/\/www.enaikoon.com\/wp-content\/uploads\/2016\/07\/branch18.png\" alt=\"ENAiKOON mobile: einfach Ihr Unternehmen sch\u00fctzen, indem sie ein Auge sowohl auf Ihr Team und Ihre Assets mit unserer mobilen Business-Anwendungen haben.\" width=\"310\" height=\"310\" border=\"0\"><\/a>\n<div class=\"gl_space_top10\">Nutzen Sie die umfangreichen Features von inViu routes; erstellen Sie Geofences, senden Sie Nachrichten und Auftr\u00e4ge an Ihre Mitarbeiter und Sie erhalten den kompletten \u00dcberblick \u00fcber Ihr Unternehmen und die betriebliche Abl\u00e4ufe.<\/div>\n<\/div>\n<\/div>\n<div style=\"height:50px;\">\n\n<\/div>","protected":false},"excerpt":{"rendered":"<p> [&hellip;]<\/p>\n","protected":false},"author":7,"featured_media":0,"parent":3717,"menu_order":0,"comment_status":"closed","ping_status":"closed","template":"","meta":{"footnotes":""},"acf":[],"_links":{"self":[{"href":"https:\/\/www.enaikoon.com\/de\/wp-json\/wp\/v2\/pages\/3729"}],"collection":[{"href":"https:\/\/www.enaikoon.com\/de\/wp-json\/wp\/v2\/pages"}],"about":[{"href":"https:\/\/www.enaikoon.com\/de\/wp-json\/wp\/v2\/types\/page"}],"author":[{"embeddable":true,"href":"https:\/\/www.enaikoon.com\/de\/wp-json\/wp\/v2\/users\/7"}],"replies":[{"embeddable":true,"href":"https:\/\/www.enaikoon.com\/de\/wp-json\/wp\/v2\/comments?post=3729"}],"version-history":[{"count":19,"href":"https:\/\/www.enaikoon.com\/de\/wp-json\/wp\/v2\/pages\/3729\/revisions"}],"predecessor-version":[{"id":17140,"href":"https:\/\/www.enaikoon.com\/de\/wp-json\/wp\/v2\/pages\/3729\/revisions\/17140"}],"up":[{"embeddable":true,"href":"https:\/\/www.enaikoon.com\/de\/wp-json\/wp\/v2\/pages\/3717"}],"wp:attachment":[{"href":"https:\/\/www.enaikoon.com\/de\/wp-json\/wp\/v2\/media?parent=3729"}],"curies":[{"name":"wp","href":"https:\/\/api.w.org\/{rel}","templated":true}]}}