{"id":3727,"date":"2016-07-18T03:15:23","date_gmt":"2016-07-18T03:15:23","guid":{"rendered":"https:\/\/www.enaikoon.com\/?page_id=3727"},"modified":"2019-07-31T11:21:12","modified_gmt":"2019-07-31T11:21:12","slug":"container","status":"publish","type":"page","link":"https:\/\/www.enaikoon.com\/de\/loesungen\/branchen\/container\/","title":{"rendered":"container"},"content":{"rendered":"<div class=\"row row-slider\">\n\t\t\t<!-- START container_de REVOLUTION SLIDER 6.6.16 --><p class=\"rs-p-wp-fix\"><\/p>\n\t\t\t<rs-module-wrap id=\"rev_slider_40_1_wrapper\" data-source=\"gallery\" style=\"visibility:hidden;background:transparent;padding:0;margin:0px auto;margin-top:0;margin-bottom:0;\">\n\t\t\t\t<rs-module id=\"rev_slider_40_1\" style=\"\" data-version=\"6.6.16\">\n\t\t\t\t\t<rs-slides style=\"overflow: hidden; position: absolute;\">\n\t\t\t\t\t\t<rs-slide style=\"position: absolute;\" data-key=\"rs-59\" data-title=\"banner\" data-anim=\"adpr:false;\">\n\t\t\t\t\t\t\t<img src=\"\/\/www.enaikoon.com\/wp-content\/plugins\/revslider\/public\/assets\/assets\/dummy.png\" alt=\"\" title=\"container\" class=\"rev-slidebg tp-rs-img rs-lazyload\" data-lazyload=\"\/\/www.enaikoon.com\/wp-content\/uploads\/2016\/08\/Banner_container.png\" data-no-retina>\n<!--\n\t\t\t\t\t\t\t--><rs-layer\n\t\t\t\t\t\t\t\tid=\"slider-40-slide-59-layer-1\" \n\t\t\t\t\t\t\t\tdata-type=\"image\"\n\t\t\t\t\t\t\t\tdata-rsp_ch=\"on\"\n\t\t\t\t\t\t\t\ttitle=\"Die ENAiKOON L\u00f6sung optimiert das Container Management\"\n\t\t\t\t\t\t\t\tdata-text=\"l:22;\"\n\t\t\t\t\t\t\t\tdata-dim=\"w:998px;h:300px;\"\n\t\t\t\t\t\t\t\tdata-frame_0=\"tp:600;\"\n\t\t\t\t\t\t\t\tdata-frame_1=\"tp:600;e:power2.inOut;st:500;\"\n\t\t\t\t\t\t\t\tdata-frame_999=\"o:0;tp:600;e:nothing;st:w;\"\n\t\t\t\t\t\t\t\tstyle=\"z-index:5;\"\n\t\t\t\t\t\t\t><img src=\"\/\/www.enaikoon.com\/wp-content\/plugins\/revslider\/public\/assets\/assets\/dummy.png\" alt=\"Die ENAiKOON L\u00f6sung optimiert das Container Management\" class=\"tp-rs-img rs-lazyload\" data-lazyload=\"\/wp-content\/uploads\/2016\/07\/Banner_container.png\" data-no-retina> \n\t\t\t\t\t\t\t<\/rs-layer><!--\n\n\t\t\t\t\t\t\t--><rs-layer\n\t\t\t\t\t\t\t\tid=\"slider-40-slide-59-layer-2\" \n\t\t\t\t\t\t\t\tclass=\"medium-blue-text\"\n\t\t\t\t\t\t\t\tdata-type=\"text\"\n\t\t\t\t\t\t\t\tdata-color=\"rgba(70,180,231,1)\"\n\t\t\t\t\t\t\t\tdata-rsp_ch=\"on\"\n\t\t\t\t\t\t\t\tdata-xy=\"x:540px;y:60px;\"\n\t\t\t\t\t\t\t\tdata-text=\"s:32;l:34;fw:700;\"\n\t\t\t\t\t\t\t\tdata-frame_0=\"y:50px;tp:600;\"\n\t\t\t\t\t\t\t\tdata-frame_1=\"tp:600;e:power2.inOut;st:800;sp:500;\"\n\t\t\t\t\t\t\t\tdata-frame_999=\"o:1;tp:600;e:nothing;st:w;\"\n\t\t\t\t\t\t\t\tstyle=\"z-index:6;font-family:'Myriad Pro';color:#12B9FF !important;letter-spacing:0px !important;\"\n\t\t\t\t\t\t\t>Container Ortung<br\/>\nund Management\n \n\t\t\t\t\t\t\t<\/rs-layer><!--\n\n\t\t\t\t\t\t\t--><rs-layer\n\t\t\t\t\t\t\t\tid=\"slider-40-slide-59-layer-3\" \n\t\t\t\t\t\t\t\tclass=\"small-brown-text\"\n\t\t\t\t\t\t\t\tdata-type=\"text\"\n\t\t\t\t\t\t\t\tdata-color=\"rgba(143,143,143,1)\"\n\t\t\t\t\t\t\t\tdata-rsp_ch=\"on\"\n\t\t\t\t\t\t\t\tdata-xy=\"x:540px;y:142px;\"\n\t\t\t\t\t\t\t\tdata-text=\"s:16;l:20;\"\n\t\t\t\t\t\t\t\tdata-frame_0=\"y:50px;tp:600;\"\n\t\t\t\t\t\t\t\tdata-frame_1=\"tp:600;e:power2.inOut;st:800;sp:500;\"\n\t\t\t\t\t\t\t\tdata-frame_999=\"o:1;tp:600;e:nothing;st:w;\"\n\t\t\t\t\t\t\t\tstyle=\"z-index:7;font-family:'Myriad Pro';letter-spacing:1 !important;font-size:14.4px;line-height:17px;\"\n\t\t\t\t\t\t\t>Entdecken Sie, wie Sie durch integrierte Telematik-L\u00f6sungen<br\/>\nIhre Container-Buchhaltung optimieren und damit Geld und Zeit <br\/>sparen k\u00f6nnen \n\t\t\t\t\t\t\t<\/rs-layer><!--\n\n\t\t\t\t\t\t\t--><rs-layer\n\t\t\t\t\t\t\t\tid=\"slider-40-slide-59-layer-4\" \n\t\t\t\t\t\t\t\tdata-type=\"text\"\n\t\t\t\t\t\t\t\tdata-color=\"rgba(255,255,255,1)\"\n\t\t\t\t\t\t\t\tdata-rsp_ch=\"on\"\n\t\t\t\t\t\t\t\tdata-xy=\"x:540px;y:205px;\"\n\t\t\t\t\t\t\t\tdata-text=\"l:22;\"\n\t\t\t\t\t\t\t\tdata-frame_0=\"y:50px;tp:600;\"\n\t\t\t\t\t\t\t\tdata-frame_1=\"tp:600;e:power2.inOut;st:800;sp:500;\"\n\t\t\t\t\t\t\t\tdata-frame_999=\"o:1;tp:600;e:nothing;st:w;\"\n\t\t\t\t\t\t\t\tstyle=\"z-index:8;font-family:'';\"\n\t\t\t\t\t\t\t><a class=\"gl_button_blue\" href=\"\/de\/losungen\/unsere-dienstleistungen\/\">Unsere Dienstleistungen<\/a> \n\t\t\t\t\t\t\t<\/rs-layer><!--\n-->\t\t\t\t\t\t<\/rs-slide>\n\t\t\t\t\t<\/rs-slides>\n\t\t\t\t<\/rs-module>\n\t\t\t\t<script>\n\t\t\t\t\tsetREVStartSize({c: 'rev_slider_40_1',rl:[1240,1024,778,480],el:[],gw:[998],gh:[300],type:'standard',justify:'',layout:'fullwidth',mh:\"0\"});if (window.RS_MODULES!==undefined && window.RS_MODULES.modules!==undefined && window.RS_MODULES.modules[\"revslider401\"]!==undefined) {window.RS_MODULES.modules[\"revslider401\"].once = false;window.revapi40 = undefined;if (window.RS_MODULES.checkMinimal!==undefined) window.RS_MODULES.checkMinimal()}\n\t\t\t\t<\/script>\n\t\t\t<\/rs-module-wrap>\n\t\t\t<!-- END REVOLUTION SLIDER -->\n<\/div>\n<div style=\"height: 40px;\"><\/div>\n<div class=\"row\">\n\n<div class=\"col-md-4\">\n<div class=\"gl_space_right10\">\n<div class=\"gl_h2big\">Das bieten unsere L\u00f6sungen<\/div>\n<div class=\"gl_space_top10\"><\/div>\n<div class=\"gl_h4big\">GPS-Ortung<\/div>\n<div class=\"gl_ul_style2\">\n<ul type=\"square\">\n \t<li>Lokalisierung von Positionen<\/li>\n \t<li>Anzeige auf einer Landkarte<\/li>\n \t<li>Geofence-Funktion zur \u00dcberwachung<\/li>\n \t<li>Routenverfolgung und Transportstatus<\/li>\n \t<li>Erkennen von Warenstr\u00f6men<\/li>\n<\/ul>\n<\/div>\n<div class=\"gl_space_top15\"><\/div>\n<div class=\"gl_h4big\">Container Management<\/div>\n<div class=\"gl_ul_style2\">\n<ul type=\"square\">\n \t<li>Logistikmanagement der Containerfahrzeuge<\/li>\n \t<li>Management von Containergruppen<\/li>\n \t<li>Management verschiedener Standorte und Kundengruppen<\/li>\n<\/ul>\n<\/div>\n<div class=\"gl_space_top15\"><\/div>\n<div class=\"gl_h4big\">Betriebszeitenermittlung<\/div>\n<div class=\"gl_ul_style1\">\n<ul type=\"square\">\n \t<li>Echtzeit-Kontrolle von Wartungsfristen<\/li>\n \t<li>Einfache Erfassung der Betriebszeiten von Antrieben \/ Motoren \/ Hydraulikaggregaten<\/li>\n<\/ul>\n<\/div>\n<div class=\"gl_space_top15\"><\/div>\n<div class=\"gl_h4big\">Statusmeldungen f\u00fcr<\/div>\n<div class=\"gl_ul_style2\">\n<ul type=\"square\">\n \t<li>F\u00fcllstand (75% \/ voll)<\/li>\n \t<li>St\u00f6rung<\/li>\n \t<li>Transport<\/li>\n<\/ul>\n<\/div>\n<div class=\"gl_space_top15\"><\/div>\n<div class=\"gl_h4big\">Diebstahl\u00fcberwachung<\/div>\n<div class=\"gl_ul_style2\">\n<ul type=\"square\">\n \t<li>Gebiets\u00fcberwachung mit Geofence<\/li>\n \t<li>R\u00fcttelsensor bei unerlaubtem Transport<\/li>\n \t<li>Alarm bei unbefugter Nutzung<\/li>\n \t<li>Fernabschaltung bei Missbrauch<\/li>\n<\/ul>\n<\/div>\n<\/div>\n<\/div>\n\n<div class=\"col-md-4\">\n<div class=\"gl_h2big\">Das sagen unsere Kunden&#8230;<\/div>\n<div class=\"gl_space_top10\"><\/div>\n<div class=\"gl_industry\">\n<div class=\"gl_industry_image\"><a title=\"Container Management\" href=\"https:\/\/www.enaikoon.com\/de\/loesungen\/testimonials\/container-management\/\"><img decoding=\"async\" src=\"https:\/\/www.enaikoon.com\/wp-content\/uploads\/2016\/07\/industry12.png\" alt=\"Container Management\" border=\"0\"><\/a><\/div>\n<div class=\"gl_industry_text\">\n<p class=\"gl_h3big\"><a href=\"https:\/\/www.enaikoon.com\/de\/loesungen\/testimonials\/container-management\/\">Container-Management<\/a><\/p>\n&#8222;Mit dem autarken Ortungsmodul locate-15 von ENAiKOON erhalten wir jeden Tag eine aktuelle Standort-Position unserer Container. Dies reicht v\u00f6llig aus, um das Container Management optimal zu betreiben.&#8220;\n\n<\/div>\n<\/div>\n<div class=\"gl_industry\">\n<div class=\"gl_industry_image\"><a href=\"https:\/\/www.enaikoon.com\/de\/loesungen\/testimonials\/service-management\/\"><img decoding=\"async\" src=\"https:\/\/www.enaikoon.com\/wp-content\/uploads\/2016\/07\/industry7.jpg\" alt=\"\" border=\"0\"><\/a><\/div>\n<div class=\"gl_industry_text\">\n<p class=\"gl_h3big\"><a href=\"https:\/\/www.enaikoon.com\/de\/loesungen\/testimonials\/service-management\/\">Service-\nManagement<\/a><\/p>\n&#8222;Wir k\u00f6nnen alle anstehenden Servicetermine und -aufgaben zeit-, betriebsstunden- und kilometergenau voreinstellen.&#8220;\n\n<\/div>\n<\/div>\n<div class=\"gl_h2big\">Branchenbl\u00e4tter<\/div>\n<div class=\"gl_space_top10\"><\/div>\n<div class=\"clearfix\">\n<div class=\"branch_sheet_img\"><a href=\"https:\/\/www.enaikoon.com\/fileadmin\/enaikoon\/Dateien\/pdf\/Branche\/Container\/englisch\/ENAiKOON_branch_sheet_Container_Monitoring.pdf\" target=\"_blank\" rel=\"nofollow\"><img decoding=\"async\" src=\"https:\/\/www.enaikoon.com\/wp-content\/uploads\/2016\/07\/Branch_sheets7.jpg\" alt=\"\" border=\"0\"> <\/a><\/div>\n<div class=\"branch_sheet_name\"><a href=\"https:\/\/www.enaikoon.com\/fileadmin\/enaikoon\/Dateien\/pdf\/Branche\/Container\/deutsch\/ENAiKOON_Branchenblatt_Containerservice.pdf\" target=\"_blank\" rel=\"nofollow\">Container<\/a>\n\n<a href=\"https:\/\/www.enaikoon.com\/fileadmin\/enaikoon\/Dateien\/pdf\/Branche\/Container\/deutsch\/ENAiKOON_Branchenblatt_Containerservice.pdf\" target=\"_blank\" rel=\"nofollow\">Service<\/a>\n\n<\/div>\n<\/div>\n<\/div>\n\n<div class=\"col-md-4\">\n<div class=\"gl_enaikoon_logo\"><img decoding=\"async\" src=\"https:\/\/www.enaikoon.com\/wp-content\/uploads\/2016\/07\/ENAiKOON-frosted-logo.png\" alt=\"\"><\/div>\n<div><a class=\"gl_button_blue\" href=\"https:\/\/www.enaikoon.com\/de\/kontakt\/kontakt\/\">Sprechen Sie uns an<\/a><\/div>\n<div class=\"gl_introduction_contact\"><img decoding=\"async\" src=\"https:\/\/www.enaikoon.com\/wp-content\/uploads\/2016\/07\/icon_email.png\" alt=\"\">\n<p class=\"gl_text_space\"><a rel=\"nofollow\" href=\"mailto:vertrieb@enaikoon.de\">vertrieb@enaikoon.de<\/a><\/p>\n\n<\/div>\n<div class=\"gl_introduction_contact\">\n<p class=\"gl_text_space\"><img decoding=\"async\" src=\"https:\/\/www.enaikoon.com\/wp-content\/uploads\/2016\/07\/icon_phone1.png\" alt=\"\">\n+49 30 397475-30<\/p>\n\n<\/div>\n<div class=\"gl_introduction_contact\">\n<p class=\"gl_text_space\"><img decoding=\"async\" src=\"https:\/\/www.enaikoon.com\/wp-content\/uploads\/2016\/07\/icon_phone2.png\" alt=\"\">\n+49 30 397475-40<\/p>\n\n<\/div>\n<div class=\"gl_space_top20\"><\/div>\n<div class=\"gl_space_top20\"><\/div>\n<div><a class=\"gl_button_blue\" href=\"https:\/\/www.enaikoon.com\/de\/loesungen\/branchen\/\">Zur\u00fcck zu Branchen<\/a><\/div>\n<div class=\"gl_space_top20\"><\/div>\nUm das Webportal inViu pro zu erleben bitte auf nachstehende Schaltfl\u00e4che und dann auf &#8222;Demo&#8220; \u00fcber dem Anmeldefeld klicken.\n<div><a class=\"gl_button_yellow\" href=\"https:\/\/sso.enaikoon.de\/SSOServer\/?locale=de&amp;demo=1\" target=\"_blank\" rel=\"nofollow\">inViu pro demo<\/a><\/div>\n<a title=\"Try out the app for free!\" href=\"https:\/\/www.enaikoon.com\/de\/kontakt\/testsystem-bestellen\/\"><img decoding=\"async\" class=\"gl_space_left30\" src=\"https:\/\/www.enaikoon.com\/wp-content\/uploads\/2016\/07\/Try-n-Buy-icon_11.png\" alt=\"free trial for field service app\" border=\"0\"><\/a>\n<div class=\"gl_space_top15\"><\/div>\n<div class=\"gl_h4big\"><a href=\"https:\/\/www.enaikoon.com\/de\/kontakt\/testsystem-bestellen\/\">Jetzt Testen!<\/a><\/div>\nUnsere inViu Demo ist Ihr erster Schritt zu einer kompletten ENAiKOON-L\u00f6sung. <a href=\"https:\/\/www.enaikoon.com\/de\/kontakt\/testsystem-bestellen\/\">Fordern Sie Ihre kostenlose Testversion an!<\/a>\n\n<\/div>\n<div class=\"gl_row_space\"><\/div>\n<div class=\"gl_line\"><\/div>\n<\/div>\n<h2>Wie es funktioniert<\/h2>\n<div class=\"row\">\n\n<div class=\"col-md-4\">\n<div class=\"gl_space_top10\"><\/div>\n<div class=\"gl_h4_fix\">Ortungsmodule und Zubeh\u00f6r erfassen und senden<\/div>\n<div class=\"gl_space_top15\"><\/div>\n<a title=\"ENAiKOON Ger\u00e4te: Die ausgereiften technischen Aspekte unserer Ger\u00e4te erlauben eine Ortung und Datenverarbeitung f\u00fcr eine gro\u00dfe Bandbreite von Einsatzm\u00f6glichkeiten.\" href=\"https:\/\/www.enaikoon.com\/de\/geraete\/locate-serie\/locate-04\/\"><img decoding=\"async\" loading=\"lazy\" src=\"https:\/\/www.enaikoon.com\/wp-content\/uploads\/2016\/07\/branch13.png\" alt=\"ENAiKOON Ger\u00e4te: Die ausgereiften technischen Aspekte unserer Ger\u00e4te erlauben eine Ortung und Datenverarbeitung f\u00fcr eine gro\u00dfe Bandbreite von Einsatzm\u00f6glichkeiten.\" width=\"310\" height=\"310\" border=\"0\"><\/a>\n<\/div>\n<div class=\"col-md-4\">\n<div class=\"gl_space_top10\"><\/div>\n<div class=\"gl_h4_fix\">Alle wichtigen Informationen auf einen Blick im Internet<\/div>\n<div class=\"gl_space_top15\"><\/div>\n<a title=\"inViu - ENAiKOONs Webportal zur \u00dcberwachung und zum Management von Container, Fahrzeugen und Mitarbeitern\" href=\"https:\/\/www.enaikoon.com\/de\/software-de\/\"><img decoding=\"async\" loading=\"lazy\" src=\"https:\/\/www.enaikoon.com\/wp-content\/uploads\/2016\/07\/branch14.png\" alt=\"inViu - ENAiKOONs Webportal zur \u00dcberwachung und zum Management von Container, Fahrzeugen und Mitarbeitern\" width=\"310\" height=\"310\" border=\"0\"><\/a>\n<\/div>\n<div class=\"col-md-4\">\n<div class=\"gl_space_top10\"><\/div>\n<div class=\"gl_h4_fix\">Mitarbeiter-Ortung und jederzeitiger \u00dcberblick<\/div>\n<div class=\"gl_space_top15\"><\/div>\n<a title=\"ENAiKOON Apps: Mit unseren Handy-Applikationen behalten Sie Ihr Team und Ihre Container im Auge - auch wenn Sie unterwegs sind.\" href=\"https:\/\/www.enaikoon.com\/de\/apps\/\"><img decoding=\"async\" loading=\"lazy\" src=\"https:\/\/www.enaikoon.com\/wp-content\/uploads\/2016\/07\/branch15.png\" alt=\"ENAiKOON Apps: Mit unseren Handy-Applikationen behalten Sie Ihr Team und\" width=\"310\" height=\"310\" border=\"0\"><\/a>\n<\/div>\n<\/div>\n<div class=\"row\">\n<div class=\"col-md-4\">\n\nDie ausgereiften technischen Aspekte unserer Ger\u00e4te erlauben eine Ortung und mobile Datenerfassung f\u00fcr eine gro\u00dfe Bandbreite von Einsatzm\u00f6glichkeiten in der Baubranche. Das Ortungsmodul <a title=\"Ortungsmodul ENAiKOON locate-15\" href=\"https:\/\/www.enaikoon.com\/de\/geraete\/locate-serie\/locate-15\/\">ENAiKOON locate-15<\/a> bietet mit Batterien, die bis zu 10 Jahre halten, Ausdauer, Robustheit und einfache Montage.\n\n<\/div>\n<div class=\"col-md-4\">\n\n\u00dcberwachen und managen Sie Ihre Container, Transport-Fahrzeuge und Mitarbeiter zu jeder Zeit und von \u00fcberall mit <a title=\"inViu web - ENAiKOONs schnelles Webportal\" href=\"https:\/\/www.enaikoon.com\/de\/software-de\/inviu-web\/\">inViu web<\/a> &#8211; dem schnellen und einfachen Webportal. Die integrierte <a title=\"Geofence-\u00dcberwachung\" href=\"https:\/\/www.enaikoon.com\/de\/loesungen\/unsere-dienstleistungen\/\">Geofence-\u00dcberwachung<\/a> und -Alarmierung sowie die Anzeige der letzten Positionen bieten eine perfekte L\u00f6sung f\u00fcr Ihr Container-Management.\n\n<\/div>\n<div class=\"col-md-4\">\n\nSoftware auf Handys erg\u00e4nzt unsere modernen Telematikl\u00f6sungen. Die Android App &#8222;<a title=\"\u00d6ffnet internen Link im aktuellen Fenster\" href=\"https:\/\/www.enaikoon.com\/de\/apps\/plugins\/routes\/\">inViu routes<\/a>&#8222;sendet einerseits von den Telefonen Ihrer Mitarbeiter die Positionsdaten an das Webportal inViu web. Andererseits erm\u00f6glich die App Ihnen und Ihren Mitarbeitern den jederzeitigen \u00dcberblick \u00fcber alle Ihre Container und Fahrzeuge.\n\n<\/div>\n\n<\/div>\n<div class=\"gl_space_pagebot\"><\/div>","protected":false},"excerpt":{"rendered":"<p> [&hellip;]<\/p>\n","protected":false},"author":7,"featured_media":0,"parent":3717,"menu_order":0,"comment_status":"closed","ping_status":"closed","template":"","meta":{"footnotes":""},"acf":[],"_links":{"self":[{"href":"https:\/\/www.enaikoon.com\/de\/wp-json\/wp\/v2\/pages\/3727"}],"collection":[{"href":"https:\/\/www.enaikoon.com\/de\/wp-json\/wp\/v2\/pages"}],"about":[{"href":"https:\/\/www.enaikoon.com\/de\/wp-json\/wp\/v2\/types\/page"}],"author":[{"embeddable":true,"href":"https:\/\/www.enaikoon.com\/de\/wp-json\/wp\/v2\/users\/7"}],"replies":[{"embeddable":true,"href":"https:\/\/www.enaikoon.com\/de\/wp-json\/wp\/v2\/comments?post=3727"}],"version-history":[{"count":13,"href":"https:\/\/www.enaikoon.com\/de\/wp-json\/wp\/v2\/pages\/3727\/revisions"}],"predecessor-version":[{"id":17126,"href":"https:\/\/www.enaikoon.com\/de\/wp-json\/wp\/v2\/pages\/3727\/revisions\/17126"}],"up":[{"embeddable":true,"href":"https:\/\/www.enaikoon.com\/de\/wp-json\/wp\/v2\/pages\/3717"}],"wp:attachment":[{"href":"https:\/\/www.enaikoon.com\/de\/wp-json\/wp\/v2\/media?parent=3727"}],"curies":[{"name":"wp","href":"https:\/\/api.w.org\/{rel}","templated":true}]}}