{"id":3725,"date":"2016-07-18T03:14:41","date_gmt":"2016-07-18T03:14:41","guid":{"rendered":"https:\/\/www.enaikoon.com\/?page_id=3725"},"modified":"2019-07-31T10:59:26","modified_gmt":"2019-07-31T10:59:26","slug":"flotten-management","status":"publish","type":"page","link":"https:\/\/www.enaikoon.com\/de\/loesungen\/branchen\/flotten-management\/","title":{"rendered":"flotten-management"},"content":{"rendered":"<div class=\"row row-slider\">\n\t\t\t<!-- START fleettelematics_de REVOLUTION SLIDER 6.6.16 --><p class=\"rs-p-wp-fix\"><\/p>\n\t\t\t<rs-module-wrap id=\"rev_slider_36_1_wrapper\" data-source=\"gallery\" style=\"visibility:hidden;background:transparent;padding:0;margin:0px auto;margin-top:0;margin-bottom:0;\">\n\t\t\t\t<rs-module id=\"rev_slider_36_1\" style=\"\" data-version=\"6.6.16\">\n\t\t\t\t\t<rs-slides style=\"overflow: hidden; position: absolute;\">\n\t\t\t\t\t\t<rs-slide style=\"position: absolute;\" data-key=\"rs-55\" data-title=\"banner\" data-anim=\"adpr:false;\">\n\t\t\t\t\t\t\t<img src=\"\/\/www.enaikoon.com\/wp-content\/plugins\/revslider\/public\/assets\/assets\/dummy.png\" alt=\"\" title=\"flotten-management\" class=\"rev-slidebg tp-rs-img rs-lazyload\" data-lazyload=\"\/\/www.enaikoon.com\/wp-content\/uploads\/2016\/07\/Banner_Fleet.png\" data-no-retina>\n<!--\n\t\t\t\t\t\t\t--><rs-layer\n\t\t\t\t\t\t\t\tid=\"slider-36-slide-55-layer-1\" \n\t\t\t\t\t\t\t\tdata-type=\"image\"\n\t\t\t\t\t\t\t\tdata-rsp_ch=\"on\"\n\t\t\t\t\t\t\t\ttitle=\"Die ENAiKOON L\u00f6sung f\u00fcr das Flotten-Management\"\n\t\t\t\t\t\t\t\tdata-text=\"l:22;\"\n\t\t\t\t\t\t\t\tdata-dim=\"w:998px;h:300px;\"\n\t\t\t\t\t\t\t\tdata-frame_0=\"tp:600;\"\n\t\t\t\t\t\t\t\tdata-frame_1=\"tp:600;e:power2.inOut;st:500;\"\n\t\t\t\t\t\t\t\tdata-frame_999=\"o:0;tp:600;e:nothing;st:w;\"\n\t\t\t\t\t\t\t\tstyle=\"z-index:5;\"\n\t\t\t\t\t\t\t><img src=\"\/\/www.enaikoon.com\/wp-content\/plugins\/revslider\/public\/assets\/assets\/dummy.png\" alt=\"Die ENAiKOON L\u00f6sung f\u00fcr das Flotten-Management\" class=\"tp-rs-img rs-lazyload\" data-lazyload=\"\/wp-content\/uploads\/2016\/07\/Banner_Fleet.png\" data-no-retina> \n\t\t\t\t\t\t\t<\/rs-layer><!--\n\n\t\t\t\t\t\t\t--><rs-layer\n\t\t\t\t\t\t\t\tid=\"slider-36-slide-55-layer-2\" \n\t\t\t\t\t\t\t\tclass=\"medium-blue-text\"\n\t\t\t\t\t\t\t\tdata-type=\"text\"\n\t\t\t\t\t\t\t\tdata-color=\"rgba(70,180,231,1)\"\n\t\t\t\t\t\t\t\tdata-rsp_ch=\"on\"\n\t\t\t\t\t\t\t\tdata-xy=\"x:537px;y:46px;\"\n\t\t\t\t\t\t\t\tdata-text=\"s:32;l:34;fw:700;\"\n\t\t\t\t\t\t\t\tdata-frame_0=\"y:50px;tp:600;\"\n\t\t\t\t\t\t\t\tdata-frame_1=\"tp:600;e:power2.inOut;st:800;sp:500;\"\n\t\t\t\t\t\t\t\tdata-frame_999=\"o:1;tp:600;e:nothing;st:w;\"\n\t\t\t\t\t\t\t\tstyle=\"z-index:6;font-family:'Myriad Pro';color:#12B9FF !important;letter-spacing:0px !important;\"\n\t\t\t\t\t\t\t>Ortung und Management<br>\nvon LKWs, Trailern und <br>Mitarbeitern \n\t\t\t\t\t\t\t<\/rs-layer><!--\n\n\t\t\t\t\t\t\t--><rs-layer\n\t\t\t\t\t\t\t\tid=\"slider-36-slide-55-layer-3\" \n\t\t\t\t\t\t\t\tclass=\"small-brown-text\"\n\t\t\t\t\t\t\t\tdata-type=\"text\"\n\t\t\t\t\t\t\t\tdata-color=\"rgba(143,143,143,1)\"\n\t\t\t\t\t\t\t\tdata-rsp_ch=\"on\"\n\t\t\t\t\t\t\t\tdata-xy=\"x:539px;y:168px;\"\n\t\t\t\t\t\t\t\tdata-text=\"s:16;l:20;\"\n\t\t\t\t\t\t\t\tdata-frame_0=\"y:50px;tp:600;\"\n\t\t\t\t\t\t\t\tdata-frame_1=\"tp:600;e:power2.inOut;st:800;sp:500;\"\n\t\t\t\t\t\t\t\tdata-frame_999=\"o:1;tp:600;e:nothing;st:w;\"\n\t\t\t\t\t\t\t\tstyle=\"z-index:7;font-family:'Myriad Pro';letter-spacing:1 !important;font-size:14.4px;line-height:17px;\"\n\t\t\t\t\t\t\t>Entdecken Sie, wie Sie durch integrierte Telematik-L\u00f6sungen<br>\ninnerhalb Ihrer Arbeitsprozesse Geld und Zeit sparen k\u00f6nnen \n\t\t\t\t\t\t\t<\/rs-layer><!--\n\n\t\t\t\t\t\t\t--><rs-layer\n\t\t\t\t\t\t\t\tid=\"slider-36-slide-55-layer-4\" \n\t\t\t\t\t\t\t\tdata-type=\"text\"\n\t\t\t\t\t\t\t\tdata-color=\"rgba(255,255,255,1)\"\n\t\t\t\t\t\t\t\tdata-rsp_ch=\"on\"\n\t\t\t\t\t\t\t\tdata-xy=\"x:539px;y:217px;\"\n\t\t\t\t\t\t\t\tdata-text=\"l:22;\"\n\t\t\t\t\t\t\t\tdata-frame_0=\"y:50px;tp:600;\"\n\t\t\t\t\t\t\t\tdata-frame_1=\"tp:600;e:power2.inOut;st:800;sp:500;\"\n\t\t\t\t\t\t\t\tdata-frame_999=\"o:1;tp:600;e:nothing;st:w;\"\n\t\t\t\t\t\t\t\tstyle=\"z-index:8;font-family:'';\"\n\t\t\t\t\t\t\t><a class=\"gl_button_blue\" href=\"\/de\/losungen\/unsere-dienstleistungen\/\">Unsere Dienstleistungen<\/a> \n\t\t\t\t\t\t\t<\/rs-layer><!--\n-->\t\t\t\t\t\t<\/rs-slide>\n\t\t\t\t\t<\/rs-slides>\n\t\t\t\t<\/rs-module>\n\t\t\t\t<script>\n\t\t\t\t\tsetREVStartSize({c: 'rev_slider_36_1',rl:[1240,1024,778,480],el:[],gw:[998],gh:[300],type:'standard',justify:'',layout:'fullwidth',mh:\"0\"});if (window.RS_MODULES!==undefined && window.RS_MODULES.modules!==undefined && window.RS_MODULES.modules[\"revslider361\"]!==undefined) {window.RS_MODULES.modules[\"revslider361\"].once = false;window.revapi36 = undefined;if (window.RS_MODULES.checkMinimal!==undefined) window.RS_MODULES.checkMinimal()}\n\t\t\t\t<\/script>\n\t\t\t<\/rs-module-wrap>\n\t\t\t<!-- END REVOLUTION SLIDER -->\n<\/div>\n<div class=\"row\">\n\n<div class=\"col-md-4\">\n<div class=\"gl_h2big\">Sie m\u00f6chten&#8230;<\/div>\n<div class=\"gl_h4big\">Einfache und schnelle Kommunikation<\/div>\n<div class=\"gl_ul_style2\">\n<ul type=\"square\">\n \t<li>Optimales Auftragsmanagement<\/li>\n \t<li>Nachrichten schriftlich und nachvollziehbar versenden<\/li>\n \t<li>Jederzeitige R\u00fcckmeldung \u00fcber Ankunftszeit und Reststrecke<\/li>\n<\/ul>\n<\/div>\n<div class=\"gl_space_top15\"><\/div>\n<div class=\"gl_h4big\">Treibstoff sparen + Verschlei\u00df reduzieren<\/div>\n<div class=\"gl_ul_style2\">\n<ul type=\"square\">\n \t<li>Treibstoffersparnis durch\nFahrertraining \/ Justage der Fahrzeuge<\/li>\n \t<li>Weniger Verschlei\u00df<\/li>\n \t<li>Weniger und preiswertere Werkstattaufenthalte<\/li>\n<\/ul>\n<\/div>\n<div class=\"gl_space_top15\"><\/div>\n<div class=\"gl_h4big\">Treibstoffverbrauch und\nTankinhalt kontrollieren<\/div>\n<div class=\"gl_ul_style2\">\n<ul type=\"square\">\n \t<li>Echtzeit-Alarmierung bei Diebstahl<\/li>\n \t<li>Tankf\u00fcllst\u00e4nde und Verbrauch in Echtzeit<\/li>\n \t<li>Reichweitenermittlung<\/li>\n<\/ul>\n<\/div>\n<div class=\"gl_space_top15\"><\/div>\n<div class=\"gl_h4big\">Temperaturen \u00fcberwachen<\/div>\n<div class=\"gl_ul_style2\">\n<ul type=\"square\">\n \t<li>Messung und Protokollierung der Temperaturen<\/li>\n \t<li>Echtzeit-Anzeige der Temperaturen<\/li>\n \t<li>Alarmierung bei \u00dcber- oder Unterschreiten<\/li>\n \t<li>Gew\u00e4hrleistung der ununterbrochenen K\u00fchlkette<\/li>\n<\/ul>\n<\/div>\n<div class=\"gl_space_top15\"><\/div>\n<div class=\"gl_h4big\">Trailer \u00fcberwachen<\/div>\n<div class=\"gl_ul_style2\">\n<ul type=\"square\">\n \t<li>Standorte<\/li>\n \t<li>Fahrtrouten<\/li>\n \t<li>Diebstahlschutz<\/li>\n<\/ul>\n<\/div>\n<div class=\"gl_space_top20\"><\/div>\n<div class=\"gl_h2big\">Branchenbl\u00e4tter<\/div>\n<\/div>\n\n<div class=\"col-md-4\">\n<div class=\"gl_h2big\">Unsere L\u00f6sung<\/div>\n<div class=\"gl_industry\">\n<div class=\"gl_industry_image\"><a href=\"https:\/\/www.enaikoon.com\/de\/software-de\/plugins\/messenger\/\" title=\"ENAiKOON messenger\"><img decoding=\"async\" src=\"https:\/\/www.enaikoon.com\/wp-content\/uploads\/2016\/07\/FTS_icon1.jpg\" alt=\"ENAiKOON messenger\" border=\"0\"><\/a><\/div>\n<div class=\"gl_industry_text\">\n<p class=\"gl_h3big\"><a href=\"https:\/\/www.enaikoon.com\/de\/software-de\/plugins\/messenger\/\">ENAiKOON messenger<\/a><\/p>\nVerbessert die Kommunikation zwischen Zentrale und externen Mitarbeitern und verringert die Kosten durch schriftliche nachvollziehbare Nachrichten\u00fcbertragung\n\n<\/div>\n<\/div>\n<div class=\"gl_industry\">\n<div class=\"gl_industry_image\"><a href=\"https:\/\/www.enaikoon.com\/de\/software-de\/plugins\/can-66\/\" title=\"ENAiKOON can-66\"><img decoding=\"async\" src=\"https:\/\/www.enaikoon.com\/wp-content\/uploads\/2016\/07\/FTS_icon2.jpg\" alt=\"ENAiKOON can-66\" border=\"0\"><\/a><\/div>\n<div class=\"gl_industry_text\">\n<p class=\"gl_h3big\"><a href=\"https:\/\/www.enaikoon.com\/de\/software-de\/plugins\/can-66\/\">ENAiKOON can-66<\/a><\/p>\n\n\t\t\t\t\tWertet Fahrer- und Fahrzeugdaten aus zur effektiven Kostensenkung bei Treibstoff und Verschlei\u00df\n\n<\/div>\n<\/div>\n<div class=\"gl_industry\">\n<div class=\"gl_industry_image\"><a href=\"https:\/\/www.enaikoon.com\/de\/software-de\/plugins\/fuel-tracker\/\" title=\"ENAiKOON fuel-tracker\"><img decoding=\"async\" src=\"https:\/\/www.enaikoon.com\/wp-content\/uploads\/2016\/07\/FTS_icon3.jpg\" alt=\"ENAiKOON fuel-tracker\" border=\"0\"><\/a><\/div>\n<div class=\"gl_industry_text\">\n<p class=\"gl_h3big\"><a href=\"https:\/\/www.enaikoon.com\/de\/software-de\/plugins\/fuel-tracker\/\">ENAiKOON fuel-tracker<\/a><\/p>\nSenkt die Kosten durch die Verhinderung von Kraftstoffdiebstahl\n\n<\/div>\n<\/div>\n<div class=\"gl_industry\">\n<div class=\"gl_industry_image\"><a href=\"https:\/\/www.enaikoon.com\/de\/software-de\/plugins\/temp-checker\/\" title=\"ENAiKOON temp-checker\"><img decoding=\"async\" src=\"https:\/\/www.enaikoon.com\/wp-content\/uploads\/2016\/07\/FTS_icon4.png\" alt=\"ENAiKOON temp-checker wertet die gemessenen Temperatur-Daten aus und alarmiert bei \u00dcber- oder Unterschreitung von Schwellwerten\" border=\"0\"><\/a><\/div>\n<div class=\"gl_industry_text\">\n<p class=\"gl_h3big\"><a href=\"https:\/\/www.enaikoon.com\/de\/software-de\/plugins\/temp-checker\/\">ENAiKOON temp-checker<\/a><\/p>\n\n\t\t\t\t\tAuswertung der gemessenen Temperatur-Daten mit Alarmierung bei \u00dcber- oder Unterschreitung von Schwellwerten\n\n<\/div>\n<\/div>\n<div class=\"gl_industry\">\n<div class=\"gl_industry_image\"><a href=\"https:\/\/www.enaikoon.com\/de\/geraete\/locate-serie\/locate-15\/\" title=\"ENAiKOON locate-15\"><img decoding=\"async\" src=\"https:\/\/www.enaikoon.com\/wp-content\/uploads\/2016\/07\/FTS_icon5.png\" alt=\"ENAiKOON locate-15\" border=\"0\"><\/a><\/div>\n<div class=\"gl_industry_text\">\n<p class=\"gl_h3big\"><a href=\"https:\/\/www.enaikoon.com\/de\/geraete\/locate-serie\/locate-15\/\">ENAiKOON locate-15<\/a><\/p>\nDieses autarke Ger\u00e4t ist eines unserer langlebigsten und robustesten GPS-Ortungsmodule dank Batterien, die bis zu 10 Jahren halten.\n\n<\/div>\n<\/div>\n<\/div>\n\n<div class=\"col-md-4\">\n<div class=\"gl_enaikoon_logo\"><img decoding=\"async\" src=\"https:\/\/www.enaikoon.com\/wp-content\/uploads\/2016\/07\/ENAiKOON-frosted-logo.png\" alt=\"\"><\/div>\n<div><a class=\"gl_button_blue\" href=\"https:\/\/www.enaikoon.com\/de\/kontakt\/kontakt\/\">Sprechen Sie uns an<\/a><\/div>\n<div class=\"gl_introduction_contact\">\n                    <img decoding=\"async\" src=\"https:\/\/www.enaikoon.com\/wp-content\/uploads\/2016\/07\/icon_email.png\" alt=\"\">\n<p class=\"gl_text_space\"><a rel=\"nofollow\" href=\"mailto:vertrieb@enaikoon.de\">vertrieb@enaikoon.de<\/a><\/p>\n\n\n<\/div>\n<div class=\"gl_introduction_contact\">\n<p class=\"gl_text_space\"><img decoding=\"async\" src=\"https:\/\/www.enaikoon.com\/wp-content\/uploads\/2016\/07\/icon_phone1.png\" alt=\"\">\n+49 30 397475-30\n\n<\/div>\n<div class=\"gl_introduction_contact\">\n<p class=\"gl_text_space\"><img decoding=\"async\" src=\"https:\/\/www.enaikoon.com\/wp-content\/uploads\/2016\/07\/icon_phone2.png\" alt=\"\">\n+49 30 397475-40\n\n<\/div>\n<div class=\"gl_space_top20\"><\/div>\n<div class=\"gl_space_top20\"><\/div>\n<div><a class=\"gl_button_blue\" href=\"https:\/\/www.enaikoon.com\/de\/loesungen\/branchen\/\">Zur\u00fcck zu Branchen<\/a><\/div>\n<div class=\"gl_space_top20\"><\/div>\nUm das Webportal inViu pro zu erleben bitte auf nachstehende Schaltfl\u00e4che und dann auf &#8222;Demo&#8220; \u00fcber dem Anmeldefeld klicken.\n<div><a class=\"gl_button_yellow\" rel=\"nofollow\" href=\"https:\/\/sso.enaikoon.de\/SSOServer\/?locale=de&amp;demo=1\" target=\"_blank\">inViu pro demo<\/a><\/div>\n<a href=\"https:\/\/www.enaikoon.com\/de\/kontakt\/testsystem-bestellen\/\" title=\"Try out the app for free!\"><img decoding=\"async\" class=\"gl_space_left30\" src=\"https:\/\/www.enaikoon.com\/wp-content\/uploads\/2016\/07\/Try-n-Buy-icon_11.png\" alt=\"free trial for field service app\" border=\"0\"><\/a>\n<div class=\"gl_space_top15\"><\/div>\n<div class=\"gl_h4big\"><a href=\"https:\/\/www.enaikoon.com\/de\/kontakt\/testsystem-bestellen\/\">Jetzt Testen!<\/a><\/div>\nUnsere inViu Demo ist Ihr erster Schritt zu einer kompletten ENAiKOON-L\u00f6sung. <a href=\"https:\/\/www.enaikoon.com\/de\/kontakt\/testsystem-bestellen\/\">Fordern Sie Ihre kostenlose Testversion an!<\/a>\n\n<\/div>\n\n<\/div>\n<!--Branch sheets-->\n\n<div class=\"row\">\n\n<div class=\"col-md-4\">\n<div class=\"clearfix\">\n<div class=\"branch_sheet_img\">\n        <a rel=\"nofollow\" href=\"https:\/\/www.enaikoon.com\/fileadmin\/enaikoon\/Dateien\/pdf\/Branche\/Nachrichten\/deutsch\/ENAiKOON_Themenblatt_Nachrichtenuebermittlung.pdf\" target=\"_blank\"><img decoding=\"async\" src=\"https:\/\/www.enaikoon.com\/wp-content\/uploads\/2016\/07\/Branch_sheets4.jpg\" alt=\"\" border=\"0\"> <\/a><\/div>\n<div class=\"branch_sheet_name\">\n        <a rel=\"nofollow\" href=\"https:\/\/www.enaikoon.com\/fileadmin\/enaikoon\/Dateien\/pdf\/Branche\/Nachrichten\/deutsch\/ENAiKOON_Themenblatt_Nachrichtenuebermittlung.pdf\" target=\"_blank\">Nachrichten-\n\u00fcbermittlung<\/a><\/div>\n<\/div>\n<\/div>\n\n<div class=\"col-md-4\">\n<div class=\"clearfix\">\n<div class=\"branch_sheet_img\">\n\t\t<a rel=\"nofollow\" href=\"https:\/\/www.enaikoon.com\/fileadmin\/enaikoon\/Dateien\/pdf\/Branche\/Treibstoff\/deutsch\/ENAiKOON_Themenblatt_Treibstoffverbrauch.pdf\" target=\"_blank\"><img decoding=\"async\" class=\"branch_sheet_img\" src=\"https:\/\/www.enaikoon.com\/wp-content\/uploads\/2016\/07\/Branch_sheets5.jpg\" alt=\"\" border=\"0\"> <\/a><\/div>\n<div class=\"branch_sheet_name\">\n        <a rel=\"nofollow\" href=\"https:\/\/www.enaikoon.com\/fileadmin\/enaikoon\/Dateien\/pdf\/Branche\/Treibstoff\/deutsch\/ENAiKOON_Themenblatt_Treibstoffverbrauch.pdf\" target=\"_blank\">Treibstoff-\nverbrauch<\/a><\/div>\n<\/div>\n<\/div>\n\n<div class=\"col-md-4\">\n<div class=\"clearfix\">\n<div class=\"branch_sheet_img\">\n\t\t<a rel=\"nofollow\" href=\"https:\/\/www.enaikoon.com\/fileadmin\/enaikoon\/Dateien\/pdf\/Branche\/Transport-Logistik\/deutsch\/ENAiKOON_Themenblatt_Transport_und_Logistik.pdf\" target=\"_blank\"><img decoding=\"async\" class=\"branch_sheet_img\" src=\"https:\/\/www.enaikoon.com\/wp-content\/uploads\/2016\/07\/Branch_sheets6.jpg\" alt=\"\" border=\"0\"> <\/a><\/div>\n<div class=\"branch_sheet_name\"><a rel=\"nofollow\" href=\"https:\/\/www.enaikoon.com\/fileadmin\/enaikoon\/Dateien\/pdf\/Branche\/Transport-Logistik\/deutsch\/ENAiKOON_Themenblatt_Transport_und_Logistik.pdf\" target=\"_blank\">Transport\n&amp; Logistik<\/a><\/div>\n<\/div>\n<\/div>\n<div class=\"gl_row_space\"><\/div>\n<div class=\"gl_line\"><\/div>\n<\/div>\n<h2>Wie es funktioniert<\/h2>\n<div class=\"row\">\n\n<div class=\"col-md-4\">\n<div class=\"gl_space_top10\"><\/div>\n<div class=\"gl_h4_fix\">Ortungsmodule und Zubeh\u00f6r erfassen und senden<\/div>\n<\/div>\n\n<div class=\"col-md-4\">\n<div class=\"gl_space_top10\"><\/div>\n<div class=\"gl_h4_fix\">Alle wichtigen Informationen auf einen Blick im Internet<\/div>\n<\/div>\n\n<div class=\"col-md-4\">\n<div class=\"gl_space_top10\"><\/div>\n<div class=\"gl_h4_fix\">Mitarbeiter-Ortung und jederzeitiger \u00dcberblick<\/div>\n<\/div>\n\n<\/div>\n<div class=\"row\">\n\n<div class=\"col-md-4\">\n<div class=\"gl_space_top15\"><\/div>\n<a href=\"https:\/\/www.enaikoon.com\/de\/geraete\/locate-serie\/locate-06\/\" title=\"ENAiKOON devices: die perfekte Kombination aus Ortungsmodul, Display und Mitarbeiteridentifikation\"><img decoding=\"async\" loading=\"lazy\" src=\"https:\/\/www.enaikoon.com\/wp-content\/uploads\/2016\/07\/branch10.png\" alt=\"ENAiKOON devices: die perfekte Kombination aus Ortungsmodul, Display und Mitarbeiteridentifikation\" width=\"310\" height=\"310\" border=\"0\"><\/a>\n<\/div>\n\n<div class=\"col-md-4\">\n<div class=\"gl_space_top15\"><\/div>\n<a href=\"https:\/\/www.enaikoon.com\/de\/software-de\/\" title=\"inViu - ENAiKOONs Webportal f\u00fcr Tracking\"><img decoding=\"async\" loading=\"lazy\" src=\"https:\/\/www.enaikoon.com\/wp-content\/uploads\/2016\/07\/branch11.png\" alt=\"inViu - ENAiKOONs Webportal f\u00fcr Tracking\" width=\"310\" height=\"310\" border=\"0\"><\/a>\n<\/div>\n\n<div class=\"col-md-4\">\n<div class=\"gl_space_top15\"><\/div>\n<a href=\"https:\/\/www.enaikoon.com\/de\/apps\/\" title=\"ENAiKOON Apps: Mit unseren Handy-Applikationen behalten Sie Ihr Team und Ihre Trackables im Auge - auch wenn Sie unterwegs sind.\"><img decoding=\"async\" loading=\"lazy\" src=\"https:\/\/www.enaikoon.com\/wp-content\/uploads\/2016\/07\/branch12.png\" alt=\"ENAiKOON Apps: Mit unseren Handy-Applikationen behalten Sie Ihr Team und\" width=\"310\" height=\"310\" border=\"0\"><\/a>\n<\/div>\n\n<\/div>\n<div class=\"row\">\n\n<div class=\"col-md-4\">\n\nDie ausgereiften technischen Aspekte   unserer Ger\u00e4te erlauben eine Ortung und mobile Datenerfassung f\u00fcr eine   gro\u00dfe Bandbreite von Einsatzm\u00f6glichkeiten im Flotten-Management. Das   Ortungsmodul <a href=\"https:\/\/www.enaikoon.com\/de\/geraete\/locate-serie\/locate-06\/\" title=\"Ortungsmodul ENAiKOON locate-04\">ENAiKOON locate-06<\/a> wird durch Zubeh\u00f6r wie ein <a href=\"https:\/\/www.enaikoon.com\/de\/geraete\/zubehoer\/display\/\" title=\"Display Garmin dezl 560LT\">Garmin Navigationsger\u00e4t<\/a>, <a href=\"https:\/\/www.enaikoon.com\/de\/geraete\/zubehoer\/temp-sensor\/\" title=\"ENAiKOON temp-sensor\">Temperatursensoren<\/a> und einen <a href=\"https:\/\/www.enaikoon.com\/de\/software-de\/plugins\/can-66\/\" title=\"\u00d6ffnet internen Link im aktuellen Fenster\">CAN-Bus-Anschluss<\/a> optimal erg\u00e4nzt.\n\n<\/div>\n\n<div class=\"col-md-4\">\n\n\u00dcberwachen und managen Sie Ihre LKW, Trailer und Mitarbeiter zu jeder Zeit und von \u00fcberall mit <a href=\"https:\/\/www.enaikoon.com\/de\/software-de\/inviu-pro\/\" title=\"inViu pro - ENAiKOONs Profi-Webportal\">inViu pro<\/a> &#8211; der Software f\u00fcr nahtlose Arbeitsprozesse. Eine Vielzahl von <a href=\"https:\/\/www.enaikoon.com\/de\/software-de\/plugins\/staff-tracker\/\" title=\"Software Plugins f\u00fcr inViu pro\">Software Plugins<\/a> erlaubt eine auf Ihre Bed\u00fcrfnisse zugeschnittene Flotten-Telematik-L\u00f6sung.\n\n<\/div>\n\n<div class=\"col-md-4\">\n\nSoftware auf Handys erg\u00e4nzt unsere modernen Telematikl\u00f6sungen. Die Android App &#8220; <a href=\"https:\/\/www.enaikoon.com\/de\/apps\/plugins\/routes\/\" title=\"\u00d6ffnet internen Link im aktuellen Fenster\">inViu routes<\/a>&#8220;   sendet einerseits von den Telefonen Ihrer LKW-Fahrer und   Au\u00dfendienstmitarbeiter die Positionsdaten an das Webportal inViu pro.   Andererseits erm\u00f6glich die App Ihnen und Ihren Mitarbeitern den   jederzeitigen \u00dcberblick \u00fcber alle Ihre LKWs und Trailer.\n\n<\/div>\n<div class=\"gl_space_pagebot\">&nbsp;<\/div>\n<\/div>","protected":false},"excerpt":{"rendered":"<p> [&hellip;]<\/p>\n","protected":false},"author":7,"featured_media":0,"parent":3717,"menu_order":0,"comment_status":"closed","ping_status":"closed","template":"","meta":{"footnotes":""},"acf":[],"_links":{"self":[{"href":"https:\/\/www.enaikoon.com\/de\/wp-json\/wp\/v2\/pages\/3725"}],"collection":[{"href":"https:\/\/www.enaikoon.com\/de\/wp-json\/wp\/v2\/pages"}],"about":[{"href":"https:\/\/www.enaikoon.com\/de\/wp-json\/wp\/v2\/types\/page"}],"author":[{"embeddable":true,"href":"https:\/\/www.enaikoon.com\/de\/wp-json\/wp\/v2\/users\/7"}],"replies":[{"embeddable":true,"href":"https:\/\/www.enaikoon.com\/de\/wp-json\/wp\/v2\/comments?post=3725"}],"version-history":[{"count":15,"href":"https:\/\/www.enaikoon.com\/de\/wp-json\/wp\/v2\/pages\/3725\/revisions"}],"predecessor-version":[{"id":17081,"href":"https:\/\/www.enaikoon.com\/de\/wp-json\/wp\/v2\/pages\/3725\/revisions\/17081"}],"up":[{"embeddable":true,"href":"https:\/\/www.enaikoon.com\/de\/wp-json\/wp\/v2\/pages\/3717"}],"wp:attachment":[{"href":"https:\/\/www.enaikoon.com\/de\/wp-json\/wp\/v2\/media?parent=3725"}],"curies":[{"name":"wp","href":"https:\/\/api.w.org\/{rel}","templated":true}]}}