{"id":3721,"date":"2016-07-18T03:09:29","date_gmt":"2016-07-18T03:09:29","guid":{"rendered":"https:\/\/www.enaikoon.com\/?page_id=3721"},"modified":"2019-07-31T13:47:46","modified_gmt":"2019-07-31T13:47:46","slug":"gps-tracking-app","status":"publish","type":"page","link":"https:\/\/www.enaikoon.com\/de\/loesungen\/branchen\/gps-tracking-app\/","title":{"rendered":"GPS Tracking App"},"content":{"rendered":"<div class=\"row row-slider\">\n\t\t\t<!-- START fieldserviceapp_de REVOLUTION SLIDER 6.6.16 --><p class=\"rs-p-wp-fix\"><\/p>\n\t\t\t<rs-module-wrap id=\"rev_slider_39_1_wrapper\" data-source=\"gallery\" style=\"visibility:hidden;background:transparent;padding:0;margin:0px auto;margin-top:0;margin-bottom:0;\">\n\t\t\t\t<rs-module id=\"rev_slider_39_1\" style=\"\" data-version=\"6.6.16\">\n\t\t\t\t\t<rs-slides style=\"overflow: hidden; position: absolute;\">\n\t\t\t\t\t\t<rs-slide style=\"position: absolute;\" data-key=\"rs-58\" data-title=\"banner\" data-anim=\"adpr:false;\">\n\t\t\t\t\t\t\t<img src=\"\/\/www.enaikoon.com\/wp-content\/plugins\/revslider\/public\/assets\/assets\/dummy.png\" alt=\"\" title=\"GPS Tracking App\" class=\"rev-slidebg tp-rs-img rs-lazyload\" data-lazyload=\"\/\/www.enaikoon.com\/wp-content\/uploads\/2016\/08\/Banner_inViu_routes_01.png\" data-no-retina>\n<!--\n\t\t\t\t\t\t\t--><rs-layer\n\t\t\t\t\t\t\t\tid=\"slider-39-slide-58-layer-1\" \n\t\t\t\t\t\t\t\tdata-type=\"image\"\n\t\t\t\t\t\t\t\tdata-rsp_ch=\"on\"\n\t\t\t\t\t\t\t\ttitle=\"Vereinfachte Routennavigation und \u00dcberwachung\"\n\t\t\t\t\t\t\t\tdata-text=\"l:22;\"\n\t\t\t\t\t\t\t\tdata-dim=\"w:998px;h:300px;\"\n\t\t\t\t\t\t\t\tdata-frame_0=\"tp:600;\"\n\t\t\t\t\t\t\t\tdata-frame_1=\"tp:600;e:power2.inOut;st:500;\"\n\t\t\t\t\t\t\t\tdata-frame_999=\"o:0;tp:600;e:nothing;st:w;\"\n\t\t\t\t\t\t\t\tstyle=\"z-index:5;\"\n\t\t\t\t\t\t\t><img src=\"\/\/www.enaikoon.com\/wp-content\/plugins\/revslider\/public\/assets\/assets\/dummy.png\" alt=\"Vereinfachte Routennavigation und \u00dcberwachung\" class=\"tp-rs-img rs-lazyload\" data-lazyload=\"\/wp-content\/uploads\/2016\/07\/Banner_inViu_routes_01.png\" data-no-retina> \n\t\t\t\t\t\t\t<\/rs-layer><!--\n\n\t\t\t\t\t\t\t--><rs-layer\n\t\t\t\t\t\t\t\tid=\"slider-39-slide-58-layer-2\" \n\t\t\t\t\t\t\t\tclass=\"medium-blue-text\"\n\t\t\t\t\t\t\t\tdata-type=\"text\"\n\t\t\t\t\t\t\t\tdata-color=\"rgba(70,180,231,1)\"\n\t\t\t\t\t\t\t\tdata-rsp_ch=\"on\"\n\t\t\t\t\t\t\t\tdata-xy=\"x:540px;y:60px;\"\n\t\t\t\t\t\t\t\tdata-text=\"s:32;l:34;fw:700;\"\n\t\t\t\t\t\t\t\tdata-frame_0=\"y:50px;tp:600;\"\n\t\t\t\t\t\t\t\tdata-frame_1=\"tp:600;e:power2.inOut;st:800;sp:500;\"\n\t\t\t\t\t\t\t\tdata-frame_999=\"o:1;tp:600;e:nothing;st:w;\"\n\t\t\t\t\t\t\t\tstyle=\"z-index:6;font-family:'Myriad Pro';color:#12B9FF !important;letter-spacing:0px !important;\"\n\t\t\t\t\t\t\t>inViu routes:<br\/>\neinfach installieren und das <br\/>Tracking kann beginnen\n\n \n\t\t\t\t\t\t\t<\/rs-layer><!--\n\n\t\t\t\t\t\t\t--><rs-layer\n\t\t\t\t\t\t\t\tid=\"slider-39-slide-58-layer-3\" \n\t\t\t\t\t\t\t\tclass=\"small-brown-text\"\n\t\t\t\t\t\t\t\tdata-type=\"text\"\n\t\t\t\t\t\t\t\tdata-color=\"rgba(143,143,143,1)\"\n\t\t\t\t\t\t\t\tdata-rsp_ch=\"on\"\n\t\t\t\t\t\t\t\tdata-xy=\"x:540px;y:178px;\"\n\t\t\t\t\t\t\t\tdata-text=\"s:16;l:20;\"\n\t\t\t\t\t\t\t\tdata-frame_0=\"y:50px;tp:600;\"\n\t\t\t\t\t\t\t\tdata-frame_1=\"tp:600;e:power2.inOut;st:800;sp:500;\"\n\t\t\t\t\t\t\t\tdata-frame_999=\"o:1;tp:600;e:nothing;st:w;\"\n\t\t\t\t\t\t\t\tstyle=\"z-index:7;font-family:'Myriad Pro';letter-spacing:1 !important;font-size:14.4px;line-height:17px;\"\n\t\t\t\t\t\t\t>Android App zum perfekten Management von mobilen <br\/>Mitarbeitern und gewerblich genutzten Fahrzeugen \n\t\t\t\t\t\t\t<\/rs-layer><!--\n\n\t\t\t\t\t\t\t--><rs-layer\n\t\t\t\t\t\t\t\tid=\"slider-39-slide-58-layer-4\" \n\t\t\t\t\t\t\t\tdata-type=\"text\"\n\t\t\t\t\t\t\t\tdata-color=\"rgba(255,255,255,1)\"\n\t\t\t\t\t\t\t\tdata-rsp_ch=\"on\"\n\t\t\t\t\t\t\t\tdata-xy=\"x:540px;y:222px;\"\n\t\t\t\t\t\t\t\tdata-text=\"l:22;\"\n\t\t\t\t\t\t\t\tdata-frame_0=\"y:50px;tp:600;\"\n\t\t\t\t\t\t\t\tdata-frame_1=\"tp:600;e:power2.inOut;st:800;sp:500;\"\n\t\t\t\t\t\t\t\tdata-frame_999=\"o:1;tp:600;e:nothing;st:w;\"\n\t\t\t\t\t\t\t\tstyle=\"z-index:8;font-family:'';\"\n\t\t\t\t\t\t\t><a class=\"gl_button_blue\" href=\"\/de\/apps\/plugins\/routes\/\">inViu routes<\/a> \n\t\t\t\t\t\t\t<\/rs-layer><!--\n-->\t\t\t\t\t\t<\/rs-slide>\n\t\t\t\t\t<\/rs-slides>\n\t\t\t\t<\/rs-module>\n\t\t\t\t<script>\n\t\t\t\t\tsetREVStartSize({c: 'rev_slider_39_1',rl:[1240,1024,778,480],el:[],gw:[998],gh:[300],type:'standard',justify:'',layout:'fullwidth',mh:\"0\"});if (window.RS_MODULES!==undefined && window.RS_MODULES.modules!==undefined && window.RS_MODULES.modules[\"revslider391\"]!==undefined) {window.RS_MODULES.modules[\"revslider391\"].once = false;window.revapi39 = undefined;if (window.RS_MODULES.checkMinimal!==undefined) window.RS_MODULES.checkMinimal()}\n\t\t\t\t<\/script>\n\t\t\t<\/rs-module-wrap>\n\t\t\t<!-- END REVOLUTION SLIDER -->\n<\/div>\n<div class=\"row\">\n<div class=\"col-md-4\">\n<div class=\"gl_h2big\">Das bieten unsere L\u00f6sungen<\/div>\n<div class=\"gl_h4big\">Management von Flotten und mobilen Mitarbeitern<\/div>\n<div class=\"gl_ul_style2\">\n<ul type=\"square\">\n \t<li>Aufzeichnung von Spur, Richtung und Geschwindigkeit<\/li>\n \t<li>\u00dcbertragung in das Webportal nahezu in Echtzeit<\/li>\n \t<li>Nachweis \u00fcber die ausgef\u00fchrten Arbeitsleistungen<\/li>\n \t<li>E-Mail-Alarmierung, wenn Fahrzeuge oder Personen einen Geofence betreten oder verlassen<\/li>\n \t<li>Detaillierte T\u00e4tigkeitsberichte<\/li>\n<\/ul>\n<\/div>\n<div class=\"gl_space_top15\"><\/div>\n<div class=\"gl_h4big\">Einfache Bedienung<\/div>\n<div class=\"gl_ul_style2\">\n<ul type=\"square\">\n \t<li>Verst\u00e4ndliche und ansprechende Benutzer-Oberfl\u00e4che<\/li>\n \t<li>Reibungslose Kommunikation zwischen Ihren mobilen Mitarbeitern<\/li>\n \t<li>Keine Hardware-Installation notwendig<\/li>\n \t<li>Erstellung von Fotos, Geo-Notizen und POIs (Orte von besonderem Interesse)<\/li>\n \t<li>Unbegrenzte Anzahl an Trackables und Geofences<\/li>\n \t<li>Abruf der Daten \u00fcber die Handy-App oder durch einen Web-Browser<\/li>\n<\/ul>\n<\/div>\n<div class=\"gl_space_top15\"><\/div>\n<div class=\"gl_h4big\">Routenaufzeichnung und Disposition<\/div>\n<div class=\"gl_ul_style2\">\n<ul type=\"square\">\n \t<li>Organisation und Zuweisung von Fahrzielen<\/li>\n \t<li>Schriftliche Kommunikation und Auftragsvergabe<\/li>\n \t<li>Verwendung der Landkarte OpenStreetMap<\/li>\n<\/ul>\n<\/div>\n<\/div>\n\n<div class=\"col-md-4\">\n<div class=\"gl_h2big\">Einsatzgebiete f\u00fcr inViu routes<\/div>\n<div class=\"gl_h4big\">Branchen<\/div>\n<div class=\"gl_ul_style2\">\n<ul type=\"square\">\n \t<li>LKW-Flotten<\/li>\n \t<li>Serviceflotten, Catering-Dienste<\/li>\n \t<li>Taxi und Limousinen-Service<\/li>\n \t<li>Mobile Mitarbeiter in allen Branchen<\/li>\n \t<li>Pflegedienste<\/li>\n \t<li>Testk\u00e4ufer und Rack Jobber<\/li>\n \t<li>Pannen-Service und Abschleppdienst<\/li>\n<\/ul>\n<\/div>\n<div class=\"gl_space_top20\"><\/div>\n<div class=\"gl_h2big\">Das sagen unsere Kunden&#8230;<\/div>\n<div class=\"gl_space_top5\"><\/div>\n<div class=\"gl_industry\">\n<div class=\"gl_industry_image\"><a href=\"https:\/\/www.enaikoon.com\/de\/loesungen\/testimonials\/ortung-und-routen-mittels-handy-app\/\" title=\"GPS tracking app\"><img decoding=\"async\" src=\"https:\/\/www.enaikoon.com\/wp-content\/uploads\/2016\/07\/industry9.png\" alt=\"GPS tracking app icon\"><\/a><\/div>\n<div class=\"gl_industry_text\">\n<p class=\"gl_h3big\"><a href=\"https:\/\/www.enaikoon.com\/de\/loesungen\/testimonials\/ortung-und-routen-mittels-handy-app\/\">GPS Ortung per Handy<\/a><\/p>\n&#8222;Mit dieser L\u00f6sung von ENAiKOON hat sofort alles bestens funktioniert. Die Android App besitzt alle wichtigen Funktionen und Sicherheits-Features, die von einem kompletten und n\u00fctzlichen Web Portal (inViu pro) erg\u00e4nzt werden.&#8220;\n\n<\/div>\n<\/div>\n<div class=\"gl_h2big\">inViu routes in Aktion<\/div>\n<div class=\"gl_space_top10\"><\/div>\n<iframe loading=\"lazy\" src=\"https:\/\/www.youtube.com\/embed\/EupX-gtRDsc\" allowfullscreen=\"\" width=\"290\" height=\"163\" frameborder=\"0\"><\/iframe>\n\n<\/div>\n\n<div class=\"col-md-4\">\n<div class=\"gl_enaikoon_logo\"><img decoding=\"async\" src=\"https:\/\/www.enaikoon.com\/wp-content\/uploads\/2016\/07\/ENAiKOON-frosted-logo.png\" alt=\"\"><\/div>\n<div><a class=\"gl_button_blue\" href=\"https:\/\/www.enaikoon.com\/de\/kontakt\/kontakt\/\">Sprechen Sie uns an<\/a><\/div>\n<div class=\"gl_introduction_contact\">\n                    <img decoding=\"async\" src=\"https:\/\/www.enaikoon.com\/wp-content\/uploads\/2016\/07\/icon_email.png\" alt=\"\">\n<p class=\"gl_text_space\"><a rel=\"nofollow\" href=\"mailto:vertrieb@enaikoon.de\">vertrieb@enaikoon.de<\/a><\/p>\n\n<\/div>\n<div class=\"gl_introduction_contact\">\n<p class=\"gl_text_space\"><img decoding=\"async\" src=\"https:\/\/www.enaikoon.com\/wp-content\/uploads\/2016\/07\/icon_phone1.png\" alt=\"\">\n+49 30 397475-30\n\n<\/div>\n<div class=\"gl_introduction_contact\">\n<p class=\"gl_text_space\"><img decoding=\"async\" src=\"https:\/\/www.enaikoon.com\/wp-content\/uploads\/2016\/07\/icon_phone2.png\" alt=\"\">\n+49 30 397475-40\n\n<\/div>\n<div class=\"gl_space_top20\"><\/div>\n<div class=\"gl_space_top20\"><\/div>\n<div><a class=\"gl_button_blue\" href=\"https:\/\/www.enaikoon.com\/de\/loesungen\/branchen\/\">Zur\u00fcck zu Branchen<\/a><\/div>\n<div class=\"gl_space_top20\"><\/div>\nUm das Webportal inViu pro zu erleben bitte auf nachstehende Schaltfl\u00e4che und dann auf &#8222;Demo&#8220; \u00fcber dem Anmeldefeld klicken.\n<div><a class=\"gl_button_yellow\" rel=\"nofollow\" href=\"https:\/\/sso.enaikoon.de\/SSOServer\/?locale=de&amp;demo=1\" target=\"_blank\">inViu pro demo<\/a><\/div>\n<a href=\"https:\/\/www.enaikoon.com\/de\/kontakt\/testsystem-bestellen\/\" title=\"Try out the app for free!\"><img decoding=\"async\" class=\"gl_space_left30\" src=\"https:\/\/www.enaikoon.com\/wp-content\/uploads\/2016\/07\/Try-n-Buy-icon_11.png\" alt=\"free trial for field service app\" border=\"0\"><\/a>\n<div class=\"gl_space_top15\"><\/div>\n<div class=\"gl_h4big\"><a href=\"https:\/\/www.enaikoon.com\/de\/kontakt\/testsystem-bestellen\/\">Jetzt Testen!<\/a><\/div>\nUnsere inViu Demo ist Ihr erster Schritt zu einer kompletten ENAiKOON-L\u00f6sung. <a href=\"https:\/\/www.enaikoon.com\/de\/kontakt\/testsystem-bestellen\/\">Fordern Sie Ihre kostenlose Testversion an!<\/a>\n\n<\/div>\n<div class=\"gl_row_space\"><\/div>\n<div class=\"gl_line\"><\/div>\n<\/div>\n<h2>Wie es funktioniert<\/h2>\n<div class=\"row\">\n\n<div class=\"col-md-4\">\n<div class=\"gl_space_top10\"><\/div>\n<div class=\"gl_h4_fix\"><a class=\"gl_fixcolor\" href=\"https:\/\/www.enaikoon.com\/de\/geraete\/locate-serie\/locate-04\/\">Installation von inViu routes auf dem Android Smartphone<\/a><\/div>\n<div class=\"gl_space_top15\"><\/div>\n<a href=\"https:\/\/www.enaikoon.com\/de\/geraete\/locate-serie\/locate-04\/\" title=\"inViu routes: locate any trackable and analyse its data\"><img decoding=\"async\" loading=\"lazy\" src=\"https:\/\/www.enaikoon.com\/wp-content\/uploads\/2016\/07\/gps-tracking1.png\" alt=\"start tracking routes with inViu routes\" width=\"310\" height=\"310\" border=\"0\"><\/a>\n<\/div>\n<div class=\"col-md-4\">\n<div class=\"gl_space_top10\"><\/div>\n<div class=\"gl_h4_fix\"><a class=\"gl_fixcolor\" href=\"https:\/\/www.enaikoon.com\/de\/software-de\/inviu-pro\/\">Routen-Aufzeichnung und Nutzung weiterer Funktionen<\/a><\/div>\n<div class=\"gl_space_top15\"><\/div>\n<a href=\"https:\/\/www.enaikoon.com\/de\/software-de\/inviu-pro\/\" title=\"ENAiKOON inViu: a powerful online fleet management and monitoring software\">\n<img decoding=\"async\" loading=\"lazy\" src=\"https:\/\/www.enaikoon.com\/wp-content\/uploads\/2016\/07\/gps-tracking2.png\" alt=\"inViu is ENAiKOON's online fleet and tracking management portal\" width=\"310\" height=\"310\" border=\"0\"><\/a>\n<\/div>\n<div class=\"col-md-4\">\n<div class=\"gl_space_top10\"><\/div>\n<div class=\"gl_h4_fix\"><a class=\"gl_fixcolor\" href=\"https:\/\/www.enaikoon.com\/de\/apps\/\">Alle wichtigen Informationen auf einen Blick<\/a><\/div>\n<div class=\"gl_space_top15\"><\/div>\n<a href=\"https:\/\/www.enaikoon.com\/de\/apps\/\" title=\"ENAiKOON mobile: easily protect your business by keeping an eye on both your team and assets using our mobile business applications\">\n<img decoding=\"async\" loading=\"lazy\" src=\"https:\/\/www.enaikoon.com\/wp-content\/uploads\/2016\/07\/gps-tracking3.png\" alt=\"ENAiKOON mobile: easily protect your business by keeping an eye on both your team and assets using our mobile business applications.\" width=\"310\" height=\"310\" border=\"0\"><\/a>\n<\/div>\n<div class=\"col-md-4\">\n\nLaden Sie inViu routes \u00fcber Google Play auf jedes Telefon Ihrer mobilen Mitarbeiter, die Sie managen m\u00f6chten. Geben Sie im Telefon Ihre ENAiKOON iD ein und schon werden die GPS-Positionen aller Standorte und Routen an das Webportal inViu web \u00fcbertragen. Sehen Sie in Echtzeit, wo sich Ihre Mitarbeiter gerade aufhalten.\n\n<\/div>\n<div class=\"col-md-4\">\n\nNutzen Sie die umfangreichen M\u00f6glichkeiten von inViu routes: Erstellung von Geo-Notizen, Fotos mit GPS-Koordinaten, Einrichtung von POIs, Nachrichtenversand an Ihre Mitarbeiter. So haben Sie den \u00dcberblick \u00fcber Ihre kompletten Gesch\u00e4fts-Vorg\u00e4nge.\n\n<\/div>\n<div class=\"col-md-4\">\n\nManagen Sie Ihre mobilen Mitarbeiter zu jeder Zeit und von \u00fcberall mit <a href=\"https:\/\/www.enaikoon.com\/de\/software-de\/inviu-web\/\" title=\"inViu web - ENAiKOONs schnelles Webportal\" target=\"_blank\">inViu pro<\/a> &#8211; der leistungsf\u00e4higen Software f\u00fcr nahtlose Arbeitsprozesse.\nEine   Landkarte und vielf\u00e4ltige Berichte schaffen Transparenz bei der   Organisation. Ein elektronisches Fahrtenbuch ist ebenfalls inklusive.\n\n<\/div>\n\n<\/div>\n<div class=\"gl_space_pagebot\">&nbsp;<\/div>","protected":false},"excerpt":{"rendered":"<p> [&hellip;]<\/p>\n","protected":false},"author":7,"featured_media":0,"parent":3717,"menu_order":0,"comment_status":"closed","ping_status":"closed","template":"","meta":{"footnotes":""},"acf":[],"_links":{"self":[{"href":"https:\/\/www.enaikoon.com\/de\/wp-json\/wp\/v2\/pages\/3721"}],"collection":[{"href":"https:\/\/www.enaikoon.com\/de\/wp-json\/wp\/v2\/pages"}],"about":[{"href":"https:\/\/www.enaikoon.com\/de\/wp-json\/wp\/v2\/types\/page"}],"author":[{"embeddable":true,"href":"https:\/\/www.enaikoon.com\/de\/wp-json\/wp\/v2\/users\/7"}],"replies":[{"embeddable":true,"href":"https:\/\/www.enaikoon.com\/de\/wp-json\/wp\/v2\/comments?post=3721"}],"version-history":[{"count":12,"href":"https:\/\/www.enaikoon.com\/de\/wp-json\/wp\/v2\/pages\/3721\/revisions"}],"predecessor-version":[{"id":17198,"href":"https:\/\/www.enaikoon.com\/de\/wp-json\/wp\/v2\/pages\/3721\/revisions\/17198"}],"up":[{"embeddable":true,"href":"https:\/\/www.enaikoon.com\/de\/wp-json\/wp\/v2\/pages\/3717"}],"wp:attachment":[{"href":"https:\/\/www.enaikoon.com\/de\/wp-json\/wp\/v2\/media?parent=3721"}],"curies":[{"name":"wp","href":"https:\/\/api.w.org\/{rel}","templated":true}]}}