{"id":3719,"date":"2016-07-18T03:08:21","date_gmt":"2016-07-18T03:08:21","guid":{"rendered":"https:\/\/www.enaikoon.com\/?page_id=3719"},"modified":"2019-03-14T14:44:14","modified_gmt":"2019-03-14T14:44:14","slug":"baumaschinen","status":"publish","type":"page","link":"https:\/\/www.enaikoon.com\/de\/loesungen\/branchen\/baumaschinen\/","title":{"rendered":"Baumaschinen"},"content":{"rendered":"<div class=\"row row-slider\">\n\t\t\t<!-- START construction_de REVOLUTION SLIDER 6.6.16 --><p class=\"rs-p-wp-fix\"><\/p>\n\t\t\t<rs-module-wrap id=\"rev_slider_37_1_wrapper\" data-source=\"gallery\" style=\"visibility:hidden;background:transparent;padding:0;margin:0px auto;margin-top:0;margin-bottom:0;\">\n\t\t\t\t<rs-module id=\"rev_slider_37_1\" style=\"\" data-version=\"6.6.16\">\n\t\t\t\t\t<rs-slides style=\"overflow: hidden; position: absolute;\">\n\t\t\t\t\t\t<rs-slide style=\"position: absolute;\" data-key=\"rs-56\" data-title=\"banner\" data-anim=\"adpr:false;\">\n\t\t\t\t\t\t\t<img src=\"\/\/www.enaikoon.com\/wp-content\/plugins\/revslider\/public\/assets\/assets\/dummy.png\" alt=\"\" title=\"Baumaschinen\" class=\"rev-slidebg tp-rs-img rs-lazyload\" data-lazyload=\"\/\/www.enaikoon.com\/wp-content\/uploads\/2016\/08\/Banner_ConstructionMnger_07.png\" data-no-retina>\n<!--\n\t\t\t\t\t\t\t--><rs-layer\n\t\t\t\t\t\t\t\tid=\"slider-37-slide-56-layer-1\" \n\t\t\t\t\t\t\t\tdata-type=\"image\"\n\t\t\t\t\t\t\t\tdata-rsp_ch=\"on\"\n\t\t\t\t\t\t\t\ttitle=\"Die ENAiKOON L\u00f6sung f\u00fcr Baustellen und Baumaschinen \u00dcberwachung und Management\"\n\t\t\t\t\t\t\t\tdata-text=\"l:22;\"\n\t\t\t\t\t\t\t\tdata-dim=\"w:998px;h:300px;\"\n\t\t\t\t\t\t\t\tdata-frame_0=\"tp:600;\"\n\t\t\t\t\t\t\t\tdata-frame_1=\"tp:600;e:power2.inOut;st:500;\"\n\t\t\t\t\t\t\t\tdata-frame_999=\"o:0;tp:600;e:nothing;st:w;\"\n\t\t\t\t\t\t\t\tstyle=\"z-index:5;\"\n\t\t\t\t\t\t\t><img src=\"\/\/www.enaikoon.com\/wp-content\/plugins\/revslider\/public\/assets\/assets\/dummy.png\" alt=\"Die ENAiKOON L\u00f6sung f\u00fcr Baustellen und Baumaschinen \u00dcberwachung und Management\" class=\"tp-rs-img rs-lazyload\" data-lazyload=\"\/wp-content\/uploads\/2016\/07\/Banner_ConstructionMnger_01.png\" data-no-retina> \n\t\t\t\t\t\t\t<\/rs-layer><!--\n\n\t\t\t\t\t\t\t--><rs-layer\n\t\t\t\t\t\t\t\tid=\"slider-37-slide-56-layer-2\" \n\t\t\t\t\t\t\t\tclass=\"medium-blue-text\"\n\t\t\t\t\t\t\t\tdata-type=\"text\"\n\t\t\t\t\t\t\t\tdata-color=\"rgba(70,180,231,1)\"\n\t\t\t\t\t\t\t\tdata-rsp_ch=\"on\"\n\t\t\t\t\t\t\t\tdata-xy=\"x:540px;y:50px;\"\n\t\t\t\t\t\t\t\tdata-text=\"s:32;l:34;fw:700;\"\n\t\t\t\t\t\t\t\tdata-frame_0=\"y:50px;tp:600;\"\n\t\t\t\t\t\t\t\tdata-frame_1=\"tp:600;e:power2.inOut;st:800;sp:500;\"\n\t\t\t\t\t\t\t\tdata-frame_999=\"o:1;tp:600;e:nothing;st:w;\"\n\t\t\t\t\t\t\t\tstyle=\"z-index:6;font-family:'Myriad Pro';color:#12B9FF !important;letter-spacing:0px !important;\"\n\t\t\t\t\t\t\t>Ortung und Management von <br>Baumaschinen, Anbauger\u00e4ten, <br>Fahrzeugen und Mitarbeitern \n\t\t\t\t\t\t\t<\/rs-layer><!--\n\n\t\t\t\t\t\t\t--><rs-layer\n\t\t\t\t\t\t\t\tid=\"slider-37-slide-56-layer-3\" \n\t\t\t\t\t\t\t\tclass=\"small-brown-text\"\n\t\t\t\t\t\t\t\tdata-type=\"text\"\n\t\t\t\t\t\t\t\tdata-color=\"rgba(143,143,143,1)\"\n\t\t\t\t\t\t\t\tdata-rsp_ch=\"on\"\n\t\t\t\t\t\t\t\tdata-xy=\"x:540px;y:174px;\"\n\t\t\t\t\t\t\t\tdata-text=\"s:16;l:20;\"\n\t\t\t\t\t\t\t\tdata-frame_0=\"y:50px;tp:600;\"\n\t\t\t\t\t\t\t\tdata-frame_1=\"tp:600;e:power2.inOut;st:800;sp:500;\"\n\t\t\t\t\t\t\t\tdata-frame_999=\"o:1;tp:600;e:nothing;st:w;\"\n\t\t\t\t\t\t\t\tstyle=\"z-index:7;font-family:'Myriad Pro';letter-spacing:1 !important;font-size:14.4px;line-height:17px;\"\n\t\t\t\t\t\t\t>Entdecken Sie, wie Sie durch integrierte Telematik-L\u00f6sungen<br>\ninnerhalb Ihrer Arbeitsprozesse Geld und Zeit sparen k\u00f6nnen \n\t\t\t\t\t\t\t<\/rs-layer><!--\n\n\t\t\t\t\t\t\t--><rs-layer\n\t\t\t\t\t\t\t\tid=\"slider-37-slide-56-layer-4\" \n\t\t\t\t\t\t\t\tdata-type=\"text\"\n\t\t\t\t\t\t\t\tdata-color=\"rgba(255,255,255,1)\"\n\t\t\t\t\t\t\t\tdata-rsp_ch=\"on\"\n\t\t\t\t\t\t\t\tdata-xy=\"x:540px;y:218px;\"\n\t\t\t\t\t\t\t\tdata-text=\"l:22;\"\n\t\t\t\t\t\t\t\tdata-frame_0=\"y:50px;tp:600;\"\n\t\t\t\t\t\t\t\tdata-frame_1=\"tp:600;e:power2.inOut;st:800;sp:500;\"\n\t\t\t\t\t\t\t\tdata-frame_999=\"o:1;tp:600;e:nothing;st:w;\"\n\t\t\t\t\t\t\t\tstyle=\"z-index:8;font-family:'';\"\n\t\t\t\t\t\t\t><a class=\"gl_button_blue\" href=\"\/de\/losungen\/unsere-dienstleistungen\/\">Unsere Dienstleistungen<\/a> \n\t\t\t\t\t\t\t<\/rs-layer><!--\n-->\t\t\t\t\t\t<\/rs-slide>\n\t\t\t\t\t<\/rs-slides>\n\t\t\t\t<\/rs-module>\n\t\t\t\t<script>\n\t\t\t\t\tsetREVStartSize({c: 'rev_slider_37_1',rl:[1240,1024,778,480],el:[],gw:[998],gh:[300],type:'standard',justify:'',layout:'fullwidth',mh:\"0\"});if (window.RS_MODULES!==undefined && window.RS_MODULES.modules!==undefined && window.RS_MODULES.modules[\"revslider371\"]!==undefined) {window.RS_MODULES.modules[\"revslider371\"].once = false;window.revapi37 = undefined;if (window.RS_MODULES.checkMinimal!==undefined) window.RS_MODULES.checkMinimal()}\n\t\t\t\t<\/script>\n\t\t\t<\/rs-module-wrap>\n\t\t\t<!-- END REVOLUTION SLIDER -->\n<\/div>\n<div class=\"row\">\n\n<div class=\"col-md-4\">\n<div class=\"gl_h2big\">Das bieten unsere L\u00f6sungen<\/div>\n<div class=\"gl_h4big\">Mitarbeiter Management<\/div>\n<div class=\"gl_ul_style2\">\n<ul type=\"square\">\n \t<li>Nachweis, welcher Mitarbeiter welche Baumaschine wie lange gefahren hat<\/li>\n \t<li>Organisation des Mitarbeitereinsatzes<\/li>\n \t<li>Analyse der Bedienung der Maschine durch den Maschinenf\u00fchrer<\/li>\n \t<li>Zugangskontrolle: Baumaschinen Start nur durch autorisiertes Personal<\/li>\n \t<li>Arbeitszeitnachweis der Mitarbeiter<\/li>\n<\/ul>\n<\/div>\n<div class=\"gl_space_top15\"><\/div>\n<div class=\"gl_h4big\">Baumaschinen Management<\/div>\n<div class=\"gl_ul_style2\">\n<ul type=\"square\">\n \t<li>Einsatzkontrolle und Abbau \u00fcberfl\u00fcssiger Maschinenzeiten<\/li>\n \t<li>Maschinendaten\u00fcberwachung<\/li>\n \t<li>Echtzeitkontrolle von Wartungsfristen<\/li>\n<\/ul>\n<\/div>\n<div class=\"gl_space_top15\"><\/div>\n<div class=\"gl_h4big\">Ortung von Anbauger\u00e4ten<\/div>\n<div class=\"gl_ul_style2\">\n<ul type=\"square\">\n \t<li>Auf welcher Baustelle befinden sich die Anbauger\u00e4te<\/li>\n \t<li>Genauer Standort auf der Baustelle<\/li>\n \t<li>Optimierung des zeitlichen Einsatzes<\/li>\n \t<li>Kostenstellenzuordnung<\/li>\n<\/ul>\n<\/div>\n<div class=\"gl_space_top15\"><\/div>\n<div class=\"gl_h4big\">Baustellen Sicherheit<\/div>\n<div class=\"gl_ul_style2\">\n<ul type=\"square\">\n \t<li>Vermeidung von Diebstahl und Betrug<\/li>\n \t<li>Wiederfinden und Zur\u00fcckholen von gestohlenen Maschinen \/ Fahrzeugen<\/li>\n \t<li>Treibstoffdiebstahl und -betrug verhindern<\/li>\n \t<li>Alarmierung bei unbefugter Nutzung<\/li>\n \t<li>Wegfahrsperre<\/li>\n<\/ul>\n<\/div>\n<div class=\"gl_space_top15\"><\/div>\n<div class=\"gl_h4big\">Baustellen Management<\/div>\n<div class=\"gl_ul_style2\">\n<ul type=\"square\">\n \t<li>Erfassung der Maschinenstunden f\u00fcr jede Baustelle \/ Kostenstelle<\/li>\n \t<li>Aufspaltung der Betriebsstunden in Leerlaufstunden \/ effektive Arbeitsstunden<\/li>\n \t<li>Kostenstellenzuordnung aller T\u00e4tigkeiten<\/li>\n<\/ul>\n<\/div>\n<div class=\"gl_space_top20\"><\/div>\n<div class=\"gl_h2big\">Branchenbl\u00e4tter<\/div>\n<\/div>\n\n<div class=\"col-md-4\">\n<div class=\"gl_h2big\">Das sagen unsere Kunden&#8230;<\/div>\n<div class=\"gl_industry\">\n<div class=\"gl_industry_image\"><a href=\"https:\/\/www.enaikoon.com\/de\/loesungen\/testimonials\/service-management\/\"><img decoding=\"async\" src=\"https:\/\/www.enaikoon.com\/wp-content\/uploads\/2016\/07\/industry7.jpg\" alt=\"\" \/><\/a><\/div>\n<div class=\"gl_industry_text\">\n<p class=\"gl_h3big\"><a href=\"https:\/\/www.enaikoon.com\/de\/loesungen\/testimonials\/service-management\/\">Service-Management<\/a><\/p>\n&#8222;Wir k\u00f6nnen alle anstehenden Servicetermine und -aufgaben zeit-, betriebsstunden- und kilometergenau voreinstellen.&#8220;\n\n<\/div>\n<\/div>\n<div class=\"gl_industry\">\n<div class=\"gl_industry_image\"><a href=\"https:\/\/www.enaikoon.com\/de\/loesungen\/testimonials\/flottentelematik-mit-kuehlkette\/\"><img decoding=\"async\" src=\"https:\/\/www.enaikoon.com\/wp-content\/uploads\/2016\/07\/industry2.jpg\" alt=\"\" \/><\/a><\/div>\n<div class=\"gl_industry_text\">\n<p class=\"gl_h3big\"><a href=\"https:\/\/www.enaikoon.com\/de\/loesungen\/testimonials\/flottentelematik-mit-kuehlkette\/\">Baumaschinen-\nManagement<\/a><\/p>\n&#8222;F\u00fcr mich ist es wichtig, alle Maschinen mit ENAiKOON best\u00fcckt zu haben, so kann ich besser koordinieren und kontrollieren, welche Komponenten im Einsatz sind und welche nicht gebraucht werden.&#8220;\n\n<\/div>\n<\/div>\n<div class=\"gl_industry\">\n<div class=\"gl_industry_image\"><a href=\"https:\/\/www.enaikoon.com\/de\/loesungen\/testimonials\/baumaschinen-vermietung\/\"><img decoding=\"async\" src=\"https:\/\/www.enaikoon.com\/wp-content\/uploads\/2016\/07\/industry3.png\" alt=\"\" \/><\/a><\/div>\n<div class=\"gl_industry_text\">\n<p class=\"gl_h3big\"><a href=\"https:\/\/www.enaikoon.com\/de\/loesungen\/testimonials\/baumaschinen-vermietung\/\">Baumaschinen-\nVermietung<\/a><\/p>\n&#8222;Jederzeit Zugriff auf Ger\u00e4tedaten, wie Betriebsstunden, Batteriezustand und Ladezeiten zu haben, ist f\u00fcr uns von gr\u00f6\u00dfter Bedeutung. Das ENAiKOON-Telematik-System erm\u00f6glicht uns eine exakte Abrechnung von Mietvertr\u00e4gen.&#8220;\n\n<\/div>\n<\/div>\n<\/div>\n\n<div class=\"col-md-4\">\n<div class=\"gl_enaikoon_logo\"><img decoding=\"async\" src=\"https:\/\/www.enaikoon.com\/wp-content\/uploads\/2016\/07\/ENAiKOON-frosted-logo.png\" alt=\"\" \/><\/div>\n<div><a class=\"gl_button_blue\" href=\"https:\/\/www.enaikoon.com\/de\/kontakt\/kontakt\/\">Sprechen Sie uns an<\/a><\/div>\n<div class=\"gl_introduction_contact\"><img decoding=\"async\" src=\"https:\/\/www.enaikoon.com\/wp-content\/uploads\/2016\/07\/icon_email.png\" alt=\"\" \/>\n<p class=\"gl_text_space\"><a rel=\"nofollow\" href=\"mailto:vertrieb@enaikoon.de\">vertrieb@enaikoon.de<\/a><\/p>\n\n<\/div>\n<div class=\"gl_introduction_contact\">\n<p class=\"gl_text_space\"><img decoding=\"async\" src=\"https:\/\/www.enaikoon.com\/wp-content\/uploads\/2016\/07\/icon_phone1.png\" alt=\"\" \/>\n+49 30 397475-30<\/p>\n\n<\/div>\n<div class=\"gl_introduction_contact\">\n<p class=\"gl_text_space\"><img decoding=\"async\" src=\"https:\/\/www.enaikoon.com\/wp-content\/uploads\/2016\/07\/icon_phone2.png\" alt=\"\" \/>\n+49 30 397475-40<\/p>\n\n<\/div>\n<div class=\"gl_space_top20\"><\/div>\n<div class=\"gl_space_top20\"><\/div>\n<div><a class=\"gl_button_blue\" href=\"https:\/\/www.enaikoon.com\/de\/loesungen\/branchen\/\">Zur\u00fcck zu Branchen<\/a><\/div>\n<div class=\"gl_space_top20\"><\/div>\nUm das Webportal inViu pro zu erleben bitte auf nachstehende Schaltfl\u00e4che und dann auf &#8222;Demo&#8220; \u00fcber dem Anmeldefeld klicken.\n<div><a class=\"gl_button_yellow\" href=\"https:\/\/sso.enaikoon.de\/SSOServer\/?locale=de&amp;demo=1\" target=\"_blank\" rel=\"nofollow\">inViu pro demo<\/a><\/div>\n<a title=\"Try out the app for free!\" href=\"https:\/\/www.enaikoon.com\/de\/kontakt\/testsystem-bestellen\/\"><img decoding=\"async\" class=\"gl_space_left30\" src=\"https:\/\/www.enaikoon.com\/wp-content\/uploads\/2016\/07\/Try-n-Buy-icon_11.png\" alt=\"free trial for field service app\" border=\"0\" \/><\/a>\n<div class=\"gl_space_top15\"><\/div>\n<div class=\"gl_h4big\"><a href=\"https:\/\/www.enaikoon.com\/de\/kontakt\/testsystem-bestellen\/\">Jetzt Testen!<\/a><\/div>\nUnsere inViu Demo ist Ihr erster Schritt zu einer kompletten ENAiKOON-L\u00f6sung. <a href=\"https:\/\/www.enaikoon.com\/de\/kontakt\/testsystem-bestellen\/\">Fordern Sie Ihre kostenlose Testversion an!<\/a>\n\n<\/div>\n\n<\/div>\n<!--Branch sheets-->\n\n<div class=\"row\">\n\n<div class=\"col-md-4\">\n<div class=\"clearfix\">\n<div class=\"branch_sheet_img\"><a href=\"https:\/\/www.enaikoon.com\/fileadmin\/enaikoon\/Dateien\/pdf\/Branche\/Baumaschinenverm\/deutsch\/ENAiKOON_Branchenblatt_Baumaschinenvermietung.pdf\" target=\"_blank\" rel=\"nofollow\"><img decoding=\"async\" src=\"https:\/\/www.enaikoon.com\/wp-content\/uploads\/2016\/07\/Branch_sheets1.jpg\" alt=\"\" border=\"0\" \/> <\/a><\/div>\n<div class=\"branch_sheet_name\"><a href=\"https:\/\/www.enaikoon.com\/fileadmin\/enaikoon\/Dateien\/pdf\/Branche\/Baumaschinenverm\/deutsch\/ENAiKOON_Branchenblatt_Baumaschinenvermietung.pdf\" target=\"_blank\" rel=\"nofollow\">Baumaschinen- vermieter<\/a>\n\n<\/div>\n<\/div>\n<\/div>\n\n<div class=\"col-md-4\">\n<div class=\"clearfix\">\n<div class=\"branch_sheet_img\"><a href=\"https:\/\/www.enaikoon.com\/fileadmin\/enaikoon\/Dateien\/pdf\/Branche\/Bauunternehmung\/deutsch\/ENAiKOON_Branchenblatt_Bauunternehmung.pdf\" target=\"_blank\" rel=\"nofollow\"><img decoding=\"async\" class=\"branch_sheet_img\" src=\"https:\/\/www.enaikoon.com\/wp-content\/uploads\/2016\/07\/Branch_sheets2.jpg\" alt=\"\" border=\"0\" \/> <\/a><\/div>\n<div class=\"branch_sheet_name\"><a href=\"https:\/\/www.enaikoon.com\/fileadmin\/enaikoon\/Dateien\/pdf\/Branche\/Bauunternehmung\/deutsch\/ENAiKOON_Branchenblatt_Bauunternehmung.pdf\" target=\"_blank\" rel=\"nofollow\">Bauunternehmung<\/a><\/div>\n<\/div>\n<\/div>\n\n<div class=\"col-md-4\">\n<div class=\"clearfix\">\n<div class=\"branch_sheet_img\"><a href=\"https:\/\/www.enaikoon.com\/fileadmin\/enaikoon\/Dateien\/pdf\/Branche\/Baumaschinenherst\/deutsch\/ENAiKOON_Branchenblatt_Baumaschinenhersteller.pdf\" target=\"_blank\" rel=\"nofollow\"><img decoding=\"async\" class=\"branch_sheet_img\" src=\"https:\/\/www.enaikoon.com\/wp-content\/uploads\/2016\/07\/Branch_sheets3.jpg\" alt=\"\" border=\"0\" \/> <\/a><\/div>\n<div class=\"branch_sheet_name\"><a href=\"https:\/\/www.enaikoon.com\/fileadmin\/enaikoon\/Dateien\/pdf\/Branche\/Baumaschinenherst\/deutsch\/ENAiKOON_Branchenblatt_Baumaschinenhersteller.pdf\" target=\"_blank\" rel=\"nofollow\">Baumaschinen- hersteller<\/a>\n\n<\/div>\n<\/div>\n<\/div>\n<div class=\"gl_row_space\"><\/div>\n<div class=\"gl_line\"><\/div>\n<\/div>\n<div class=\"gl_h2big\">Wie es funktioniert<\/div>\n<div class=\"row\">\n\n<div class=\"col-md-4\">\n<div class=\"gl_space_top10\"><\/div>\n<div class=\"gl_h4_fix\">Ortungsmodule und Zubeh\u00f6r erfassen und senden<\/div>\n<div class=\"gl_space_top15\"><\/div>\n<a title=\"ENAiKOON Ger\u00e4te: Die ausgereiften technischen Aspekte unserer Ger\u00e4te erlauben eine Ortung und Datenverarbeitung f\u00fcr eine gro\u00dfe Bandbreite von Einsatzm\u00f6glichkeiten.\" href=\"https:\/\/www.enaikoon.com\/de\/geraete\/locate-serie\/locate-04\/\"><img decoding=\"async\" loading=\"lazy\" src=\"https:\/\/www.enaikoon.com\/wp-content\/uploads\/2016\/07\/branch1.png\" alt=\"ENAiKOON Ger\u00e4te: Die ausgereiften technischen Aspekte unserer Ger\u00e4te erlauben eine Ortung und Datenverarbeitung f\u00fcr eine gro\u00dfe Bandbreite von Einsatzm\u00f6glichkeiten.\" width=\"310\" height=\"310\" border=\"0\" \/><\/a>\n<\/div>\n<div class=\"col-md-4\">\n<div class=\"gl_space_top10\"><\/div>\n<div class=\"gl_h4_fix\">Alle wichtigen Informationen auf einen Blick im Internet<\/div>\n<div class=\"gl_space_top15\"><\/div>\n<a title=\"inViu - ENAiKOONs Webportal f\u00fcr Tracking\" href=\"https:\/\/www.enaikoon.com\/de\/software-de\/\"><img decoding=\"async\" loading=\"lazy\" src=\"https:\/\/www.enaikoon.com\/wp-content\/uploads\/2016\/07\/branch2.png\" alt=\"inViu - ENAiKOONs Webportal f\u00fcr Tracking\" width=\"310\" height=\"310\" border=\"0\" \/><\/a>\n<\/div>\n<div class=\"col-md-4\">\n<div class=\"gl_space_top10\"><\/div>\n<div class=\"gl_h4_fix\">Mitarbeiter-Ortung und jederzeitiger \u00dcberblick<\/div>\n<div class=\"gl_space_top15\"><\/div>\n<a title=\"ENAiKOON Apps: Mit unseren Handy-Applikationen behalten Sie Ihr Team und Ihre Trackables im Auge - auch wenn Sie unterwegs sind.\" href=\"https:\/\/www.enaikoon.com\/de\/apps\/\"><img decoding=\"async\" loading=\"lazy\" src=\"https:\/\/www.enaikoon.com\/wp-content\/uploads\/2016\/07\/branch3.png\" alt=\"ENAiKOON Apps: Mit unseren Handy-Applikationen behalten Sie Ihr Team und\" width=\"310\" height=\"310\" border=\"0\" \/><\/a>\n<\/div>\n<div class=\"col-md-4\">\n<div class=\"gl_space_top10 gl_space_right10\">Die ausgereiften technischen Aspekte unserer Ger\u00e4te erlauben eine Ortung und mobile Datenerfassung f\u00fcr eine gro\u00dfe Bandbreite von Einsatzm\u00f6glichkeiten in der Baubranche. Das Ortungsmodul <a title=\"Ortungsmodul ENAiKOON locate-04\" href=\"https:\/\/www.enaikoon.com\/de\/geraete\/locate-serie\/locate-04\/\">ENAiKOON locate-04<\/a> stellt die Basis dar und kann durch entsprechendes <a title=\"ENAiKOON Zubeh\u00f6r\" href=\"https:\/\/www.enaikoon.com\/de\/geraete\/zubehoer\/sim-card\/\">Zubeh\u00f6r<\/a> optimal erg\u00e4nzt werden.<\/div>\n<\/div>\n<div class=\"col-md-4\">\n<div class=\"gl_space_top10 gl_space_right10\">\u00dcberwachen und managen Sie Ihre Baumaschinen, Fahrzeuge und Mitarbeiter zu jeder Zeit und von \u00fcberall mit <a title=\"inViu pro - ENAiKOONs Profi-Webportal\" href=\"https:\/\/www.enaikoon.com\/de\/software-de\/inviu-pro\/\">inViu pro<\/a> &#8211; der Software f\u00fcr nahtlose Arbeitsprozesse. Eine Vielzahl von <a title=\"Software Plugins f\u00fcr inViu pro\" href=\"https:\/\/www.enaikoon.com\/de\/software-de\/plugins\/staff-tracker\/\">Software Plugins<\/a> erlaubt eine auf Ihre Bed\u00fcrfnisse zugeschnittene Bau-Telematik-L\u00f6sung.<\/div>\n<\/div>\n<div class=\"col-md-4\">\n<div class=\"gl_space_top10 gl_space_right10\">Software auf Handys erg\u00e4nzt unsere modernen Telematikl\u00f6sungen. Die Android App &#8222;<a title=\"\u00d6ffnet internen Link im aktuellen Fenster\" href=\"https:\/\/www.enaikoon.com\/de\/apps\/plugins\/routes\/\">inViu routes<\/a>&#8220; sendet einerseits von den Telefonen Ihrer Baustellenleiter und Vorarbeiter die Positionsdaten an das Webportal inViu pro. Andererseits erm\u00f6glich die App Ihnen und Ihren Mitarbeitern den jederzeitigen \u00dcberblick \u00fcber alle Ihre Baumaschinen und Fahrzeuge.<\/div>\n<\/div>\n<\/div>\n<div class=\"gl_space_pagebot\"><\/div>","protected":false},"excerpt":{"rendered":"<p> [&hellip;]<\/p>\n","protected":false},"author":7,"featured_media":0,"parent":3717,"menu_order":0,"comment_status":"closed","ping_status":"closed","template":"","meta":{"footnotes":""},"acf":[],"_links":{"self":[{"href":"https:\/\/www.enaikoon.com\/de\/wp-json\/wp\/v2\/pages\/3719"}],"collection":[{"href":"https:\/\/www.enaikoon.com\/de\/wp-json\/wp\/v2\/pages"}],"about":[{"href":"https:\/\/www.enaikoon.com\/de\/wp-json\/wp\/v2\/types\/page"}],"author":[{"embeddable":true,"href":"https:\/\/www.enaikoon.com\/de\/wp-json\/wp\/v2\/users\/7"}],"replies":[{"embeddable":true,"href":"https:\/\/www.enaikoon.com\/de\/wp-json\/wp\/v2\/comments?post=3719"}],"version-history":[{"count":25,"href":"https:\/\/www.enaikoon.com\/de\/wp-json\/wp\/v2\/pages\/3719\/revisions"}],"predecessor-version":[{"id":16410,"href":"https:\/\/www.enaikoon.com\/de\/wp-json\/wp\/v2\/pages\/3719\/revisions\/16410"}],"up":[{"embeddable":true,"href":"https:\/\/www.enaikoon.com\/de\/wp-json\/wp\/v2\/pages\/3717"}],"wp:attachment":[{"href":"https:\/\/www.enaikoon.com\/de\/wp-json\/wp\/v2\/media?parent=3719"}],"curies":[{"name":"wp","href":"https:\/\/api.w.org\/{rel}","templated":true}]}}