{"id":3715,"date":"2016-07-18T03:06:59","date_gmt":"2016-07-18T03:06:59","guid":{"rendered":"https:\/\/www.enaikoon.com\/?page_id=3715"},"modified":"2016-08-09T09:00:18","modified_gmt":"2016-08-09T09:00:18","slug":"testimonials","status":"publish","type":"page","link":"https:\/\/www.enaikoon.com\/de\/loesungen\/testimonials\/","title":{"rendered":"Testimonials"},"content":{"rendered":"<div class=\"gl_slide_scroll_box\">\r\n\t<div class=\"gl_scroll_box\">\r\n <noindex><\/noindex>        <ul>\r\n            <li><a class=\"gl_scroll_link_title\" href=\"https:\/\/www.enaikoon.com\/de\/loesungen\/testimonials\/baumaschinen-vermietung\/\" target=\"_self\" title=\"Baumaschinen-Vermietung\" >Baumaschinen-<br>Vermietung<\/a><br\/>\r\n            <a href=\"https:\/\/www.enaikoon.com\/de\/loesungen\/testimonials\/baumaschinen-vermietung\/\" target=\"_self\" title=\"Baumaschinen-Vermietung\" ><img decoding=\"async\" class=\"gl_scroll_link_img_active\" src=\"https:\/\/www.enaikoon.com\/wp-content\/uploads\/2016\/07\/case_construction_equipment.png\" border=\"0\" alt=\"\"><\/a><\/li>\r\n            \r\n            <li><a class=\"gl_scroll_link_title\" href=\"https:\/\/www.enaikoon.com\/de\/loesungen\/testimonials\/kraftstoff-diebstahl\/\" target=\"_self\" title=\"Kraftstoff-Diebstahl\">Kraftstoff-<br>Diebstahl<\/a><br\/>\r\n            <a  href=\"https:\/\/www.enaikoon.com\/de\/loesungen\/testimonials\/kraftstoff-diebstahl\/\" target=\"_self\" title=\"Kraftstoff-Diebstahl\"><img decoding=\"async\" class=\"gl_scroll_link_img\" src=\"https:\/\/www.enaikoon.com\/wp-content\/uploads\/2016\/07\/case_fuel_theft.png\" border=\"0\" alt=\"\"><\/a><\/li>\r\n            \r\n            <li><a class=\"gl_scroll_link_title\" href=\"https:\/\/www.enaikoon.com\/de\/loesungen\/testimonials\/waechter-kontrollsystem\/\" target=\"_self\" title=\"W\u00e4chter-Kontrollsystem\">W\u00e4chter-<br>Kontrollsystem<\/a><br\/>\r\n            <a href=\"https:\/\/www.enaikoon.com\/de\/loesungen\/testimonials\/waechter-kontrollsystem\/\" target=\"_self\" title=\"W\u00e4chter-Kontrollsystem\"><img decoding=\"async\" class=\"gl_scroll_link_img\" src=\"https:\/\/www.enaikoon.com\/wp-content\/uploads\/2016\/07\/case_guard_tour.png\" border=\"0\" alt=\"\"><\/a><\/li>\r\n            \r\n            <li><a class=\"gl_scroll_link_title\"  href=\"https:\/\/www.enaikoon.com\/de\/loesungen\/testimonials\/ortung-und-routen-mittels-handy-app\/\" target=\"_self\" title=\"GPS Ortung per Handy\">Ortung und Routen <br>mittels Handy-App<\/a><br\/>\r\n            <a href=\"https:\/\/www.enaikoon.com\/de\/loesungen\/testimonials\/ortung-und-routen-mittels-handy-app\/\" target=\"_self\" title=\"GPS Ortung per Handy\"><img decoding=\"async\" class=\"gl_scroll_link_img\" src=\"https:\/\/www.enaikoon.com\/wp-content\/uploads\/2016\/07\/case_mobile.png\" border=\"0\" alt=\"\"><\/a><\/li>\r\n            \r\n            <li><a class=\"gl_scroll_link_title\" href=\"https:\/\/www.enaikoon.com\/de\/loesungen\/testimonials\/flottentelematik-mit-kuehlkette\/\" target=\"_self\" title=\"Flottentelematik mit K\u00fchlkette\">Flottentelematik mit<br>K\u00fchlkette<\/a><br\/>\r\n            <a href=\"https:\/\/www.enaikoon.com\/de\/loesungen\/testimonials\/flottentelematik-mit-kuehlkette\/\" target=\"_self\" title=\"Flottentelematik mit K\u00fchlkette\"><img decoding=\"async\" class=\"gl_scroll_link_img\" src=\"https:\/\/www.enaikoon.com\/wp-content\/uploads\/2016\/07\/case_cold_chain.png\"  border=\"0\" alt=\"\"><\/a><\/li>\r\n             \r\n              <li><a class=\"gl_scroll_link_title\" href=\"https:\/\/www.enaikoon.com\/de\/loesungen\/testimonials\/treibstoff-sparen-mit-can-bus-auswertung\/\" target=\"_self\" title=\"Treibstoff sparen mit CAN-Bus Auswertung\">Treibstoff sparen mit<br>CAN-Bus Auswertung<\/a><br\/>\r\n             <a  href=\"https:\/\/www.enaikoon.com\/de\/loesungen\/testimonials\/treibstoff-sparen-mit-can-bus-auswertung\/\" target=\"_self\" title=\"Treibstoff sparen mit CAN-Bus Auswertung\"><img decoding=\"async\" class=\"gl_scroll_link_img\" src=\"https:\/\/www.enaikoon.com\/wp-content\/uploads\/2016\/07\/case_CAN_bus.png\" border=\"0\" alt=\"\"><\/a><\/li>\r\n             \r\n             <li><a class=\"gl_scroll_link_title\"  href=\"https:\/\/www.enaikoon.com\/de\/loesungen\/testimonials\/baumaschinen-management\/\" target=\"_self\" title=\"Baumaschinen-Management\">Baumaschinen-<br>Management<\/a><br\/>\r\n\t\t\t<a href=\"https:\/\/www.enaikoon.com\/de\/loesungen\/testimonials\/baumaschinen-management\/\" target=\"_self\" title=\"Baumaschinen-Management\"><img decoding=\"async\" class=\"gl_scroll_link_img\" src=\"https:\/\/www.enaikoon.com\/wp-content\/uploads\/2016\/07\/case_construction_asset.png\" border=\"0\" alt=\"\"><\/a><\/li>\r\n             \r\n             <li><a class=\"gl_scroll_link_title\" href=\"https:\/\/www.enaikoon.com\/de\/loesungen\/testimonials\/disposition-und-koordination\/\" target=\"_self\" title=\"Disposition und Koordination\">Disposition und <br\/>Koordination<\/a><br\/>\r\n             <a href=\"https:\/\/www.enaikoon.com\/de\/loesungen\/testimonials\/disposition-und-koordination\/\" target=\"_self\" title=\"Disposition und Koordination\"><img decoding=\"async\" class=\"gl_scroll_link_img\" src=\"https:\/\/www.enaikoon.com\/wp-content\/uploads\/2016\/07\/case_fleet_dispatching.png\"  border=\"0\" alt=\"\"><\/a><\/li>\r\n             \r\n             <li><a class=\"gl_scroll_link_title\" href=\"https:\/\/www.enaikoon.com\/de\/loesungen\/testimonials\/container-management\/\" target=\"_self\" title=\"Container-Management\">Container-<br>Management<\/a><br\/>\r\n\t\t\t<a  href=\"https:\/\/www.enaikoon.com\/de\/loesungen\/testimonials\/container-management\/\" target=\"_self\" title=\"Container-Management\"><img decoding=\"async\" class=\"gl_scroll_link_img\" src=\"https:\/\/www.enaikoon.com\/wp-content\/uploads\/2016\/07\/case_GPS.png\" title=\"GPS container tracking\" border=\"0\" alt=\"\"><\/a><\/li>\r\n             \r\n             <li><a class=\"gl_scroll_link_title\" href=\"https:\/\/www.enaikoon.com\/de\/loesungen\/testimonials\/aufklaerung-von-holzdiebstahl\/\" target=\"_self\" title=\"Aufkl\u00e4rung von Holzdiebstahl\">Aufkl\u00e4rung von <br\/>Holzdiebstahl<\/a><br\/>\r\n             <a href=\"https:\/\/www.enaikoon.com\/de\/loesungen\/testimonials\/aufklaerung-von-holzdiebstahl\/\" target=\"_self\" title=\"Aufkl\u00e4rung von Holzdiebstahl\"><img decoding=\"async\" class=\"gl_scroll_link_img\" src=\"https:\/\/www.enaikoon.com\/wp-content\/uploads\/2016\/07\/case_timber_theft.png\" border=\"0\" alt=\"\"><\/a><\/li>\r\n             \r\n             <li><a class=\"gl_scroll_link_title\" href=\"https:\/\/www.enaikoon.com\/de\/loesungen\/testimonials\/service-management\/\" target=\"_self\" title=\"Service-Management\">Service-<br>Management<\/a><br\/>\r\n             <a href=\"https:\/\/www.enaikoon.com\/de\/loesungen\/testimonials\/service-management\/\" target=\"_self\" title=\"Service-Management\"><img decoding=\"async\" class=\"gl_scroll_link_img\" src=\"https:\/\/www.enaikoon.com\/wp-content\/uploads\/2016\/07\/case_fleet_maintenance.png\"  border=\"0\" alt=\"\"><\/a><\/li>\r\n             \r\n             <li><a class=\"gl_scroll_link_title\" href=\"https:\/\/www.enaikoon.com\/de\/loesungen\/testimonials\/sicherheit-und-diebstahlschutz\/\" target=\"_self\" title=\"Sicherheit und Diebstahlschutz\">Sicherheit und<br>Diebstahlschutz<\/a><br\/>\r\n             <a href=\"https:\/\/www.enaikoon.com\/de\/loesungen\/testimonials\/sicherheit-und-diebstahlschutz\/\" target=\"_self\" title=\"Sicherheit und Diebstahlschutz\"><img decoding=\"async\" class=\"gl_scroll_link_img\" src=\"https:\/\/www.enaikoon.com\/wp-content\/uploads\/2016\/07\/case_security.png\" border=\"0\" alt=\"\"><\/a><\/li>\r\n             \r\n             <li><a class=\"gl_scroll_link_title\" href=\"https:\/\/www.enaikoon.com\/de\/loesungen\/testimonials\/logistik-planung\/\" target=\"_self\" title=\"Logistikplanung\">Logistik-<br>planung<\/a><br\/><a  href=\"https:\/\/www.enaikoon.com\/de\/loesungen\/testimonials\/logistik-planung\/\" target=\"_self\" title=\"Logistikplanung\"><img decoding=\"async\" class=\"gl_scroll_link_img\" src=\"https:\/\/www.enaikoon.com\/wp-content\/uploads\/2016\/07\/case_logistics.png\" border=\"0\" alt=\"\"><\/a><\/li>\r\n          <\/ul>\r\n\r\n    <\/div>\r\n<\/div>\r\n\r\n<div class=\"row\">\r\n\r\n<div class=\"gl_border-page\">\r\n\t\t\r\n\t\t<div class=\"col-md-4\">\r\n\t<div class=\"gl_h2big\">Baumaschinen-Vermietung<\/div>\r\n    <img decoding=\"async\" class=\"gl_space_top5\" src=\"https:\/\/www.enaikoon.com\/wp-content\/uploads\/2016\/07\/Construction_renting_inactive.png\"  alt=\"ENAiKOONs L\u00f6sung f\u00fcr optimierte Baumaschinenvermietung\" title=\"ENAiKOONs L\u00f6sung f\u00fcr optimierte Baumaschinenvermietung\">\r\n    <div class=\"gl_h4big\"><br\/>Unternehmen<\/div>\r\n    <p>Eberle-Hald Handel und Dienstleistungen GmbH &amp; Co. KG, Metzingen<br>\r\n        <em>Michael Busch, Mietparkleiter<\/em><\/p>\r\n<div class=\"gl_space_top15\"><\/div>\r\n <div class=\"gl_h4big\">Branche<\/div>\r\n    <p>Baugewerbe<\/p>\r\n    <div class=\"gl_space_top15\"><\/div>\r\n    <div class=\"gl_h4big\">Hintergrund<\/div>\r\n    <p>Einer der gr\u00f6\u00dften Baumaschinenvermieter in   S\u00fcddeutschland, Eberle-Hald aus Stuttgart, setzt seit Ende 2007 die   Telematik-Module von ENAiKOON ein. Mehr als 100 Ortungsmodule sind in   den neun Niederlassungen bereits im Dauereinsatz.<\/p>\r\n\t\t\t\r\n\t\t<\/div>\r\n\t\t\r\n\t\t<div class=\"col-md-4\">\r\n\t\t<div >\r\n\t\t <div class=\"gl_h4big\">Problem<\/div>\r\n    <p class=\"gl_space_right15\">&#34;Jederzeit Zugriff auf Ger\u00e4tedaten, wie   Betriebsstunden, Batteriezustand und Ladezeiten zu haben, ist f\u00fcr uns   von gr\u00f6\u00dfter Bedeutung. Wenn technische Probleme auftreten, erkennt unser   Notdienst schon im Vorfeld was zu tun ist und kann so schneller die   Maschine wieder einsatzbereit machen. Das ENAiKOON-Telematik-System   erm\u00f6glicht uns eine exakte Abrechnung von Mietvertr\u00e4gen. So k\u00f6nnen wir   tagesgenau die Freimeldung von Maschinen bei der Rechnungsstellung   ber\u00fccksichtigen.&#34;<\/p><div class=\"gl_space_top15\"><\/div>\r\n     <div class=\"gl_h4big\">L\u00f6sung<\/div>\r\n    <p  class=\"gl_space_right5\">Eberle-Hald geht noch weiter und bindet   seine Kunden in  <br\/>ENAiKOONs Auswertungssoftware inViu pro mit ein. &#34;Wir   geben unserem Mietkunden die M\u00f6glichkeit, jederzeit sehen zu k\u00f6nnen, auf   welcher Baustelle sich welche angemieteten Ger\u00e4te gerade befinden. So   kann unser Mietkunde eine l\u00fcckenlose Abrechnung gegen\u00fcber seinem Kunden   dokumentieren und durchf\u00fchren.&#34;<\/p>\r\n\t\t<\/div>\r\n\t\t<\/div>\r\n\t\t\r\n\t\t<div class=\"col-md-4\">\r\n\t\t<div class=\"gl_space_left15\">\r\n\t\t <div class=\"gl_h4big\">Fazit<\/div>\r\n    <p>Mit der inViu pro Anwendung kann besonders   bei Langzeitmieten \u00fcber mehrere Wochen oder Monate schnell gesehen   werden, wie lange sich welches Mietger\u00e4t auf welcher Baustelle befindet.<\/p>\r\n<div class=\"gl_space_top15\"><\/div>\r\n    <div><a class=\"gl_button_grey\"  href=\"https:\/\/www.enaikoon.com\/de\/ressourcen\/branchen-themenblaetter\/\">Weitere Branchenbl\u00e4tter<\/a> <\/div>\r\n    <div><a class=\"gl_button_blue\" href=\"https:\/\/www.enaikoon.com\/de\/kontakt\/kontakt\/\">Sprechen Sie uns an<\/a> <\/div>\r\n<div class=\"gl_space_top15\"><\/div>\r\n    <p>Die folgenden Ger\u00e4te, Zubeh\u00f6rteile, Applikationen und Plugins werden f\u00fcr diese L\u00f6sung ben\u00f6tigt:<\/p>\r\n    \r\n \t <div><a class=\"gl_button_yellow\"  href=\"https:\/\/www.enaikoon.com\/de\/software-de\/inviu-pro\/\">inViu pro<\/a> <\/div>\r\n     <div><a class=\"gl_button_yellow\"  href=\"https:\/\/www.enaikoon.com\/de\/software-de\/plugins\/can-66\/\">can-66<\/a> <\/div>\r\n     <div><a class=\"gl_button_yellow\"  href=\"https:\/\/www.enaikoon.com\/de\/software-de\/plugins\/limit-checker\/\">limit-checker<\/a> <\/div>\r\n     <div><a class=\"gl_button_yellow\"  href=\"https:\/\/www.enaikoon.com\/de\/geraete\/locate-serie\/locate-06\/\">locate-06<\/a> <\/div>\r\n     <div><a class=\"gl_button_yellow\"  href=\"https:\/\/www.enaikoon.com\/de\/geraete\/zubehoer\/antenna\/\">antenna<\/a> <\/div>\r\n     <div><a class=\"gl_button_yellow\"  href=\"https:\/\/www.enaikoon.com\/de\/geraete\/zubehoer\/sim-card\/\">sim-card<\/a> <\/div>\r\n\t\t<\/div>\r\n\t\t<\/div>\t\r\n\t\t\r\n\t\t<div class=\"gl_row_space\"><\/div>\r\n\t<\/div>\r\n<\/div>","protected":false},"excerpt":{"rendered":"<p> [&hellip;]<\/p>\n","protected":false},"author":7,"featured_media":0,"parent":3711,"menu_order":0,"comment_status":"closed","ping_status":"closed","template":"","meta":{"footnotes":""},"acf":[],"_links":{"self":[{"href":"https:\/\/www.enaikoon.com\/de\/wp-json\/wp\/v2\/pages\/3715"}],"collection":[{"href":"https:\/\/www.enaikoon.com\/de\/wp-json\/wp\/v2\/pages"}],"about":[{"href":"https:\/\/www.enaikoon.com\/de\/wp-json\/wp\/v2\/types\/page"}],"author":[{"embeddable":true,"href":"https:\/\/www.enaikoon.com\/de\/wp-json\/wp\/v2\/users\/7"}],"replies":[{"embeddable":true,"href":"https:\/\/www.enaikoon.com\/de\/wp-json\/wp\/v2\/comments?post=3715"}],"version-history":[{"count":30,"href":"https:\/\/www.enaikoon.com\/de\/wp-json\/wp\/v2\/pages\/3715\/revisions"}],"predecessor-version":[{"id":7652,"href":"https:\/\/www.enaikoon.com\/de\/wp-json\/wp\/v2\/pages\/3715\/revisions\/7652"}],"up":[{"embeddable":true,"href":"https:\/\/www.enaikoon.com\/de\/wp-json\/wp\/v2\/pages\/3711"}],"wp:attachment":[{"href":"https:\/\/www.enaikoon.com\/de\/wp-json\/wp\/v2\/media?parent=3715"}],"curies":[{"name":"wp","href":"https:\/\/api.w.org\/{rel}","templated":true}]}}