{"id":3711,"date":"2016-07-18T03:04:31","date_gmt":"2016-07-18T03:04:31","guid":{"rendered":"https:\/\/www.enaikoon.com\/?page_id=3711"},"modified":"2017-11-19T14:28:11","modified_gmt":"2017-11-19T14:28:11","slug":"loesungen","status":"publish","type":"page","link":"https:\/\/www.enaikoon.com\/de\/loesungen\/","title":{"rendered":"L\u00f6sungen"},"content":{"rendered":"\n\t\t\t<!-- START Solution_de REVOLUTION SLIDER 6.6.16 --><p class=\"rs-p-wp-fix\"><\/p>\n\t\t\t<rs-module-wrap id=\"rev_slider_26_1_wrapper\" data-source=\"gallery\" style=\"visibility:hidden;background:transparent;padding:0;margin:0px auto;margin-top:0;margin-bottom:0;\">\n\t\t\t\t<rs-module id=\"rev_slider_26_1\" style=\"\" data-version=\"6.6.16\">\n\t\t\t\t\t<rs-slides style=\"overflow: hidden; position: absolute;\">\n\t\t\t\t\t\t<rs-slide style=\"position: absolute;\" data-key=\"rs-43\" data-title=\"banner\" data-anim=\"adpr:false;\">\n\t\t\t\t\t\t\t<img src=\"\/\/www.enaikoon.com\/wp-content\/plugins\/revslider\/public\/assets\/assets\/dummy.png\" alt=\"\" title=\"L\u00f6sungen\" class=\"rev-slidebg tp-rs-img rs-lazyload\" data-lazyload=\"\/\/www.enaikoon.com\/wp-content\/uploads\/2016\/07\/Banner-solution-e_011.jpg\" data-no-retina>\n<!--\n\t\t\t\t\t\t\t--><rs-layer\n\t\t\t\t\t\t\t\tid=\"slider-26-slide-43-layer-1\" \n\t\t\t\t\t\t\t\tdata-type=\"image\"\n\t\t\t\t\t\t\t\tdata-rsp_ch=\"on\"\n\t\t\t\t\t\t\t\tdata-text=\"l:22;\"\n\t\t\t\t\t\t\t\tdata-dim=\"w:998px;h:300px;\"\n\t\t\t\t\t\t\t\tdata-frame_0=\"tp:600;\"\n\t\t\t\t\t\t\t\tdata-frame_1=\"tp:600;e:power2.inOut;st:500;\"\n\t\t\t\t\t\t\t\tdata-frame_999=\"o:0;tp:600;e:nothing;st:w;\"\n\t\t\t\t\t\t\t\tstyle=\"z-index:5;\"\n\t\t\t\t\t\t\t><img src=\"\/\/www.enaikoon.com\/wp-content\/plugins\/revslider\/public\/assets\/assets\/dummy.png\" alt=\"\" class=\"tp-rs-img rs-lazyload\" data-lazyload=\"\/wp-content\/uploads\/2016\/07\/Banner-solution-e_011.jpg\" data-no-retina> \n\t\t\t\t\t\t\t<\/rs-layer><!--\n\n\t\t\t\t\t\t\t--><rs-layer\n\t\t\t\t\t\t\t\tid=\"slider-26-slide-43-layer-2\" \n\t\t\t\t\t\t\t\tclass=\"medium-blue-text\"\n\t\t\t\t\t\t\t\tdata-type=\"text\"\n\t\t\t\t\t\t\t\tdata-color=\"rgba(70,180,231,1)\"\n\t\t\t\t\t\t\t\tdata-rsp_ch=\"on\"\n\t\t\t\t\t\t\t\tdata-xy=\"x:540px;y:65px;\"\n\t\t\t\t\t\t\t\tdata-text=\"s:32;l:34;fw:700;\"\n\t\t\t\t\t\t\t\tdata-frame_0=\"y:50px;tp:600;\"\n\t\t\t\t\t\t\t\tdata-frame_1=\"tp:600;e:power2.inOut;st:800;sp:500;\"\n\t\t\t\t\t\t\t\tdata-frame_999=\"o:1;tp:600;e:nothing;st:w;\"\n\t\t\t\t\t\t\t\tstyle=\"z-index:6;font-family:'Myriad Pro';color:#12B9FF !important;letter-spacing:0px !important;\"\n\t\t\t\t\t\t\t>Anspruchsvolle Ortungs-<br>\nund Kontroll-L\u00f6sungen \n\t\t\t\t\t\t\t<\/rs-layer><!--\n\n\t\t\t\t\t\t\t--><rs-layer\n\t\t\t\t\t\t\t\tid=\"slider-26-slide-43-layer-3\" \n\t\t\t\t\t\t\t\tclass=\"small-brown-text\"\n\t\t\t\t\t\t\t\tdata-type=\"text\"\n\t\t\t\t\t\t\t\tdata-color=\"rgba(143,143,143,1)\"\n\t\t\t\t\t\t\t\tdata-rsp_ch=\"on\"\n\t\t\t\t\t\t\t\tdata-xy=\"x:540px;y:150px;\"\n\t\t\t\t\t\t\t\tdata-text=\"s:16;l:20;\"\n\t\t\t\t\t\t\t\tdata-frame_0=\"y:50px;tp:600;\"\n\t\t\t\t\t\t\t\tdata-frame_1=\"tp:600;e:power2.inOut;st:800;sp:500;\"\n\t\t\t\t\t\t\t\tdata-frame_999=\"o:1;tp:600;e:nothing;st:w;\"\n\t\t\t\t\t\t\t\tstyle=\"z-index:7;font-family:'Myriad Pro';letter-spacing:1 !important;font-size:14.4px;line-height:17px;\"\n\t\t\t\t\t\t\t>Entdecken Sie, wie Sie durch integrierte Telematik-L\u00f6sungen<br>innerhalb Ihrer Arbeitsprozesse Geld und Zeit sparen k\u00f6nnen \n\t\t\t\t\t\t\t<\/rs-layer><!--\n\n\t\t\t\t\t\t\t--><rs-layer\n\t\t\t\t\t\t\t\tid=\"slider-26-slide-43-layer-4\" \n\t\t\t\t\t\t\t\tdata-type=\"text\"\n\t\t\t\t\t\t\t\tdata-color=\"rgba(255,255,255,1)\"\n\t\t\t\t\t\t\t\tdata-rsp_ch=\"on\"\n\t\t\t\t\t\t\t\tdata-xy=\"x:540px;y:198px;\"\n\t\t\t\t\t\t\t\tdata-text=\"l:22;\"\n\t\t\t\t\t\t\t\tdata-frame_0=\"y:50px;tp:600;\"\n\t\t\t\t\t\t\t\tdata-frame_1=\"tp:600;e:power2.inOut;st:800;sp:500;\"\n\t\t\t\t\t\t\t\tdata-frame_999=\"o:1;tp:600;e:nothing;st:w;\"\n\t\t\t\t\t\t\t\tstyle=\"z-index:8;font-family:'';\"\n\t\t\t\t\t\t\t><a class=\"gl_button_blue\" href=\"\/de\/loesungen\/unsere-dienstleistungen\/\">Unsere Dienstleistungen<\/a> \n\t\t\t\t\t\t\t<\/rs-layer><!--\n-->\t\t\t\t\t\t<\/rs-slide>\n\t\t\t\t\t<\/rs-slides>\n\t\t\t\t<\/rs-module>\n\t\t\t\t<script>\n\t\t\t\t\tsetREVStartSize({c: 'rev_slider_26_1',rl:[1240,1024,778,480],el:[],gw:[998],gh:[300],type:'standard',justify:'',layout:'fullwidth',mh:\"0\"});if (window.RS_MODULES!==undefined && window.RS_MODULES.modules!==undefined && window.RS_MODULES.modules[\"revslider261\"]!==undefined) {window.RS_MODULES.modules[\"revslider261\"].once = false;window.revapi26 = undefined;if (window.RS_MODULES.checkMinimal!==undefined) window.RS_MODULES.checkMinimal()}\n\t\t\t\t<\/script>\n\t\t\t<\/rs-module-wrap>\n\t\t\t<!-- END REVOLUTION SLIDER -->\n\r\n\r\n<div class=\"row\">\r\n\r\n<div class=\"gl_space_page\">\r\n\r\n\t<div class=\"col-md-7\">\r\n\r\n    <div class=\"gl_h2big\">Verbessern Sie Ihre Produktivit\u00e4t und Wettbewerbsposition!<\/div>\r\n\t<div class=\"gl_h2big\">Die Anforderungen an Telematik sind in jedem Unternehmen unterschiedlich &#8211;<\/div>\r\n\t<div class=\"gl_h2big\">mit unserer 10-j\u00e4hrigen Erfahrung beraten wir Sie gern zu Ihrer individuellen L\u00f6sung!<\/div> \r\n\r\n    <\/div>\r\n\t\r\n\t<div class=\"col-md-5\">\r\n\t\r\n    <div class=\"gl_solution_right\">\r\n\t\t<div>\r\n\t\t\t<h5>&#34;Mit den ENAiKOON Telematik-L\u00f6sungen konnten wir die Auslastung unserer Wagen um 40% steigern.&#34;<\/h5>\r\n\t\t\t<h5 style=\"margin-top:10px; color:#666;\">Karsten Hiehle, Gesch\u00e4ftsf\u00fchrer LEGEND, Dresden<\/h5>\r\n\t\t<\/div>\r\n\t\t<div class=\"gl_icon_image_1\"><a href=\"https:\/\/www.enaikoon.com\/de\/loesungen\/testimonials\/disposition-und-koordination\/\" title=\"Lesen Sie unsere Fallbeispiele\"><img decoding=\"async\" src=\"https:\/\/www.enaikoon.com\/wp-content\/uploads\/2016\/07\/icon1.png\" border=\"0\" alt=\"Lesen Sie unsere Fallbeispiele\"\/><\/a><\/div>\r\n\t\t<div class=\"row_space\"><\/div>\r\n\t\t<div><a class=\"gl_button_yellow\"  href=\"https:\/\/www.enaikoon.com\/de\/kontakt\/unsere-experten\/\">Buchen Sie eine Beratung<\/a><\/div>\r\n\t\t<div class=\"gl_solution_right_text\">\r\n\t\t\t<p><br\/>Um das Webportal inViu pro zu erleben bitte auf nachstehende Schaltfl\u00e4che und dann auf &#34;Demo&#34; \u00fcber dem Anmeldefeld klicken.<\/p>\r\n\t\t<\/div>\r\n\t\t<div><a class=\"gl_button_yellow\"  rel=\"nofollow\" href=\"https:\/\/sso.enaikoon.de\/SSOServer\/?locale=de&#038;demo=1\" target=\"_blank\">inViu pro demo<\/a><\/div>\r\n\t<\/div>\r\n\t\t \r\n\t<\/div>\r\n\r\n\t<div class=\"gl_row_space\"><\/div>\r\n\t<div class=\"gl_line\"><\/div>\r\n\t\r\n\t<div class=\"col-md-12\">\r\n\t\r\n\t<div class=\"gl_h2big\">Wie es funktioniert<\/div>\r\n\t\r\n\t<\/div>\r\n\t\r\n\t<div class=\"gl_row_space\"><\/div>\r\n     \r\n    <div class=\"col-md-4\">\r\n\t\r\n\t<div><a href=\"https:\/\/www.enaikoon.com\/de\/geraete\/\" title=\"ENAiKOON Ger\u00e4te: Die ausgereiften technischen Aspekte unserer Ger\u00e4te erlauben eine Ortung und Datenverarbeitung f\u00fcr eine gro\u00dfe Bandbreite von Einsatzm\u00f6glichkeiten.\"><img decoding=\"async\" loading=\"lazy\" src=\"https:\/\/www.enaikoon.com\/wp-content\/uploads\/2016\/07\/ea442fc1b9.png\" width=\"308\" height=\"308\" alt=\"\"\/><\/a><\/div>\r\n\t<div class=\"gl_space_top10\">Die ausgereiften technischen Aspekte unserer Ger\u00e4te erlauben eine Ortung und mobile Datenerfassung f\u00fcr eine gro\u00dfe Bandbreite von Einsatzm\u00f6glichkeiten.<\/div>\r\n\t\r\n\t<\/div>\r\n\t\r\n\t<div class=\"col-md-4\">\r\n    \r\n\t<div><a href=\"https:\/\/www.enaikoon.com\/de\/software-de\/\" title=\"inViu - ENAiKOONs Webportal f\u00fcr Tracking\"><img decoding=\"async\" loading=\"lazy\" src=\"https:\/\/www.enaikoon.com\/wp-content\/uploads\/2016\/07\/568dffc0b8.png\" width=\"308\" height=\"308\" alt=\"\"\/><\/a><\/div>\r\n\t<div class=\"gl_space_top10\">\u00dcberwachen und managen Sie Ihren Bestand zu jeder Zeit und von \u00fcberall mit <a href=\"https:\/\/www.enaikoon.com\/de\/software-de\/\" title=\"inViu - ENAiKOONs Webportal f\u00fcr Tracking\">inViu<\/a> &#8211; der Software f\u00fcr nahtlose Arbeitsprozesse. Eine Vielzahl von Software Plugins erlaubt eine auf Ihre Bed\u00fcrfnisse zugeschnittene Telematik-L\u00f6sung.<\/div>\r\n     \r\n\t<\/div>\r\n\r\n\t<div class=\"col-md-4\">\r\n    \r\n\t<div><a href=\"https:\/\/www.enaikoon.com\/de\/apps\/\"  title=\"ENAiKOON Apps: Mit unseren Handy-Applikationen behalten Sie Ihr Team und\"><img decoding=\"async\" loading=\"lazy\" src=\"https:\/\/www.enaikoon.com\/wp-content\/uploads\/2016\/07\/da8534081a.png\" width=\"308\" height=\"308\" alt=\"\"\/><\/a><\/div>\r\n\t<div class=\"gl_space_top10\">Software auf Handys erg\u00e4nzt unsere modernen Telematikl\u00f6sungen. Sie erm\u00f6glicht den jederzeitigen \u00dcberblick.<\/div>\r\n    \r\n\t<\/div>\r\n\r\n\t<div class=\"gl_row_space\"><\/div>\r\n\t<div class=\"gl_line\"><\/div>\r\n\t\r\n\t\t\t<div class=\"col-md-12\">\r\n\t\t\t\t\t\r\n\t\t<div class=\"gl_h2big\">Wir sind dort, wo Sie <br\/>auch sind&#8230;<\/div>\r\n        <p>Kunden-Testimonials und Fallbeispiele aus <br\/>Ihrer Branche<\/p>\r\n\t\t<div>&nbsp;<\/div>\r\n\t\t\r\n\t\t<\/div>\r\n\t\t\r\n\t\t<div class=\"col-md-4\">\r\n\t\t\t\t\t\r\n\t\t<div class=\"gl_industry\">\r\n\t\t\t<div class=\"gl_industry_image\"><a href=\"https:\/\/www.enaikoon.com\/de\/loesungen\/testimonials\/logistik-planung\/\"><img decoding=\"async\" src=\"https:\/\/www.enaikoon.com\/wp-content\/uploads\/2016\/07\/industry1.jpg\" alt=\"\"\/><\/a><\/div>\r\n\t\t\t<div class=\"gl_industry_text\">\r\n\t\t\t\t<p class=\"gl_h3big\"><a href=\"https:\/\/www.enaikoon.com\/de\/loesungen\/testimonials\/logistik-planung\/\">Logistikplanung<\/a><\/p>\r\n\t\t\t\t<p>&#34;Ich habe noch nie zuvor ein Produkt benutzt, das sich so einfach und schnell anwenden l\u00e4sst.&#34;<\/p>\r\n\t\t\t<\/div>\r\n\t\t<\/div>\r\n\t\t\r\n\t\t<\/div>\r\n\t\t\r\n\t\t<div class=\"col-md-4\">\r\n\t\t\t\t\t\r\n\t\t<div class=\"gl_industry\">\r\n\t\t\t<div class=\"gl_industry_image\"><a href=\"https:\/\/www.enaikoon.com\/de\/loesungen\/testimonials\/disposition-und-koordination\/\"><img decoding=\"async\" src=\"https:\/\/www.enaikoon.com\/wp-content\/uploads\/2016\/07\/industry6.jpg\" alt=\"\"\/><\/a><\/div>\r\n\t\t\t<div class=\"gl_industry_text\">\r\n\t\t\t\t<p class=\"gl_h3big\"><a href=\"https:\/\/www.enaikoon.com\/de\/loesungen\/testimonials\/disposition-und-koordination\/\">Disposition<\/a><\/p>\r\n\t\t\t\t<p>&#34;Mit der Telematikl\u00f6sung von ENAiKOON konnten wir die Auslastung unserer Fahrzeuge um 40% verbessern, und nebenbei Kunden gl\u00fccklich machen, weil sich die Wartezeit verringert durch k\u00fcrzere Anfahrzeiten.&#34;<\/p>\r\n\t\t\t<\/div>\r\n\t\t <\/div>\r\n\t\t\r\n\t\t<\/div>\r\n\t\t\r\n\t\t<div class=\"col-md-4\">\r\n\t\t\t\t\t\r\n\t\t<div class=\"gl_industry\">\r\n\t\t\t<div class=\"gl_industry_image\"><a href=\"https:\/\/www.enaikoon.com\/de\/loesungen\/testimonials\/kraftstoff-diebstahl\/\"><img decoding=\"async\" src=\"https:\/\/www.enaikoon.com\/wp-content\/uploads\/2016\/07\/industry11.jpg\" alt=\"\"\/><\/a><\/div>\r\n\t\t\t<div class=\"gl_industry_text\">\r\n\t\t\t\t<p class=\"gl_h3big\"><a href=\"https:\/\/www.enaikoon.com\/de\/loesungen\/testimonials\/kraftstoff-diebstahl\/\">Kraftstoff-Diebstahl<\/a><\/p>\r\n\t\t\t\t<p>&#34;W\u00e4hrend andere L\u00f6sungen gescheitert sind, hat der ENAiKOON fuel-tracker seine Effektivit\u00e4t gegen Kraftstoff-Diebstahl bewiesen.&#34;<\/p>\r\n\t\t\t<\/div>\r\n\t\t<\/div>\r\n\t\t\r\n\t\t<\/div>\r\n\t\t\r\n\t\t<div class=\"gl_row_space\"><\/div>\r\n\t\t\r\n\t\t<div class=\"col-md-4\">\r\n\t\t\t\t\t\r\n\t\t<div class=\"gl_industry\">\r\n\t\t\t<div class=\"gl_industry_image\"><a href=\"https:\/\/www.enaikoon.com\/de\/loesungen\/testimonials\/baumaschinen-management\/\"><img decoding=\"async\" src=\"https:\/\/www.enaikoon.com\/wp-content\/uploads\/2016\/07\/industry2.jpg\" alt=\"\"\/><\/a><\/div>\r\n\t\t\t<div class=\"gl_industry_text\">\r\n\t\t\t\t<p class=\"gl_h3big\"><a href=\"https:\/\/www.enaikoon.com\/de\/loesungen\/testimonials\/baumaschinen-management\/\">Baumaschinen-Management<\/a><\/p>\r\n\t\t\t\t<p>&#34;F\u00fcr mich ist es wichtig, alle Maschinen mit ENAiKOON best\u00fcckt zu haben, so kann ich besser koordinieren und kontrollieren, welche Komponenten im Einsatz sind und welche nicht gebraucht werden.&#34;<\/p>\r\n\t\t\t<\/div>\r\n\t\t<\/div>\r\n\t\t\r\n\t\t<\/div>\r\n\t\t\r\n\t\t<div class=\"col-md-4\">\r\n\t\t\t\t\t\r\n\t\t<div class=\"gl_industry\">\r\n\t\t\t<div class=\"gl_industry_image\"><a href=\"https:\/\/www.enaikoon.com\/de\/loesungen\/testimonials\/ortung-und-routen-mittels-handy-app\/\"  title=\"GPS tracking app\"><img decoding=\"async\" src=\"https:\/\/www.enaikoon.com\/wp-content\/uploads\/2016\/07\/industry9.png\" alt=\"GPS tracking app icon\"\/><\/a><\/div>\r\n\t\t\t<div class=\"gl_industry_text\">\r\n\t\t\t\t<p class=\"gl_h3big\"><a href=\"https:\/\/www.enaikoon.com\/de\/loesungen\/testimonials\/ortung-und-routen-mittels-handy-app\/\">GPS Ortung per Handy<\/a><\/p>\r\n\t\t\t\t<p>&#34;Mit dieser L\u00f6sung von ENAiKOON hat sofort alles bestens funktioniert. Die Android App besitzt alle wichtigen Funktionen und Sicherheits-Features, die von einem kompletten und n\u00fctzlichen Web Portal (inViu pro) erg\u00e4nzt werden.&#34;<\/p>\r\n\t\t\t<\/div>\r\n\t\t<\/div>\r\n\t\t\r\n\t\t<\/div>\r\n\t\t\r\n\t\t<div class=\"col-md-4\">\r\n\t\t\t\t\t\r\n\t\t <div class=\"gl_industry\">\r\n\t\t\t <div class=\"gl_industry_image\"><a href=\"https:\/\/www.enaikoon.com\/de\/geraete\/locate-serie\/locate-19\/locate-19-anwendungen\/\"><img decoding=\"async\" src=\"https:\/\/www.enaikoon.com\/wp-content\/uploads\/2016\/07\/industry14.png\" alt=\"\"\/><\/a><\/div>\r\n\t\t\t<div class=\"gl_industry_text\">\r\n\t\t\t\t <p class=\"gl_h3big\"><a href=\"https:\/\/www.enaikoon.com\/de\/geraete\/locate-serie\/locate-19\/locate-19-anwendungen\/\">Alltagstaugliche Sicherheitsl\u00f6sung<\/a><\/p>\r\n\t\t\t\t<p>Ihre Familie und Ihre Wertsachen sind gut aufgehoben mit unseren alltagstauglichen Sicherheitsl\u00f6sungen. <a style=\"color:#12b9ff;\" href=\"https:\/\/www.enaikoon.com\/de\/geraete\/locate-serie\/locate-19\/locate-19-anwendungen\/\">Mehr Information<\/a> <\/p>\r\n\t\t\t<\/div>\r\n\t\t<\/div>\r\n\t\t\r\n\t\t<\/div>\r\n\t\t\r\n\t\t<div class=\"gl_row_space\"><\/div>\r\n\t\t\r\n\t\t<div class=\"col-md-4\">\r\n\t\t\t\t\t\r\n\t\t<div class=\"gl_industry\">\r\n\t\t\t<div class=\"gl_industry_image\"><a href=\"https:\/\/www.enaikoon.com\/de\/loesungen\/testimonials\/baumaschinen-vermietung\/\"><img decoding=\"async\" src=\"https:\/\/www.enaikoon.com\/wp-content\/uploads\/2016\/07\/industry3.png\" alt=\"\"\/><\/a><\/div>\r\n\t\t\t<div class=\"gl_industry_text\">\r\n\t\t\t\t<p class=\"gl_h3big\"><a href=\"https:\/\/www.enaikoon.com\/de\/loesungen\/testimonials\/baumaschinen-vermietung\/\">Baumaschinen-Vermietung<\/a><\/p>\r\n\t\t\t\t<p>&#34;Jederzeit Zugriff auf Ger\u00e4tedaten, wie Betriebsstunden, Batteriezustand und Ladezeiten zu haben, ist f\u00fcr uns von gr\u00f6\u00dfter Bedeutung. Das ENAiKOON-Telematik-System erm\u00f6glicht uns eine exakte Abrechnung von Mietvertr\u00e4gen.&#34;<\/p>\r\n\t\t\t<\/div>\r\n\t\t<\/div>\r\n\t\t\r\n\t\t<\/div>\r\n\t\t\r\n\t\t<div class=\"col-md-4\">\r\n\t\t\t\t\t\r\n\t\t<div class=\"gl_industry\">\r\n\t\t\t<div class=\"gl_industry_image\"><a href=\"https:\/\/www.enaikoon.com\/de\/loesungen\/testimonials\/waechter-kontrollsystem\/\" title=\"W\u00e4chterkontrollsystem\"><img decoding=\"async\" src=\"https:\/\/www.enaikoon.com\/wp-content\/uploads\/2016\/07\/industry8.png\" alt=\"W\u00e4chterkontrollsystem\" \/><\/a><\/div>\r\n\t\t\t<div class=\"gl_industry_text\">\r\n\t\t\t\t<p class=\"gl_h3big\"><a href=\"https:\/\/www.enaikoon.com\/de\/loesungen\/testimonials\/waechter-kontrollsystem\/\">W\u00e4chter-Kontrollsystem<\/a><\/p>\r\n\t\t\t\t<p>&#34;Der gro\u00dfe Vorteil des NFC-Systems von ENAiKOON liegt im direkten Kontakt von Leitstelle und Kontrollstation. Wird eine Station nicht angelaufen, erf\u00e4hrt die Leitstelle sofort davon. Die Anschaffungskosten und die laufenden Kosten sind sehr viel g\u00fcnstiger als branchen\u00fcbliche Sicherheitssysteme.<\/p>\r\n\t\t\t<\/div>\r\n\t\t<\/div>\r\n\t\t\r\n\t\t<\/div>\r\n\t\t\r\n\t\t<div class=\"col-md-4\">\r\n\t\t\t\t\t\r\n\t\t<div class=\"gl_industry\">\r\n\t\t\t<div class=\"gl_industry_image\"><a href=\"https:\/\/www.enaikoon.com\/de\/loesungen\/testimonials\/container-management\/\" title=\"Container Management\"><img decoding=\"async\" src=\"https:\/\/www.enaikoon.com\/wp-content\/uploads\/2016\/07\/industry12.png\" alt=\"Container Management\"\/><\/a><\/div>\r\n\t\t\t<div class=\"gl_industry_text\">\r\n\t\t\t\t<p class=\"gl_h3big\"><a href=\"https:\/\/www.enaikoon.com\/de\/loesungen\/testimonials\/container-management\/\">Container-Management<\/a><\/p>\r\n\t\t\t\t<p>&#34;Mit dem autarken Ortungsmodul locate-15 von ENAiKOON erhalten wir jeden Tag eine aktuelle Standort-Position unserer Container. Dies reicht v\u00f6llig aus, um das Container Management optimal zu betreiben.&#34;<\/p>\r\n\t\t\t<\/div>\r\n         <\/div>\r\n\t\t\r\n\t\t<\/div>\r\n\t\t\r\n\t\t<div class=\"gl_row_space\"><\/div>\r\n\t\t\r\n\t\t<div class=\"col-md-4\">\r\n\t\t\r\n\t\t<div class=\"gl_industry\">\r\n\t\t\t<div class=\"gl_industry_image\"><a href=\"https:\/\/www.enaikoon.com\/de\/loesungen\/testimonials\/aufklaerung-von-holzdiebstahl\/\"  title=\"Aufkl\u00e4rung von Holzdiebstahl\"><img decoding=\"async\" src=\"https:\/\/www.enaikoon.com\/wp-content\/uploads\/2016\/07\/industry4.png\" alt=\"Aufkl\u00e4rung von Holzdiebstahl\"\/><\/a><\/div>\r\n\t\t\t<div class=\"gl_industry_text\">\r\n\t\t\t\t<p class=\"gl_h3big\"><a href=\"https:\/\/www.enaikoon.com\/de\/loesungen\/testimonials\/aufklaerung-von-holzdiebstahl\/\">Aufkl\u00e4rung von Holzdiebstahl<\/a><\/p>\r\n\t\t\t\t<p>&#34;Schon bald war der Holzklau aufgekl\u00e4rt: Die Holzdiebe brachten die St\u00e4mme zu genau dem S\u00e4gewerk, das auch die regul\u00e4ren Holzfuhren entgegengenommen hatte.&#34;<\/p>\r\n\t\t\t<\/div>\r\n\t\t<\/div>\r\n\t\t\t\t \r\n\t\t<\/div>\r\n\t\t\r\n\t\t<div class=\"col-md-4\">\r\n\t\t\r\n\t\t<div class=\"gl_industry\">\r\n\t\t\t<div class=\"gl_industry_image\"><a href=\"https:\/\/www.enaikoon.com\/de\/loesungen\/testimonials\/service-management\/\"><img decoding=\"async\" src=\"https:\/\/www.enaikoon.com\/wp-content\/uploads\/2016\/07\/industry7.jpg\" alt=\"\"\/><\/a><\/div>\r\n\t\t\t<div class=\"gl_industry_text\">\r\n\t\t\t\t<p class=\"gl_h3big\"><a href=\"https:\/\/www.enaikoon.com\/de\/loesungen\/testimonials\/service-management\/\">Service-Management<\/a><\/p>\r\n\t\t\t\t<p>&#34;Wir k\u00f6nnen alle anstehenden Servicetermine und -aufgaben zeit-, betriebsstunden- und kilometergenau voreinstellen.&#34;<\/p>\r\n\t\t\t<\/div>\r\n\t\t<\/div>\r\n\t\t\t\t \r\n\t\t<\/div>\r\n\t\t\r\n\t\t<div class=\"col-md-4\">\r\n\t\t\r\n\t\t<div class=\"gl_industry\">\r\n\t\t\t<div class=\"gl_industry_image\"><a href=\"https:\/\/www.enaikoon.com\/de\/loesungen\/testimonials\/sicherheit-und-diebstahlschutz\/\" title=\"Sicherheit und Diebstahlschutz\"><img decoding=\"async\" src=\"https:\/\/www.enaikoon.com\/wp-content\/uploads\/2016\/07\/industry13.jpg\" alt=\"Sicherheit und Diebstahlschutz\"\/><\/a><\/div>\r\n\t\t\t<div class=\"gl_industry_text\">\r\n\t\t\t\t<p class=\"gl_h3big\"><a href=\"https:\/\/www.enaikoon.com\/de\/loesungen\/testimonials\/sicherheit-und-diebstahlschutz\/\">Sicherheit und Diebstahlschutz<\/a><\/p>\r\n\t\t\t\t<p>&#34;Ohne die Telematikl\u00f6sung von ENAiKOON h\u00e4tten wir den Wagen nicht wieder erhalten und w\u00e4ren auf dem Schaden sitzen geblieben.&#34;<\/p>\r\n\t\t\t<\/div>\r\n\t\t<\/div>\r\n\t\t<div class=\"gl_row_space\"><\/div>\r\n\t\t<div><a class=\"gl_button_blue\" href=\"https:\/\/www.enaikoon.com\/de\/loesungen\/testimonials\/baumaschinen-vermietung\/\">Lesen Sie Fallbeispiele<\/a><\/div>\r\n\t\t\t\t \r\n\t\t<\/div>\r\n\t\t\r\n\t\t<div class=\"gl_row_space\"><\/div>\r\n\t\t\r\n\t\t<div class=\"col-md-4\">\r\n\t\t\r\n\t\t<div class=\"gl_industry\">\r\n\t\t\t<div class=\"gl_industry_image\"><a href=\"https:\/\/www.enaikoon.com\/de\/loesungen\/testimonials\/flottentelematik-mit-kuehlkette\/\"  title=\"ENAiKOON Flottentelematik mit \u00dcberwachung der K\u00fchlkette\"><img decoding=\"async\" src=\"https:\/\/www.enaikoon.com\/wp-content\/uploads\/2016\/07\/industry5.png\" alt=\"ENAiKOON Flottentelematik mit \u00dcberwachung der K\u00fchlkette\" \/><\/a><\/div>\r\n\t\t\t<div class=\"gl_industry_text\">\r\n\t\t\t\t<p class=\"gl_h3big\"><a href=\"https:\/\/www.enaikoon.com\/de\/loesungen\/testimonials\/flottentelematik-mit-kuehlkette\/\">Flottentelematik mit K\u00fchlkette<\/a><\/p>\r\n\t\t\t\t<p>&#34;Mit der neuen Technik kann das Gleichgewicht zwischen Warenart und Ladezustand perfekt austariert werden&#34;. Transport, Zeit und Lieferung sind bestens aufeinander abzustimmen bei ununterbrochener K\u00fchlkette.<\/p>\r\n\t\t\t<\/div>\r\n\t\t<\/div>\r\n\t\t\t\t \r\n\t\t<\/div>\r\n\t\t\r\n\t\t<div class=\"col-md-4\">\r\n\t\t\r\n\t\t<div class=\"gl_industry\">\r\n\t\t\t<div class=\"gl_industry_image\"><a href=\"https:\/\/www.enaikoon.com\/de\/loesungen\/testimonials\/treibstoff-sparen-mit-can-bus-auswertung\/\" title=\"Treibstoff sparen mit CAN-Bus Auswertung von ENAiKOON\"><img decoding=\"async\" src=\"https:\/\/www.enaikoon.com\/wp-content\/uploads\/2016\/07\/industry10.jpg\" alt=\"Treibstoff sparen mit CAN-Bus Auswertung von ENAiKOON\" \/><\/a><\/div>\r\n\t\t\t<div class=\"gl_industry_text\">\r\n\t\t\t\t<p class=\"gl_h3big\"><a href=\"https:\/\/www.enaikoon.com\/de\/loesungen\/testimonials\/treibstoff-sparen-mit-can-bus-auswertung\/\">Treibstoff sparen mit CAN-Bus Auswertung<\/a><\/p>\r\n\t\t\t\t<p>Das Ziel, j\u00e4hrlich 10% der Spritkosten pro Fahrer durch angepasste Fahrweise einzusparen, r\u00fcckt in greifbare N\u00e4he. Bei 50 LKW im Fernverkehr sind das schnell einmal 250.000 \u20ac. Soviel kosten ungef\u00e4hr zwei neue Trucks.<\/p>\r\n\t\t\t<\/div>\r\n\t\t<\/div>\r\n\t\t\t\t \r\n\t\t<\/div>\t\t\r\n\t\r\n<\/div>\t\r\n<div class=\"gl_space_pagebottom\">&nbsp;<\/div>\r\n\r\n<\/div>","protected":false},"excerpt":{"rendered":"","protected":false},"author":7,"featured_media":0,"parent":0,"menu_order":0,"comment_status":"closed","ping_status":"closed","template":"","meta":{"footnotes":""},"acf":[],"_links":{"self":[{"href":"https:\/\/www.enaikoon.com\/de\/wp-json\/wp\/v2\/pages\/3711"}],"collection":[{"href":"https:\/\/www.enaikoon.com\/de\/wp-json\/wp\/v2\/pages"}],"about":[{"href":"https:\/\/www.enaikoon.com\/de\/wp-json\/wp\/v2\/types\/page"}],"author":[{"embeddable":true,"href":"https:\/\/www.enaikoon.com\/de\/wp-json\/wp\/v2\/users\/7"}],"replies":[{"embeddable":true,"href":"https:\/\/www.enaikoon.com\/de\/wp-json\/wp\/v2\/comments?post=3711"}],"version-history":[{"count":51,"href":"https:\/\/www.enaikoon.com\/de\/wp-json\/wp\/v2\/pages\/3711\/revisions"}],"predecessor-version":[{"id":11613,"href":"https:\/\/www.enaikoon.com\/de\/wp-json\/wp\/v2\/pages\/3711\/revisions\/11613"}],"wp:attachment":[{"href":"https:\/\/www.enaikoon.com\/de\/wp-json\/wp\/v2\/media?parent=3711"}],"curies":[{"name":"wp","href":"https:\/\/api.w.org\/{rel}","templated":true}]}}