{"id":3707,"date":"2016-07-18T03:02:25","date_gmt":"2016-07-18T03:02:25","guid":{"rendered":"https:\/\/www.enaikoon.com\/?page_id=3707"},"modified":"2019-07-30T14:22:10","modified_gmt":"2019-07-30T14:22:10","slug":"enaikoon-id-information","status":"publish","type":"page","link":"https:\/\/www.enaikoon.com\/de\/willkommen\/enaikoon-id\/enaikoon-id-information\/","title":{"rendered":"ENAiKOON iD information"},"content":{"rendered":"<div style=\"height:40px\"><\/div>\n<div class=\"row\">\n<div class=\"col-md-8\"><noindex><\/noindex>\n<div class=\"gl_space_pageleft2\">\n<div class=\"gl_h2big_fix\">Anmeldung mit der ENAiKOON iD<\/div>\n<div class=\"gl_space_top10\"><\/div>\nMit dem Launch unserer neuen Website sowie unserem neuen Webportal <a href=\"https:\/\/www.enaikoon.com\/de\/software-de\/\">inViu<\/a> f\u00fchren wir die Anmeldung zu Ihren Anwendungen <a href=\"https:\/\/www.enaikoon.com\/de\/software-de\/inviu-pro\/\">inViu pro<\/a> und <a href=\"https:\/\/www.enaikoon.com\/de\/software-de\/inviu-web\/\">inViu web<\/a> \u00fcber das innovative Single-Sign-On (SSO) ein.\n\nWenn   Sie mehrere Anwendungen bei ENAiKOON gebucht haben, haben Sie Zugriff   mit einem einzigen Login und m\u00fcssen sich nur einmal Ihre Zugangsdaten   merken.\n\n<\/div>\n<\/div>\n<div class=\"col-md-4\">\n<div class=\"gl_space_pageright2\">\n<div class=\"gl_enaikoon_logo\"><img decoding=\"async\" src=\"https:\/\/www.enaikoon.com\/wp-content\/uploads\/2016\/07\/ENAiKOON-frosted-logo.png\" alt=\"\"><\/div>\n<div><a class=\"gl_button_yellow\" href=\"https:\/\/www.enaikoon.com\/de\/kontakt\/unsere-experten\/\">Buchen Sie eine Beratung<\/a><\/div>\n<div class=\"gl_introduction_contact\">\n  <img decoding=\"async\" src=\"https:\/\/www.enaikoon.com\/wp-content\/uploads\/2016\/07\/icon_email.png\" alt=\"\">\n<p class=\"gl_text_space\">\n    <a rel=\"nofollow\" href=\"mailto:vertrieb@enaikoon.de\">vertrieb@enaikoon.de<\/a>\n\n<\/div>\n<div class=\"gl_introduction_contact\">\n  <img decoding=\"async\" src=\"https:\/\/www.enaikoon.com\/wp-content\/uploads\/2016\/07\/icon_phone1.png\" alt=\"\">\n<p class=\"gl_text_space\">\n    +49 30 397475-30\n\n<\/div>\n<div class=\"gl_introduction_contact\">\n  <img decoding=\"async\" src=\"https:\/\/www.enaikoon.com\/wp-content\/uploads\/2016\/07\/icon_phone2.png\" alt=\"\">\n<p class=\"gl_text_space\">\n    +49 30 397475-40\n\n<\/div>\n<\/div>\n<\/div>\n<div class=\"gl_row_space\"><\/div>\n<div class=\"gl_line\"><\/div>\n<\/div>\n<!--3 columns middle-->\n<div class=\"row\">\n<div class=\"col-md-4\">\n<div class=\"gl_space_right10\">\n<div class=\"gl_h4big\"><a rel=\"nofollow\" href=\"https:\/\/sso.enaikoon.de\/\" target=\"_blank\">Die ENAiKOON iD Anmeldung<\/a><\/div>\n<p class=\"gl_space_top10\">Wenn Sie bereits eine ENAiKOON iD haben, geben Sie einfach Ihre E-Mail-Adresse und Ihr Kennwort ein um sich anzumelden.<\/p>\n  <strong>Sie haben bereits Zugangsdaten aus ENAiKOON fleet-control-web?<\/strong>\n\nKein Problem, diese sind weiterhin g\u00fcltig.\n\nVerwenden   Sie Ihre bisherigen Zugangsdaten aus ENAiKOON fleet-control-web, indem   Sie im Feld &#8222;E-Mail-Adresse&#8220; Ihren Benutzernamen und im Feld &#8222;Kennwort&#8220;   Ihr bekanntes Kennwort eintragen.\n<div class=\"gl_space_tb_20\"><a rel=\"nofollow\" href=\"https:\/\/www.enaikoon.com\/wp-content\/uploads\/2016\/07\/login-eng_01.png\" target=\"_blank\" title=\"Anmeldung mit der ENAiKOON iD\"><img decoding=\"async\" src=\"https:\/\/www.enaikoon.com\/wp-content\/uploads\/2016\/07\/login-eng_01.png\" alt=\"Anmeldung mit der ENAiKOON iD\" width=\"280\" border=\"0\"><\/a><\/div>\nNach dem Klick auf &#8222;Anmelden&#8220; erscheint ein   Eingabefeld, in das Sie Ihre E-Mail-Adresse eintragen k\u00f6nnen. Ab jetzt   k\u00f6nnen Sie sich mit Ihrer E-Mail-Adresse und Ihrem Kennwort anmelden.   Der gro\u00dfe Vorteil: wenn Sie Ihr Kennwort vergessen haben, klicken Sie   auf &#8222;Kennwort vergessen?&#8220; und Sie erhalten eine E-Mail mit einem Link,   um ein neues Kennwort festzulegen. Wenn Sie jetzt noch keine   E-Mail-Adresse angeben m\u00f6chten, klicken Sie auf &#8222;Schlie\u00dfen&#8220; und Sie sind   angemeldet.\n<div class=\"gl_space_tb_20\"><a rel=\"nofollow\" href=\"https:\/\/www.enaikoon.com\/wp-content\/uploads\/2016\/07\/email.png\" target=\"_blank\" title=\"Eingabe der E-Mail-Adresse f\u00fcr die neue ENAiKOON iD\"><img decoding=\"async\" src=\"https:\/\/www.enaikoon.com\/wp-content\/uploads\/2016\/07\/email.png\" alt=\"Eingabe der E-Mail-Adresse f\u00fcr die neue ENAiKOON iD\" width=\"280\" border=\"0\"><\/a><\/div>\n<em>*Aus Sicherheitsgr\u00fcnden sollten Sie Ihr Kennwort regelm\u00e4\u00dfig wechseln.<\/em>\n\n<em>\n<\/em><em>    *Alle   Ihre Mitarbeiter, die auf den gleichen Account zugreifen sollen, k\u00f6nnen   einen eigenen Zugang erhalten mit E-Mail-Adresse und eigenem Kenn<\/em><em>wort. Legen Sie dazu bitte in inViu web oder inViu pro einen Unteraccount an.<\/em>\n\n<\/div>\n<\/div>\n\n<div class=\"col-md-4\">\n<div class=\"gl_space_right15\">\n<div class=\"gl_h4big\"><a rel=\"nofollow\" href=\"https:\/\/sso.enaikoon.de\/\" target=\"_blank\">ENAiKOON iD neu anlegen<\/a><\/div>\n<p class=\"gl_space_top10\">Um eine neue ENAiKOON iD anzulegen, klicken Sie auf &#8222;Registrieren!&#8220; F\u00fcllen Sie dann bitte die Felder &#8222;E-Mail-Adresse&#8220;, &#8222;Kennwort&#8220;, &#8222;Vorname&#8220; und &#8222;Nachname&#8220; aus. Die Eingabe bei Rufnummer und Firma ist freiwillig. W\u00e4hlen Sie Ihre Sprache und Best\u00e4tigen dann mit &#8222;Registrieren&#8220;.<\/p>\n\n<div class=\"gl_space_tb_20\"><a rel=\"nofollow\" href=\"https:\/\/www.enaikoon.com\/wp-content\/uploads\/2016\/07\/register_eng_01.png\" target=\"_blank\" title=\"Neue ENAiKOON iD anlegen\"><img decoding=\"async\" src=\"https:\/\/www.enaikoon.com\/wp-content\/uploads\/2016\/07\/register_eng_01.png\" alt=\"Neue ENAiKOON iD anlegen\" width=\"280\" border=\"0\"><\/a><\/div>\nWenn Sie sich erfolgreich angemeldet   haben, erhalten Sie eine Best\u00e4tigungs-E-Mail mit einem Aktivierungslink   f\u00fcr die ENAiKOON iD. Bitte klicken Sie auf diesen Link um Ihre Anmeldung   abzuschlie\u00dfen &#8211; jetzt sind Sie drin!\n\n<em>*Beachten Sie bitte, dass ein g\u00fcltiges   Kennwort aus mindestens 8 Zeichen, einem Gro\u00dfbuchstaben, einem   Kleinbuchstaben und einer Zahl bestehen muss<\/em>\n\n<\/div>\n<\/div>\n\n<div class=\"col-md-4\">\n<div class=\"gl_space_right10\">\n<div class=\"gl_h4big\"><a rel=\"nofollow\" href=\"https:\/\/sso.enaikoon.de\/\" target=\"_blank\">Alternative Anmeldung<\/a><\/div>\n<p class=\"gl_space_top10\">Alternativ k\u00f6nnen Sie sich mit Ihrem <a rel=\"nofollow\" href=\"https:\/\/www.facebook.com\/\" target=\"_blank\">Facebook<\/a>, <a rel=\"nofollow\" href=\"https:\/\/www.google.de\/?gws_rd=ssl\" target=\"_blank\">Google<\/a> oder <a rel=\"nofollow\" href=\"https:\/\/de.yahoo.com\/?p=us\" target=\"_blank\">Yahoo!<\/a> Zugangsdaten anmelden. Dazu m\u00fcssen Sie bereits \u00fcber einen Facebook,   Google oder Yahoo! Account verf\u00fcgen. Klicken Sie auf das Konto, das Sie   verwenden m\u00f6chten, um auf Ihre ENAiKOON-Anwendungen zuzugreifen. Bitte   erm\u00e4chtigen Sie ENAiKOON, auf Ihre Profil-Daten und E-Mail-Adresse des   jeweiligen Accounts zugreifen zu k\u00f6nnen. Durch die Gew\u00e4hrung des   Zugangs, werden Sie automatisch angemeldet und in der ENAiKOON Lobby   werden alle Ihre ENAiKOON-Anwendungen angezeigt. Sie erhalten umgehend   eine Best\u00e4tigung-E-Mail \u00fcber Ihre Anmeldung.\nDiese Art der Anmeldung nennt man Single-Sign-ON (SSO).\n<div class=\"gl_3btn_social\">\n   <img decoding=\"async\" src=\"https:\/\/www.enaikoon.com\/wp-content\/uploads\/2016\/07\/facebook.png\" alt=\"Facebook\" title=\"Facebook\" border=\"0\">\n<img decoding=\"async\" src=\"https:\/\/www.enaikoon.com\/wp-content\/uploads\/2016\/07\/google.png\" alt=\"Google\" title=\"Google\" border=\"0\">\n<img decoding=\"async\" src=\"https:\/\/www.enaikoon.com\/wp-content\/uploads\/2016\/07\/yahoo.png\" alt=\"Yahoo!\" title=\"Yahoo!\" border=\"0\"><\/div>\n<em>*Mit der Anmeldung \u00fcber Facebook,   Google oder Yahoo! erhalten Sie keine eigene ENAiKOON iD. Bitte   verwenden Sie zur Anmeldung immer den jeweiligen Account. Eine Eingabe   dieser Daten bei E-Mail-Adresse und Kennwort bewirkt keine Anmeldung.<\/em>\n\n<em>\n<\/em><em>      *Der   gro\u00dfe Vorteil des Single-Sign-On ist die Verwendung nur eines Accounts   f\u00fcr verschiedene Anwendungen. Sie m\u00fcssen sich nicht so viele   Zugangsdaten merken.<\/em>\n<div class=\"gl_h4big\">\nAuswahl des Webportals<\/div>\nNach der erfolgreichen Anmeldung sehen Sie ein oder mehrere Icons:\n<div class=\"gl_ul_style2\">\n<ul>\n \t<li><a href=\"https:\/\/www.enaikoon.com\/de\/software-de\/inviu-pro\/\" title=\"inViu pro\">inViu pro<\/a> (black edition) &#8211; das ehemalige ENAiKOON fleet-control-web in neuer Farbgebung<\/li>\n \t<li><a href=\"https:\/\/www.enaikoon.com\/de\/software-de\/inviu-pro\/\" title=\"inViu pro\">inViu pro<\/a> (classic) &#8211; das ehemalige ENAiKOON fleet-control-web in dem bekannten orangen Farbton<\/li>\n \t<li><a href=\"https:\/\/www.enaikoon.com\/de\/software-de\/inviu-web\/\" title=\"inViu web\">inViu web<\/a> &#8211; das schnelle einfache Webportal<\/li>\n<\/ul>\n<\/div>\n<div class=\"gl_space_tb_20\"><a rel=\"nofollow\" href=\"https:\/\/www.enaikoon.com\/wp-content\/uploads\/2016\/07\/Choose-portal-en_01.png\" target=\"_blank\" title=\"Auswahl des Webportals\"><img decoding=\"async\" src=\"https:\/\/www.enaikoon.com\/wp-content\/uploads\/2016\/07\/Choose-portal-en_01.png\" alt=\"Auswahl des Webportals\" width=\"280\" border=\"0\"><\/a><\/div>\nEinige Hintergrund-Informationen \u00fcber Single-Sign-On finden Sie bei <a rel=\"nofollow\" href=\"https:\/\/de.wikipedia.org\/wiki\/Single_Sign-on\" target=\"_blank\">Wikipedia<\/a>.\n<div><a class=\"gl_button_yellow\" href=\"https:\/\/www.enaikoon.com\/de\/willkommen\/enaikoon-id\/\">Zur\u00fcck zu ENAiKOON iD<\/a><\/div>\n<\/div>\n<\/div>\n<div class=\"gl_row_space\"><\/div>\n<div class=\"gl_line\"><\/div>\n<\/div>\n<!--3box bottom-->\n<div class=\"row\">\n<div class=\"col-md-4\">\n<div class=\"image_center\"><img decoding=\"async\" src=\"https:\/\/www.enaikoon.com\/wp-content\/uploads\/2016\/07\/Anniversary_47.png\" alt=\"ENAiKOON feiert Jubil\u00e4um: 10 Jahre Telematik\" title=\"ENAiKOON feiert Jubil\u00e4um: 10 Jahre Telematik\" border=\"0\"><\/div>\n<div class=\"gl_h4big\">ENAiKOON feiert Jubil\u00e4um<\/div>\n<div class=\"gl_space_right15\">ENAiKOON blickt zur\u00fcck auf 10 Jahre erfolgreiche Telematikl\u00f6sungen und bietet f\u00fcr die Zukunft tolle Angebote. Seien Sie dabei.<\/div>\n<\/div>\n<div class=\"col-md-4\">\n<div class=\"image_center\"><a rel=\"nofollow\" href=\"https:\/\/www.enaikoon.com\/blog\/\" title=\"ENAiKOON Blog\"><img decoding=\"async\" src=\"https:\/\/www.enaikoon.com\/wp-content\/uploads\/2016\/07\/blog-icon_6e3a10.png\" alt=\"Read the ENAiKOON Blog to learn more about telematics\" border=\"0\"><\/a><\/div>\n<div class=\"gl_h4big\"><a rel=\"nofollow\" href=\"https:\/\/www.enaikoon.com\/blog\/\">BLOG<\/a><\/div>\n<div class=\"gl_space_right15\">Nehmen <a rel=\"nofollow\" href=\"https:\/\/www.enaikoon.com\/blog\/\" title=\"\u00d6ffnet internen Link im aktuellen Fenster\">Sie<\/a> mit unseren erfahrenen Mitarbeitern Kontakt auf, um <a rel=\"nofollow\" href=\"https:\/\/www.enaikoon.com\/blog\/\">Ihr inViu und Ihre Telematik-L\u00f6sung zu optimieren.<\/a><\/div>\n<\/div>\n<div class=\"col-md-4\">\n<div class=\"gl_space_right10\">\n<div class=\"image_center\"><img decoding=\"async\" src=\"https:\/\/www.enaikoon.com\/wp-content\/uploads\/2016\/07\/Training-1_56.png\" alt=\"Schulung und Training: ENAiKOON on Tour\" title=\"Schulung und Training: ENAiKOON on Tour\" border=\"0\"><\/div>\n<div class=\"gl_h4big\"><a rel=\"nofollow\" href=\"https:\/\/www.enaikoon.com\/blog\/?page_id=1525\">ENAiKOON on Tour<\/a><\/div>\n<div>Schulung und Training ganz in Ihrer N\u00e4he: ENAiKOON geht auf Tour &#8211; Melden Sie sich an!<\/div>\n<\/div>\n<\/div>\n<div class=\"gl_space_pagebot\">&nbsp;<\/div>\n<\/div>","protected":false},"excerpt":{"rendered":"","protected":false},"author":7,"featured_media":0,"parent":3694,"menu_order":0,"comment_status":"closed","ping_status":"closed","template":"","meta":{"footnotes":""},"acf":[],"_links":{"self":[{"href":"https:\/\/www.enaikoon.com\/de\/wp-json\/wp\/v2\/pages\/3707"}],"collection":[{"href":"https:\/\/www.enaikoon.com\/de\/wp-json\/wp\/v2\/pages"}],"about":[{"href":"https:\/\/www.enaikoon.com\/de\/wp-json\/wp\/v2\/types\/page"}],"author":[{"embeddable":true,"href":"https:\/\/www.enaikoon.com\/de\/wp-json\/wp\/v2\/users\/7"}],"replies":[{"embeddable":true,"href":"https:\/\/www.enaikoon.com\/de\/wp-json\/wp\/v2\/comments?post=3707"}],"version-history":[{"count":17,"href":"https:\/\/www.enaikoon.com\/de\/wp-json\/wp\/v2\/pages\/3707\/revisions"}],"predecessor-version":[{"id":16974,"href":"https:\/\/www.enaikoon.com\/de\/wp-json\/wp\/v2\/pages\/3707\/revisions\/16974"}],"up":[{"embeddable":true,"href":"https:\/\/www.enaikoon.com\/de\/wp-json\/wp\/v2\/pages\/3694"}],"wp:attachment":[{"href":"https:\/\/www.enaikoon.com\/de\/wp-json\/wp\/v2\/media?parent=3707"}],"curies":[{"name":"wp","href":"https:\/\/api.w.org\/{rel}","templated":true}]}}