{"id":3704,"date":"2016-07-18T03:01:06","date_gmt":"2016-07-18T03:01:06","guid":{"rendered":"https:\/\/www.enaikoon.com\/?page_id=3704"},"modified":"2017-11-19T14:23:27","modified_gmt":"2017-11-19T14:23:27","slug":"einfuehrung","status":"publish","type":"page","link":"https:\/\/www.enaikoon.com\/de\/willkommen\/einfuehrung\/","title":{"rendered":"Einf\u00fchrung"},"content":{"rendered":"\n\t\t\t<!-- START introduction_de REVOLUTION SLIDER 6.6.16 --><p class=\"rs-p-wp-fix\"><\/p>\n\t\t\t<rs-module-wrap id=\"rev_slider_23_1_wrapper\" data-source=\"gallery\" style=\"visibility:hidden;background:transparent;padding:0;margin:0px auto;margin-top:0;margin-bottom:0;\">\n\t\t\t\t<rs-module id=\"rev_slider_23_1\" style=\"\" data-version=\"6.6.16\">\n\t\t\t\t\t<rs-slides style=\"overflow: hidden; position: absolute;\">\n\t\t\t\t\t\t<rs-slide style=\"position: absolute;\" data-key=\"rs-40\" data-title=\"banner\" data-anim=\"adpr:false;\">\n\t\t\t\t\t\t\t<img src=\"\/\/www.enaikoon.com\/wp-content\/plugins\/revslider\/public\/assets\/assets\/dummy.png\" alt=\"\" title=\"Einf\u00fchrung\" class=\"rev-slidebg tp-rs-img rs-lazyload\" data-lazyload=\"\/\/www.enaikoon.com\/wp-content\/uploads\/2016\/07\/Banner_LogIn_061.png\" data-no-retina>\n<!--\n\t\t\t\t\t\t\t--><rs-layer\n\t\t\t\t\t\t\t\tid=\"slider-23-slide-40-layer-1\" \n\t\t\t\t\t\t\t\tdata-type=\"image\"\n\t\t\t\t\t\t\t\tdata-rsp_ch=\"on\"\n\t\t\t\t\t\t\t\ttitle=\"Login with ENAiKOON iD\"\n\t\t\t\t\t\t\t\tdata-xy=\"y:-3px;\"\n\t\t\t\t\t\t\t\tdata-text=\"l:22;\"\n\t\t\t\t\t\t\t\tdata-dim=\"w:998px;h:300px;\"\n\t\t\t\t\t\t\t\tdata-frame_0=\"tp:600;\"\n\t\t\t\t\t\t\t\tdata-frame_1=\"tp:600;e:power2.inOut;st:500;\"\n\t\t\t\t\t\t\t\tdata-frame_999=\"o:0;tp:600;e:nothing;st:w;\"\n\t\t\t\t\t\t\t\tstyle=\"z-index:5;\"\n\t\t\t\t\t\t\t><img src=\"\/\/www.enaikoon.com\/wp-content\/plugins\/revslider\/public\/assets\/assets\/dummy.png\" alt=\"Login with ENAiKOON iD\" class=\"tp-rs-img rs-lazyload\" data-lazyload=\"\/wp-content\/uploads\/2016\/07\/Banner_LogIn_061.png\" data-no-retina> \n\t\t\t\t\t\t\t<\/rs-layer><!--\n\n\t\t\t\t\t\t\t--><rs-layer\n\t\t\t\t\t\t\t\tid=\"slider-23-slide-40-layer-2\" \n\t\t\t\t\t\t\t\tclass=\"medium-blue-text\"\n\t\t\t\t\t\t\t\tdata-type=\"text\"\n\t\t\t\t\t\t\t\tdata-color=\"rgba(18,185,255,1)\"\n\t\t\t\t\t\t\t\tdata-rsp_ch=\"on\"\n\t\t\t\t\t\t\t\tdata-xy=\"x:546px;y:54px;\"\n\t\t\t\t\t\t\t\tdata-text=\"s:32;l:34;fw:700;\"\n\t\t\t\t\t\t\t\tdata-frame_0=\"y:50px;tp:600;\"\n\t\t\t\t\t\t\t\tdata-frame_1=\"tp:600;e:power2.inOut;st:800;sp:500;\"\n\t\t\t\t\t\t\t\tdata-frame_999=\"o:1;tp:600;e:nothing;st:w;\"\n\t\t\t\t\t\t\t\tstyle=\"z-index:6;font-family:'Myriad Pro';color:#12B9FF !important;letter-spacing:0px !important;\"\n\t\t\t\t\t\t\t>Der neue Login f\u00fcr<br>\nIhr ENAiKOON<br>\nfleet-control-web \n\t\t\t\t\t\t\t<\/rs-layer><!--\n\n\t\t\t\t\t\t\t--><rs-layer\n\t\t\t\t\t\t\t\tid=\"slider-23-slide-40-layer-3\" \n\t\t\t\t\t\t\t\tclass=\"small-brown-text\"\n\t\t\t\t\t\t\t\tdata-type=\"text\"\n\t\t\t\t\t\t\t\tdata-color=\"rgba(143,143,143,1)\"\n\t\t\t\t\t\t\t\tdata-rsp_ch=\"on\"\n\t\t\t\t\t\t\t\tdata-xy=\"x:550px;y:181px;\"\n\t\t\t\t\t\t\t\tdata-text=\"s:16;l:20;\"\n\t\t\t\t\t\t\t\tdata-frame_0=\"y:50px;tp:600;\"\n\t\t\t\t\t\t\t\tdata-frame_1=\"tp:600;e:power2.inOut;st:800;sp:500;\"\n\t\t\t\t\t\t\t\tdata-frame_999=\"o:1;tp:600;e:nothing;st:w;\"\n\t\t\t\t\t\t\t\tstyle=\"z-index:7;font-family:'Myriad Pro';letter-spacing:1 !important;font-size:14.4px;line-height:17px;\"\n\t\t\t\t\t\t\t>Sie sind hier richtig -<br>\nLesen Sie wie die Anmeldung funktioniert! \n\t\t\t\t\t\t\t<\/rs-layer><!--\n-->\t\t\t\t\t\t<\/rs-slide>\n\t\t\t\t\t<\/rs-slides>\n\t\t\t\t<\/rs-module>\n\t\t\t\t<script>\n\t\t\t\t\tsetREVStartSize({c: 'rev_slider_23_1',rl:[1240,1024,778,480],el:[],gw:[998],gh:[300],type:'standard',justify:'',layout:'fullwidth',mh:\"0\"});if (window.RS_MODULES!==undefined && window.RS_MODULES.modules!==undefined && window.RS_MODULES.modules[\"revslider231\"]!==undefined) {window.RS_MODULES.modules[\"revslider231\"].once = false;window.revapi23 = undefined;if (window.RS_MODULES.checkMinimal!==undefined) window.RS_MODULES.checkMinimal()}\n\t\t\t\t<\/script>\n\t\t\t<\/rs-module-wrap>\n\t\t\t<!-- END REVOLUTION SLIDER -->\n\r\n\r\n<div class=\"row\">\r\n\t<div class=\"col-md-8\">\r\n\t\r\n\t<div class=\"gl_space_pageleft2\"><div class=\"gl_h1big\">Wichtige Neuerungen f\u00fcr ENAiKOON fleet-control-web Benutzer<\/div>\r\n    <p>Wir pr\u00e4sentieren Ihnen zu unserem 10j\u00e4hrigen Jubil\u00e4um einen neuen Look, einen neuen Namen f\u00fcr unser Webportal und freuen uns, Ihnen unseren verehrten Kunden dieses Alles vorzustellen!<\/p>\r\n\t       <div class=\"gl_space_top15\"><\/div>\r\n\t\t<div class=\"gl_h2big\">Was ist alles NEU<\/div> \r\n         <div class=\"gl_ul_style2\">\r\n                <ul>\r\n                    <li>ENAiKOON fleet-control-web hei\u00dft jetzt <strong>inViu pro<\/strong><\/li>\r\n                    <li>Zur Anmeldung ben\u00f6tigen Sie eine E-Mail-Adresse<\/li>\r\n                 <\/ul>\r\n            <\/div>\r\n\t\t<p>Klicken Sie auf &#34;Anmelden&#34; am rechten oberen Rand der Website, Sie werden dann direkt weitergeleitet zur neuen Anmeldemaske und erhalten den Zugriff auf Ihr inViu Konto. Oder klicken Sie auf den folgenden blauen Button.<\/p>\r\n\t\t\r\n\t<div class=\"gl_space_top15\"><a class=\"gl_button_blue\"  rel=\"nofollow\" href=\"https:\/\/sso.enaikoon.de\/?locale=de\" target=\"_blank\">Anmelden<\/a><\/div>\r\n    \r\n    <p><br\/>\r\nDer Zugang erfolgt \u00fcber eine neue Anmeldemaske mit Ihren bekannten Zugangs-Daten und Ihrem Kennwort:\r\n<br\/><br\/>\r\n  <em><strong>Geben Sie im Feld &#34;E-Mail-Adresse&#34; Ihren Benutzernamen<br\/>\r\nund im Feld &#34;Kennwort&#34; Ihr bekanntes Kennwort ein. <\/strong><\/em><br\/><br\/>\r\n\r\n  <em><strong class=\"gl_color_blue\">Achten Sie bitte auf die korrekte Gro\u00df- \/ Kleinschreibung!<\/strong><\/em><br\/><br\/>\r\n\r\nKlicken Sie auf dann auf &#34;Anmelden&#34;.<br\/>\r\nEs erscheint ein Abfragefeld nach Ihrer E-Mail-Adresse, welches Sie vorerst noch mit einem Klick auf &#34;Schlie\u00dfen&#34; verlassen k\u00f6nnen.<br\/>\r\nWir empfehlen Ihnen, schon jetzt Ihre E-Mail-Adresse einzutragen, und sich mit Ihren neuen Zugangsdaten anzumelden.<\/p>\r\n<div class=\"gl_h3big\"><br\/>\r\nAuswahl Ihres Webportals<\/div>\r\n<p>\r\nSie sehen nun drei Buttons. Treffen Sie Ihre Auswahl mit einem Klick auf einen der Buttons.<\/p>\r\n        <div style=\"text-align:center\" class=\"gl_portal_applications_button\"><br\/>\r\n        <a href=\"https:\/\/www.enaikoon.com\/de\/software-de\/inviu-pro\/\"><img decoding=\"async\" src=\"https:\/\/www.enaikoon.com\/wp-content\/uploads\/2016\/07\/3f28cf5ae6.png\" border=\"0\" alt=\"\" \/><\/a>\r\n        <a href=\"https:\/\/www.enaikoon.com\/de\/software-de\/inviu-pro\/\"><img decoding=\"async\" src=\"https:\/\/www.enaikoon.com\/wp-content\/uploads\/2016\/07\/6e2810d6ae.png\" border=\"0\" alt=\"\" \/><\/a>\r\n        <a href=\"https:\/\/www.enaikoon.com\/de\/software-de\/inviu-web\/\"><img decoding=\"async\" src=\"https:\/\/www.enaikoon.com\/wp-content\/uploads\/2016\/07\/1ed189eef2.png\" border=\"0\" alt=\"\" \/><\/a><\/div>\r\n \t\t\t<div class=\"gl_ul_style2\">\r\n                <ul>\r\n                     <li>inViu pro (black edition) = &#34;ENAiKOON fleet-control-web&#34; in der Farbalternative schwarz-t\u00fcrkis.<br>\r\n                      Diese Farbgebung kam w\u00e4hrend der schon stattgefundenen Workshops &#34;ENAiKOON on Tour&#34; sehr gut bei den Teilnehmern an.<\/li>\r\n                    <li>inViu pro (classic) = &#34;ENAiKOON fleet-control-web&#34; in der bekannten orangen Farbgebung<\/li>\r\n                    <li>inViu web = unser neues Webportal. Lesen Sie <a href=\"https:\/\/www.enaikoon.com\/de\/software-de\/inviu-web\/\" title=\"inViu web\">hier<\/a> weitere Details.<\/li>\r\n    \t\t\t<\/ul>\r\n          \t <\/div>\r\n<div class=\"gl_h2big gl_space_top25\">Mehr Sicherheit f\u00fcr Ihre Daten<\/div> \r\n<p >\r\nDie Daten, die im ENAiKOON Webportal zur Verf\u00fcgung stehen, sind nicht selten personenbezogene Daten. Diese unterliegen laut Rechtssprechung einer besonderen Schutzw\u00fcrdigkeit. Daf\u00fcr sind Sie als Inhaber oder Gesch\u00e4ftsf\u00fchrer einer Firma verantwortlich.<\/p>\r\n<div class=\"gl_space_top20\"><\/div>\r\n<div class=\"gl_h3big\">Sicheres Anmelden mit E-Mail-Adresse<\/div>\r\n<p>\r\nZu Sicherheit Ihrer Daten werden Sie sich in Zukunft &#8211; zwingend ab 15.09.2012 &#8211; \u00fcber Ihre E-Mail-Adresse und ein neues st\u00e4rkeres Kennwort anmelden m\u00fcssen.<br\/>\r\nKlicken Sie auf den folgenden Button und lesen Sie wie es genau geht.<\/p>\r\n\r\n<div><a class=\"gl_button_yellow\"  href=\"https:\/\/www.enaikoon.com\/de\/willkommen\/enaikoon-id\/enaikoon-id-information\/\">Lesen Sie mehr<\/a><\/div>\r\n\t\r\n\t<\/div>\r\n\t\r\n\t<\/div>\r\n\t\r\n\t<div class=\"col-md-4\">\r\n\t\r\n\t<div class=\"gl_space_pageright2\">\r\n\t\r\n\t\r\n\t\r\n\t   <div class=\"gl_enaikoon_logo\"><img decoding=\"async\" src=\"https:\/\/www.enaikoon.com\/wp-content\/uploads\/2016\/07\/ENAiKOON-frosted-logo.png\"  alt=\"\" \/><\/div>\r\n                    <div><a class=\"gl_button_yellow\"  href=\"https:\/\/www.enaikoon.com\/de\/kontakt\/unsere-experten\/\">Buchen Sie eine Beratung<\/a><\/div>\r\n               \r\n                   <div class=\"gl_introduction_contact\">\r\n              <p><img decoding=\"async\" src=\"https:\/\/www.enaikoon.com\/wp-content\/uploads\/2016\/07\/icon_email.png\"  alt=\"\"\/><a rel=\"nofollow\" href=\"mailto:vertrieb@enaikoon.de\">vertrieb@enaikoon.de<\/a><\/p>\r\n         <\/div>\r\n         <div class=\"gl_introduction_contact\">\r\n              <p><img decoding=\"async\" src=\"https:\/\/www.enaikoon.com\/wp-content\/uploads\/2016\/07\/icon_phone1.png\" alt=\"\" \/>\r\n               +49 30 397475-30<\/p><\/div>\r\n          <div class=\"gl_introduction_contact\">\r\n              <p><img decoding=\"async\" src=\"https:\/\/www.enaikoon.com\/wp-content\/uploads\/2016\/07\/icon_phone2.png\"  alt=\"\"\/>\r\n                 +49 30 397475-40<\/p><\/div>\r\n                 \r\n\t<div style=\"margin-top:660px; padding-right:30px;\">\r\n    <div class=\"gl_h2big\">TIPP<\/div> \r\n    \r\n    <div class=\"gl_h4big\">Unterkonten f\u00fcr Ihre Mitarbeiter<\/div>\r\n<div>\r\nEs ist nicht sinnvoll, jedem Mitarbeiter Ihre pers\u00f6nlichen Zugangsdaten zu geben.\r\n<br\/><br\/>\r\n\r\nLegen Sie f\u00fcr jeden Mitarbeiter ein Unterkonto an mit<\/div>\r\n<div class=\"gl_ul_style2\">\r\n                <ul>\r\n                    <li class=\"gl_space_top10\">pers\u00f6nlicher E-Mail-Adresse<\/li>\r\n                    <li class=\"gl_space_top5\">Kennwort<\/li>\r\n    \t\t\t<\/ul>\r\n          \t <\/div>\r\n\r\n<div>Dann weisen Sie jedem Unterkonto die zu \u00fcberwachenden <a rel=\"nofollow\" href=\"https:\/\/newstructure.enaikoon.com\/en\/blog\/what-is-a-trackable\/\" title=\"Was ist ein Trackable\" target=\"_blank\">Trackables<\/a> zu und definieren, ob der Mitarbeiter nur Daten lesen darf oder auch Daten ver\u00e4ndern darf.<\/div>\r\n\r\n<\/div>\r\n    <\/div>\r\n\t<\/div>\r\n\r\n\t<div class=\"gl_row_space\"><\/div>\r\n\t<div class=\"gl_line\"><\/div>\r\n\t\r\n\r\n<\/div>\r\n\r\n \r\n\r\n<p>Zur weiteren Sicherheit der Daten werden st\u00e4rkere Kennw\u00f6rter eingef\u00fchrt<\/p>\r\n\r\n<div class=\"row\">\r\n\t\r\n\t<div class=\"col-md-4\">\r\n\r\n        <div class=\"gl_h4big\">1. Schritt:<br\/>\r\n\r\nGro\u00df- \/ Kleinschreibung<\/div>\r\n<div class=\"gl_space_right15\">\r\nEs ist ab sofort notwendig, das Zugangs-Kennwort mit der korrekten Gro\u00df- \/ Kleinschreibung einzugeben:<br\/>\r\n<strong>Beispiel:<\/strong><br\/>\r\nBisher war es m\u00f6glich &#34;Test-Kennwort&#34; auch als &#34;test-kennwort&#34; oder &#34;test-KENNWORT&#34; einzugeben. Jetzt muss &#34;Test-Kennwort&#34; getippt werden.<br\/>\r\nDiese Regelung gilt sowohl f\u00fcr Haupt- als auch f\u00fcr Unterkonten.<\/div>\r\n\r\n\r\n    \r\n    <\/div>\r\n    \r\n    <div class=\"col-md-4\">\r\n   \r\n    \r\n        <div class=\"gl_h4big\">2. Schritt:<br\/>\r\nSt\u00e4rkere Kennw\u00f6rter<\/div>\r\n<div class=\"gl_space_right15\">\r\nSie haben es vielleicht schon gemerkt beim Anlegen eines Unterkontos:<br\/>\r\nAb sofort gelten nur noch st\u00e4rkere Kennw\u00f6rter.<br\/>\r\nEin Kennwort muss aus den folgenden Elementen bestehen:<\/div>\r\n<div class=\"gl_ul_style2\">\r\n                <ul>\r\n                       <li>mindestens 8 Zeichen<\/li>\r\n                        <li>davon mindestens 1 Gro\u00dfbuchstabe<\/li>\r\n                        <li>davon mindestens 1 Kleinbuchstabe<\/li>\r\n                        <li>davon mindestens 1 Ziffer<\/li>\r\n    \t\t\t<\/ul>\r\n          \t <\/div>\r\n\r\n\r\n    \r\n    <\/div>\r\n    \r\n    <div class=\"col-md-4\">\r\n \r\n    \r\n     <div class=\"gl_h4big\">Beispiel f\u00fcr ein sicheres Kennwort: mTAha13G<\/div>\r\n<div class=\"gl_space_right5\">\r\nDas ist gar nicht kompliziert, sondern hei\u00dft im Klartext:<br\/><br\/>\r\n\r\n<strong>m<\/strong>eine <strong>T<\/strong>ante <strong>A<\/strong>nna <strong>h<\/strong>at <strong>a<\/strong>m <strong>13<\/strong>. <strong>G<\/strong>eburtstag<br\/><br\/>\r\n\r\nEin solches Kennwort erf\u00fcllt alle Bedingungen, es   ist einzigartig und steht in keinem W\u00f6rterbuch. Sie finden sicherlich   eine Eselsbr\u00fccke f\u00fcr Ihr neues Kennwort.<\/div>\r\n<div class=\"gl_space_right10\">\r\nDer leichtfertige Umgang mit Kennw\u00f6rtern wurde gerade in einer Studie der Universit\u00e4t Cambridge eindrucksvoll dargelegt. <a rel=\"nofollow\" href=\"http:\/\/www.welt.de\/print\/welt_kompakt\/webwelt\/article106437877\/123456-ist-das-haeufigste-Passwort.html\" title=\"Der Umgang mit Passw\u00f6rtern\" target=\"_blank\">Lesen Sie selbst<\/a>.<\/div>\r\n    \r\n    <\/div>\r\n    \r\n\t<div class=\"gl_row_space\"><\/div>\r\n\t<div class=\"gl_line\"><\/div>\r\n<\/div>\r\n\r\n<div class=\"row\">\r\n\t<div class=\"col-md-4\">\r\n\t\r\n\t<div class=\"clearfix\">\r\n\t\t<div class=\"gl_space_left30\"><img decoding=\"async\" src=\"https:\/\/www.enaikoon.com\/wp-content\/uploads\/2016\/07\/Anniversary_47.png\" border=\"0\" alt=\"ENAiKOON feiert Jubil\u00e4um: 10 Jahre Telematik\" title=\"ENAiKOON feiert Jubil\u00e4um: 10 Jahre Telematik\" \/><\/div>\r\n\t<\/div>\r\n\t<div class=\"gl_h4big\">ENAiKOON feiert Jubil\u00e4um<\/div>\r\n\t<div class=\"gl_space_right15\">ENAiKOON blickt zur\u00fcck auf 10 Jahre erfolgreiche Telematikl\u00f6sungen und bietet f\u00fcr die Zukunft tolle Angebote. Seien Sie dabei.<\/div>\r\n\t\r\n\t<\/div>\r\n\t\r\n\t<div class=\"col-md-4\">\r\n\t\r\n\t<div class=\"clearfix\">\r\n\t\t<div class=\"gl_space_left30\"><a href=\"https:\/\/www.enaikoon.com\/de\/blog\/\" title=\"ENAiKOON Blog\"><img decoding=\"async\" src=\"https:\/\/www.enaikoon.com\/wp-content\/uploads\/2016\/07\/blog-icon_6e3a10.png\" border=\"0\" alt=\"Read the ENAiKOON Blog to learn more about telematics\" \/><\/a><\/div>\r\n\t<\/div>\r\n\t<div class=\"gl_h4big\"><a href=\"https:\/\/www.enaikoon.com\/de\/blog\/\">BLOG<\/a><\/div>\r\n\t<div class=\"gl_space_right15\">Nehmen <a href=\"https:\/\/www.enaikoon.com\/de\/blog\/\"  title=\"\u00d6ffnet internen Link im aktuellen Fenster\">Sie<\/a> mit unseren erfahrenen Mitarbeitern Kontakt auf, um <a href=\"https:\/\/www.enaikoon.com\/de\/blog\/\">Ihr inViu und Ihre Telematik-L\u00f6sung zu optimieren.<\/a> <\/div>\r\n\t\r\n\t<\/div>\r\n\t\r\n\t<div class=\"col-md-4\"><div class=\"gl_space_right10\"><\/div>\r\n\t\r\n\t<div class=\"clearfix\">\r\n\t\t<div class=\"gl_space_left30\"><img decoding=\"async\" src=\"https:\/\/www.enaikoon.com\/wp-content\/uploads\/2016\/07\/Training-1_56.png\" border=\"0\" alt=\"Schulung und Training: ENAiKOON on Tour\" title=\"Schulung und Training: ENAiKOON on Tour\" ><\/div>\r\n\t<\/div>\r\n\t<div class=\"clearfix\">\r\n\t\t<div class=\"gl_h4big\">ENAiKOON on Tour<\/div>\r\n\t\t<div>Schulung und Training ganz in Ihrer N\u00e4he: ENAiKOON geht auf Tour &#8211; Melden Sie sich an!<\/div>\r\n\t<\/div>\r\n\t\r\n\t<\/div>\r\n\r\n<div class=\"gl_space_pagebot\">&nbsp;<\/div>\r\n\r\n<\/div>","protected":false},"excerpt":{"rendered":"<p> [&hellip;]<\/p>\n","protected":false},"author":7,"featured_media":0,"parent":3692,"menu_order":0,"comment_status":"closed","ping_status":"closed","template":"","meta":{"footnotes":""},"acf":[],"_links":{"self":[{"href":"https:\/\/www.enaikoon.com\/de\/wp-json\/wp\/v2\/pages\/3704"}],"collection":[{"href":"https:\/\/www.enaikoon.com\/de\/wp-json\/wp\/v2\/pages"}],"about":[{"href":"https:\/\/www.enaikoon.com\/de\/wp-json\/wp\/v2\/types\/page"}],"author":[{"embeddable":true,"href":"https:\/\/www.enaikoon.com\/de\/wp-json\/wp\/v2\/users\/7"}],"replies":[{"embeddable":true,"href":"https:\/\/www.enaikoon.com\/de\/wp-json\/wp\/v2\/comments?post=3704"}],"version-history":[{"count":33,"href":"https:\/\/www.enaikoon.com\/de\/wp-json\/wp\/v2\/pages\/3704\/revisions"}],"predecessor-version":[{"id":11608,"href":"https:\/\/www.enaikoon.com\/de\/wp-json\/wp\/v2\/pages\/3704\/revisions\/11608"}],"up":[{"embeddable":true,"href":"https:\/\/www.enaikoon.com\/de\/wp-json\/wp\/v2\/pages\/3692"}],"wp:attachment":[{"href":"https:\/\/www.enaikoon.com\/de\/wp-json\/wp\/v2\/media?parent=3704"}],"curies":[{"name":"wp","href":"https:\/\/api.w.org\/{rel}","templated":true}]}}