{"id":3692,"date":"2016-07-16T07:17:28","date_gmt":"2016-07-16T07:17:28","guid":{"rendered":"https:\/\/www.enaikoon.com\/?page_id=3692"},"modified":"2024-05-24T14:39:33","modified_gmt":"2024-05-24T14:39:33","slug":"willkommen","status":"publish","type":"page","link":"https:\/\/www.enaikoon.com\/de\/","title":{"rendered":"Willkommen"},"content":{"rendered":"\n\t\t\t<!-- START homesider_de REVOLUTION SLIDER 6.6.16 --><p class=\"rs-p-wp-fix\"><\/p>\n\t\t\t<rs-module-wrap id=\"rev_slider_22_1_wrapper\" data-source=\"gallery\" style=\"visibility:hidden;background:transparent;padding:0;margin:0px auto;margin-top:0;margin-bottom:0;\">\n\t\t\t\t<rs-module id=\"rev_slider_22_1\" style=\"\" data-version=\"6.6.16\">\n\t\t\t\t\t<rs-slides style=\"overflow: hidden; position: absolute;\">\n\t\t\t\t\t\t<rs-slide style=\"position: absolute;\" data-key=\"rs-36\" data-title=\"inViu\" data-thumb=\"\/\/www.enaikoon.com\/wp-content\/uploads\/2016\/07\/25cf199cc9.png\" data-link=\"\/de\/software-de\/\" data-tag=\"l\" data-target=\"_self\" data-seoz=\"front\" data-anim=\"adpr:false;\">\n\t\t\t\t\t\t\t<img src=\"\/\/www.enaikoon.com\/wp-content\/plugins\/revslider\/public\/assets\/assets\/dummy.png\" alt=\"\" title=\"Willkommen\" class=\"rev-slidebg tp-rs-img rs-lazyload\" data-lazyload=\"\/\/www.enaikoon.com\/wp-content\/uploads\/2016\/07\/25cf199cc9.png\" data-no-retina>\n<!--\n\t\t\t\t\t\t\t--><rs-layer\n\t\t\t\t\t\t\t\tid=\"slider-22-slide-36-layer-1\" \n\t\t\t\t\t\t\t\tdata-type=\"image\"\n\t\t\t\t\t\t\t\tdata-rsp_ch=\"on\"\n\t\t\t\t\t\t\t\tdata-text=\"l:22;\"\n\t\t\t\t\t\t\t\tdata-dim=\"w:998px;h:300px;\"\n\t\t\t\t\t\t\t\tdata-frame_0=\"tp:600;\"\n\t\t\t\t\t\t\t\tdata-frame_1=\"tp:600;e:power2.inOut;st:500;\"\n\t\t\t\t\t\t\t\tdata-frame_999=\"o:0;tp:600;e:nothing;st:w;\"\n\t\t\t\t\t\t\t\tstyle=\"z-index:5;\"\n\t\t\t\t\t\t\t><img src=\"\/\/www.enaikoon.com\/wp-content\/plugins\/revslider\/public\/assets\/assets\/dummy.png\" alt=\"\" class=\"tp-rs-img rs-lazyload\" data-lazyload=\"\/wp-content\/uploads\/2016\/07\/25cf199cc9.png\" data-no-retina> \n\t\t\t\t\t\t\t<\/rs-layer><!--\n\n\t\t\t\t\t\t\t--><rs-layer\n\t\t\t\t\t\t\t\tid=\"slider-22-slide-36-layer-2\" \n\t\t\t\t\t\t\t\tclass=\"small-brown-text\"\n\t\t\t\t\t\t\t\tdata-type=\"text\"\n\t\t\t\t\t\t\t\tdata-color=\"rgba(143,143,143,1)\"\n\t\t\t\t\t\t\t\tdata-rsp_ch=\"on\"\n\t\t\t\t\t\t\t\tdata-xy=\"x:593px;y:212px;\"\n\t\t\t\t\t\t\t\tdata-text=\"s:16;l:22;\"\n\t\t\t\t\t\t\t\tdata-frame_0=\"y:50px;tp:600;\"\n\t\t\t\t\t\t\t\tdata-frame_1=\"tp:600;e:power2.inOut;st:1000;\"\n\t\t\t\t\t\t\t\tdata-frame_999=\"o:1;tp:600;e:nothing;st:w;\"\n\t\t\t\t\t\t\t\tstyle=\"z-index:6;font-family:'Myriad Pro';letter-spacing:1 !important;font-size:14.4px;line-height:17px;\"\n\t\t\t\t\t\t\t>GPS Tracking Software mit einfacher<br>Handhabung und starken Features \n\t\t\t\t\t\t\t<\/rs-layer><!--\n-->\t\t\t\t\t\t<\/rs-slide>\n\t\t\t\t\t\t<rs-slide style=\"position: absolute;\" data-key=\"rs-37\" data-title=\"GPS Solution\" data-thumb=\"\/\/www.enaikoon.com\/wp-content\/uploads\/2016\/07\/f3a943f5ab.png\" data-link=\"de\/loesungen\/\" data-tag=\"l\" data-target=\"_self\" data-seoz=\"front\" data-anim=\"adpr:false;\">\n\t\t\t\t\t\t\t<img src=\"\/\/www.enaikoon.com\/wp-content\/plugins\/revslider\/public\/assets\/assets\/dummy.png\" alt=\"\" title=\"Willkommen\" class=\"rev-slidebg tp-rs-img rs-lazyload\" data-lazyload=\"\/\/www.enaikoon.com\/wp-content\/uploads\/2016\/07\/f3a943f5ab.png\" data-no-retina>\n<!--\n\t\t\t\t\t\t\t--><rs-layer\n\t\t\t\t\t\t\t\tid=\"slider-22-slide-37-layer-1\" \n\t\t\t\t\t\t\t\tdata-type=\"image\"\n\t\t\t\t\t\t\t\tdata-rsp_ch=\"on\"\n\t\t\t\t\t\t\t\tdata-text=\"l:22;\"\n\t\t\t\t\t\t\t\tdata-dim=\"w:998px;h:300px;\"\n\t\t\t\t\t\t\t\tdata-frame_0=\"tp:600;\"\n\t\t\t\t\t\t\t\tdata-frame_1=\"tp:600;e:power2.inOut;st:500;\"\n\t\t\t\t\t\t\t\tdata-frame_999=\"o:0;tp:600;e:nothing;st:w;\"\n\t\t\t\t\t\t\t\tstyle=\"z-index:5;\"\n\t\t\t\t\t\t\t><img src=\"\/\/www.enaikoon.com\/wp-content\/plugins\/revslider\/public\/assets\/assets\/dummy.png\" alt=\"\" class=\"tp-rs-img rs-lazyload\" data-lazyload=\"\/wp-content\/uploads\/2016\/07\/f3a943f5ab.png\" data-no-retina> \n\t\t\t\t\t\t\t<\/rs-layer><!--\n\n\t\t\t\t\t\t\t--><rs-layer\n\t\t\t\t\t\t\t\tid=\"slider-22-slide-37-layer-2\" \n\t\t\t\t\t\t\t\tclass=\"big-blue-text\"\n\t\t\t\t\t\t\t\tdata-type=\"text\"\n\t\t\t\t\t\t\t\tdata-color=\"rgba(70,180,231,1)\"\n\t\t\t\t\t\t\t\tdata-rsp_ch=\"on\"\n\t\t\t\t\t\t\t\tdata-xy=\"x:586px;y:42px;\"\n\t\t\t\t\t\t\t\tdata-text=\"s:52;l:60;fw:700;\"\n\t\t\t\t\t\t\t\tdata-frame_0=\"y:50px;tp:600;\"\n\t\t\t\t\t\t\t\tdata-frame_1=\"tp:600;e:power2.inOut;st:800;sp:500;\"\n\t\t\t\t\t\t\t\tdata-frame_999=\"o:1;tp:600;e:nothing;st:w;\"\n\t\t\t\t\t\t\t\tstyle=\"z-index:6;font-family:'Myriad Pro';\"\n\t\t\t\t\t\t\t>Unsere GPS <br>L\u00f6sungen \n\t\t\t\t\t\t\t<\/rs-layer><!--\n\n\t\t\t\t\t\t\t--><rs-layer\n\t\t\t\t\t\t\t\tid=\"slider-22-slide-37-layer-3\" \n\t\t\t\t\t\t\t\tclass=\"small-brown-text\"\n\t\t\t\t\t\t\t\tdata-type=\"text\"\n\t\t\t\t\t\t\t\tdata-color=\"rgba(143,143,143,1)\"\n\t\t\t\t\t\t\t\tdata-rsp_ch=\"on\"\n\t\t\t\t\t\t\t\tdata-xy=\"x:586px;y:177px;\"\n\t\t\t\t\t\t\t\tdata-text=\"s:16;l:20;\"\n\t\t\t\t\t\t\t\tdata-frame_0=\"y:50px;tp:600;\"\n\t\t\t\t\t\t\t\tdata-frame_1=\"tp:600;e:power2.inOut;st:800;sp:500;\"\n\t\t\t\t\t\t\t\tdata-frame_999=\"o:1;tp:600;e:nothing;st:w;\"\n\t\t\t\t\t\t\t\tstyle=\"z-index:7;font-family:'Myriad Pro';letter-spacing:1 !important;font-size:14.4px;line-height:17px;\"\n\t\t\t\t\t\t\t>\"Mit den Telematik-L\u00f6sungen von ENAiKOON<br>haben wir die Auslastung unserer Fahrzeuge<br>um 40% verbessert.\" <br>Karsten Hiehle, Gesch\u00e4ftsf\u00fchrer Legend, Dresden \n\t\t\t\t\t\t\t<\/rs-layer><!--\n-->\t\t\t\t\t\t<\/rs-slide>\n\t\t\t\t\t\t<rs-slide style=\"position: absolute;\" data-key=\"rs-38\" data-title=\"GPS Device\" data-thumb=\"\/\/www.enaikoon.com\/wp-content\/uploads\/2016\/07\/432bc7a132.png\" data-link=\"\/de\/geraete\/\" data-tag=\"l\" data-target=\"_self\" data-seoz=\"front\" data-anim=\"adpr:false;\">\n\t\t\t\t\t\t\t<img src=\"\/\/www.enaikoon.com\/wp-content\/plugins\/revslider\/public\/assets\/assets\/dummy.png\" alt=\"\" title=\"Willkommen\" class=\"rev-slidebg tp-rs-img rs-lazyload\" data-lazyload=\"\/\/www.enaikoon.com\/wp-content\/uploads\/2016\/07\/432bc7a132.png\" data-no-retina>\n<!--\n\t\t\t\t\t\t\t--><rs-layer\n\t\t\t\t\t\t\t\tid=\"slider-22-slide-38-layer-1\" \n\t\t\t\t\t\t\t\tdata-type=\"image\"\n\t\t\t\t\t\t\t\tdata-rsp_ch=\"on\"\n\t\t\t\t\t\t\t\tdata-text=\"l:22;\"\n\t\t\t\t\t\t\t\tdata-dim=\"w:998px;h:300px;\"\n\t\t\t\t\t\t\t\tdata-frame_0=\"tp:600;\"\n\t\t\t\t\t\t\t\tdata-frame_1=\"tp:600;e:power2.inOut;st:500;\"\n\t\t\t\t\t\t\t\tdata-frame_999=\"o:0;tp:600;e:nothing;st:w;\"\n\t\t\t\t\t\t\t\tstyle=\"z-index:5;\"\n\t\t\t\t\t\t\t><img src=\"\/\/www.enaikoon.com\/wp-content\/plugins\/revslider\/public\/assets\/assets\/dummy.png\" alt=\"\" class=\"tp-rs-img rs-lazyload\" data-lazyload=\"\/wp-content\/uploads\/2016\/07\/432bc7a132.png\" data-no-retina> \n\t\t\t\t\t\t\t<\/rs-layer><!--\n\n\t\t\t\t\t\t\t--><rs-layer\n\t\t\t\t\t\t\t\tid=\"slider-22-slide-38-layer-2\" \n\t\t\t\t\t\t\t\tclass=\"big-blue-text\"\n\t\t\t\t\t\t\t\tdata-type=\"text\"\n\t\t\t\t\t\t\t\tdata-color=\"rgba(70,180,231,1)\"\n\t\t\t\t\t\t\t\tdata-rsp_ch=\"on\"\n\t\t\t\t\t\t\t\tdata-xy=\"x:584px;y:16px;\"\n\t\t\t\t\t\t\t\tdata-text=\"s:52;l:60;fw:700;\"\n\t\t\t\t\t\t\t\tdata-frame_0=\"y:50px;tp:600;\"\n\t\t\t\t\t\t\t\tdata-frame_1=\"tp:600;e:power2.inOut;st:800;sp:500;\"\n\t\t\t\t\t\t\t\tdata-frame_999=\"o:1;tp:600;e:nothing;st:w;\"\n\t\t\t\t\t\t\t\tstyle=\"z-index:6;font-family:'Myriad Pro';\"\n\t\t\t\t\t\t\t>Unsere <br>kompakten<br>GPS Ger\u00e4te \n\t\t\t\t\t\t\t<\/rs-layer><!--\n\n\t\t\t\t\t\t\t--><rs-layer\n\t\t\t\t\t\t\t\tid=\"slider-22-slide-38-layer-3\" \n\t\t\t\t\t\t\t\tclass=\"small-brown-text\"\n\t\t\t\t\t\t\t\tdata-type=\"text\"\n\t\t\t\t\t\t\t\tdata-color=\"rgba(143,143,143,1)\"\n\t\t\t\t\t\t\t\tdata-rsp_ch=\"on\"\n\t\t\t\t\t\t\t\tdata-xy=\"x:586px;y:214px;\"\n\t\t\t\t\t\t\t\tdata-text=\"s:16;l:20;\"\n\t\t\t\t\t\t\t\tdata-frame_0=\"y:50px;tp:600;\"\n\t\t\t\t\t\t\t\tdata-frame_1=\"tp:600;e:power2.inOut;st:800;sp:500;\"\n\t\t\t\t\t\t\t\tdata-frame_999=\"o:1;tp:600;e:nothing;st:w;\"\n\t\t\t\t\t\t\t\tstyle=\"z-index:7;font-family:'Myriad Pro';letter-spacing:1 !important;font-size:14.4px;line-height:17px;\"\n\t\t\t\t\t\t\t>Hochmoderne Technologie f\u00fcr pr\u00e4zise<br>GPS Ortung und Daten-\u00dcbertragung \n\t\t\t\t\t\t\t<\/rs-layer><!--\n-->\t\t\t\t\t\t<\/rs-slide>\n\t\t\t\t\t\t<rs-slide style=\"position: absolute;\" data-key=\"rs-39\" data-title=\"inViu Routes\" data-thumb=\"\/\/www.enaikoon.com\/wp-content\/uploads\/2016\/07\/d1995bd7cd.png\" data-link=\"\/de\/apps\/plugins\/routes\/\" data-tag=\"l\" data-target=\"_self\" data-seoz=\"front\" data-anim=\"adpr:false;\">\n\t\t\t\t\t\t\t<img src=\"\/\/www.enaikoon.com\/wp-content\/plugins\/revslider\/public\/assets\/assets\/dummy.png\" alt=\"\" title=\"Willkommen\" class=\"rev-slidebg tp-rs-img rs-lazyload\" data-lazyload=\"\/\/www.enaikoon.com\/wp-content\/uploads\/2016\/07\/d1995bd7cd.png\" data-no-retina>\n<!--\n\t\t\t\t\t\t\t--><rs-layer\n\t\t\t\t\t\t\t\tid=\"slider-22-slide-39-layer-1\" \n\t\t\t\t\t\t\t\tdata-type=\"image\"\n\t\t\t\t\t\t\t\tdata-rsp_ch=\"on\"\n\t\t\t\t\t\t\t\tdata-text=\"l:22;\"\n\t\t\t\t\t\t\t\tdata-dim=\"w:998px;h:300px;\"\n\t\t\t\t\t\t\t\tdata-frame_0=\"tp:600;\"\n\t\t\t\t\t\t\t\tdata-frame_1=\"tp:600;e:power2.inOut;st:500;\"\n\t\t\t\t\t\t\t\tdata-frame_999=\"o:0;tp:600;e:nothing;st:w;\"\n\t\t\t\t\t\t\t\tstyle=\"z-index:5;\"\n\t\t\t\t\t\t\t><img src=\"\/\/www.enaikoon.com\/wp-content\/plugins\/revslider\/public\/assets\/assets\/dummy.png\" alt=\"\" class=\"tp-rs-img rs-lazyload\" data-lazyload=\"\/wp-content\/uploads\/2016\/07\/d1995bd7cd.png\" data-no-retina> \n\t\t\t\t\t\t\t<\/rs-layer><!--\n\n\t\t\t\t\t\t\t--><rs-layer\n\t\t\t\t\t\t\t\tid=\"slider-22-slide-39-layer-2\" \n\t\t\t\t\t\t\t\tclass=\"big-blue-text\"\n\t\t\t\t\t\t\t\tdata-type=\"text\"\n\t\t\t\t\t\t\t\tdata-color=\"rgba(70,180,231,1)\"\n\t\t\t\t\t\t\t\tdata-rsp_ch=\"on\"\n\t\t\t\t\t\t\t\tdata-xy=\"x:585px;y:118px;\"\n\t\t\t\t\t\t\t\tdata-text=\"s:52;l:60;fw:700;\"\n\t\t\t\t\t\t\t\tdata-frame_0=\"y:50px;tp:600;\"\n\t\t\t\t\t\t\t\tdata-frame_1=\"tp:600;e:power2.inOut;st:800;sp:500;\"\n\t\t\t\t\t\t\t\tdata-frame_999=\"o:1;tp:600;e:nothing;st:w;\"\n\t\t\t\t\t\t\t\tstyle=\"z-index:6;font-family:'Myriad Pro';\"\n\t\t\t\t\t\t\t>inViu routes \n\t\t\t\t\t\t\t<\/rs-layer><!--\n\n\t\t\t\t\t\t\t--><rs-layer\n\t\t\t\t\t\t\t\tid=\"slider-22-slide-39-layer-3\" \n\t\t\t\t\t\t\t\tclass=\"small-brown-text\"\n\t\t\t\t\t\t\t\tdata-type=\"text\"\n\t\t\t\t\t\t\t\tdata-color=\"rgba(143,143,143,1)\"\n\t\t\t\t\t\t\t\tdata-rsp_ch=\"on\"\n\t\t\t\t\t\t\t\tdata-xy=\"x:586px;y:196px;\"\n\t\t\t\t\t\t\t\tdata-text=\"s:16;l:20;\"\n\t\t\t\t\t\t\t\tdata-frame_0=\"y:50px;tp:600;\"\n\t\t\t\t\t\t\t\tdata-frame_1=\"tp:600;e:power2.inOut;st:800;sp:500;\"\n\t\t\t\t\t\t\t\tdata-frame_999=\"o:1;tp:600;e:nothing;st:w;\"\n\t\t\t\t\t\t\t\tstyle=\"z-index:7;font-family:'Myriad Pro';letter-spacing:1 !important;font-size:14.4px;line-height:17px;\"\n\t\t\t\t\t\t\t>GPS Tracking App f\u00fcr Routenaufzeichnung von <br>mobilen Mitarbeitern und zur Anzeige aller<br>Trackables auf der Handy-Landkarte \n\t\t\t\t\t\t\t<\/rs-layer><!--\n-->\t\t\t\t\t\t<\/rs-slide>\n\t\t\t\t\t<\/rs-slides>\n\t\t\t\t<\/rs-module>\n\t\t\t\t<script>\n\t\t\t\t\tsetREVStartSize({c: 'rev_slider_22_1',rl:[1240,1024,778,480],el:[],gw:[998],gh:[300],type:'standard',justify:'',layout:'fullwidth',mh:\"0\"});if (window.RS_MODULES!==undefined && window.RS_MODULES.modules!==undefined && window.RS_MODULES.modules[\"revslider221\"]!==undefined) {window.RS_MODULES.modules[\"revslider221\"].once = false;window.revapi22 = undefined;if (window.RS_MODULES.checkMinimal!==undefined) window.RS_MODULES.checkMinimal()}\n\t\t\t\t<\/script>\n\t\t\t<\/rs-module-wrap>\n\t\t\t<!-- END REVOLUTION SLIDER -->\n\n<div style=\"height: 40px;\"><\/div>\n<div class=\"row\">\n<div class=\"col-md-6\">\n<div class=\"gl_h1big\">Temperaturkontrolle &#8211; einfach digital mit IIoT-Technologie<\/div>\n<div class=\"gl_space_right15\">Automatische, l\u00fcckenlose Temperatur\u00fcberwachung f\u00fcr Proben in Laboren, Essenszubereitungen in Gro\u00dfk\u00fcchen oder Pflegeheimen erfordert Extra-Aufwand bei der Durchf\u00fchrung und Dokumentation.<\/div>\n<div><\/div>\n<div class=\"gl_space_right15\">Die <a href=\"https:\/\/www.enaikoon.com\/fileadmin\/enaikoon\/Dateien\/pdf\/Benutzerhandbuch\/temp_manual\/deutsch\/ENAiKOON_Temperatur-Ueberwachung.pdf\" target=\"_blank\" rel=\"nofollow\" noreferrer\">ENAiKOON IIoT L\u00f6sung mit vernetzten Sensoren<\/a> erm\u00f6glicht die l\u00fcckenlose Temperatur\u00fcberwachung, dokumentiert die eingehaltene K\u00fchlkette und spart Kosten und Aufw\u00e4nde.<\/div>\n<div><\/div>\n<div class=\"gl_space_right15\"><span style=\"font-size: inherit;\">Die Herausforderung bei der \u00dcberwachung der Temperaturen war bislang, dass die K\u00fchlschrankw\u00e4nde aus Metall sind und daher Thermometer mit einem Kabel verbunden werden mussten, da eine Funk\u00fcbertragung der Messdaten aus dem Inneren der Ger\u00e4te nicht m\u00f6glich war.<\/span><\/div>\n<div><\/div>\n<div class=\"gl_space_right15\"><span style=\"font-size: inherit;\">Durch eine neue Art der Funkverbindung konnte dieses Problem beseitigt werden: <\/span><span style=\"font-size: inherit;\">unsere sehr preisg\u00fcnstigen Funksensoren nutzen den LoRa Funkstandard und werden einfach in den K\u00fchlschrank oder Tiefk\u00fchlschrank gelegt. Ein Empf\u00e4nger (Gateway) an der Wand mit Anschluss an eine Steckdose empf\u00e4ngt die Daten und leitet sie direkt ins Internet weiter.<\/span><\/div>\n<div><\/div>\n<div class=\"gl_space_left30\"><\/div>\n<div class=\"row\">\n<div class=\"col-md-6\">\n<div><img decoding=\"async\" loading=\"lazy\" class=\"no-border wp-image-17739 alignleft\" src=\"https:\/\/www.enaikoon.com\/wp-content\/uploads\/2021\/05\/l-20_gateway.png\" alt=\"ENAiKOON locate-20 gateway\" width=\"220\" height=\"147\" \/><\/div>\n<\/div>\n<div class=\"col-md-6\">\n<div><img decoding=\"async\" loading=\"lazy\" class=\"no-border wp-image-17743 alignleft\" src=\"https:\/\/www.enaikoon.com\/wp-content\/uploads\/2021\/05\/temperature_tag-02.png\" alt=\"ENAiKOON Temperatursender\" width=\"220\" height=\"147\" \/><\/div>\n<\/div>\n<\/div>\n<div><\/div>\n<\/div>\n<div class=\"col-md-6\">\n<div class=\"gl_h1big\">GPS L\u00f6sungen, die auf Ihre Bed\u00fcrfnisse angepasst sind<\/div>\n<div class=\"gl_ul_style2 gl_space_right10\">\n<ul>\n \t<li style=\"margin-top: -10px;\">Orten und \u00fcberwachen Sie Ihr Eigentum<\/li>\n \t<li>Sch\u00fctzen Sie sich vor den Folgen von Diebstahl<\/li>\n \t<li>Verbessern Sie Ihre Arbeitsabl\u00e4ufe<\/li>\n \t<li>Reduzieren Sie Ihren Kraftstoffverbrauch<\/li>\n \t<li>Erhalten Sie aussagekr\u00e4ftige Berichte<\/li>\n \t<li>Verbessern Sie Ihre interne Kommunikation<\/li>\n \t<li>Hergestellt in Deutschland<\/li>\n<\/ul>\n<\/div>\n<div class=\"gl_space_top20\"><a class=\"gl_button_blue\" href=\"https:\/\/www.enaikoon.com\/de\/kontakt\/kontakt\/\">Sprechen Sie uns an<\/a><\/div>\n<div><a class=\"gl_button_grey\" href=\"https:\/\/www.enaikoon.com\/de\/loesungen\/\">Was wir tun<\/a><\/div>\n<div class=\"gl_space_right25\">Um das Webportal inViu pro zu erleben bitte auf nachstehende Schaltfl\u00e4che und dann auf &#8222;Demo&#8220; \u00fcber dem Anmeldefeld klicken.<\/div>\n<div><a class=\"gl_button_yellow\" href=\"https:\/\/sso.enaikoon.de\/SSOServer\/?locale=de&amp;demo=1\" target=\"_blank\" rel=\"nofollow\" noreferrer\">inViu pro demo<\/a><\/div>\n<\/div>\n\n<\/div>\n<div style=\"height: 20px;\"><\/div>\n\n<hr \/>\n\n<div style=\"height: 40px;\"><\/div>\n<div class=\"row\">\n<div class=\"col-md-4\">\n<div class=\"gl_space_left30\"><a title=\"ENAiKOONs Internetportal inViu\" href=\"https:\/\/www.enaikoon.com\/de\/software-de\/\"><img decoding=\"async\" src=\"https:\/\/www.enaikoon.com\/wp-content\/uploads\/2016\/07\/Screen_inViu.png\" alt=\"ENAiKOONs Internetportal inViu\" \/><\/a><\/div>\n<\/div>\n<div class=\"col-md-4\">\n<div class=\"gl_space_left30\"><a title=\"ENAiKOONs GPS-Ger\u00e4te\" href=\"https:\/\/www.enaikoon.com\/de\/geraete\/\"><img decoding=\"async\" src=\"https:\/\/www.enaikoon.com\/wp-content\/uploads\/2016\/07\/l19-hand_01.png\" alt=\"ENAiKOONs GPS-Ger\u00e4te\" \/><\/a><\/div>\n<\/div>\n<div class=\"col-md-4\">\n<div class=\"gl_space_left30\"><a title=\"ENAiKOONs Apps f\u00fcr Mobiltelefone bieten Ortung, Kommunikation mit Mitarbeitern oder der Familie\" href=\"https:\/\/www.enaikoon.com\/de\/apps\/\"><img decoding=\"async\" src=\"https:\/\/www.enaikoon.com\/wp-content\/uploads\/2016\/07\/inViu_trackables_en.png\" alt=\"ENAiKOONs Apps f\u00fcr Mobiltelefone bieten Ortung, Kommunikation mit Mitarbeitern oder der Familie\" \/><\/a><\/div>\n<\/div>\n<div class=\"col-md-4\">\n<div class=\"gl_h4big\"><a href=\"https:\/\/www.enaikoon.com\/de\/software-de\/\">inViu Webl\u00f6sung<\/a><\/div>\n<div>Das intelligente und benutzerfreundliche Herz von ENAiKOON &#8211; inViu ist eine hochsichere, <a href=\"https:\/\/www.enaikoon.com\/de\/software-de\/\">internet-basierte Applikation<\/a>, die Ihre Telematik-Daten mit absolut genauer Pr\u00e4zision erfasst und weiterverarbeitet.<\/div>\n<\/div>\n<div class=\"col-md-4\">\n<div class=\"gl_h4big\"><a href=\"https:\/\/www.enaikoon.com\/de\/geraete\/\">W\u00e4hlen Sie Ihr GPS Ger\u00e4t<\/a><\/div>\n<div>Hochmoderne Technologie &#8222;Made in Germany&#8220; f\u00fcr pr\u00e4zise GPS Ortung und Daten-\u00dcbertragung. <a href=\"https:\/\/www.enaikoon.com\/de\/geraete\/\">Mehr dazu&#8230;<\/a><\/div>\n<\/div>\n<div class=\"col-md-4\">\n<div class=\"gl_h4big\"><a href=\"https:\/\/www.enaikoon.com\/de\/apps\/\">In Verbindung bleiben<\/a><\/div>\n<div>Kontrolle, egal wo Sie sich befinden: Anzeige der Positionsdaten Ihrer GPS Module, Nachrichten versenden, Routen aufzeichnen&#8230; F\u00fcr Android, Windows Mobile oder Blackberry, <a href=\"https:\/\/www.enaikoon.com\/de\/apps\/\">entdecken Sie unsere verschiedenen Apps f\u00fcr ihr Handy <\/a><\/div>\n<\/div> <\/div>\n<div style=\"height: 80px;\"><\/div>","protected":false},"excerpt":{"rendered":"","protected":false},"author":7,"featured_media":0,"parent":0,"menu_order":0,"comment_status":"closed","ping_status":"closed","template":"","meta":{"footnotes":""},"acf":[],"_links":{"self":[{"href":"https:\/\/www.enaikoon.com\/de\/wp-json\/wp\/v2\/pages\/3692"}],"collection":[{"href":"https:\/\/www.enaikoon.com\/de\/wp-json\/wp\/v2\/pages"}],"about":[{"href":"https:\/\/www.enaikoon.com\/de\/wp-json\/wp\/v2\/types\/page"}],"author":[{"embeddable":true,"href":"https:\/\/www.enaikoon.com\/de\/wp-json\/wp\/v2\/users\/7"}],"replies":[{"embeddable":true,"href":"https:\/\/www.enaikoon.com\/de\/wp-json\/wp\/v2\/comments?post=3692"}],"version-history":[{"count":83,"href":"https:\/\/www.enaikoon.com\/de\/wp-json\/wp\/v2\/pages\/3692\/revisions"}],"predecessor-version":[{"id":19149,"href":"https:\/\/www.enaikoon.com\/de\/wp-json\/wp\/v2\/pages\/3692\/revisions\/19149"}],"wp:attachment":[{"href":"https:\/\/www.enaikoon.com\/de\/wp-json\/wp\/v2\/media?parent=3692"}],"curies":[{"name":"wp","href":"https:\/\/api.w.org\/{rel}","templated":true}]}}