{"id":18130,"date":"2022-09-14T17:38:58","date_gmt":"2022-09-14T17:38:58","guid":{"rendered":"https:\/\/www.enaikoon.com\/?page_id=18130"},"modified":"2024-01-31T16:55:09","modified_gmt":"2024-01-31T16:55:09","slug":"inviu-routes-datenschutzerklaerung","status":"publish","type":"page","link":"https:\/\/www.enaikoon.com\/de\/inviu-routes-datenschutzerklaerung\/","title":{"rendered":"Datenschutzerkl\u00e4rung"},"content":{"rendered":"<div>&nbsp;<\/div>\n<h1 style=\"text-align: center;\">Datenschutzerkl\u00e4rung inViu routes<\/h1>\n<h2>1. Datenschutz auf einen Blick<\/h2>\nF\u00fcr die mobile App \u201einViu routes\u201c (\u201edie App\u201c) der ENAiKOON GmbH, verf\u00fcgbar im Google Play Store, gelten die folgenden gesonderten Datenschutzbestimmungen.\n<div>&nbsp;<\/div>\nMit dem Herunterladen unserer Applikation haben Sie sich gegen\u00fcber dem Google Playstore \u00fcber Ihre Anmeldung legitimiert. Eine mit der Europ\u00e4ischen Datenschutzgrundverordnung nicht im Einklang stehende Verwendung der im Zusammenhang mit dem Download oder der Nutzung der Applikationen erhobenen Daten durch Google kann von Seiten der ENAiKOON GmbH nicht ausgeschlossen werden. Die ENAiKOON GmbH hat darauf keinen Einfluss. Eine Weitergabe von Daten durch die ENAiKOON GmbH an Google erfolgt nicht.\n<div>&nbsp;<\/div>\nNachfolgend finden Sie Informationen, welche personenbezogenen Daten durch die ENAiKOON GmbH erhoben, verarbeitet oder gespeichert werden:\n<div>&nbsp;<\/div>\n<h3>Allgemeine Hinweise<\/h3>\nDie folgenden Hinweise geben einen einfachen \u00dcberblick dar\u00fcber, was mit Ihren personenbezogenen Daten passiert, wenn Sie unsere Apps verwenden. Personenbezogene Daten sind alle Daten, mit denen Sie pers\u00f6nlich identifiziert werden k\u00f6nnen. Ausf\u00fchrliche Informationen zum Thema Datenschutz entnehmen Sie bitte unserer unter diesem Text aufgef\u00fchrten Datenschutzerkl\u00e4rung.\n<div>&nbsp;<\/div>\n<h3>Datenerfassung innerhalb der App<\/h3>\n<strong>Wer ist verantwortlich f\u00fcr die Datenerfassung innerhalb der App?<\/strong>\n<div>&nbsp;<\/div>\nDie Datenverarbeitung innerhalb unserer App erfolgt durch den Herausgeber der App.\n<div>&nbsp;<\/div>\nDer Herausgeber ist:\n\n<strong>ENAiKOON GmbH<\/strong>\n<div>&nbsp;<\/div>\n<div>Scheelestr. 1a<\/div>\n<div>59929 Brilon<\/div>\n<div>Germany<\/div>\n<div>Telefon +49 30 397475-30<\/div>\n<div>Fax +49 30 397475-40<\/div>\n<div>&nbsp;<\/div>\n<div>Web <a rel=\"nofollow\" href=\"http:\/\/www.enaikoon.de\">www.enaikoon.de<\/a><\/div>\n<div>&nbsp;<\/div>\n<div>E-Mail <a rel=\"nofollow\" href=\"mailto:vertrieb@enaikoon.de\">vertrieb@enaikoon.de<\/a><\/div>\n<div>&nbsp;<\/div>\n<h3>Wie erfassen wir Ihre Daten?<\/h3>\nIhre Daten werden zum einen dadurch erhoben, dass Sie uns diese mitteilen. Hierbei kann es sich z.B. um Daten handeln, die Sie in die App direkt eingeben.\n<div>&nbsp;<\/div>\nAndere Daten werden durch den Zugriff unserer App auf Datenspeicher Ihres Endger\u00e4tes erfasst, zum Beispiel zum Versenden von Nachrichten an einen Kontakt aus Ihrem Adressbuch.\n<div>&nbsp;<\/div>\n<div>Wiederum andere Daten werden automatisch beim Verwenden der App durch unsere IT-Systeme erfasst. Das sind vor allem technische Daten (z.B. Informationen zum Mobilen Endger\u00e4t, Betriebssystem oder Uhrzeit der Nutzung).<\/div>\n<div>Die Erfassung dieser Daten erfolgt automatisch, sobald Sie unsere App benutzen.\n<div>&nbsp;<\/div>\n<h3>Wof\u00fcr nutzen wir Ihre Daten?<\/h3>\n<div>Ein Teil der Daten wird erhoben, um Ihre gew\u00e4hlten Kommandos \u00fcber die App an den Server zu versenden und von dort an die gesteuerten Ger\u00e4te weiterzuleiten (Funktionserf\u00fcllung).<\/div>\n<div>Andere Daten k\u00f6nnen zur Analyse und Fehlerbehebung verwendet werden.<\/div>\n<div>&nbsp;<\/div>\n<h3>Welche Rechte haben Sie bez\u00fcglich Ihrer Daten?<\/h3>\nSie haben jederzeit das Recht, unentgeltlich Auskunft \u00fcber Herkunft, Empf\u00e4nger und Zweck Ihrer gespeicherten personenbezogenen Daten zu erhalten. Sie haben au\u00dferdem ein Recht, die Berichtigung, Sperrung oder L\u00f6schung dieser Daten zu verlangen. Hierzu sowie zu weiteren Fragen zum Thema Datenschutz k\u00f6nnen Sie sich jederzeit unter der angegebenen Adresse an uns wenden. Des Weiteren steht Ihnen ein Beschwerderecht bei der zust\u00e4ndigen Aufsichtsbeh\u00f6rde zu.\n<div>&nbsp;<\/div>\nAu\u00dferdem haben Sie das Recht, unter bestimmten Umst\u00e4nden die Einschr\u00e4nkung der Verarbeitung Ihrer personenbezogenen Daten zu verlangen. Details hierzu entnehmen Sie der Datenschutzerkl\u00e4rung unter \u201eRecht auf Einschr\u00e4nkung der Verarbeitung\u201c.\n<div>&nbsp;<\/div>\n<h2>2. Allgemeine Hinweise und Pflichtinformationen<\/h2>\n<h3>Datenschutz<\/h3>\n<div>Wir als Betreiber dieser App nehmen den Schutz Ihrer pers\u00f6nlichen Daten sehr ernst.<\/div>\n<div>Wir behandeln Ihre personenbezogenen Daten vertraulich und entsprechend der gesetzlichen Datenschutzvorschriften sowie dieser Datenschutzerkl\u00e4rung.<\/div>\n<div>&nbsp;<\/div>\n<div>Wenn Sie diese App benutzen, werden verschiedene personenbezogene Daten erhoben.<\/div>\n<div>Personenbezogene Daten sind Daten, mit denen Sie pers\u00f6nlich identifiziert werden k\u00f6nnen. Die vorliegende Datenschutzerkl\u00e4rung erl\u00e4utert, welche Daten wir erheben und wof\u00fcr wir sie nutzen. Sie erl\u00e4utert auch, wie und zu welchem Zweck das geschieht.<\/div>\n<div>&nbsp;<\/div>\nWir weisen darauf hin, dass die Daten\u00fcbertragung im Internet (z.B. bei der Kommunikation per E-Mail) Sicherheitsl\u00fccken aufweisen kann. Ein l\u00fcckenloser Schutz der Daten vor dem Zugriff durch Dritte ist nicht m\u00f6glich.\n<div>&nbsp;<\/div>\n<h3>Hinweis zur verantwortlichen Stelle<\/h3>\nDie verantwortliche Stelle f\u00fcr die Datenverarbeitung innerhalb dieser Apps ist:\n<div>&nbsp;<\/div>\n<strong>ENAiKOON GmbH<\/strong>\n<div>Scheelestr. 1a<\/div>\n<div>59929 Brilon<\/div>\n<div>Germany<\/div>\n<div>Telefon +49 30 397475-30<\/div>\n<div>Fax +49 30 397475-40<\/div>\n<div>Web <a rel=\"nofollow\" href=\"http:\/\/www.enaikoon.de\">www.enaikoon.de<\/a><\/div>\n<div>E-Mail <a rel=\"nofollow\" href=\"mailto:vertrieb@enaikoon.de\">vertrieb@enaikoon.de<\/a><\/div>\n<div>&nbsp;<\/div>\nVerantwortliche Stelle ist die nat\u00fcrliche oder juristische Person, die allein oder gemeinsam mit anderen \u00fcber die Zwecke und Mittel der Verarbeitung von personenbezogenen Daten (z.B. Namen, E-Mail-Adressen o. \u00c4.) entscheidet.\n<div>&nbsp;<\/div>\n<h3>Widerruf Ihrer Einwilligung zur Datenverarbeitung<\/h3>\nViele Datenverarbeitungsvorg\u00e4nge sind nur mit Ihrer ausdr\u00fccklichen Einwilligung m\u00f6glich. Sie k\u00f6nnen eine bereits erteilte Einwilligung jederzeit widerrufen. Dazu reicht eine formlose Mitteilung per E-Mail an uns. Die Rechtm\u00e4\u00dfigkeit der bis zum Widerruf erfolgten Datenverarbeitung bleibt vom Widerruf unber\u00fchrt.\n<div>&nbsp;<\/div>\n<h3>Widerspruchsrecht gegen die Datenerhebung in besonderen F\u00e4llen sowie gegen Direktwerbung (Art. 21 DSGVO)<\/h3>\n<strong>Wenn die Datenverarbeitung auf Grundlage von Art. 6 Abs. 1 lit. e oder f DSGVO erfolgt, haben Sie jederzeit das Recht, aus Gr\u00fcnden, die sich aus Ihrer besonderen Situation ergeben, gegen die Verarbeitung Ihrer personenbezogenen Daten Widerspruch einzulegen; dies gilt auch f\u00fcr ein auf diese Bestimmungen gest\u00fctztes Profiling.<\/strong>\n<div>&nbsp;<\/div>\n<strong>Die jeweilige Rechtsgrundlage, auf denen eine Verarbeitung beruht, entnehmen Sie dieser Datenschutzerkl\u00e4rung. Wenn Sie Widerspruch einlegen, werden wir Ihre betroffenen personenbezogenen Daten nicht mehr verarbeiten, es sei denn, wir k\u00f6nnen zwingende schutzw\u00fcrdige Gr\u00fcnde f\u00fcr die Verarbeitung nachweisen, die Ihre Interessen, Rechte und Freiheiten \u00fcberwiegen oder die Verarbeitung dient der Geltendmachung, Aus\u00fcbung oder Verteidigung von Rechtsanspr\u00fcchen (Widerspruch nach Art. 21 Abs. 1 DSGVO).<\/strong>\n<div>&nbsp;<\/div>\n<strong>Werden Ihre personenbezogenen Daten verarbeitet, um Direktwerbung zu betreiben, so haben Sie das Recht, jederzeit Widerspruch gegen die Verarbeitung Sie betreffender personenbezogener Daten zum Zwecke derartiger Werbung einzulegen; dies gilt auch f\u00fcr das Profiling, soweit es mit solcher Direktwerbung in Verbindung steht. Wenn Sie widersprechen, werden Ihre personenbezogenen Daten anschlie\u00dfend nicht mehr zum Zwecke der Direktwerbung verwendet (Widerspruch nach Art. 21 Abs. 2 DSGVO).<\/strong>\n<div>&nbsp;<\/div>\n<h3>Beschwerderecht bei der zust\u00e4ndigen Aufsichtsbeh\u00f6rde<\/h3>\nIm Falle von Verst\u00f6\u00dfen gegen die DSGVO steht den Betroffenen ein Beschwerderecht bei einer Aufsichtsbeh\u00f6rde, insbesondere in dem Mitgliedstaat ihres gew\u00f6hnlichen Aufenthalts, ihres Arbeitsplatzes oder des Orts des mutma\u00dflichen Versto\u00dfes zu. Das Beschwerderecht besteht unbeschadet anderweitiger verwaltungsrechtlicher oder gerichtlicher Rechtsbehelfe.\n<div>&nbsp;<\/div>\n<h3>Recht auf Daten\u00fcbertragbarkeit<\/h3>\nSie haben das Recht, Daten, die wir auf Grundlage Ihrer Einwilligung oder in Erf\u00fcllung eines Vertrags automatisiert verarbeiten, an sich oder an einen Dritten in einem g\u00e4ngigen, maschinenlesbaren Format aush\u00e4ndigen zu lassen.\n\nSofern Sie die direkte \u00dcbertragung der Daten an einen anderen Verantwortlichen verlangen, erfolgt dies nur, soweit es technisch machbar ist.\n\nEine Bereitstellung Ihrer Daten zur \u00dcbertragung an Sie selbst oder einen Dritten ist max. 30 Tage nach Ablauf der K\u00fcndigungsfrist m\u00f6glich.\n<div>&nbsp;<\/div>\n<h3>SSL- bzw. TLS-Verschl\u00fcsselung<\/h3>\nDiese App nutzt aus Sicherheitsgr\u00fcnden und zum Schutz der \u00dcbertragung vertraulicher Inhalte, wie zum Beispiel Koordinaten oder Anfragen, die Sie an uns als Betreiber der Apps senden, eine SSL-bzw. TLS-Verschl\u00fcsselung.\n\nWenn die SSL- bzw. TLS-Verschl\u00fcsselung aktiviert ist, k\u00f6nnen die Daten, die Sie an uns \u00fcbermitteln, nicht von Dritten mitgelesen werden.\n<div>&nbsp;<\/div>\n<h3>Auskunft, Sperrung, L\u00f6schung und Berichtigung<\/h3>\nSie haben im Rahmen der geltenden gesetzlichen Bestimmungen jederzeit das Recht auf unentgeltliche Auskunft \u00fcber Ihre gespeicherten personenbezogenen Daten, deren Herkunft und Empf\u00e4nger und den Zweck der Datenverarbeitung und ggf. ein Recht auf Berichtigung, Sperrung oder L\u00f6schung dieser Daten.\n\nHierzu sowie zu weiteren Fragen zum Thema personenbezogene Daten k\u00f6nnen Sie sich jederzeit unter der angegebenen Adresse an uns wenden.\n<div>&nbsp;<\/div>\n<h3>Recht auf Einschr\u00e4nkung der Verarbeitung<\/h3>\nSie haben das Recht, die Einschr\u00e4nkung der Verarbeitung Ihrer personenbezogenen Daten zu verlangen. Hierzu k\u00f6nnen Sie sich jederzeit unter der angegebenen Adresse an uns wenden. Das Recht auf Einschr\u00e4nkung der Verarbeitung besteht in folgenden F\u00e4llen:\n<div>&nbsp;<\/div>\n<ul>\n \t<li>Wenn Sie die Richtigkeit Ihrer bei uns gespeicherten personenbezogenen Daten bestreiten, ben\u00f6tigen wir in der Regel Zeit, um dies zu \u00fcberpr\u00fcfen. F\u00fcr die Dauer der Pr\u00fcfung haben Sie das Recht, die Einschr\u00e4nkung der Verarbeitung Ihrer personenbezogenen Daten zu verlangen.<\/li>\n \t<li>Wenn die Verarbeitung Ihrer personenbezogenen Daten unrechtm\u00e4\u00dfig geschah \/ geschieht, k\u00f6nnen Sie statt der L\u00f6schung die Einschr\u00e4nkung der Datenverarbeitung verlangen.<\/li>\n \t<li>Wenn wir Ihre personenbezogenen Daten nicht mehr ben\u00f6tigen, Sie sie jedoch zur Aus\u00fcbung, Verteidigung oder Geltendmachung von Rechtsanspr\u00fcchen ben\u00f6tigen, haben Sie das Recht, statt der L\u00f6schung die Einschr\u00e4nkung der Verarbeitung Ihrer personenbezogenen Daten zu verlangen.<\/li>\n \t<li>Wenn Sie einen Widerspruch nach Art. 21 Abs. 1 DSGVO eingelegt haben, muss eine Abw\u00e4gung zwischen Ihren und unseren Interessen vorgenommen werden. Solange noch nicht feststeht, wessen Interessen \u00fcberwiegen, haben Sie das Recht, die Einschr\u00e4nkung der Verarbeitung Ihrer personenbezogenen Daten zu verlangen.<\/li>\n<\/ul>\nWenn Sie die Verarbeitung Ihrer personenbezogenen Daten eingeschr\u00e4nkt haben, d\u00fcrfen diese Daten \u2013 von ihrer Speicherung abgesehen \u2013 nur mit Ihrer Einwilligung oder zur Geltendmachung, Aus\u00fcbung oder Verteidigung von Rechtsanspr\u00fcchen oder zum Schutz der Rechte einer anderen nat\u00fcrlichen oder juristischen Person oder aus Gr\u00fcnden eines wichtigen \u00f6ffentlichen Interesses der Europ\u00e4ischen Union oder eines Mitgliedstaats verarbeitet werden.\n<div>&nbsp;<\/div>\n<h2>3. Datenerfassung durch unsere Apps<\/h2>\n<h3>Anwendungsdaten<\/h3>\n<div>Die App \u00fcbermittelt w\u00e4hrend der Kommunikation mit unserem Server automatisch Daten, welche vom Server automatisch in sogenannten Log-Dateien gespeichert werden.<\/div>\n<div>Diese Daten sind:<\/div>\n<div>&nbsp;<\/div>\n<ul>\n \t<li>Art des mobilen Endger\u00e4tes<\/li>\n \t<li>Verwendetes Betriebssystem<\/li>\n \t<li>Verwendete Sprache<\/li>\n \t<li>Technische Informationen \u00fcber das verwendete Endger\u00e4t<\/li>\n \t<li>Datum und Uhrzeit der Anfrage<\/li>\n \t<li>IP-Adresse<\/li>\n \t<li>Mobilfunknummer und Ger\u00e4tenummer<\/li>\n \t<li>Aktuelle Geokoordinaten des mobilen Endger\u00e4tes<\/li>\n \t<li>Benutzernamen, sowie Vor- und Familiennamen, Telefonnummern und E-Mail-Adressen von Mitarbeitern<\/li>\n<\/ul>\nDies erfolgt auf Grundlage von Art. 6 Abs. 1 lit. b DSGVO, der die Verarbeitung von Daten zur Erf\u00fcllung eines Vertrags oder vorvertraglicher Ma\u00dfnahmen gestattet.\n<div>&nbsp;<\/div>\n<h3>Adressdaten auf Ihrem Endger\u00e4t<\/h3>\nWenn Sie Informationen aus der App an Empf\u00e4nger versenden wollen, greifen unsere Apps auf das Adressbuch zu. Die aus dem Adressbuch selektierten Daten werden nur zur Adressierung und Versendung der gew\u00e4hlten Informationen verwendet und nicht weiter gespeichert.\n\nDabei handelt es sich um:\n<div>&nbsp;<\/div>\n<ul>\n \t<li>Vollst\u00e4ndiger Name<\/li>\n \t<li>Mobiltelefonnummer<\/li>\n \t<li>E-Mail-Adresse<\/li>\n<\/ul>\nDies erfolgt auf Grundlage von Art. 6 Abs. 1 lit. b DSGVO, der die Verarbeitung von Daten zur Erf\u00fcllung eines Vertrags oder vorvertraglicher Ma\u00dfnahmen gestattet.\n<div>&nbsp;<\/div>\n<h3>Verarbeiten von Daten (Kunden- und Vertragsdaten)<\/h3>\nWir erheben, verarbeiten und nutzen personenbezogene Daten nur, soweit sie f\u00fcr die Begr\u00fcndung, inhaltliche Ausgestaltung oder \u00c4nderung des Rechtsverh\u00e4ltnisses erforderlich sind (Bestandsdaten). Dies erfolgt auf Grundlage von Art. 6 Abs. 1 lit. b DSGVO, der die Verarbeitung von Daten zur Erf\u00fcllung eines Vertrags oder vorvertraglicher Ma\u00dfnahmen gestattet. Personenbezogene Daten \u00fcber die Inanspruchnahme unserer Apps (Nutzungsdaten) erheben, verarbeiten und nutzen wir nur, soweit dies erforderlich ist, um dem Nutzer die Inanspruchnahme des Dienstes zu erm\u00f6glichen oder abzurechnen.\n<div>&nbsp;<\/div>\nDie erhobenen Kundendaten werden nach Abschluss des Auftrags oder Beendigung der Gesch\u00e4ftsbeziehung gel\u00f6scht. Gesetzliche Aufbewahrungsfristen bleiben unber\u00fchrt.\n<div>&nbsp;<\/div>","protected":false},"excerpt":{"rendered":"<p> [&hellip;]<\/p>\n","protected":false},"author":11,"featured_media":0,"parent":0,"menu_order":0,"comment_status":"closed","ping_status":"closed","template":"","meta":{"footnotes":""},"acf":[],"_links":{"self":[{"href":"https:\/\/www.enaikoon.com\/de\/wp-json\/wp\/v2\/pages\/18130"}],"collection":[{"href":"https:\/\/www.enaikoon.com\/de\/wp-json\/wp\/v2\/pages"}],"about":[{"href":"https:\/\/www.enaikoon.com\/de\/wp-json\/wp\/v2\/types\/page"}],"author":[{"embeddable":true,"href":"https:\/\/www.enaikoon.com\/de\/wp-json\/wp\/v2\/users\/11"}],"replies":[{"embeddable":true,"href":"https:\/\/www.enaikoon.com\/de\/wp-json\/wp\/v2\/comments?post=18130"}],"version-history":[{"count":6,"href":"https:\/\/www.enaikoon.com\/de\/wp-json\/wp\/v2\/pages\/18130\/revisions"}],"predecessor-version":[{"id":19080,"href":"https:\/\/www.enaikoon.com\/de\/wp-json\/wp\/v2\/pages\/18130\/revisions\/19080"}],"wp:attachment":[{"href":"https:\/\/www.enaikoon.com\/de\/wp-json\/wp\/v2\/media?parent=18130"}],"curies":[{"name":"wp","href":"https:\/\/api.w.org\/{rel}","templated":true}]}}